{"id":209889,"date":"2026-01-02T18:48:05","date_gmt":"2026-01-02T17:48:08","guid":{"rendered":"https:\/\/arak.spicehorse.eu\/?post_type=product&#038;p=209889"},"modified":"2026-01-18T11:25:39","modified_gmt":"2026-01-18T10:25:39","slug":"kentucky-fake-fur-drezurna-podsedlova-decka","status":"publish","type":"product","link":"https:\/\/arak.spicehorse.eu\/sk\/produkt\/kentucky-fake-fur-drezurna-podsedlova-decka\/","title":{"rendered":"Kentucky Fake Fur drez\u00farna podsedlov\u00e1 de\u010dka"},"content":{"rendered":"<div>\n<p><span lang=\"SK\">\u010cist\u00e1 a\u00a0sofistikovan\u00e1 Kentucky Horsewear podsedlov\u00e1 de\u010dka. Elegantn\u00fd lem z\u00a0umelej ko\u017eu\u0161iny dod\u00e1va pr\u00e9miov\u00fd a\u00a0nev\u0161edn\u00fd vzh\u013ead, je dokonal\u00e1 pre jazdcov, ktor\u00ed oce\u0148uj\u00fa decentn\u00fd luxus. Zdoben\u00fd jemn\u00fdm, napriek tomu n\u00e1padn\u00fdm 3D Kentucky logom, je ide\u00e1lna na tr\u00e9ningy a\u00a0s\u00fa\u0165a\u017ee z\u00e1rove\u0148.<\/span><\/p>\n<\/div>\n<div>\n<p><span lang=\"SK\">Je vyroben\u00e1 zo zmesi bavlny a\u00a0polyesteru vynikaj\u00facej kvality, v\u010faka \u0161tepovaniu sa priedu\u0161n\u00e1 podsedlov\u00e1 de\u010dka odv\u00e1dzaj\u00faca vlhkos\u0165 bezpe\u010dne udr\u017euje na svojom mieste, a t\u00fdm p\u00e1dom de\u010dka zabezpe\u010duje vynikaj\u00faci v\u00fdkon a\u00a0dlhodob\u00fa odolnos\u0165. Aj pri pravidelnom pran\u00ed si zachov\u00e1va svoju vynikaj\u00facu funk\u010dnos\u0165 a \u010dist\u00fd vzh\u013ead.<\/span><\/p>\n<\/div>\n<div>\n<p><span lang=\"SK\">Anatomick\u00e9 tvarovanie zabezpe\u010duje dokonal\u00e9 dosadanie bez tlakov\u00fdch bodov a\u00a0bez trenia. Podsedlov\u00e1 de\u010dka dokonale dosad\u00e1 na chrb\u00e1t ko\u0148a, zabezpe\u010duje v\u00fdnimo\u010dn\u00e9 polstrovanie medzi sedlom a\u00a0chrbticou. Je dostupn\u00e1 v\u00a0skokovej aj drez\u00farnej forme.<\/span><\/p>\n<\/div>\n<div>\n<p><span lang=\"SK\">Mo\u017eno ju pra\u0165 na 30 stup\u0148och. V\u00a0z\u00e1ujme dlhodob\u00e9ho udr\u017eania kvality v\u0161ak odpor\u00fa\u010dame, aby ste podsedlov\u00fa de\u010dku prali \u010do najzriedkavej\u0161ie a\u00a0pou\u017e\u00edvajte\u00a0<\/span><span lang=\"SK\"><a href=\"https:\/\/arak.spicehorse.eu\/sk\/produkt\/kentucky-vrecka-na-pranie-3ks\/\">vreck\u00e1 na pranie<\/a><\/span><span lang=\"SK\">. Neodpor\u00fa\u010dame vklada\u0165 do su\u0161i\u010dky.<\/span><\/p>\n<\/div>\n","protected":false},"excerpt":{"rendered":"<h3 style=\"font-weight: 400;\"><strong>Kentucky podsedlov\u00e1 de\u010dka bola navrhnut\u00e1 pre tak\u00fdch jazdcov, ktor\u00e1 vyh\u013ead\u00e1vaj\u00fa s\u00fa\u010dasne v\u00fdkon aj eleganciu <\/strong><\/h3>\n<ul style=\"font-weight: 400;\">\n<li>De\u010dka je priedu\u0161n\u00e1 a\u00a0z\u00e1rove\u0148 odv\u00e1dza vlhkos\u0165 v\u00a0z\u00e1ujme maxim\u00e1lneho pohodlia<\/li>\n<li>Anatomick\u00fd tvar pre dokonal\u00e9 dosadanie, zni\u017euje sa tlak a\u00a0trenie<\/li>\n<li>Unik\u00e1tny lem z\u00a0umelej ko\u017eu\u0161iny, ktor\u00fd zvy\u0161uje jej jedine\u010dnos\u0165<\/li>\n<li>3D Kentucky logo<\/li>\n<\/ul>\n","protected":false},"featured_media":209895,"template":"","meta":{"_acf_changed":false},"product_cat":[75,367],"product_tag":[217,184],"acf":[],"yoast_head":"<!-- This site is optimized with the Yoast SEO plugin v21.4 - https:\/\/yoast.com\/wordpress\/plugins\/seo\/ -->\n<title>Kentucky Fake Fur drez\u00farna podsedlov\u00e1 de\u010dka - Spicehorse<\/title>\n<meta name=\"description\" content=\"spicehorse.eu | Kentucky podsedlov\u00e1 de\u010dka bola navrhnut\u00e1 pre tak\u00fdch jazdcov, ktor\u00e1 vyh\u013ead\u00e1vaj\u00fa s\u00fa\u010dasne v\u00fdkon aj eleganciu.\" \/>\n<meta name=\"robots\" content=\"index, follow, max-snippet:-1, max-image-preview:large, max-video-preview:-1\" \/>\n<link rel=\"canonical\" href=\"https:\/\/arak.spicehorse.eu\/termek\/kentucky-fake-fur-dijlovas-nyeregalatet\/\" \/>\n<meta property=\"og:locale\" content=\"sk_SK\" \/>\n<meta property=\"og:type\" content=\"article\" \/>\n<meta property=\"og:title\" content=\"Kentucky Fake Fur drez\u00farna podsedlov\u00e1 de\u010dka - Spicehorse\" \/>\n<meta property=\"og:description\" content=\"spicehorse.eu | Kentucky podsedlov\u00e1 de\u010dka bola navrhnut\u00e1 pre tak\u00fdch jazdcov, ktor\u00e1 vyh\u013ead\u00e1vaj\u00fa s\u00fa\u010dasne v\u00fdkon aj eleganciu.\" \/>\n<meta property=\"og:url\" content=\"https:\/\/arak.spicehorse.eu\/termek\/kentucky-fake-fur-dijlovas-nyeregalatet\/\" \/>\n<meta property=\"og:site_name\" content=\"Spicehorse\" \/>\n<meta property=\"article:publisher\" content=\"https:\/\/www.facebook.com\/SPICEHORSE-550385625402457\/\" \/>\n<meta property=\"article:modified_time\" content=\"2026-01-18T10:25:39+00:00\" \/>\n<meta property=\"og:image\" content=\"https:\/\/arak.spicehorse.eu\/wp-content\/uploads\/2026\/01\/a39a4cf224797a96f284d64b3776eeda11292f787a1436aa25c3b73977c08b35.jpg\" \/>\n\t<meta property=\"og:image:width\" content=\"2048\" \/>\n\t<meta property=\"og:image:height\" content=\"2048\" \/>\n\t<meta property=\"og:image:type\" content=\"image\/jpeg\" \/>\n<meta name=\"twitter:card\" content=\"summary_large_image\" \/>\n<script type=\"application\/ld+json\" class=\"yoast-schema-graph\">{\"@context\":\"https:\/\/schema.org\",\"@graph\":[{\"@type\":\"WebPage\",\"@id\":\"https:\/\/arak.spicehorse.eu\/termek\/kentucky-fake-fur-dijlovas-nyeregalatet\/\",\"url\":\"https:\/\/arak.spicehorse.eu\/termek\/kentucky-fake-fur-dijlovas-nyeregalatet\/\",\"name\":\"Kentucky Fake Fur drez\u00farna podsedlov\u00e1 de\u010dka - Spicehorse\",\"isPartOf\":{\"@id\":\"https:\/\/arak.spicehorse.eu\/en\/#website\"},\"datePublished\":\"2026-01-02T17:48:08+00:00\",\"dateModified\":\"2026-01-18T10:25:39+00:00\",\"description\":\"spicehorse.eu | Kentucky podsedlov\u00e1 de\u010dka bola navrhnut\u00e1 pre tak\u00fdch jazdcov, ktor\u00e1 vyh\u013ead\u00e1vaj\u00fa s\u00fa\u010dasne v\u00fdkon aj eleganciu.\",\"breadcrumb\":{\"@id\":\"https:\/\/arak.spicehorse.eu\/termek\/kentucky-fake-fur-dijlovas-nyeregalatet\/#breadcrumb\"},\"inLanguage\":\"sk-SK\",\"potentialAction\":[{\"@type\":\"ReadAction\",\"target\":[\"https:\/\/arak.spicehorse.eu\/termek\/kentucky-fake-fur-dijlovas-nyeregalatet\/\"]}]},{\"@type\":\"BreadcrumbList\",\"@id\":\"https:\/\/arak.spicehorse.eu\/termek\/kentucky-fake-fur-dijlovas-nyeregalatet\/#breadcrumb\",\"itemListElement\":[{\"@type\":\"ListItem\",\"position\":1,\"name\":\"Home\",\"item\":\"https:\/\/arak.spicehorse.eu\/sk\/\"},{\"@type\":\"ListItem\",\"position\":2,\"name\":\"Predaj\u0148a\",\"item\":\"https:\/\/arak.spicehorse.eu\/sk\/predajna\/\"},{\"@type\":\"ListItem\",\"position\":3,\"name\":\"Kentucky Fake Fur drez\u00farna podsedlov\u00e1 de\u010dka\"}]},{\"@type\":\"WebSite\",\"@id\":\"https:\/\/arak.spicehorse.eu\/en\/#website\",\"url\":\"https:\/\/arak.spicehorse.eu\/en\/\",\"name\":\"Spicehorse\",\"description\":\"UNDER DEVELOPMENT -\",\"potentialAction\":[{\"@type\":\"SearchAction\",\"target\":{\"@type\":\"EntryPoint\",\"urlTemplate\":\"https:\/\/arak.spicehorse.eu\/en\/?s={search_term_string}\"},\"query-input\":\"required name=search_term_string\"}],\"inLanguage\":\"sk-SK\"}]}<\/script>\n<!-- \/ Yoast SEO plugin. -->","yoast_head_json":{"title":"Kentucky Fake Fur drez\u00farna podsedlov\u00e1 de\u010dka - Spicehorse","description":"spicehorse.eu | Kentucky podsedlov\u00e1 de\u010dka bola navrhnut\u00e1 pre tak\u00fdch jazdcov, ktor\u00e1 vyh\u013ead\u00e1vaj\u00fa s\u00fa\u010dasne v\u00fdkon aj eleganciu.","robots":{"index":"index","follow":"follow","max-snippet":"max-snippet:-1","max-image-preview":"max-image-preview:large","max-video-preview":"max-video-preview:-1"},"canonical":"https:\/\/arak.spicehorse.eu\/termek\/kentucky-fake-fur-dijlovas-nyeregalatet\/","og_locale":"sk_SK","og_type":"article","og_title":"Kentucky Fake Fur drez\u00farna podsedlov\u00e1 de\u010dka - Spicehorse","og_description":"spicehorse.eu | Kentucky podsedlov\u00e1 de\u010dka bola navrhnut\u00e1 pre tak\u00fdch jazdcov, ktor\u00e1 vyh\u013ead\u00e1vaj\u00fa s\u00fa\u010dasne v\u00fdkon aj eleganciu.","og_url":"https:\/\/arak.spicehorse.eu\/termek\/kentucky-fake-fur-dijlovas-nyeregalatet\/","og_site_name":"Spicehorse","article_publisher":"https:\/\/www.facebook.com\/SPICEHORSE-550385625402457\/","article_modified_time":"2026-01-18T10:25:39+00:00","og_image":[{"width":2048,"height":2048,"url":"https:\/\/arak.spicehorse.eu\/wp-content\/uploads\/2026\/01\/a39a4cf224797a96f284d64b3776eeda11292f787a1436aa25c3b73977c08b35.jpg","type":"image\/jpeg"}],"twitter_card":"summary_large_image","schema":{"@context":"https:\/\/schema.org","@graph":[{"@type":"WebPage","@id":"https:\/\/arak.spicehorse.eu\/termek\/kentucky-fake-fur-dijlovas-nyeregalatet\/","url":"https:\/\/arak.spicehorse.eu\/termek\/kentucky-fake-fur-dijlovas-nyeregalatet\/","name":"Kentucky Fake Fur drez\u00farna podsedlov\u00e1 de\u010dka - Spicehorse","isPartOf":{"@id":"https:\/\/arak.spicehorse.eu\/en\/#website"},"datePublished":"2026-01-02T17:48:08+00:00","dateModified":"2026-01-18T10:25:39+00:00","description":"spicehorse.eu | Kentucky podsedlov\u00e1 de\u010dka bola navrhnut\u00e1 pre tak\u00fdch jazdcov, ktor\u00e1 vyh\u013ead\u00e1vaj\u00fa s\u00fa\u010dasne v\u00fdkon aj eleganciu.","breadcrumb":{"@id":"https:\/\/arak.spicehorse.eu\/termek\/kentucky-fake-fur-dijlovas-nyeregalatet\/#breadcrumb"},"inLanguage":"sk-SK","potentialAction":[{"@type":"ReadAction","target":["https:\/\/arak.spicehorse.eu\/termek\/kentucky-fake-fur-dijlovas-nyeregalatet\/"]}]},{"@type":"BreadcrumbList","@id":"https:\/\/arak.spicehorse.eu\/termek\/kentucky-fake-fur-dijlovas-nyeregalatet\/#breadcrumb","itemListElement":[{"@type":"ListItem","position":1,"name":"Home","item":"https:\/\/arak.spicehorse.eu\/sk\/"},{"@type":"ListItem","position":2,"name":"Predaj\u0148a","item":"https:\/\/arak.spicehorse.eu\/sk\/predajna\/"},{"@type":"ListItem","position":3,"name":"Kentucky Fake Fur drez\u00farna podsedlov\u00e1 de\u010dka"}]},{"@type":"WebSite","@id":"https:\/\/arak.spicehorse.eu\/en\/#website","url":"https:\/\/arak.spicehorse.eu\/en\/","name":"Spicehorse","description":"UNDER DEVELOPMENT -","potentialAction":[{"@type":"SearchAction","target":{"@type":"EntryPoint","urlTemplate":"https:\/\/arak.spicehorse.eu\/en\/?s={search_term_string}"},"query-input":"required name=search_term_string"}],"inLanguage":"sk-SK"}]}},"_links":{"self":[{"href":"https:\/\/arak.spicehorse.eu\/sk\/wp-json\/wp\/v2\/product\/209889"}],"collection":[{"href":"https:\/\/arak.spicehorse.eu\/sk\/wp-json\/wp\/v2\/product"}],"about":[{"href":"https:\/\/arak.spicehorse.eu\/sk\/wp-json\/wp\/v2\/types\/product"}],"wp:featuredmedia":[{"embeddable":true,"href":"https:\/\/arak.spicehorse.eu\/sk\/wp-json\/wp\/v2\/media\/209895"}],"wp:attachment":[{"href":"https:\/\/arak.spicehorse.eu\/sk\/wp-json\/wp\/v2\/media?parent=209889"}],"wp:term":[{"taxonomy":"product_cat","embeddable":true,"href":"https:\/\/arak.spicehorse.eu\/sk\/wp-json\/wp\/v2\/product_cat?post=209889"},{"taxonomy":"product_tag","embeddable":true,"href":"https:\/\/arak.spicehorse.eu\/sk\/wp-json\/wp\/v2\/product_tag?post=209889"}],"curies":[{"name":"wp","href":"https:\/\/api.w.org\/{rel}","templated":true}]}}