{"id":210704,"date":"2026-02-26T18:36:06","date_gmt":"2026-02-26T17:36:11","guid":{"rendered":"https:\/\/arak.spicehorse.eu\/?post_type=product&#038;p=210704"},"modified":"2026-03-09T13:49:06","modified_gmt":"2026-03-09T12:49:06","slug":"kentucky-heart-maska-sproti-mucham-s-nosovou-castou","status":"publish","type":"product","link":"https:\/\/arak.spicehorse.eu\/sk\/produkt\/kentucky-heart-maska-sproti-mucham-s-nosovou-castou\/","title":{"rendered":"Kentucky Heart maska sproti much\u00e1m s nosovou \u010das\u0165ou"},"content":{"rendered":"<p style=\"font-weight: 400;\">Kentucky Horsewear Heart maska proti much\u00e1m s\u00a0odn\u00edmate\u013enou nosovou \u010das\u0165ou poskytuje komplexn\u00fa ochranu vo\u010di much\u00e1m a\u00a0in\u00e9mu hmyzu pre cel\u00fa hlavu ko\u0148a bez toho, aby mu sp\u00f4sobila nepr\u00edjemnosti. Je dokonal\u00e1 pre citliv\u00e9 kone, poskytuje trv\u00e1cnu ochranu, sp\u00e1ja \u013eahk\u00e9 a\u00a0priedu\u0161n\u00e9 materi\u00e1ly, aby si v\u00e1\u0161 k\u00f4\u0148 mohol u\u017e\u00edva\u0165 aj tie najhor\u00facej\u0161ie letn\u00e9 dni v pr\u00edjemnom chl\u00e1dku a bez podr\u00e1\u017edenia.<\/p>\n<p style=\"font-weight: 400;\">Sie\u0165ovina je mimoriadne pevn\u00e1, aby vydr\u017eala ka\u017edodenn\u00e9 pou\u017e\u00edvanie, zatia\u013e \u010do oblas\u0165 okolo o\u010d\u00ed a nosa je vyroben\u00e1 z \u013eah\u0161ieho, m\u00e4k\u0161ieho materi\u00e1lu, ktor\u00fd zabezpe\u010duje jasn\u00e9 videnie a \u013eahk\u00e9 d\u00fdchanie. Maska proti much\u00e1m je pevn\u00e1, napriek tomu priedu\u0161n\u00e1, odpudzuje aj ten najmen\u0161\u00ed hmyz bez toho, aby sa k\u00f4\u0148 prehrial.<\/p>\n<p style=\"font-weight: 400;\">Pre v\u00e4\u010d\u0161iu univerz\u00e1lnos\u0165 masky je nosov\u00e1 \u010das\u0165 odn\u00edmate\u013en\u00e1 v\u010faka bezpe\u010dn\u00e9mu zap\u00ednaniu na such\u00fd zips, \u010do v\u00e1m umo\u017e\u0148uje vybra\u0165 si medzi \u00fapln\u00fdm zakryt\u00edm alebo odkryt\u00edm nosa pre v\u00e4\u010d\u0161ie pohodlie.<\/p>\n<p style=\"font-weight: 400;\">Mo\u017eno pra\u0165 v pr\u00e1\u010dke na 30 stup\u0148och. Neodpor\u00fa\u010da sa pou\u017e\u00edvanie su\u0161i\u010dky.<\/p>\n","protected":false},"excerpt":{"rendered":"<ul style=\"font-weight: 400;\">\n<li>Chr\u00e1ni o\u010di, u\u0161i a\u00a0nos pred hmyzom.<\/li>\n<li>Z\u00a0pevnej a\u00a0priedu\u0161nej sie\u0165oviny<\/li>\n<li>\u013dah\u0161ia sie\u0165ovina okolo o\u010d\u00ed pre \u010distej\u0161ie videnie<\/li>\n<li>\u013dah\u0161ia sie\u0165ovina okolo nosa pre optim\u00e1lne d\u00fdchanie<\/li>\n<li>Odn\u00edmate\u013en\u00e1 nosov\u00e1 \u010das\u0165 na such\u00fd zips<\/li>\n<li>Zdoben\u00e1 drobn\u00fdmi diskr\u00e9tnymi srdie\u010dkami<\/li>\n<\/ul>\n","protected":false},"featured_media":210711,"template":"","meta":{"_acf_changed":false},"product_cat":[3298,75,108,77],"product_tag":[265,3465,184,499],"acf":[],"yoast_head":"<!-- This site is optimized with the Yoast SEO plugin v21.4 - https:\/\/yoast.com\/wordpress\/plugins\/seo\/ -->\n<title>Kentucky Heart maska sproti much\u00e1m s nosovou \u010das\u0165ou - Spicehorse<\/title>\n<meta name=\"description\" content=\"spicehorse.eu | Kentucky Horsewear Heart maska proti much\u00e1m s\u00a0odn\u00edmate\u013enou nosovou \u010das\u0165ou poskytuje komplexn\u00fa ochranu vo\u010di much\u00e1m a\u00a0in\u00e9mu hmyzu pre cel\u00fa hlavu ko\u0148a bez toho-\" \/>\n<meta name=\"robots\" content=\"index, follow, max-snippet:-1, max-image-preview:large, max-video-preview:-1\" \/>\n<link rel=\"canonical\" href=\"https:\/\/arak.spicehorse.eu\/termek\/kentucky-heart-legymaszk-orresszel\/\" \/>\n<meta property=\"og:locale\" content=\"sk_SK\" \/>\n<meta property=\"og:type\" content=\"article\" \/>\n<meta property=\"og:title\" content=\"Kentucky Heart maska sproti much\u00e1m s nosovou \u010das\u0165ou - Spicehorse\" \/>\n<meta property=\"og:description\" content=\"spicehorse.eu | Kentucky Horsewear Heart maska proti much\u00e1m s\u00a0odn\u00edmate\u013enou nosovou \u010das\u0165ou poskytuje komplexn\u00fa ochranu vo\u010di much\u00e1m a\u00a0in\u00e9mu hmyzu pre cel\u00fa hlavu ko\u0148a bez toho-\" \/>\n<meta property=\"og:url\" content=\"https:\/\/arak.spicehorse.eu\/termek\/kentucky-heart-legymaszk-orresszel\/\" \/>\n<meta property=\"og:site_name\" content=\"Spicehorse\" \/>\n<meta property=\"article:publisher\" content=\"https:\/\/www.facebook.com\/SPICEHORSE-550385625402457\/\" \/>\n<meta property=\"article:modified_time\" content=\"2026-03-09T12:49:06+00:00\" \/>\n<meta property=\"og:image\" content=\"https:\/\/arak.spicehorse.eu\/wp-content\/uploads\/2026\/02\/45a7f561b707c812ee2c33188126819dae26a6c1bd7cb8ce132da980559bd420.jpg\" \/>\n\t<meta property=\"og:image:width\" content=\"1365\" \/>\n\t<meta property=\"og:image:height\" content=\"2048\" \/>\n\t<meta property=\"og:image:type\" content=\"image\/jpeg\" \/>\n<meta name=\"twitter:card\" content=\"summary_large_image\" \/>\n<meta name=\"twitter:label1\" content=\"Predpokladan\u00fd \u010das \u010d\u00edtania\" \/>\n\t<meta name=\"twitter:data1\" content=\"1 min\u00fata\" \/>\n<script type=\"application\/ld+json\" class=\"yoast-schema-graph\">{\"@context\":\"https:\/\/schema.org\",\"@graph\":[{\"@type\":\"WebPage\",\"@id\":\"https:\/\/arak.spicehorse.eu\/termek\/kentucky-heart-legymaszk-orresszel\/\",\"url\":\"https:\/\/arak.spicehorse.eu\/termek\/kentucky-heart-legymaszk-orresszel\/\",\"name\":\"Kentucky Heart maska sproti much\u00e1m s nosovou \u010das\u0165ou - Spicehorse\",\"isPartOf\":{\"@id\":\"https:\/\/arak.spicehorse.eu\/en\/#website\"},\"datePublished\":\"2026-02-26T17:36:11+00:00\",\"dateModified\":\"2026-03-09T12:49:06+00:00\",\"description\":\"spicehorse.eu | Kentucky Horsewear Heart maska proti much\u00e1m s\u00a0odn\u00edmate\u013enou nosovou \u010das\u0165ou poskytuje komplexn\u00fa ochranu vo\u010di much\u00e1m a\u00a0in\u00e9mu hmyzu pre cel\u00fa hlavu ko\u0148a bez toho-\",\"breadcrumb\":{\"@id\":\"https:\/\/arak.spicehorse.eu\/termek\/kentucky-heart-legymaszk-orresszel\/#breadcrumb\"},\"inLanguage\":\"sk-SK\",\"potentialAction\":[{\"@type\":\"ReadAction\",\"target\":[\"https:\/\/arak.spicehorse.eu\/termek\/kentucky-heart-legymaszk-orresszel\/\"]}]},{\"@type\":\"BreadcrumbList\",\"@id\":\"https:\/\/arak.spicehorse.eu\/termek\/kentucky-heart-legymaszk-orresszel\/#breadcrumb\",\"itemListElement\":[{\"@type\":\"ListItem\",\"position\":1,\"name\":\"Home\",\"item\":\"https:\/\/arak.spicehorse.eu\/sk\/\"},{\"@type\":\"ListItem\",\"position\":2,\"name\":\"Predaj\u0148a\",\"item\":\"https:\/\/arak.spicehorse.eu\/sk\/predajna\/\"},{\"@type\":\"ListItem\",\"position\":3,\"name\":\"Kentucky Heart maska sproti much\u00e1m s nosovou \u010das\u0165ou\"}]},{\"@type\":\"WebSite\",\"@id\":\"https:\/\/arak.spicehorse.eu\/en\/#website\",\"url\":\"https:\/\/arak.spicehorse.eu\/en\/\",\"name\":\"Spicehorse\",\"description\":\"UNDER DEVELOPMENT -\",\"potentialAction\":[{\"@type\":\"SearchAction\",\"target\":{\"@type\":\"EntryPoint\",\"urlTemplate\":\"https:\/\/arak.spicehorse.eu\/en\/?s={search_term_string}\"},\"query-input\":\"required name=search_term_string\"}],\"inLanguage\":\"sk-SK\"}]}<\/script>\n<!-- \/ Yoast SEO plugin. -->","yoast_head_json":{"title":"Kentucky Heart maska sproti much\u00e1m s nosovou \u010das\u0165ou - Spicehorse","description":"spicehorse.eu | Kentucky Horsewear Heart maska proti much\u00e1m s\u00a0odn\u00edmate\u013enou nosovou \u010das\u0165ou poskytuje komplexn\u00fa ochranu vo\u010di much\u00e1m a\u00a0in\u00e9mu hmyzu pre cel\u00fa hlavu ko\u0148a bez toho-","robots":{"index":"index","follow":"follow","max-snippet":"max-snippet:-1","max-image-preview":"max-image-preview:large","max-video-preview":"max-video-preview:-1"},"canonical":"https:\/\/arak.spicehorse.eu\/termek\/kentucky-heart-legymaszk-orresszel\/","og_locale":"sk_SK","og_type":"article","og_title":"Kentucky Heart maska sproti much\u00e1m s nosovou \u010das\u0165ou - Spicehorse","og_description":"spicehorse.eu | Kentucky Horsewear Heart maska proti much\u00e1m s\u00a0odn\u00edmate\u013enou nosovou \u010das\u0165ou poskytuje komplexn\u00fa ochranu vo\u010di much\u00e1m a\u00a0in\u00e9mu hmyzu pre cel\u00fa hlavu ko\u0148a bez toho-","og_url":"https:\/\/arak.spicehorse.eu\/termek\/kentucky-heart-legymaszk-orresszel\/","og_site_name":"Spicehorse","article_publisher":"https:\/\/www.facebook.com\/SPICEHORSE-550385625402457\/","article_modified_time":"2026-03-09T12:49:06+00:00","og_image":[{"width":1365,"height":2048,"url":"https:\/\/arak.spicehorse.eu\/wp-content\/uploads\/2026\/02\/45a7f561b707c812ee2c33188126819dae26a6c1bd7cb8ce132da980559bd420.jpg","type":"image\/jpeg"}],"twitter_card":"summary_large_image","twitter_misc":{"Predpokladan\u00fd \u010das \u010d\u00edtania":"1 min\u00fata"},"schema":{"@context":"https:\/\/schema.org","@graph":[{"@type":"WebPage","@id":"https:\/\/arak.spicehorse.eu\/termek\/kentucky-heart-legymaszk-orresszel\/","url":"https:\/\/arak.spicehorse.eu\/termek\/kentucky-heart-legymaszk-orresszel\/","name":"Kentucky Heart maska sproti much\u00e1m s nosovou \u010das\u0165ou - Spicehorse","isPartOf":{"@id":"https:\/\/arak.spicehorse.eu\/en\/#website"},"datePublished":"2026-02-26T17:36:11+00:00","dateModified":"2026-03-09T12:49:06+00:00","description":"spicehorse.eu | Kentucky Horsewear Heart maska proti much\u00e1m s\u00a0odn\u00edmate\u013enou nosovou \u010das\u0165ou poskytuje komplexn\u00fa ochranu vo\u010di much\u00e1m a\u00a0in\u00e9mu hmyzu pre cel\u00fa hlavu ko\u0148a bez toho-","breadcrumb":{"@id":"https:\/\/arak.spicehorse.eu\/termek\/kentucky-heart-legymaszk-orresszel\/#breadcrumb"},"inLanguage":"sk-SK","potentialAction":[{"@type":"ReadAction","target":["https:\/\/arak.spicehorse.eu\/termek\/kentucky-heart-legymaszk-orresszel\/"]}]},{"@type":"BreadcrumbList","@id":"https:\/\/arak.spicehorse.eu\/termek\/kentucky-heart-legymaszk-orresszel\/#breadcrumb","itemListElement":[{"@type":"ListItem","position":1,"name":"Home","item":"https:\/\/arak.spicehorse.eu\/sk\/"},{"@type":"ListItem","position":2,"name":"Predaj\u0148a","item":"https:\/\/arak.spicehorse.eu\/sk\/predajna\/"},{"@type":"ListItem","position":3,"name":"Kentucky Heart maska sproti much\u00e1m s nosovou \u010das\u0165ou"}]},{"@type":"WebSite","@id":"https:\/\/arak.spicehorse.eu\/en\/#website","url":"https:\/\/arak.spicehorse.eu\/en\/","name":"Spicehorse","description":"UNDER DEVELOPMENT -","potentialAction":[{"@type":"SearchAction","target":{"@type":"EntryPoint","urlTemplate":"https:\/\/arak.spicehorse.eu\/en\/?s={search_term_string}"},"query-input":"required name=search_term_string"}],"inLanguage":"sk-SK"}]}},"_links":{"self":[{"href":"https:\/\/arak.spicehorse.eu\/sk\/wp-json\/wp\/v2\/product\/210704"}],"collection":[{"href":"https:\/\/arak.spicehorse.eu\/sk\/wp-json\/wp\/v2\/product"}],"about":[{"href":"https:\/\/arak.spicehorse.eu\/sk\/wp-json\/wp\/v2\/types\/product"}],"wp:featuredmedia":[{"embeddable":true,"href":"https:\/\/arak.spicehorse.eu\/sk\/wp-json\/wp\/v2\/media\/210711"}],"wp:attachment":[{"href":"https:\/\/arak.spicehorse.eu\/sk\/wp-json\/wp\/v2\/media?parent=210704"}],"wp:term":[{"taxonomy":"product_cat","embeddable":true,"href":"https:\/\/arak.spicehorse.eu\/sk\/wp-json\/wp\/v2\/product_cat?post=210704"},{"taxonomy":"product_tag","embeddable":true,"href":"https:\/\/arak.spicehorse.eu\/sk\/wp-json\/wp\/v2\/product_tag?post=210704"}],"curies":[{"name":"wp","href":"https:\/\/api.w.org\/{rel}","templated":true}]}}