{"id":210829,"date":"2026-02-27T15:38:49","date_gmt":"2026-02-27T14:38:50","guid":{"rendered":"https:\/\/arak.spicehorse.eu\/?post_type=product&#038;p=210829"},"modified":"2026-03-09T13:51:00","modified_gmt":"2026-03-09T12:51:00","slug":"qhp-sietka-na-seno-slowfeeder","status":"publish","type":"product","link":"https:\/\/arak.spicehorse.eu\/sk\/produkt\/qhp-sietka-na-seno-slowfeeder\/","title":{"rendered":"QHP sie\u0165ka na seno Slowfeeder"},"content":{"rendered":"<p style=\"font-weight: 400;\">QHP Slowfeeder Easyfill sie\u0165ku mo\u017eno po\u013eahky naplni\u0165 senom alebo in\u00fdm krmivom pomocou kovov\u00fdch p\u00e1sov a such\u00e9ho zipsu nach\u00e1dzaj\u00facich sa na vrchu. Nastavite\u013en\u00e9 popruhy u\u013eah\u010duj\u00fa jej zavesenie. Pom\u00e1ha zni\u017eova\u0165 prejedanie sa a je vhodn\u00e1 aj na pred\u013a\u017eenie doby k\u0155menia po\u010das noci.<\/p>\n","protected":false},"excerpt":{"rendered":"<ul style=\"font-weight: 400;\">\n<li>Materi\u00e1l: polypropyl\u00e9n<\/li>\n<li>Povrchov\u00fd materi\u00e1l: \u017eelezo, zinok<\/li>\n<li>Slowfeeder Easyfill<\/li>\n<li>\u013dahko sa nap\u013a\u0148a senom alebo silom pomocou kovovej stu\u017eky a\u00a0such\u00e9ho zipsu<\/li>\n<li>Mo\u017eno ju po\u013eahky zavesi\u0165 pomocou nastavite\u013en\u00fdch popruhov<\/li>\n<li>Za kr\u00e1tky \u010das zni\u017euje prejedanie sa<\/li>\n<li>Je vhodn\u00e1 aj na pred\u013a\u017eenie doby k\u0155menia po\u010das noci<\/li>\n<li>Ve\u013ekos\u0165 sie\u0165ky: 3,5 cm<\/li>\n<li>Sie\u0165ka je bez uzlov, lep\u0161ie pre zuby<\/li>\n<\/ul>\n","protected":false},"featured_media":210832,"template":"","meta":{"_acf_changed":false},"product_cat":[75,120,77],"product_tag":[467,1973],"acf":[],"yoast_head":"<!-- This site is optimized with the Yoast SEO plugin v21.4 - https:\/\/yoast.com\/wordpress\/plugins\/seo\/ -->\n<title>QHP sie\u0165ka na seno Slowfeeder - Spicehorse<\/title>\n<meta name=\"description\" content=\"spicehorse.eu | QHP Slowfeeder Easyfill sie\u0165ku mo\u017eno po\u013eahky naplni\u0165 senom alebo in\u00fdm krmivom pomocou kovov\u00fdch p\u00e1sov a such\u00e9ho zipsu nach\u00e1dzaj\u00facich sa na vrchu.\" \/>\n<meta name=\"robots\" content=\"index, follow, max-snippet:-1, max-image-preview:large, max-video-preview:-1\" \/>\n<link rel=\"canonical\" href=\"https:\/\/arak.spicehorse.eu\/termek\/qhp-szenahalo-slowfeeder\/\" \/>\n<meta property=\"og:locale\" content=\"sk_SK\" \/>\n<meta property=\"og:type\" content=\"article\" \/>\n<meta property=\"og:title\" content=\"QHP sie\u0165ka na seno Slowfeeder - Spicehorse\" \/>\n<meta property=\"og:description\" content=\"spicehorse.eu | QHP Slowfeeder Easyfill sie\u0165ku mo\u017eno po\u013eahky naplni\u0165 senom alebo in\u00fdm krmivom pomocou kovov\u00fdch p\u00e1sov a such\u00e9ho zipsu nach\u00e1dzaj\u00facich sa na vrchu.\" \/>\n<meta property=\"og:url\" content=\"https:\/\/arak.spicehorse.eu\/termek\/qhp-szenahalo-slowfeeder\/\" \/>\n<meta property=\"og:site_name\" content=\"Spicehorse\" \/>\n<meta property=\"article:publisher\" content=\"https:\/\/www.facebook.com\/SPICEHORSE-550385625402457\/\" \/>\n<meta property=\"article:modified_time\" content=\"2026-03-09T12:51:00+00:00\" \/>\n<meta property=\"og:image\" content=\"https:\/\/arak.spicehorse.eu\/wp-content\/uploads\/2026\/02\/5624zw-3.jpg\" \/>\n\t<meta property=\"og:image:width\" content=\"1280\" \/>\n\t<meta property=\"og:image:height\" content=\"1280\" \/>\n\t<meta property=\"og:image:type\" content=\"image\/jpeg\" \/>\n<meta name=\"twitter:card\" content=\"summary_large_image\" \/>\n<script type=\"application\/ld+json\" class=\"yoast-schema-graph\">{\"@context\":\"https:\/\/schema.org\",\"@graph\":[{\"@type\":\"WebPage\",\"@id\":\"https:\/\/arak.spicehorse.eu\/termek\/qhp-szenahalo-slowfeeder\/\",\"url\":\"https:\/\/arak.spicehorse.eu\/termek\/qhp-szenahalo-slowfeeder\/\",\"name\":\"QHP sie\u0165ka na seno Slowfeeder - Spicehorse\",\"isPartOf\":{\"@id\":\"https:\/\/arak.spicehorse.eu\/en\/#website\"},\"datePublished\":\"2026-02-27T14:38:50+00:00\",\"dateModified\":\"2026-03-09T12:51:00+00:00\",\"description\":\"spicehorse.eu | QHP Slowfeeder Easyfill sie\u0165ku mo\u017eno po\u013eahky naplni\u0165 senom alebo in\u00fdm krmivom pomocou kovov\u00fdch p\u00e1sov a such\u00e9ho zipsu nach\u00e1dzaj\u00facich sa na vrchu.\",\"breadcrumb\":{\"@id\":\"https:\/\/arak.spicehorse.eu\/termek\/qhp-szenahalo-slowfeeder\/#breadcrumb\"},\"inLanguage\":\"sk-SK\",\"potentialAction\":[{\"@type\":\"ReadAction\",\"target\":[\"https:\/\/arak.spicehorse.eu\/termek\/qhp-szenahalo-slowfeeder\/\"]}]},{\"@type\":\"BreadcrumbList\",\"@id\":\"https:\/\/arak.spicehorse.eu\/termek\/qhp-szenahalo-slowfeeder\/#breadcrumb\",\"itemListElement\":[{\"@type\":\"ListItem\",\"position\":1,\"name\":\"Home\",\"item\":\"https:\/\/arak.spicehorse.eu\/sk\/\"},{\"@type\":\"ListItem\",\"position\":2,\"name\":\"Predaj\u0148a\",\"item\":\"https:\/\/arak.spicehorse.eu\/sk\/predajna\/\"},{\"@type\":\"ListItem\",\"position\":3,\"name\":\"QHP sie\u0165ka na seno Slowfeeder\"}]},{\"@type\":\"WebSite\",\"@id\":\"https:\/\/arak.spicehorse.eu\/en\/#website\",\"url\":\"https:\/\/arak.spicehorse.eu\/en\/\",\"name\":\"Spicehorse\",\"description\":\"UNDER DEVELOPMENT -\",\"potentialAction\":[{\"@type\":\"SearchAction\",\"target\":{\"@type\":\"EntryPoint\",\"urlTemplate\":\"https:\/\/arak.spicehorse.eu\/en\/?s={search_term_string}\"},\"query-input\":\"required name=search_term_string\"}],\"inLanguage\":\"sk-SK\"}]}<\/script>\n<!-- \/ Yoast SEO plugin. -->","yoast_head_json":{"title":"QHP sie\u0165ka na seno Slowfeeder - Spicehorse","description":"spicehorse.eu | QHP Slowfeeder Easyfill sie\u0165ku mo\u017eno po\u013eahky naplni\u0165 senom alebo in\u00fdm krmivom pomocou kovov\u00fdch p\u00e1sov a such\u00e9ho zipsu nach\u00e1dzaj\u00facich sa na vrchu.","robots":{"index":"index","follow":"follow","max-snippet":"max-snippet:-1","max-image-preview":"max-image-preview:large","max-video-preview":"max-video-preview:-1"},"canonical":"https:\/\/arak.spicehorse.eu\/termek\/qhp-szenahalo-slowfeeder\/","og_locale":"sk_SK","og_type":"article","og_title":"QHP sie\u0165ka na seno Slowfeeder - Spicehorse","og_description":"spicehorse.eu | QHP Slowfeeder Easyfill sie\u0165ku mo\u017eno po\u013eahky naplni\u0165 senom alebo in\u00fdm krmivom pomocou kovov\u00fdch p\u00e1sov a such\u00e9ho zipsu nach\u00e1dzaj\u00facich sa na vrchu.","og_url":"https:\/\/arak.spicehorse.eu\/termek\/qhp-szenahalo-slowfeeder\/","og_site_name":"Spicehorse","article_publisher":"https:\/\/www.facebook.com\/SPICEHORSE-550385625402457\/","article_modified_time":"2026-03-09T12:51:00+00:00","og_image":[{"width":1280,"height":1280,"url":"https:\/\/arak.spicehorse.eu\/wp-content\/uploads\/2026\/02\/5624zw-3.jpg","type":"image\/jpeg"}],"twitter_card":"summary_large_image","schema":{"@context":"https:\/\/schema.org","@graph":[{"@type":"WebPage","@id":"https:\/\/arak.spicehorse.eu\/termek\/qhp-szenahalo-slowfeeder\/","url":"https:\/\/arak.spicehorse.eu\/termek\/qhp-szenahalo-slowfeeder\/","name":"QHP sie\u0165ka na seno Slowfeeder - Spicehorse","isPartOf":{"@id":"https:\/\/arak.spicehorse.eu\/en\/#website"},"datePublished":"2026-02-27T14:38:50+00:00","dateModified":"2026-03-09T12:51:00+00:00","description":"spicehorse.eu | QHP Slowfeeder Easyfill sie\u0165ku mo\u017eno po\u013eahky naplni\u0165 senom alebo in\u00fdm krmivom pomocou kovov\u00fdch p\u00e1sov a such\u00e9ho zipsu nach\u00e1dzaj\u00facich sa na vrchu.","breadcrumb":{"@id":"https:\/\/arak.spicehorse.eu\/termek\/qhp-szenahalo-slowfeeder\/#breadcrumb"},"inLanguage":"sk-SK","potentialAction":[{"@type":"ReadAction","target":["https:\/\/arak.spicehorse.eu\/termek\/qhp-szenahalo-slowfeeder\/"]}]},{"@type":"BreadcrumbList","@id":"https:\/\/arak.spicehorse.eu\/termek\/qhp-szenahalo-slowfeeder\/#breadcrumb","itemListElement":[{"@type":"ListItem","position":1,"name":"Home","item":"https:\/\/arak.spicehorse.eu\/sk\/"},{"@type":"ListItem","position":2,"name":"Predaj\u0148a","item":"https:\/\/arak.spicehorse.eu\/sk\/predajna\/"},{"@type":"ListItem","position":3,"name":"QHP sie\u0165ka na seno Slowfeeder"}]},{"@type":"WebSite","@id":"https:\/\/arak.spicehorse.eu\/en\/#website","url":"https:\/\/arak.spicehorse.eu\/en\/","name":"Spicehorse","description":"UNDER DEVELOPMENT -","potentialAction":[{"@type":"SearchAction","target":{"@type":"EntryPoint","urlTemplate":"https:\/\/arak.spicehorse.eu\/en\/?s={search_term_string}"},"query-input":"required name=search_term_string"}],"inLanguage":"sk-SK"}]}},"_links":{"self":[{"href":"https:\/\/arak.spicehorse.eu\/sk\/wp-json\/wp\/v2\/product\/210829"}],"collection":[{"href":"https:\/\/arak.spicehorse.eu\/sk\/wp-json\/wp\/v2\/product"}],"about":[{"href":"https:\/\/arak.spicehorse.eu\/sk\/wp-json\/wp\/v2\/types\/product"}],"wp:featuredmedia":[{"embeddable":true,"href":"https:\/\/arak.spicehorse.eu\/sk\/wp-json\/wp\/v2\/media\/210832"}],"wp:attachment":[{"href":"https:\/\/arak.spicehorse.eu\/sk\/wp-json\/wp\/v2\/media?parent=210829"}],"wp:term":[{"taxonomy":"product_cat","embeddable":true,"href":"https:\/\/arak.spicehorse.eu\/sk\/wp-json\/wp\/v2\/product_cat?post=210829"},{"taxonomy":"product_tag","embeddable":true,"href":"https:\/\/arak.spicehorse.eu\/sk\/wp-json\/wp\/v2\/product_tag?post=210829"}],"curies":[{"name":"wp","href":"https:\/\/api.w.org\/{rel}","templated":true}]}}