{"id":210919,"date":"2026-03-02T17:53:12","date_gmt":"2026-03-02T16:53:16","guid":{"rendered":"https:\/\/arak.spicehorse.eu\/?post_type=product&#038;p=210919"},"modified":"2026-03-09T13:54:05","modified_gmt":"2026-03-09T12:54:05","slug":"qhp-taska-do-stajne","status":"publish","type":"product","link":"https:\/\/arak.spicehorse.eu\/sk\/produkt\/qhp-taska-do-stajne\/","title":{"rendered":"QHP ta\u0161ka do stajne"},"content":{"rendered":"<p style=\"font-weight: 400;\">T\u00e1to multifunk\u010dn\u00e1 QHP ta\u0161ka do stajne je ide\u00e1lna na ka\u017edodenn\u00e9 skladovanie v\u00fdbavy potrebnej do stajne. Je vyroben\u00e1 z\u00a0nepremokav\u00e9ho materi\u00e1lu, m\u00e1 nastavite\u013en\u00e9 popruhy, v\u010faka ktor\u00fdm sa po\u013eahky upev\u0148uje na box. Ta\u0161ka poskytuje dostatok miesta pre kefy, chr\u00e1ni\u010de n\u00f4h a\u00a0in\u00e9 pom\u00f4cky na o\u0161etrovanie ko\u0148a. Bo\u010dn\u00e9 vreck\u00e1 zo sie\u0165oviny sl\u00fa\u017eia na ulo\u017eenie f\u013ea\u0161e alebo sprejov. Pomocou klipu na ta\u0161ke mo\u017eno k\u00a0ve\u0161iaku pripoji\u0165 \u010fal\u0161ie predmety (napr. dr\u017eiak na pamlsky a\u00a0pod).<\/p>\n","protected":false},"excerpt":{"rendered":"<ul style=\"font-weight: 400;\">\n<li>Materi\u00e1lov\u00e9 zlo\u017eenie: 100% polyester<\/li>\n<li>Materi\u00e1l: zinok, \u017eelezo<\/li>\n<li>Multifunk\u010dn\u00e1 ta\u0161ka do stajne, organiz\u00e9r pre v\u0161etku potrebn\u00fa v\u00fdbavu<\/li>\n<li>Je vyroben\u00e1 z\u00a0nepremokav\u00e9ho materi\u00e1lu<\/li>\n<li>Nastavite\u013en\u00fdmi popruhmi ju mo\u017eno po\u013eahky pripevni\u0165 k stajni<\/li>\n<li>Ide\u00e1lna na skladovanie kief a\u00a0chr\u00e1ni\u010dov n\u00f4h<\/li>\n<li>Vybaven\u00e1 je vonkaj\u0161\u00edmi sie\u0165ov\u00fdmi va\u010dkami na skladovanie tak\u00fdch vec\u00ed ako napr\u00edklad f\u013ea\u0161e<\/li>\n<li>Na klipy mo\u017eno zavesi\u0165 tak\u00e9 predmety ako napr\u00edklad dr\u017eiak na pamlsky<\/li>\n<\/ul>\n","protected":false},"featured_media":210925,"template":"","meta":{"_acf_changed":false},"product_cat":[75,100,120,77],"product_tag":[3468,467,1973],"acf":[],"yoast_head":"<!-- This site is optimized with the Yoast SEO plugin v21.4 - https:\/\/yoast.com\/wordpress\/plugins\/seo\/ -->\n<title>QHP ta\u0161ka do stajne - Spicehorse<\/title>\n<meta name=\"description\" content=\"spicehorse.eu | T\u00e1to multifunk\u010dn\u00e1 QHP ta\u0161ka do stajne je ide\u00e1lna na ka\u017edodenn\u00e9 skladovanie v\u00fdbavy potrebnej do stajne.\" \/>\n<meta name=\"robots\" content=\"index, follow, max-snippet:-1, max-image-preview:large, max-video-preview:-1\" \/>\n<link rel=\"canonical\" href=\"https:\/\/arak.spicehorse.eu\/termek\/qhp-istallo-taska\/\" \/>\n<meta property=\"og:locale\" content=\"sk_SK\" \/>\n<meta property=\"og:type\" content=\"article\" \/>\n<meta property=\"og:title\" content=\"QHP ta\u0161ka do stajne - Spicehorse\" \/>\n<meta property=\"og:description\" content=\"spicehorse.eu | T\u00e1to multifunk\u010dn\u00e1 QHP ta\u0161ka do stajne je ide\u00e1lna na ka\u017edodenn\u00e9 skladovanie v\u00fdbavy potrebnej do stajne.\" \/>\n<meta property=\"og:url\" content=\"https:\/\/arak.spicehorse.eu\/termek\/qhp-istallo-taska\/\" \/>\n<meta property=\"og:site_name\" content=\"Spicehorse\" \/>\n<meta property=\"article:publisher\" content=\"https:\/\/www.facebook.com\/SPICEHORSE-550385625402457\/\" \/>\n<meta property=\"article:modified_time\" content=\"2026-03-09T12:54:05+00:00\" \/>\n<meta property=\"og:image\" content=\"https:\/\/arak.spicehorse.eu\/wp-content\/uploads\/2026\/03\/5647chp-3.jpg\" \/>\n\t<meta property=\"og:image:width\" content=\"1280\" \/>\n\t<meta property=\"og:image:height\" content=\"1280\" \/>\n\t<meta property=\"og:image:type\" content=\"image\/jpeg\" \/>\n<meta name=\"twitter:card\" content=\"summary_large_image\" \/>\n<meta name=\"twitter:label1\" content=\"Predpokladan\u00fd \u010das \u010d\u00edtania\" \/>\n\t<meta name=\"twitter:data1\" content=\"1 min\u00fata\" \/>\n<script type=\"application\/ld+json\" class=\"yoast-schema-graph\">{\"@context\":\"https:\/\/schema.org\",\"@graph\":[{\"@type\":\"WebPage\",\"@id\":\"https:\/\/arak.spicehorse.eu\/termek\/qhp-istallo-taska\/\",\"url\":\"https:\/\/arak.spicehorse.eu\/termek\/qhp-istallo-taska\/\",\"name\":\"QHP ta\u0161ka do stajne - Spicehorse\",\"isPartOf\":{\"@id\":\"https:\/\/arak.spicehorse.eu\/en\/#website\"},\"datePublished\":\"2026-03-02T16:53:16+00:00\",\"dateModified\":\"2026-03-09T12:54:05+00:00\",\"description\":\"spicehorse.eu | T\u00e1to multifunk\u010dn\u00e1 QHP ta\u0161ka do stajne je ide\u00e1lna na ka\u017edodenn\u00e9 skladovanie v\u00fdbavy potrebnej do stajne.\",\"breadcrumb\":{\"@id\":\"https:\/\/arak.spicehorse.eu\/termek\/qhp-istallo-taska\/#breadcrumb\"},\"inLanguage\":\"sk-SK\",\"potentialAction\":[{\"@type\":\"ReadAction\",\"target\":[\"https:\/\/arak.spicehorse.eu\/termek\/qhp-istallo-taska\/\"]}]},{\"@type\":\"BreadcrumbList\",\"@id\":\"https:\/\/arak.spicehorse.eu\/termek\/qhp-istallo-taska\/#breadcrumb\",\"itemListElement\":[{\"@type\":\"ListItem\",\"position\":1,\"name\":\"Home\",\"item\":\"https:\/\/arak.spicehorse.eu\/sk\/\"},{\"@type\":\"ListItem\",\"position\":2,\"name\":\"Predaj\u0148a\",\"item\":\"https:\/\/arak.spicehorse.eu\/sk\/predajna\/\"},{\"@type\":\"ListItem\",\"position\":3,\"name\":\"QHP ta\u0161ka do stajne\"}]},{\"@type\":\"WebSite\",\"@id\":\"https:\/\/arak.spicehorse.eu\/en\/#website\",\"url\":\"https:\/\/arak.spicehorse.eu\/en\/\",\"name\":\"Spicehorse\",\"description\":\"UNDER DEVELOPMENT -\",\"potentialAction\":[{\"@type\":\"SearchAction\",\"target\":{\"@type\":\"EntryPoint\",\"urlTemplate\":\"https:\/\/arak.spicehorse.eu\/en\/?s={search_term_string}\"},\"query-input\":\"required name=search_term_string\"}],\"inLanguage\":\"sk-SK\"}]}<\/script>\n<!-- \/ Yoast SEO plugin. -->","yoast_head_json":{"title":"QHP ta\u0161ka do stajne - Spicehorse","description":"spicehorse.eu | T\u00e1to multifunk\u010dn\u00e1 QHP ta\u0161ka do stajne je ide\u00e1lna na ka\u017edodenn\u00e9 skladovanie v\u00fdbavy potrebnej do stajne.","robots":{"index":"index","follow":"follow","max-snippet":"max-snippet:-1","max-image-preview":"max-image-preview:large","max-video-preview":"max-video-preview:-1"},"canonical":"https:\/\/arak.spicehorse.eu\/termek\/qhp-istallo-taska\/","og_locale":"sk_SK","og_type":"article","og_title":"QHP ta\u0161ka do stajne - Spicehorse","og_description":"spicehorse.eu | T\u00e1to multifunk\u010dn\u00e1 QHP ta\u0161ka do stajne je ide\u00e1lna na ka\u017edodenn\u00e9 skladovanie v\u00fdbavy potrebnej do stajne.","og_url":"https:\/\/arak.spicehorse.eu\/termek\/qhp-istallo-taska\/","og_site_name":"Spicehorse","article_publisher":"https:\/\/www.facebook.com\/SPICEHORSE-550385625402457\/","article_modified_time":"2026-03-09T12:54:05+00:00","og_image":[{"width":1280,"height":1280,"url":"https:\/\/arak.spicehorse.eu\/wp-content\/uploads\/2026\/03\/5647chp-3.jpg","type":"image\/jpeg"}],"twitter_card":"summary_large_image","twitter_misc":{"Predpokladan\u00fd \u010das \u010d\u00edtania":"1 min\u00fata"},"schema":{"@context":"https:\/\/schema.org","@graph":[{"@type":"WebPage","@id":"https:\/\/arak.spicehorse.eu\/termek\/qhp-istallo-taska\/","url":"https:\/\/arak.spicehorse.eu\/termek\/qhp-istallo-taska\/","name":"QHP ta\u0161ka do stajne - Spicehorse","isPartOf":{"@id":"https:\/\/arak.spicehorse.eu\/en\/#website"},"datePublished":"2026-03-02T16:53:16+00:00","dateModified":"2026-03-09T12:54:05+00:00","description":"spicehorse.eu | T\u00e1to multifunk\u010dn\u00e1 QHP ta\u0161ka do stajne je ide\u00e1lna na ka\u017edodenn\u00e9 skladovanie v\u00fdbavy potrebnej do stajne.","breadcrumb":{"@id":"https:\/\/arak.spicehorse.eu\/termek\/qhp-istallo-taska\/#breadcrumb"},"inLanguage":"sk-SK","potentialAction":[{"@type":"ReadAction","target":["https:\/\/arak.spicehorse.eu\/termek\/qhp-istallo-taska\/"]}]},{"@type":"BreadcrumbList","@id":"https:\/\/arak.spicehorse.eu\/termek\/qhp-istallo-taska\/#breadcrumb","itemListElement":[{"@type":"ListItem","position":1,"name":"Home","item":"https:\/\/arak.spicehorse.eu\/sk\/"},{"@type":"ListItem","position":2,"name":"Predaj\u0148a","item":"https:\/\/arak.spicehorse.eu\/sk\/predajna\/"},{"@type":"ListItem","position":3,"name":"QHP ta\u0161ka do stajne"}]},{"@type":"WebSite","@id":"https:\/\/arak.spicehorse.eu\/en\/#website","url":"https:\/\/arak.spicehorse.eu\/en\/","name":"Spicehorse","description":"UNDER DEVELOPMENT -","potentialAction":[{"@type":"SearchAction","target":{"@type":"EntryPoint","urlTemplate":"https:\/\/arak.spicehorse.eu\/en\/?s={search_term_string}"},"query-input":"required name=search_term_string"}],"inLanguage":"sk-SK"}]}},"_links":{"self":[{"href":"https:\/\/arak.spicehorse.eu\/sk\/wp-json\/wp\/v2\/product\/210919"}],"collection":[{"href":"https:\/\/arak.spicehorse.eu\/sk\/wp-json\/wp\/v2\/product"}],"about":[{"href":"https:\/\/arak.spicehorse.eu\/sk\/wp-json\/wp\/v2\/types\/product"}],"wp:featuredmedia":[{"embeddable":true,"href":"https:\/\/arak.spicehorse.eu\/sk\/wp-json\/wp\/v2\/media\/210925"}],"wp:attachment":[{"href":"https:\/\/arak.spicehorse.eu\/sk\/wp-json\/wp\/v2\/media?parent=210919"}],"wp:term":[{"taxonomy":"product_cat","embeddable":true,"href":"https:\/\/arak.spicehorse.eu\/sk\/wp-json\/wp\/v2\/product_cat?post=210919"},{"taxonomy":"product_tag","embeddable":true,"href":"https:\/\/arak.spicehorse.eu\/sk\/wp-json\/wp\/v2\/product_tag?post=210919"}],"curies":[{"name":"wp","href":"https:\/\/api.w.org\/{rel}","templated":true}]}}