{"id":211083,"date":"2026-03-06T17:34:32","date_gmt":"2026-03-06T16:34:36","guid":{"rendered":"https:\/\/arak.spicehorse.eu\/?post_type=product&#038;p=211083"},"modified":"2026-03-30T14:26:13","modified_gmt":"2026-03-30T12:26:13","slug":"qhp-kynlee-sako-na-sutaze","status":"publish","type":"product","link":"https:\/\/arak.spicehorse.eu\/sk\/produkt\/qhp-kynlee-sako-na-sutaze\/","title":{"rendered":"QHP Kynlee sako na s\u00fa\u0165a\u017ee"},"content":{"rendered":"<p>QHP Kynlee sako na s\u00fa\u0165a\u017ee je potiahnut\u00e9 glitrovanou vrstvou, ktor\u00e1 mu dod\u00e1va odv\u00e1\u017eny, napriek tomu \u0161t\u00fdlov\u00fd vzh\u013ead. Zadn\u00e9 z\u00e1hyby a kovov\u00e9 Q logo vytv\u00e1raj\u00fa elegantn\u00fd dojem.<\/p>\n","protected":false},"excerpt":{"rendered":"<ul>\n<li>Materi\u00e1lov\u00e9 zlo\u017eenie: 90% polyester, 10% elastan<\/li>\n<li>Elegantn\u00e9 glitrovan\u00e9 sako na s\u00fa\u0165a\u017ee<\/li>\n<li>Vyroben\u00e9 je z priedu\u0161n\u00e9ho, elastick\u00e9ho materi\u00e1lu<\/li>\n<li>Elegantn\u00e9 z\u00e1hyby vzadu<\/li>\n<li>Q kovov\u00e9 logo vpredu<\/li>\n<li>Dve predn\u00e9 v\u00fdpustkov\u00e9 vreck\u00e1<\/li>\n<li>S\u00fa\u010das\u0165 kolekcie Kynlee<\/li>\n<li>Sako mo\u017eno pra\u0165 v\u00a0pr\u00e1\u010dke na 30 stup\u0148och. Sako perte vo vreck\u00e1ch na pranie. Pod\u013ea mo\u017enosti sa vyh\u00fdbajte pou\u017e\u00edvaniu aviv\u00e1\u017ee a\u00a0sako nevkladajte do su\u0161i\u010dky.<\/li>\n<\/ul>\n","protected":false},"featured_media":211091,"template":"","meta":{"_acf_changed":false},"product_cat":[76,306,308,77],"product_tag":[348,441,3471,1973,2035],"acf":[],"yoast_head":"<!-- This site is optimized with the Yoast SEO plugin v21.4 - https:\/\/yoast.com\/wordpress\/plugins\/seo\/ -->\n<title>QHP Kynlee sako na s\u00fa\u0165a\u017ee - Spicehorse<\/title>\n<meta name=\"description\" content=\"spicehorse.eu | QHP Kynlee sako na s\u00fa\u0165a\u017ee je potiahnut\u00e9 glitrovanou vrstvou, ktor\u00e1 mu dod\u00e1va odv\u00e1\u017eny, napriek tomu \u0161t\u00fdlov\u00fd vzh\u013ea\" \/>\n<meta name=\"robots\" content=\"index, follow, max-snippet:-1, max-image-preview:large, max-video-preview:-1\" \/>\n<link rel=\"canonical\" href=\"https:\/\/arak.spicehorse.eu\/sk\/produkt\/qhp-kynlee-sako-na-sutaze\/\" \/>\n<meta property=\"og:locale\" content=\"sk_SK\" \/>\n<meta property=\"og:type\" content=\"article\" \/>\n<meta property=\"og:title\" content=\"QHP Kynlee sako na s\u00fa\u0165a\u017ee - Spicehorse\" \/>\n<meta property=\"og:description\" content=\"spicehorse.eu | QHP Kynlee sako na s\u00fa\u0165a\u017ee je potiahnut\u00e9 glitrovanou vrstvou, ktor\u00e1 mu dod\u00e1va odv\u00e1\u017eny, napriek tomu \u0161t\u00fdlov\u00fd vzh\u013ea\" \/>\n<meta property=\"og:url\" content=\"https:\/\/arak.spicehorse.eu\/sk\/produkt\/qhp-kynlee-sako-na-sutaze\/\" \/>\n<meta property=\"og:site_name\" content=\"Spicehorse\" \/>\n<meta property=\"article:publisher\" content=\"https:\/\/www.facebook.com\/SPICEHORSE-550385625402457\/\" \/>\n<meta property=\"article:modified_time\" content=\"2026-03-30T12:26:13+00:00\" \/>\n<meta property=\"og:image\" content=\"https:\/\/arak.spicehorse.eu\/wp-content\/uploads\/2026\/03\/8918zw-17.jpg\" \/>\n\t<meta property=\"og:image:width\" content=\"1280\" \/>\n\t<meta property=\"og:image:height\" content=\"1280\" \/>\n\t<meta property=\"og:image:type\" content=\"image\/jpeg\" \/>\n<meta name=\"twitter:card\" content=\"summary_large_image\" \/>\n<script type=\"application\/ld+json\" class=\"yoast-schema-graph\">{\"@context\":\"https:\/\/schema.org\",\"@graph\":[{\"@type\":\"WebPage\",\"@id\":\"https:\/\/arak.spicehorse.eu\/sk\/produkt\/qhp-kynlee-sako-na-sutaze\/\",\"url\":\"https:\/\/arak.spicehorse.eu\/sk\/produkt\/qhp-kynlee-sako-na-sutaze\/\",\"name\":\"QHP Kynlee sako na s\u00fa\u0165a\u017ee - Spicehorse\",\"isPartOf\":{\"@id\":\"https:\/\/arak.spicehorse.eu\/en\/#website\"},\"datePublished\":\"2026-03-06T16:34:36+00:00\",\"dateModified\":\"2026-03-30T12:26:13+00:00\",\"description\":\"spicehorse.eu | QHP Kynlee sako na s\u00fa\u0165a\u017ee je potiahnut\u00e9 glitrovanou vrstvou, ktor\u00e1 mu dod\u00e1va odv\u00e1\u017eny, napriek tomu \u0161t\u00fdlov\u00fd vzh\u013ea\",\"breadcrumb\":{\"@id\":\"https:\/\/arak.spicehorse.eu\/sk\/produkt\/qhp-kynlee-sako-na-sutaze\/#breadcrumb\"},\"inLanguage\":\"sk-SK\",\"potentialAction\":[{\"@type\":\"ReadAction\",\"target\":[\"https:\/\/arak.spicehorse.eu\/sk\/produkt\/qhp-kynlee-sako-na-sutaze\/\"]}]},{\"@type\":\"BreadcrumbList\",\"@id\":\"https:\/\/arak.spicehorse.eu\/sk\/produkt\/qhp-kynlee-sako-na-sutaze\/#breadcrumb\",\"itemListElement\":[{\"@type\":\"ListItem\",\"position\":1,\"name\":\"Home\",\"item\":\"https:\/\/arak.spicehorse.eu\/sk\/\"},{\"@type\":\"ListItem\",\"position\":2,\"name\":\"Predaj\u0148a\",\"item\":\"https:\/\/arak.spicehorse.eu\/sk\/predajna\/\"},{\"@type\":\"ListItem\",\"position\":3,\"name\":\"QHP Kynlee sako na s\u00fa\u0165a\u017ee\"}]},{\"@type\":\"WebSite\",\"@id\":\"https:\/\/arak.spicehorse.eu\/en\/#website\",\"url\":\"https:\/\/arak.spicehorse.eu\/en\/\",\"name\":\"Spicehorse\",\"description\":\"UNDER DEVELOPMENT -\",\"potentialAction\":[{\"@type\":\"SearchAction\",\"target\":{\"@type\":\"EntryPoint\",\"urlTemplate\":\"https:\/\/arak.spicehorse.eu\/en\/?s={search_term_string}\"},\"query-input\":\"required name=search_term_string\"}],\"inLanguage\":\"sk-SK\"}]}<\/script>\n<!-- \/ Yoast SEO plugin. -->","yoast_head_json":{"title":"QHP Kynlee sako na s\u00fa\u0165a\u017ee - Spicehorse","description":"spicehorse.eu | QHP Kynlee sako na s\u00fa\u0165a\u017ee je potiahnut\u00e9 glitrovanou vrstvou, ktor\u00e1 mu dod\u00e1va odv\u00e1\u017eny, napriek tomu \u0161t\u00fdlov\u00fd vzh\u013ea","robots":{"index":"index","follow":"follow","max-snippet":"max-snippet:-1","max-image-preview":"max-image-preview:large","max-video-preview":"max-video-preview:-1"},"canonical":"https:\/\/arak.spicehorse.eu\/sk\/produkt\/qhp-kynlee-sako-na-sutaze\/","og_locale":"sk_SK","og_type":"article","og_title":"QHP Kynlee sako na s\u00fa\u0165a\u017ee - Spicehorse","og_description":"spicehorse.eu | QHP Kynlee sako na s\u00fa\u0165a\u017ee je potiahnut\u00e9 glitrovanou vrstvou, ktor\u00e1 mu dod\u00e1va odv\u00e1\u017eny, napriek tomu \u0161t\u00fdlov\u00fd vzh\u013ea","og_url":"https:\/\/arak.spicehorse.eu\/sk\/produkt\/qhp-kynlee-sako-na-sutaze\/","og_site_name":"Spicehorse","article_publisher":"https:\/\/www.facebook.com\/SPICEHORSE-550385625402457\/","article_modified_time":"2026-03-30T12:26:13+00:00","og_image":[{"width":1280,"height":1280,"url":"https:\/\/arak.spicehorse.eu\/wp-content\/uploads\/2026\/03\/8918zw-17.jpg","type":"image\/jpeg"}],"twitter_card":"summary_large_image","schema":{"@context":"https:\/\/schema.org","@graph":[{"@type":"WebPage","@id":"https:\/\/arak.spicehorse.eu\/sk\/produkt\/qhp-kynlee-sako-na-sutaze\/","url":"https:\/\/arak.spicehorse.eu\/sk\/produkt\/qhp-kynlee-sako-na-sutaze\/","name":"QHP Kynlee sako na s\u00fa\u0165a\u017ee - Spicehorse","isPartOf":{"@id":"https:\/\/arak.spicehorse.eu\/en\/#website"},"datePublished":"2026-03-06T16:34:36+00:00","dateModified":"2026-03-30T12:26:13+00:00","description":"spicehorse.eu | QHP Kynlee sako na s\u00fa\u0165a\u017ee je potiahnut\u00e9 glitrovanou vrstvou, ktor\u00e1 mu dod\u00e1va odv\u00e1\u017eny, napriek tomu \u0161t\u00fdlov\u00fd vzh\u013ea","breadcrumb":{"@id":"https:\/\/arak.spicehorse.eu\/sk\/produkt\/qhp-kynlee-sako-na-sutaze\/#breadcrumb"},"inLanguage":"sk-SK","potentialAction":[{"@type":"ReadAction","target":["https:\/\/arak.spicehorse.eu\/sk\/produkt\/qhp-kynlee-sako-na-sutaze\/"]}]},{"@type":"BreadcrumbList","@id":"https:\/\/arak.spicehorse.eu\/sk\/produkt\/qhp-kynlee-sako-na-sutaze\/#breadcrumb","itemListElement":[{"@type":"ListItem","position":1,"name":"Home","item":"https:\/\/arak.spicehorse.eu\/sk\/"},{"@type":"ListItem","position":2,"name":"Predaj\u0148a","item":"https:\/\/arak.spicehorse.eu\/sk\/predajna\/"},{"@type":"ListItem","position":3,"name":"QHP Kynlee sako na s\u00fa\u0165a\u017ee"}]},{"@type":"WebSite","@id":"https:\/\/arak.spicehorse.eu\/en\/#website","url":"https:\/\/arak.spicehorse.eu\/en\/","name":"Spicehorse","description":"UNDER DEVELOPMENT -","potentialAction":[{"@type":"SearchAction","target":{"@type":"EntryPoint","urlTemplate":"https:\/\/arak.spicehorse.eu\/en\/?s={search_term_string}"},"query-input":"required name=search_term_string"}],"inLanguage":"sk-SK"}]}},"_links":{"self":[{"href":"https:\/\/arak.spicehorse.eu\/sk\/wp-json\/wp\/v2\/product\/211083"}],"collection":[{"href":"https:\/\/arak.spicehorse.eu\/sk\/wp-json\/wp\/v2\/product"}],"about":[{"href":"https:\/\/arak.spicehorse.eu\/sk\/wp-json\/wp\/v2\/types\/product"}],"wp:featuredmedia":[{"embeddable":true,"href":"https:\/\/arak.spicehorse.eu\/sk\/wp-json\/wp\/v2\/media\/211091"}],"wp:attachment":[{"href":"https:\/\/arak.spicehorse.eu\/sk\/wp-json\/wp\/v2\/media?parent=211083"}],"wp:term":[{"taxonomy":"product_cat","embeddable":true,"href":"https:\/\/arak.spicehorse.eu\/sk\/wp-json\/wp\/v2\/product_cat?post=211083"},{"taxonomy":"product_tag","embeddable":true,"href":"https:\/\/arak.spicehorse.eu\/sk\/wp-json\/wp\/v2\/product_tag?post=211083"}],"curies":[{"name":"wp","href":"https:\/\/api.w.org\/{rel}","templated":true}]}}