{"id":211396,"date":"2026-03-11T17:41:21","date_gmt":"2026-03-11T16:41:25","guid":{"rendered":"https:\/\/arak.spicehorse.eu\/?post_type=product&#038;p=211396"},"modified":"2026-03-11T17:55:21","modified_gmt":"2026-03-11T16:55:21","slug":"qhp-super-bug-maska-proti-mucham-unicorn-multi","status":"publish","type":"product","link":"https:\/\/arak.spicehorse.eu\/sk\/produkt\/qhp-super-bug-maska-proti-mucham-unicorn-multi\/","title":{"rendered":"QHP Super Bug maska proti much\u00e1m Unicorn Multi"},"content":{"rendered":"<p style=\"font-weight: 400;\">QHP Super Bug maska proti much\u00e1m so vzorom jednoro\u017eca je pre kone mimoriadne pohodln\u00e1. Hladk\u00e1 a pru\u017en\u00e1 tkanina je ako druh\u00e1 ko\u017ea. Sie\u0165ovan\u00fd materi\u00e1l okolo o\u010d\u00ed a u\u0161\u00ed nebr\u00e1ni vo v\u00fdh\u013eade a chr\u00e1ni pred muchami, kom\u00e1rmi a in\u00fdm hmyzom. Cez prv\u00fd otvor mo\u017eno uvo\u013eni\u0165 hrivu ko\u0148a. Maska proti much\u00e1m sa \u013eahko zap\u00edna zipsom, ktor\u00fd je v spodnej \u010dasti.<\/p>\n","protected":false},"excerpt":{"rendered":"<ul style=\"font-weight: 400;\">\n<li>Materi\u00e1l: polyester<\/li>\n<li>Elastick\u00e1 \u010das\u0165: 85% polyester, 15% elastan<\/li>\n<li>Maska proti much\u00e1m chr\u00e1ni pred muchami a hmyzom<\/li>\n<li>V\u010faka elastick\u00e9mu a m\u00e4kk\u00e9mu materi\u00e1lu je ve\u013emi pohodln\u00e1<\/li>\n<li>V okol\u00ed o\u010d\u00ed a u\u0161\u00ed je sie\u0165ovan\u00fd materi\u00e1l<\/li>\n<li>Vpredu otvor pre hrivu<\/li>\n<li>Pod bradou sa zap\u00edna zipsom<\/li>\n<\/ul>\n","protected":false},"featured_media":211404,"template":"","meta":{"_acf_changed":false},"product_cat":[3298,75,108,77],"product_tag":[265,3283,499,422,1973],"acf":[],"yoast_head":"<!-- This site is optimized with the Yoast SEO plugin v21.4 - https:\/\/yoast.com\/wordpress\/plugins\/seo\/ -->\n<title>QHP Super Bug maska proti much\u00e1m Unicorn Multi - Spicehorse<\/title>\n<meta name=\"description\" content=\"spicehorse.eu | QHP Super Bug maska proti much\u00e1m so vzorom jednoro\u017eca je pre kone mimoriadne pohodln\u00e1.\" \/>\n<meta name=\"robots\" content=\"index, follow, max-snippet:-1, max-image-preview:large, max-video-preview:-1\" \/>\n<link rel=\"canonical\" href=\"https:\/\/arak.spicehorse.eu\/termek\/qhp-super-bug-legymaszk-unicorn-multi\/\" \/>\n<meta property=\"og:locale\" content=\"sk_SK\" \/>\n<meta property=\"og:type\" content=\"article\" \/>\n<meta property=\"og:title\" content=\"QHP Super Bug maska proti much\u00e1m Unicorn Multi - Spicehorse\" \/>\n<meta property=\"og:description\" content=\"spicehorse.eu | QHP Super Bug maska proti much\u00e1m so vzorom jednoro\u017eca je pre kone mimoriadne pohodln\u00e1.\" \/>\n<meta property=\"og:url\" content=\"https:\/\/arak.spicehorse.eu\/termek\/qhp-super-bug-legymaszk-unicorn-multi\/\" \/>\n<meta property=\"og:site_name\" content=\"Spicehorse\" \/>\n<meta property=\"article:publisher\" content=\"https:\/\/www.facebook.com\/SPICEHORSE-550385625402457\/\" \/>\n<meta property=\"article:modified_time\" content=\"2026-03-11T16:55:21+00:00\" \/>\n<meta property=\"og:image\" content=\"https:\/\/arak.spicehorse.eu\/wp-content\/uploads\/2026\/03\/5613mlt-34.jpg\" \/>\n\t<meta property=\"og:image:width\" content=\"1280\" \/>\n\t<meta property=\"og:image:height\" content=\"1280\" \/>\n\t<meta property=\"og:image:type\" content=\"image\/jpeg\" \/>\n<meta name=\"twitter:card\" content=\"summary_large_image\" \/>\n<script type=\"application\/ld+json\" class=\"yoast-schema-graph\">{\"@context\":\"https:\/\/schema.org\",\"@graph\":[{\"@type\":\"WebPage\",\"@id\":\"https:\/\/arak.spicehorse.eu\/termek\/qhp-super-bug-legymaszk-unicorn-multi\/\",\"url\":\"https:\/\/arak.spicehorse.eu\/termek\/qhp-super-bug-legymaszk-unicorn-multi\/\",\"name\":\"QHP Super Bug maska proti much\u00e1m Unicorn Multi - Spicehorse\",\"isPartOf\":{\"@id\":\"https:\/\/arak.spicehorse.eu\/en\/#website\"},\"datePublished\":\"2026-03-11T16:41:25+00:00\",\"dateModified\":\"2026-03-11T16:55:21+00:00\",\"description\":\"spicehorse.eu | QHP Super Bug maska proti much\u00e1m so vzorom jednoro\u017eca je pre kone mimoriadne pohodln\u00e1.\",\"breadcrumb\":{\"@id\":\"https:\/\/arak.spicehorse.eu\/termek\/qhp-super-bug-legymaszk-unicorn-multi\/#breadcrumb\"},\"inLanguage\":\"sk-SK\",\"potentialAction\":[{\"@type\":\"ReadAction\",\"target\":[\"https:\/\/arak.spicehorse.eu\/termek\/qhp-super-bug-legymaszk-unicorn-multi\/\"]}]},{\"@type\":\"BreadcrumbList\",\"@id\":\"https:\/\/arak.spicehorse.eu\/termek\/qhp-super-bug-legymaszk-unicorn-multi\/#breadcrumb\",\"itemListElement\":[{\"@type\":\"ListItem\",\"position\":1,\"name\":\"Home\",\"item\":\"https:\/\/arak.spicehorse.eu\/sk\/\"},{\"@type\":\"ListItem\",\"position\":2,\"name\":\"Predaj\u0148a\",\"item\":\"https:\/\/arak.spicehorse.eu\/sk\/predajna\/\"},{\"@type\":\"ListItem\",\"position\":3,\"name\":\"QHP Super Bug maska proti much\u00e1m Unicorn Multi\"}]},{\"@type\":\"WebSite\",\"@id\":\"https:\/\/arak.spicehorse.eu\/en\/#website\",\"url\":\"https:\/\/arak.spicehorse.eu\/en\/\",\"name\":\"Spicehorse\",\"description\":\"UNDER DEVELOPMENT -\",\"potentialAction\":[{\"@type\":\"SearchAction\",\"target\":{\"@type\":\"EntryPoint\",\"urlTemplate\":\"https:\/\/arak.spicehorse.eu\/en\/?s={search_term_string}\"},\"query-input\":\"required name=search_term_string\"}],\"inLanguage\":\"sk-SK\"}]}<\/script>\n<!-- \/ Yoast SEO plugin. -->","yoast_head_json":{"title":"QHP Super Bug maska proti much\u00e1m Unicorn Multi - Spicehorse","description":"spicehorse.eu | QHP Super Bug maska proti much\u00e1m so vzorom jednoro\u017eca je pre kone mimoriadne pohodln\u00e1.","robots":{"index":"index","follow":"follow","max-snippet":"max-snippet:-1","max-image-preview":"max-image-preview:large","max-video-preview":"max-video-preview:-1"},"canonical":"https:\/\/arak.spicehorse.eu\/termek\/qhp-super-bug-legymaszk-unicorn-multi\/","og_locale":"sk_SK","og_type":"article","og_title":"QHP Super Bug maska proti much\u00e1m Unicorn Multi - Spicehorse","og_description":"spicehorse.eu | QHP Super Bug maska proti much\u00e1m so vzorom jednoro\u017eca je pre kone mimoriadne pohodln\u00e1.","og_url":"https:\/\/arak.spicehorse.eu\/termek\/qhp-super-bug-legymaszk-unicorn-multi\/","og_site_name":"Spicehorse","article_publisher":"https:\/\/www.facebook.com\/SPICEHORSE-550385625402457\/","article_modified_time":"2026-03-11T16:55:21+00:00","og_image":[{"width":1280,"height":1280,"url":"https:\/\/arak.spicehorse.eu\/wp-content\/uploads\/2026\/03\/5613mlt-34.jpg","type":"image\/jpeg"}],"twitter_card":"summary_large_image","schema":{"@context":"https:\/\/schema.org","@graph":[{"@type":"WebPage","@id":"https:\/\/arak.spicehorse.eu\/termek\/qhp-super-bug-legymaszk-unicorn-multi\/","url":"https:\/\/arak.spicehorse.eu\/termek\/qhp-super-bug-legymaszk-unicorn-multi\/","name":"QHP Super Bug maska proti much\u00e1m Unicorn Multi - Spicehorse","isPartOf":{"@id":"https:\/\/arak.spicehorse.eu\/en\/#website"},"datePublished":"2026-03-11T16:41:25+00:00","dateModified":"2026-03-11T16:55:21+00:00","description":"spicehorse.eu | QHP Super Bug maska proti much\u00e1m so vzorom jednoro\u017eca je pre kone mimoriadne pohodln\u00e1.","breadcrumb":{"@id":"https:\/\/arak.spicehorse.eu\/termek\/qhp-super-bug-legymaszk-unicorn-multi\/#breadcrumb"},"inLanguage":"sk-SK","potentialAction":[{"@type":"ReadAction","target":["https:\/\/arak.spicehorse.eu\/termek\/qhp-super-bug-legymaszk-unicorn-multi\/"]}]},{"@type":"BreadcrumbList","@id":"https:\/\/arak.spicehorse.eu\/termek\/qhp-super-bug-legymaszk-unicorn-multi\/#breadcrumb","itemListElement":[{"@type":"ListItem","position":1,"name":"Home","item":"https:\/\/arak.spicehorse.eu\/sk\/"},{"@type":"ListItem","position":2,"name":"Predaj\u0148a","item":"https:\/\/arak.spicehorse.eu\/sk\/predajna\/"},{"@type":"ListItem","position":3,"name":"QHP Super Bug maska proti much\u00e1m Unicorn Multi"}]},{"@type":"WebSite","@id":"https:\/\/arak.spicehorse.eu\/en\/#website","url":"https:\/\/arak.spicehorse.eu\/en\/","name":"Spicehorse","description":"UNDER DEVELOPMENT -","potentialAction":[{"@type":"SearchAction","target":{"@type":"EntryPoint","urlTemplate":"https:\/\/arak.spicehorse.eu\/en\/?s={search_term_string}"},"query-input":"required name=search_term_string"}],"inLanguage":"sk-SK"}]}},"_links":{"self":[{"href":"https:\/\/arak.spicehorse.eu\/sk\/wp-json\/wp\/v2\/product\/211396"}],"collection":[{"href":"https:\/\/arak.spicehorse.eu\/sk\/wp-json\/wp\/v2\/product"}],"about":[{"href":"https:\/\/arak.spicehorse.eu\/sk\/wp-json\/wp\/v2\/types\/product"}],"wp:featuredmedia":[{"embeddable":true,"href":"https:\/\/arak.spicehorse.eu\/sk\/wp-json\/wp\/v2\/media\/211404"}],"wp:attachment":[{"href":"https:\/\/arak.spicehorse.eu\/sk\/wp-json\/wp\/v2\/media?parent=211396"}],"wp:term":[{"taxonomy":"product_cat","embeddable":true,"href":"https:\/\/arak.spicehorse.eu\/sk\/wp-json\/wp\/v2\/product_cat?post=211396"},{"taxonomy":"product_tag","embeddable":true,"href":"https:\/\/arak.spicehorse.eu\/sk\/wp-json\/wp\/v2\/product_tag?post=211396"}],"curies":[{"name":"wp","href":"https:\/\/api.w.org\/{rel}","templated":true}]}}