{"id":211481,"date":"2026-03-12T18:22:12","date_gmt":"2026-03-12T17:22:16","guid":{"rendered":"https:\/\/arak.spicehorse.eu\/?post_type=product&#038;p=211481"},"modified":"2026-03-30T14:29:50","modified_gmt":"2026-03-30T12:29:50","slug":"tommy-hilfiger-champion-chranic-sliach-black","status":"publish","type":"product","link":"https:\/\/arak.spicehorse.eu\/sk\/produkt\/tommy-hilfiger-champion-chranic-sliach-black\/","title":{"rendered":"TOMMY HILFIGER Champion chr\u00e1ni\u010d \u0161liach Black"},"content":{"rendered":"<p>Optim\u00e1lna ochrana predn\u00fdch n\u00f4h. Dokonale sa prisp\u00f4sobuj\u00fa v z\u00e1ujme maxim\u00e1lnej vo\u013enosti v pohybe. \u013dahko sa upev\u0148uj\u00fa pomocou such\u00fdch zipsov. Vo vn\u00fatri m\u00e4kk\u00e9 a pohodlnie ochrann\u00e9 neopr\u00e9nov\u00e9 polstrovanie.<\/p>\n<p>Povrch: 100% PU Pod\u0161\u00edvka: 100% polyester Penov\u00e1 hmota: 100 % SBR (styr\u00e9n-butadi\u00e9nov\u00fd kau\u010duk)<\/p>\n","protected":false},"excerpt":{"rendered":"<p>Optim\u00e1lna ochrana predn\u00fdch n\u00f4h. Dokonale sa prisp\u00f4sobuj\u00fa v z\u00e1ujme maxim\u00e1lnej vo\u013enosti v pohybe. \u013dahko sa upev\u0148uj\u00fa pomocou such\u00fdch zipsov. Vo vn\u00fatri m\u00e4kk\u00e9 a pohodlnie ochrann\u00e9 neopr\u00e9nov\u00e9 polstrovanie. Povrch: 100% PU Pod\u0161\u00edvka: 100% polyester Penov\u00e1 hmota: 100 % SBR (styr\u00e9n-butadi\u00e9nov\u00fd kau\u010duk)<\/p>\n","protected":false},"featured_media":211486,"template":"","meta":{"_acf_changed":false},"product_cat":[75,104,77],"product_tag":[383,549,200,1067],"acf":[],"yoast_head":"<!-- This site is optimized with the Yoast SEO plugin v21.4 - https:\/\/yoast.com\/wordpress\/plugins\/seo\/ -->\n<title>TOMMY HILFIGER Champion chr\u00e1ni\u010d \u0161liach Black - Spicehorse<\/title>\n<meta name=\"description\" content=\"spicehorse.eu | Optim\u00e1lna ochrana predn\u00fdch n\u00f4h. Dokonale sa prisp\u00f4sobuj\u00fa v z\u00e1ujme maxim\u00e1lnej vo\u013enosti v pohybe.\" \/>\n<meta name=\"robots\" content=\"index, follow, max-snippet:-1, max-image-preview:large, max-video-preview:-1\" \/>\n<link rel=\"canonical\" href=\"https:\/\/arak.spicehorse.eu\/termek\/tommy-hilfiger-champion-invedo-black\/\" \/>\n<meta property=\"og:locale\" content=\"sk_SK\" \/>\n<meta property=\"og:type\" content=\"article\" \/>\n<meta property=\"og:title\" content=\"TOMMY HILFIGER Champion chr\u00e1ni\u010d \u0161liach Black - Spicehorse\" \/>\n<meta property=\"og:description\" content=\"spicehorse.eu | Optim\u00e1lna ochrana predn\u00fdch n\u00f4h. Dokonale sa prisp\u00f4sobuj\u00fa v z\u00e1ujme maxim\u00e1lnej vo\u013enosti v pohybe.\" \/>\n<meta property=\"og:url\" content=\"https:\/\/arak.spicehorse.eu\/termek\/tommy-hilfiger-champion-invedo-black\/\" \/>\n<meta property=\"og:site_name\" content=\"Spicehorse\" \/>\n<meta property=\"article:publisher\" content=\"https:\/\/www.facebook.com\/SPICEHORSE-550385625402457\/\" \/>\n<meta property=\"article:modified_time\" content=\"2026-03-30T12:29:50+00:00\" \/>\n<meta property=\"og:image\" content=\"https:\/\/arak.spicehorse.eu\/wp-content\/uploads\/2026\/03\/th17hacc167-003-flat01-1jpg.webp\" \/>\n\t<meta property=\"og:image:width\" content=\"1200\" \/>\n\t<meta property=\"og:image:height\" content=\"1600\" \/>\n\t<meta property=\"og:image:type\" content=\"image\/webp\" \/>\n<meta name=\"twitter:card\" content=\"summary_large_image\" \/>\n<script type=\"application\/ld+json\" class=\"yoast-schema-graph\">{\"@context\":\"https:\/\/schema.org\",\"@graph\":[{\"@type\":\"WebPage\",\"@id\":\"https:\/\/arak.spicehorse.eu\/termek\/tommy-hilfiger-champion-invedo-black\/\",\"url\":\"https:\/\/arak.spicehorse.eu\/termek\/tommy-hilfiger-champion-invedo-black\/\",\"name\":\"TOMMY HILFIGER Champion chr\u00e1ni\u010d \u0161liach Black - Spicehorse\",\"isPartOf\":{\"@id\":\"https:\/\/arak.spicehorse.eu\/en\/#website\"},\"datePublished\":\"2026-03-12T17:22:16+00:00\",\"dateModified\":\"2026-03-30T12:29:50+00:00\",\"description\":\"spicehorse.eu | Optim\u00e1lna ochrana predn\u00fdch n\u00f4h. Dokonale sa prisp\u00f4sobuj\u00fa v z\u00e1ujme maxim\u00e1lnej vo\u013enosti v pohybe.\",\"breadcrumb\":{\"@id\":\"https:\/\/arak.spicehorse.eu\/termek\/tommy-hilfiger-champion-invedo-black\/#breadcrumb\"},\"inLanguage\":\"sk-SK\",\"potentialAction\":[{\"@type\":\"ReadAction\",\"target\":[\"https:\/\/arak.spicehorse.eu\/termek\/tommy-hilfiger-champion-invedo-black\/\"]}]},{\"@type\":\"BreadcrumbList\",\"@id\":\"https:\/\/arak.spicehorse.eu\/termek\/tommy-hilfiger-champion-invedo-black\/#breadcrumb\",\"itemListElement\":[{\"@type\":\"ListItem\",\"position\":1,\"name\":\"Home\",\"item\":\"https:\/\/arak.spicehorse.eu\/sk\/\"},{\"@type\":\"ListItem\",\"position\":2,\"name\":\"Predaj\u0148a\",\"item\":\"https:\/\/arak.spicehorse.eu\/sk\/predajna\/\"},{\"@type\":\"ListItem\",\"position\":3,\"name\":\"TOMMY HILFIGER Champion chr\u00e1ni\u010d \u0161liach Black\"}]},{\"@type\":\"WebSite\",\"@id\":\"https:\/\/arak.spicehorse.eu\/en\/#website\",\"url\":\"https:\/\/arak.spicehorse.eu\/en\/\",\"name\":\"Spicehorse\",\"description\":\"UNDER DEVELOPMENT -\",\"potentialAction\":[{\"@type\":\"SearchAction\",\"target\":{\"@type\":\"EntryPoint\",\"urlTemplate\":\"https:\/\/arak.spicehorse.eu\/en\/?s={search_term_string}\"},\"query-input\":\"required name=search_term_string\"}],\"inLanguage\":\"sk-SK\"}]}<\/script>\n<!-- \/ Yoast SEO plugin. -->","yoast_head_json":{"title":"TOMMY HILFIGER Champion chr\u00e1ni\u010d \u0161liach Black - Spicehorse","description":"spicehorse.eu | Optim\u00e1lna ochrana predn\u00fdch n\u00f4h. Dokonale sa prisp\u00f4sobuj\u00fa v z\u00e1ujme maxim\u00e1lnej vo\u013enosti v pohybe.","robots":{"index":"index","follow":"follow","max-snippet":"max-snippet:-1","max-image-preview":"max-image-preview:large","max-video-preview":"max-video-preview:-1"},"canonical":"https:\/\/arak.spicehorse.eu\/termek\/tommy-hilfiger-champion-invedo-black\/","og_locale":"sk_SK","og_type":"article","og_title":"TOMMY HILFIGER Champion chr\u00e1ni\u010d \u0161liach Black - Spicehorse","og_description":"spicehorse.eu | Optim\u00e1lna ochrana predn\u00fdch n\u00f4h. Dokonale sa prisp\u00f4sobuj\u00fa v z\u00e1ujme maxim\u00e1lnej vo\u013enosti v pohybe.","og_url":"https:\/\/arak.spicehorse.eu\/termek\/tommy-hilfiger-champion-invedo-black\/","og_site_name":"Spicehorse","article_publisher":"https:\/\/www.facebook.com\/SPICEHORSE-550385625402457\/","article_modified_time":"2026-03-30T12:29:50+00:00","og_image":[{"width":1200,"height":1600,"url":"https:\/\/arak.spicehorse.eu\/wp-content\/uploads\/2026\/03\/th17hacc167-003-flat01-1jpg.webp","type":"image\/webp"}],"twitter_card":"summary_large_image","schema":{"@context":"https:\/\/schema.org","@graph":[{"@type":"WebPage","@id":"https:\/\/arak.spicehorse.eu\/termek\/tommy-hilfiger-champion-invedo-black\/","url":"https:\/\/arak.spicehorse.eu\/termek\/tommy-hilfiger-champion-invedo-black\/","name":"TOMMY HILFIGER Champion chr\u00e1ni\u010d \u0161liach Black - Spicehorse","isPartOf":{"@id":"https:\/\/arak.spicehorse.eu\/en\/#website"},"datePublished":"2026-03-12T17:22:16+00:00","dateModified":"2026-03-30T12:29:50+00:00","description":"spicehorse.eu | Optim\u00e1lna ochrana predn\u00fdch n\u00f4h. Dokonale sa prisp\u00f4sobuj\u00fa v z\u00e1ujme maxim\u00e1lnej vo\u013enosti v pohybe.","breadcrumb":{"@id":"https:\/\/arak.spicehorse.eu\/termek\/tommy-hilfiger-champion-invedo-black\/#breadcrumb"},"inLanguage":"sk-SK","potentialAction":[{"@type":"ReadAction","target":["https:\/\/arak.spicehorse.eu\/termek\/tommy-hilfiger-champion-invedo-black\/"]}]},{"@type":"BreadcrumbList","@id":"https:\/\/arak.spicehorse.eu\/termek\/tommy-hilfiger-champion-invedo-black\/#breadcrumb","itemListElement":[{"@type":"ListItem","position":1,"name":"Home","item":"https:\/\/arak.spicehorse.eu\/sk\/"},{"@type":"ListItem","position":2,"name":"Predaj\u0148a","item":"https:\/\/arak.spicehorse.eu\/sk\/predajna\/"},{"@type":"ListItem","position":3,"name":"TOMMY HILFIGER Champion chr\u00e1ni\u010d \u0161liach Black"}]},{"@type":"WebSite","@id":"https:\/\/arak.spicehorse.eu\/en\/#website","url":"https:\/\/arak.spicehorse.eu\/en\/","name":"Spicehorse","description":"UNDER DEVELOPMENT -","potentialAction":[{"@type":"SearchAction","target":{"@type":"EntryPoint","urlTemplate":"https:\/\/arak.spicehorse.eu\/en\/?s={search_term_string}"},"query-input":"required name=search_term_string"}],"inLanguage":"sk-SK"}]}},"_links":{"self":[{"href":"https:\/\/arak.spicehorse.eu\/sk\/wp-json\/wp\/v2\/product\/211481"}],"collection":[{"href":"https:\/\/arak.spicehorse.eu\/sk\/wp-json\/wp\/v2\/product"}],"about":[{"href":"https:\/\/arak.spicehorse.eu\/sk\/wp-json\/wp\/v2\/types\/product"}],"wp:featuredmedia":[{"embeddable":true,"href":"https:\/\/arak.spicehorse.eu\/sk\/wp-json\/wp\/v2\/media\/211486"}],"wp:attachment":[{"href":"https:\/\/arak.spicehorse.eu\/sk\/wp-json\/wp\/v2\/media?parent=211481"}],"wp:term":[{"taxonomy":"product_cat","embeddable":true,"href":"https:\/\/arak.spicehorse.eu\/sk\/wp-json\/wp\/v2\/product_cat?post=211481"},{"taxonomy":"product_tag","embeddable":true,"href":"https:\/\/arak.spicehorse.eu\/sk\/wp-json\/wp\/v2\/product_tag?post=211481"}],"curies":[{"name":"wp","href":"https:\/\/api.w.org\/{rel}","templated":true}]}}