{"id":211518,"date":"2026-03-16T16:16:03","date_gmt":"2026-03-16T15:16:07","guid":{"rendered":"https:\/\/arak.spicehorse.eu\/?post_type=product&#038;p=211518"},"modified":"2026-03-30T14:31:17","modified_gmt":"2026-03-30T12:31:17","slug":"qhp-chranic-noh-proti-mucham","status":"publish","type":"product","link":"https:\/\/arak.spicehorse.eu\/sk\/produkt\/qhp-chranic-noh-proti-mucham\/","title":{"rendered":"QHP chr\u00e1ni\u010d n\u00f4h proti much\u00e1m"},"content":{"rendered":"<p>Tieto QHP chr\u00e1ni\u010de chr\u00e1nia nohy ko\u0148a pred muchami a UV \u017eiaren\u00edm. Materi\u00e1l poskytuje ochranu aj pred slne\u010dn\u00fdm \u017eiaren\u00edm t\u00fdm, \u017ee blokuje pribli\u017ene 94-96 % UV \u017eiarenia. Po\u010das slne\u010dn\u00fdch a tepl\u00fdch dn\u00ed zabezpe\u010duj\u00fa extra pohodlie, \u013eahko sa upev\u0148uj\u00fa pomocou such\u00fdch zipsov.<\/p>\n<p>Balenie obsahuje 2 ks chr\u00e1ni\u010dov.<\/p>\n","protected":false},"excerpt":{"rendered":"<ul>\n<li>Materi\u00e1l: 100% polyester<\/li>\n<li>Chr\u00e1ni\u010de n\u00f4h proti much\u00e1m a UV \u017eiareniu<\/li>\n<li>Materi\u00e1l blokuje 94- 96% UV \u017eiarenia (Testovacia met\u00f3da \u2013 AATCC 183, v suchom stave)<\/li>\n<li>Zabezpe\u010duje pre ko\u0148a v\u00e4\u010d\u0161\u00ed komfort pri ob\u0165a\u017eovan\u00ed muchami a slnkom<\/li>\n<li>\u013dahko sa upev\u0148uj\u00fa pomocou such\u00fdch zipsov<\/li>\n<li>Chr\u00e1ni\u010de mo\u017eno pra\u0165 v pr\u00e1\u010dke na 30\u00b0C. Such\u00e9 zipsy majte zapnut\u00e9, chr\u00e1ni\u010de perte vo vrecku na pranie.<\/li>\n<li>Mo\u017eno mo\u017enosti nepou\u017e\u00edvajte aviv\u00e1\u017e a nevkladajte ich do su\u0161i\u010dky. Ke\u010f\u017ee je materi\u00e1l o\u0161etren\u00fd UV ochranou, \u00farove\u0148 ochrany vo\u010di UV \u017eiareniu sa m\u00f4\u017ee zni\u017eova\u0165 ka\u017ed\u00fdm pran\u00edm.<\/li>\n<\/ul>\n","protected":false},"featured_media":211525,"template":"","meta":{"_acf_changed":false},"product_cat":[3298,75,104,77],"product_tag":[499,422,1973],"acf":[],"yoast_head":"<!-- This site is optimized with the Yoast SEO plugin v21.4 - https:\/\/yoast.com\/wordpress\/plugins\/seo\/ -->\n<title>QHP chr\u00e1ni\u010d n\u00f4h proti much\u00e1m - Spicehorse<\/title>\n<meta name=\"description\" content=\"spicehorse.eu | Tieto QHP chr\u00e1ni\u010de chr\u00e1nia nohy ko\u0148a pred muchami a UV \u017eiaren\u00edm. Materi\u00e1l poskytuje ochranu aj pred slne\u010dn\u00fdm \u017eiaren\u00edm t\u00fdm, \u017ee blokuje pribli\u017ene 94-96 % UV \u017eiarenia.\" \/>\n<meta name=\"robots\" content=\"index, follow, max-snippet:-1, max-image-preview:large, max-video-preview:-1\" \/>\n<link rel=\"canonical\" href=\"https:\/\/arak.spicehorse.eu\/sk\/produkt\/qhp-chranic-noh-proti-mucham\/\" \/>\n<meta property=\"og:locale\" content=\"sk_SK\" \/>\n<meta property=\"og:type\" content=\"article\" \/>\n<meta property=\"og:title\" content=\"QHP chr\u00e1ni\u010d n\u00f4h proti much\u00e1m - Spicehorse\" \/>\n<meta property=\"og:description\" content=\"spicehorse.eu | Tieto QHP chr\u00e1ni\u010de chr\u00e1nia nohy ko\u0148a pred muchami a UV \u017eiaren\u00edm. Materi\u00e1l poskytuje ochranu aj pred slne\u010dn\u00fdm \u017eiaren\u00edm t\u00fdm, \u017ee blokuje pribli\u017ene 94-96 % UV \u017eiarenia.\" \/>\n<meta property=\"og:url\" content=\"https:\/\/arak.spicehorse.eu\/sk\/produkt\/qhp-chranic-noh-proti-mucham\/\" \/>\n<meta property=\"og:site_name\" content=\"Spicehorse\" \/>\n<meta property=\"article:publisher\" content=\"https:\/\/www.facebook.com\/SPICEHORSE-550385625402457\/\" \/>\n<meta property=\"article:modified_time\" content=\"2026-03-30T12:31:17+00:00\" \/>\n<meta property=\"og:image\" content=\"https:\/\/arak.spicehorse.eu\/wp-content\/uploads\/2026\/03\/4119gs-11.jpg\" \/>\n\t<meta property=\"og:image:width\" content=\"1280\" \/>\n\t<meta property=\"og:image:height\" content=\"1280\" \/>\n\t<meta property=\"og:image:type\" content=\"image\/jpeg\" \/>\n<meta name=\"twitter:card\" content=\"summary_large_image\" \/>\n<script type=\"application\/ld+json\" class=\"yoast-schema-graph\">{\"@context\":\"https:\/\/schema.org\",\"@graph\":[{\"@type\":\"WebPage\",\"@id\":\"https:\/\/arak.spicehorse.eu\/sk\/produkt\/qhp-chranic-noh-proti-mucham\/\",\"url\":\"https:\/\/arak.spicehorse.eu\/sk\/produkt\/qhp-chranic-noh-proti-mucham\/\",\"name\":\"QHP chr\u00e1ni\u010d n\u00f4h proti much\u00e1m - Spicehorse\",\"isPartOf\":{\"@id\":\"https:\/\/arak.spicehorse.eu\/en\/#website\"},\"datePublished\":\"2026-03-16T15:16:07+00:00\",\"dateModified\":\"2026-03-30T12:31:17+00:00\",\"description\":\"spicehorse.eu | Tieto QHP chr\u00e1ni\u010de chr\u00e1nia nohy ko\u0148a pred muchami a UV \u017eiaren\u00edm. Materi\u00e1l poskytuje ochranu aj pred slne\u010dn\u00fdm \u017eiaren\u00edm t\u00fdm, \u017ee blokuje pribli\u017ene 94-96 % UV \u017eiarenia.\",\"breadcrumb\":{\"@id\":\"https:\/\/arak.spicehorse.eu\/sk\/produkt\/qhp-chranic-noh-proti-mucham\/#breadcrumb\"},\"inLanguage\":\"sk-SK\",\"potentialAction\":[{\"@type\":\"ReadAction\",\"target\":[\"https:\/\/arak.spicehorse.eu\/sk\/produkt\/qhp-chranic-noh-proti-mucham\/\"]}]},{\"@type\":\"BreadcrumbList\",\"@id\":\"https:\/\/arak.spicehorse.eu\/sk\/produkt\/qhp-chranic-noh-proti-mucham\/#breadcrumb\",\"itemListElement\":[{\"@type\":\"ListItem\",\"position\":1,\"name\":\"Home\",\"item\":\"https:\/\/arak.spicehorse.eu\/sk\/\"},{\"@type\":\"ListItem\",\"position\":2,\"name\":\"Predaj\u0148a\",\"item\":\"https:\/\/arak.spicehorse.eu\/sk\/predajna\/\"},{\"@type\":\"ListItem\",\"position\":3,\"name\":\"QHP chr\u00e1ni\u010d n\u00f4h proti much\u00e1m\"}]},{\"@type\":\"WebSite\",\"@id\":\"https:\/\/arak.spicehorse.eu\/en\/#website\",\"url\":\"https:\/\/arak.spicehorse.eu\/en\/\",\"name\":\"Spicehorse\",\"description\":\"UNDER DEVELOPMENT -\",\"potentialAction\":[{\"@type\":\"SearchAction\",\"target\":{\"@type\":\"EntryPoint\",\"urlTemplate\":\"https:\/\/arak.spicehorse.eu\/en\/?s={search_term_string}\"},\"query-input\":\"required name=search_term_string\"}],\"inLanguage\":\"sk-SK\"}]}<\/script>\n<!-- \/ Yoast SEO plugin. -->","yoast_head_json":{"title":"QHP chr\u00e1ni\u010d n\u00f4h proti much\u00e1m - Spicehorse","description":"spicehorse.eu | Tieto QHP chr\u00e1ni\u010de chr\u00e1nia nohy ko\u0148a pred muchami a UV \u017eiaren\u00edm. Materi\u00e1l poskytuje ochranu aj pred slne\u010dn\u00fdm \u017eiaren\u00edm t\u00fdm, \u017ee blokuje pribli\u017ene 94-96 % UV \u017eiarenia.","robots":{"index":"index","follow":"follow","max-snippet":"max-snippet:-1","max-image-preview":"max-image-preview:large","max-video-preview":"max-video-preview:-1"},"canonical":"https:\/\/arak.spicehorse.eu\/sk\/produkt\/qhp-chranic-noh-proti-mucham\/","og_locale":"sk_SK","og_type":"article","og_title":"QHP chr\u00e1ni\u010d n\u00f4h proti much\u00e1m - Spicehorse","og_description":"spicehorse.eu | Tieto QHP chr\u00e1ni\u010de chr\u00e1nia nohy ko\u0148a pred muchami a UV \u017eiaren\u00edm. Materi\u00e1l poskytuje ochranu aj pred slne\u010dn\u00fdm \u017eiaren\u00edm t\u00fdm, \u017ee blokuje pribli\u017ene 94-96 % UV \u017eiarenia.","og_url":"https:\/\/arak.spicehorse.eu\/sk\/produkt\/qhp-chranic-noh-proti-mucham\/","og_site_name":"Spicehorse","article_publisher":"https:\/\/www.facebook.com\/SPICEHORSE-550385625402457\/","article_modified_time":"2026-03-30T12:31:17+00:00","og_image":[{"width":1280,"height":1280,"url":"https:\/\/arak.spicehorse.eu\/wp-content\/uploads\/2026\/03\/4119gs-11.jpg","type":"image\/jpeg"}],"twitter_card":"summary_large_image","schema":{"@context":"https:\/\/schema.org","@graph":[{"@type":"WebPage","@id":"https:\/\/arak.spicehorse.eu\/sk\/produkt\/qhp-chranic-noh-proti-mucham\/","url":"https:\/\/arak.spicehorse.eu\/sk\/produkt\/qhp-chranic-noh-proti-mucham\/","name":"QHP chr\u00e1ni\u010d n\u00f4h proti much\u00e1m - Spicehorse","isPartOf":{"@id":"https:\/\/arak.spicehorse.eu\/en\/#website"},"datePublished":"2026-03-16T15:16:07+00:00","dateModified":"2026-03-30T12:31:17+00:00","description":"spicehorse.eu | Tieto QHP chr\u00e1ni\u010de chr\u00e1nia nohy ko\u0148a pred muchami a UV \u017eiaren\u00edm. Materi\u00e1l poskytuje ochranu aj pred slne\u010dn\u00fdm \u017eiaren\u00edm t\u00fdm, \u017ee blokuje pribli\u017ene 94-96 % UV \u017eiarenia.","breadcrumb":{"@id":"https:\/\/arak.spicehorse.eu\/sk\/produkt\/qhp-chranic-noh-proti-mucham\/#breadcrumb"},"inLanguage":"sk-SK","potentialAction":[{"@type":"ReadAction","target":["https:\/\/arak.spicehorse.eu\/sk\/produkt\/qhp-chranic-noh-proti-mucham\/"]}]},{"@type":"BreadcrumbList","@id":"https:\/\/arak.spicehorse.eu\/sk\/produkt\/qhp-chranic-noh-proti-mucham\/#breadcrumb","itemListElement":[{"@type":"ListItem","position":1,"name":"Home","item":"https:\/\/arak.spicehorse.eu\/sk\/"},{"@type":"ListItem","position":2,"name":"Predaj\u0148a","item":"https:\/\/arak.spicehorse.eu\/sk\/predajna\/"},{"@type":"ListItem","position":3,"name":"QHP chr\u00e1ni\u010d n\u00f4h proti much\u00e1m"}]},{"@type":"WebSite","@id":"https:\/\/arak.spicehorse.eu\/en\/#website","url":"https:\/\/arak.spicehorse.eu\/en\/","name":"Spicehorse","description":"UNDER DEVELOPMENT -","potentialAction":[{"@type":"SearchAction","target":{"@type":"EntryPoint","urlTemplate":"https:\/\/arak.spicehorse.eu\/en\/?s={search_term_string}"},"query-input":"required name=search_term_string"}],"inLanguage":"sk-SK"}]}},"_links":{"self":[{"href":"https:\/\/arak.spicehorse.eu\/sk\/wp-json\/wp\/v2\/product\/211518"}],"collection":[{"href":"https:\/\/arak.spicehorse.eu\/sk\/wp-json\/wp\/v2\/product"}],"about":[{"href":"https:\/\/arak.spicehorse.eu\/sk\/wp-json\/wp\/v2\/types\/product"}],"wp:featuredmedia":[{"embeddable":true,"href":"https:\/\/arak.spicehorse.eu\/sk\/wp-json\/wp\/v2\/media\/211525"}],"wp:attachment":[{"href":"https:\/\/arak.spicehorse.eu\/sk\/wp-json\/wp\/v2\/media?parent=211518"}],"wp:term":[{"taxonomy":"product_cat","embeddable":true,"href":"https:\/\/arak.spicehorse.eu\/sk\/wp-json\/wp\/v2\/product_cat?post=211518"},{"taxonomy":"product_tag","embeddable":true,"href":"https:\/\/arak.spicehorse.eu\/sk\/wp-json\/wp\/v2\/product_tag?post=211518"}],"curies":[{"name":"wp","href":"https:\/\/api.w.org\/{rel}","templated":true}]}}