{"id":211589,"date":"2026-03-20T17:43:53","date_gmt":"2026-03-20T16:43:54","guid":{"rendered":"https:\/\/arak.spicehorse.eu\/?post_type=product&#038;p=211589"},"modified":"2026-03-30T14:32:37","modified_gmt":"2026-03-30T12:32:37","slug":"tommy-hilfiger-dixon-taska-na-osetrovatelske-potreby-desert-sky","status":"publish","type":"product","link":"https:\/\/arak.spicehorse.eu\/sk\/produkt\/tommy-hilfiger-dixon-taska-na-osetrovatelske-potreby-desert-sky\/","title":{"rendered":"TOMMY HILFIGER Dixon ta\u0161ka na o\u0161etrovate\u013esk\u00e9 potreby Desert Sky"},"content":{"rendered":"<p>T\u00e1to priestrann\u00e1 Tommy Hilfiger Equestrian ta\u0161ka na o\u0161etrovate\u013esk\u00e9 potreby, ktor\u00fa mo\u017eno \u013eahko pren\u00e1\u0161a\u0165 doma, na cest\u00e1ch aj na s\u00fa\u0165a\u017eiach.<\/p>\n","protected":false},"excerpt":{"rendered":"<ul>\n<li>Ta\u0161ka\u00a0 na o\u0161etrovate\u013esk\u00e9 potreby pre jazdcov<\/li>\n<li>Vrchn\u00e1 \u010das\u0165 na zips<\/li>\n<li>Vo vn\u00fatri s\u00fa \u00falo\u017en\u00e9 vreck\u00e1 a sie\u0165ovan\u00fd elastick\u00fd materi\u00e1l<\/li>\n<li>Nastavite\u013en\u00fd ramenn\u00fd popruh a m\u00e4kk\u00fd dr\u017eiak<\/li>\n<li>Logo TH z\u00e1stava a global stripe pr\u00fa\u017ekovan\u00e9 lemy<\/li>\n<li>100% polyester<\/li>\n<\/ul>\n","protected":false},"featured_media":211592,"template":"","meta":{"_acf_changed":false},"product_cat":[76,311,75,120,77],"product_tag":[338,1067],"acf":[],"yoast_head":"<!-- This site is optimized with the Yoast SEO plugin v21.4 - https:\/\/yoast.com\/wordpress\/plugins\/seo\/ -->\n<title>TOMMY HILFIGER Dixon ta\u0161ka na o\u0161etrovate\u013esk\u00e9 potreby Desert Sky - Spicehorse<\/title>\n<meta name=\"description\" content=\"spicehorse.eu | T\u00e1to priestrann\u00e1 Tommy Hilfiger Equestrian ta\u0161ka na o\u0161etrovate\u013esk\u00e9 potreby, ktor\u00fa mo\u017eno \u013eahko pren\u00e1\u0161a\u0165 doma, na cest\u00e1ch aj na s\u00fa\u0165a\u017eiach.\u00a0\" \/>\n<meta name=\"robots\" content=\"index, follow, max-snippet:-1, max-image-preview:large, max-video-preview:-1\" \/>\n<link rel=\"canonical\" href=\"https:\/\/arak.spicehorse.eu\/termek\/tommy-hilfiger-dixon-apoloszerestaska-desert-sky\/\" \/>\n<meta property=\"og:locale\" content=\"sk_SK\" \/>\n<meta property=\"og:type\" content=\"article\" \/>\n<meta property=\"og:title\" content=\"TOMMY HILFIGER Dixon ta\u0161ka na o\u0161etrovate\u013esk\u00e9 potreby Desert Sky - Spicehorse\" \/>\n<meta property=\"og:description\" content=\"spicehorse.eu | T\u00e1to priestrann\u00e1 Tommy Hilfiger Equestrian ta\u0161ka na o\u0161etrovate\u013esk\u00e9 potreby, ktor\u00fa mo\u017eno \u013eahko pren\u00e1\u0161a\u0165 doma, na cest\u00e1ch aj na s\u00fa\u0165a\u017eiach.\u00a0\" \/>\n<meta property=\"og:url\" content=\"https:\/\/arak.spicehorse.eu\/termek\/tommy-hilfiger-dixon-apoloszerestaska-desert-sky\/\" \/>\n<meta property=\"og:site_name\" content=\"Spicehorse\" \/>\n<meta property=\"article:publisher\" content=\"https:\/\/www.facebook.com\/SPICEHORSE-550385625402457\/\" \/>\n<meta property=\"article:modified_time\" content=\"2026-03-30T12:32:37+00:00\" \/>\n<meta property=\"og:image\" content=\"https:\/\/arak.spicehorse.eu\/wp-content\/uploads\/2026\/03\/th17uacc157-004-flat01jpg.webp\" \/>\n\t<meta property=\"og:image:width\" content=\"1200\" \/>\n\t<meta property=\"og:image:height\" content=\"1600\" \/>\n\t<meta property=\"og:image:type\" content=\"image\/webp\" \/>\n<meta name=\"twitter:card\" content=\"summary_large_image\" \/>\n<script type=\"application\/ld+json\" class=\"yoast-schema-graph\">{\"@context\":\"https:\/\/schema.org\",\"@graph\":[{\"@type\":\"WebPage\",\"@id\":\"https:\/\/arak.spicehorse.eu\/termek\/tommy-hilfiger-dixon-apoloszerestaska-desert-sky\/\",\"url\":\"https:\/\/arak.spicehorse.eu\/termek\/tommy-hilfiger-dixon-apoloszerestaska-desert-sky\/\",\"name\":\"TOMMY HILFIGER Dixon ta\u0161ka na o\u0161etrovate\u013esk\u00e9 potreby Desert Sky - Spicehorse\",\"isPartOf\":{\"@id\":\"https:\/\/arak.spicehorse.eu\/en\/#website\"},\"datePublished\":\"2026-03-20T16:43:54+00:00\",\"dateModified\":\"2026-03-30T12:32:37+00:00\",\"description\":\"spicehorse.eu | T\u00e1to priestrann\u00e1 Tommy Hilfiger Equestrian ta\u0161ka na o\u0161etrovate\u013esk\u00e9 potreby, ktor\u00fa mo\u017eno \u013eahko pren\u00e1\u0161a\u0165 doma, na cest\u00e1ch aj na s\u00fa\u0165a\u017eiach.\u00a0\",\"breadcrumb\":{\"@id\":\"https:\/\/arak.spicehorse.eu\/termek\/tommy-hilfiger-dixon-apoloszerestaska-desert-sky\/#breadcrumb\"},\"inLanguage\":\"sk-SK\",\"potentialAction\":[{\"@type\":\"ReadAction\",\"target\":[\"https:\/\/arak.spicehorse.eu\/termek\/tommy-hilfiger-dixon-apoloszerestaska-desert-sky\/\"]}]},{\"@type\":\"BreadcrumbList\",\"@id\":\"https:\/\/arak.spicehorse.eu\/termek\/tommy-hilfiger-dixon-apoloszerestaska-desert-sky\/#breadcrumb\",\"itemListElement\":[{\"@type\":\"ListItem\",\"position\":1,\"name\":\"Home\",\"item\":\"https:\/\/arak.spicehorse.eu\/sk\/\"},{\"@type\":\"ListItem\",\"position\":2,\"name\":\"Predaj\u0148a\",\"item\":\"https:\/\/arak.spicehorse.eu\/sk\/predajna\/\"},{\"@type\":\"ListItem\",\"position\":3,\"name\":\"TOMMY HILFIGER Dixon ta\u0161ka na o\u0161etrovate\u013esk\u00e9 potreby Desert Sky\"}]},{\"@type\":\"WebSite\",\"@id\":\"https:\/\/arak.spicehorse.eu\/en\/#website\",\"url\":\"https:\/\/arak.spicehorse.eu\/en\/\",\"name\":\"Spicehorse\",\"description\":\"UNDER DEVELOPMENT -\",\"potentialAction\":[{\"@type\":\"SearchAction\",\"target\":{\"@type\":\"EntryPoint\",\"urlTemplate\":\"https:\/\/arak.spicehorse.eu\/en\/?s={search_term_string}\"},\"query-input\":\"required name=search_term_string\"}],\"inLanguage\":\"sk-SK\"}]}<\/script>\n<!-- \/ Yoast SEO plugin. -->","yoast_head_json":{"title":"TOMMY HILFIGER Dixon ta\u0161ka na o\u0161etrovate\u013esk\u00e9 potreby Desert Sky - Spicehorse","description":"spicehorse.eu | T\u00e1to priestrann\u00e1 Tommy Hilfiger Equestrian ta\u0161ka na o\u0161etrovate\u013esk\u00e9 potreby, ktor\u00fa mo\u017eno \u013eahko pren\u00e1\u0161a\u0165 doma, na cest\u00e1ch aj na s\u00fa\u0165a\u017eiach.\u00a0","robots":{"index":"index","follow":"follow","max-snippet":"max-snippet:-1","max-image-preview":"max-image-preview:large","max-video-preview":"max-video-preview:-1"},"canonical":"https:\/\/arak.spicehorse.eu\/termek\/tommy-hilfiger-dixon-apoloszerestaska-desert-sky\/","og_locale":"sk_SK","og_type":"article","og_title":"TOMMY HILFIGER Dixon ta\u0161ka na o\u0161etrovate\u013esk\u00e9 potreby Desert Sky - Spicehorse","og_description":"spicehorse.eu | T\u00e1to priestrann\u00e1 Tommy Hilfiger Equestrian ta\u0161ka na o\u0161etrovate\u013esk\u00e9 potreby, ktor\u00fa mo\u017eno \u013eahko pren\u00e1\u0161a\u0165 doma, na cest\u00e1ch aj na s\u00fa\u0165a\u017eiach.\u00a0","og_url":"https:\/\/arak.spicehorse.eu\/termek\/tommy-hilfiger-dixon-apoloszerestaska-desert-sky\/","og_site_name":"Spicehorse","article_publisher":"https:\/\/www.facebook.com\/SPICEHORSE-550385625402457\/","article_modified_time":"2026-03-30T12:32:37+00:00","og_image":[{"width":1200,"height":1600,"url":"https:\/\/arak.spicehorse.eu\/wp-content\/uploads\/2026\/03\/th17uacc157-004-flat01jpg.webp","type":"image\/webp"}],"twitter_card":"summary_large_image","schema":{"@context":"https:\/\/schema.org","@graph":[{"@type":"WebPage","@id":"https:\/\/arak.spicehorse.eu\/termek\/tommy-hilfiger-dixon-apoloszerestaska-desert-sky\/","url":"https:\/\/arak.spicehorse.eu\/termek\/tommy-hilfiger-dixon-apoloszerestaska-desert-sky\/","name":"TOMMY HILFIGER Dixon ta\u0161ka na o\u0161etrovate\u013esk\u00e9 potreby Desert Sky - Spicehorse","isPartOf":{"@id":"https:\/\/arak.spicehorse.eu\/en\/#website"},"datePublished":"2026-03-20T16:43:54+00:00","dateModified":"2026-03-30T12:32:37+00:00","description":"spicehorse.eu | T\u00e1to priestrann\u00e1 Tommy Hilfiger Equestrian ta\u0161ka na o\u0161etrovate\u013esk\u00e9 potreby, ktor\u00fa mo\u017eno \u013eahko pren\u00e1\u0161a\u0165 doma, na cest\u00e1ch aj na s\u00fa\u0165a\u017eiach.\u00a0","breadcrumb":{"@id":"https:\/\/arak.spicehorse.eu\/termek\/tommy-hilfiger-dixon-apoloszerestaska-desert-sky\/#breadcrumb"},"inLanguage":"sk-SK","potentialAction":[{"@type":"ReadAction","target":["https:\/\/arak.spicehorse.eu\/termek\/tommy-hilfiger-dixon-apoloszerestaska-desert-sky\/"]}]},{"@type":"BreadcrumbList","@id":"https:\/\/arak.spicehorse.eu\/termek\/tommy-hilfiger-dixon-apoloszerestaska-desert-sky\/#breadcrumb","itemListElement":[{"@type":"ListItem","position":1,"name":"Home","item":"https:\/\/arak.spicehorse.eu\/sk\/"},{"@type":"ListItem","position":2,"name":"Predaj\u0148a","item":"https:\/\/arak.spicehorse.eu\/sk\/predajna\/"},{"@type":"ListItem","position":3,"name":"TOMMY HILFIGER Dixon ta\u0161ka na o\u0161etrovate\u013esk\u00e9 potreby Desert Sky"}]},{"@type":"WebSite","@id":"https:\/\/arak.spicehorse.eu\/en\/#website","url":"https:\/\/arak.spicehorse.eu\/en\/","name":"Spicehorse","description":"UNDER DEVELOPMENT -","potentialAction":[{"@type":"SearchAction","target":{"@type":"EntryPoint","urlTemplate":"https:\/\/arak.spicehorse.eu\/en\/?s={search_term_string}"},"query-input":"required name=search_term_string"}],"inLanguage":"sk-SK"}]}},"_links":{"self":[{"href":"https:\/\/arak.spicehorse.eu\/sk\/wp-json\/wp\/v2\/product\/211589"}],"collection":[{"href":"https:\/\/arak.spicehorse.eu\/sk\/wp-json\/wp\/v2\/product"}],"about":[{"href":"https:\/\/arak.spicehorse.eu\/sk\/wp-json\/wp\/v2\/types\/product"}],"wp:featuredmedia":[{"embeddable":true,"href":"https:\/\/arak.spicehorse.eu\/sk\/wp-json\/wp\/v2\/media\/211592"}],"wp:attachment":[{"href":"https:\/\/arak.spicehorse.eu\/sk\/wp-json\/wp\/v2\/media?parent=211589"}],"wp:term":[{"taxonomy":"product_cat","embeddable":true,"href":"https:\/\/arak.spicehorse.eu\/sk\/wp-json\/wp\/v2\/product_cat?post=211589"},{"taxonomy":"product_tag","embeddable":true,"href":"https:\/\/arak.spicehorse.eu\/sk\/wp-json\/wp\/v2\/product_tag?post=211589"}],"curies":[{"name":"wp","href":"https:\/\/api.w.org\/{rel}","templated":true}]}}