{"id":211692,"date":"2026-03-21T17:37:37","date_gmt":"2026-03-21T16:37:38","guid":{"rendered":"https:\/\/arak.spicehorse.eu\/?post_type=product&#038;p=211692"},"modified":"2026-03-30T14:40:40","modified_gmt":"2026-03-30T12:40:40","slug":"qhp-hobby-horse-dolly-poprsak","status":"publish","type":"product","link":"https:\/\/arak.spicehorse.eu\/sk\/produkt\/qhp-hobby-horse-dolly-poprsak\/","title":{"rendered":"QHP Hobby Horse Dolly poprs\u00e1k"},"content":{"rendered":"<p>Dopl\u0148te va\u0161u QHP v\u00fdbavu pre hobby pon\u00edka o\u00a0tento nastavite\u013en\u00fd poprs\u00e1k! Poprs\u00e1k je nastavite\u013en\u00fd v\u00a0dvoch bodoch, zdoben\u00fd je ko\u017eu\u0161inou pre v\u00e4\u010d\u0161ie pohodlie. Je ide\u00e1lny aj pre s\u00fa\u0165a\u017ee v\u0161estrannej sp\u00f4sobilosti.<\/p>\n","protected":false},"excerpt":{"rendered":"<ul>\n<li>Materi\u00e1l: 100% ko\u017ea<\/li>\n<li>Kovov\u00e9 \u010dasti: \u017eelezo a me\u010f<\/li>\n<li>Ko\u017eu\u0161ina: 100% polyester<\/li>\n<li>Nastavite\u013en\u00fd v dvoch bodoch<\/li>\n<li>Balenie obsahuje kvety<\/li>\n<li>\u010eal\u0161ie hobby horse v\u00fdrobky n\u00e1jdete tu:\u00a0<a href=\"https:\/\/arak.spicehorse.eu\/sk\/znacka-produktu\/hobby-horse-sk\/?pa_brand=qhp-sk\">Hobby Horse<\/a><\/li>\n<\/ul>\n","protected":false},"featured_media":211697,"template":"","meta":{"_acf_changed":false},"product_cat":[2534,3228,76,312,77],"product_tag":[2868,227,649,2589,422,1973,2389],"acf":[],"yoast_head":"<!-- This site is optimized with the Yoast SEO plugin v21.4 - https:\/\/yoast.com\/wordpress\/plugins\/seo\/ -->\n<title>QHP Hobby Horse Dolly poprs\u00e1k - Spicehorse<\/title>\n<meta name=\"description\" content=\"spicehorse.eu | Dopl\u0148te va\u0161u QHP v\u00fdbavu pre hobby pon\u00edka o\u00a0tento nastavite\u013en\u00fd poprs\u00e1k!\" \/>\n<meta name=\"robots\" content=\"index, follow, max-snippet:-1, max-image-preview:large, max-video-preview:-1\" \/>\n<link rel=\"canonical\" href=\"https:\/\/arak.spicehorse.eu\/termek\/qhp-hobby-horse-dolly-szugyelo\/\" \/>\n<meta property=\"og:locale\" content=\"sk_SK\" \/>\n<meta property=\"og:type\" content=\"article\" \/>\n<meta property=\"og:title\" content=\"QHP Hobby Horse Dolly poprs\u00e1k - Spicehorse\" \/>\n<meta property=\"og:description\" content=\"spicehorse.eu | Dopl\u0148te va\u0161u QHP v\u00fdbavu pre hobby pon\u00edka o\u00a0tento nastavite\u013en\u00fd poprs\u00e1k!\" \/>\n<meta property=\"og:url\" content=\"https:\/\/arak.spicehorse.eu\/termek\/qhp-hobby-horse-dolly-szugyelo\/\" \/>\n<meta property=\"og:site_name\" content=\"Spicehorse\" \/>\n<meta property=\"article:publisher\" content=\"https:\/\/www.facebook.com\/SPICEHORSE-550385625402457\/\" \/>\n<meta property=\"article:modified_time\" content=\"2026-03-30T12:40:40+00:00\" \/>\n<meta property=\"og:image\" content=\"https:\/\/arak.spicehorse.eu\/wp-content\/uploads\/2026\/03\/5695dbr.jpg\" \/>\n\t<meta property=\"og:image:width\" content=\"1280\" \/>\n\t<meta property=\"og:image:height\" content=\"1280\" \/>\n\t<meta property=\"og:image:type\" content=\"image\/jpeg\" \/>\n<meta name=\"twitter:card\" content=\"summary_large_image\" \/>\n<script type=\"application\/ld+json\" class=\"yoast-schema-graph\">{\"@context\":\"https:\/\/schema.org\",\"@graph\":[{\"@type\":\"WebPage\",\"@id\":\"https:\/\/arak.spicehorse.eu\/termek\/qhp-hobby-horse-dolly-szugyelo\/\",\"url\":\"https:\/\/arak.spicehorse.eu\/termek\/qhp-hobby-horse-dolly-szugyelo\/\",\"name\":\"QHP Hobby Horse Dolly poprs\u00e1k - Spicehorse\",\"isPartOf\":{\"@id\":\"https:\/\/arak.spicehorse.eu\/en\/#website\"},\"datePublished\":\"2026-03-21T16:37:38+00:00\",\"dateModified\":\"2026-03-30T12:40:40+00:00\",\"description\":\"spicehorse.eu | Dopl\u0148te va\u0161u QHP v\u00fdbavu pre hobby pon\u00edka o\u00a0tento nastavite\u013en\u00fd poprs\u00e1k!\",\"breadcrumb\":{\"@id\":\"https:\/\/arak.spicehorse.eu\/termek\/qhp-hobby-horse-dolly-szugyelo\/#breadcrumb\"},\"inLanguage\":\"sk-SK\",\"potentialAction\":[{\"@type\":\"ReadAction\",\"target\":[\"https:\/\/arak.spicehorse.eu\/termek\/qhp-hobby-horse-dolly-szugyelo\/\"]}]},{\"@type\":\"BreadcrumbList\",\"@id\":\"https:\/\/arak.spicehorse.eu\/termek\/qhp-hobby-horse-dolly-szugyelo\/#breadcrumb\",\"itemListElement\":[{\"@type\":\"ListItem\",\"position\":1,\"name\":\"Home\",\"item\":\"https:\/\/arak.spicehorse.eu\/sk\/\"},{\"@type\":\"ListItem\",\"position\":2,\"name\":\"Predaj\u0148a\",\"item\":\"https:\/\/arak.spicehorse.eu\/sk\/predajna\/\"},{\"@type\":\"ListItem\",\"position\":3,\"name\":\"QHP Hobby Horse Dolly poprs\u00e1k\"}]},{\"@type\":\"WebSite\",\"@id\":\"https:\/\/arak.spicehorse.eu\/en\/#website\",\"url\":\"https:\/\/arak.spicehorse.eu\/en\/\",\"name\":\"Spicehorse\",\"description\":\"UNDER DEVELOPMENT -\",\"potentialAction\":[{\"@type\":\"SearchAction\",\"target\":{\"@type\":\"EntryPoint\",\"urlTemplate\":\"https:\/\/arak.spicehorse.eu\/en\/?s={search_term_string}\"},\"query-input\":\"required name=search_term_string\"}],\"inLanguage\":\"sk-SK\"}]}<\/script>\n<!-- \/ Yoast SEO plugin. -->","yoast_head_json":{"title":"QHP Hobby Horse Dolly poprs\u00e1k - Spicehorse","description":"spicehorse.eu | Dopl\u0148te va\u0161u QHP v\u00fdbavu pre hobby pon\u00edka o\u00a0tento nastavite\u013en\u00fd poprs\u00e1k!","robots":{"index":"index","follow":"follow","max-snippet":"max-snippet:-1","max-image-preview":"max-image-preview:large","max-video-preview":"max-video-preview:-1"},"canonical":"https:\/\/arak.spicehorse.eu\/termek\/qhp-hobby-horse-dolly-szugyelo\/","og_locale":"sk_SK","og_type":"article","og_title":"QHP Hobby Horse Dolly poprs\u00e1k - Spicehorse","og_description":"spicehorse.eu | Dopl\u0148te va\u0161u QHP v\u00fdbavu pre hobby pon\u00edka o\u00a0tento nastavite\u013en\u00fd poprs\u00e1k!","og_url":"https:\/\/arak.spicehorse.eu\/termek\/qhp-hobby-horse-dolly-szugyelo\/","og_site_name":"Spicehorse","article_publisher":"https:\/\/www.facebook.com\/SPICEHORSE-550385625402457\/","article_modified_time":"2026-03-30T12:40:40+00:00","og_image":[{"width":1280,"height":1280,"url":"https:\/\/arak.spicehorse.eu\/wp-content\/uploads\/2026\/03\/5695dbr.jpg","type":"image\/jpeg"}],"twitter_card":"summary_large_image","schema":{"@context":"https:\/\/schema.org","@graph":[{"@type":"WebPage","@id":"https:\/\/arak.spicehorse.eu\/termek\/qhp-hobby-horse-dolly-szugyelo\/","url":"https:\/\/arak.spicehorse.eu\/termek\/qhp-hobby-horse-dolly-szugyelo\/","name":"QHP Hobby Horse Dolly poprs\u00e1k - Spicehorse","isPartOf":{"@id":"https:\/\/arak.spicehorse.eu\/en\/#website"},"datePublished":"2026-03-21T16:37:38+00:00","dateModified":"2026-03-30T12:40:40+00:00","description":"spicehorse.eu | Dopl\u0148te va\u0161u QHP v\u00fdbavu pre hobby pon\u00edka o\u00a0tento nastavite\u013en\u00fd poprs\u00e1k!","breadcrumb":{"@id":"https:\/\/arak.spicehorse.eu\/termek\/qhp-hobby-horse-dolly-szugyelo\/#breadcrumb"},"inLanguage":"sk-SK","potentialAction":[{"@type":"ReadAction","target":["https:\/\/arak.spicehorse.eu\/termek\/qhp-hobby-horse-dolly-szugyelo\/"]}]},{"@type":"BreadcrumbList","@id":"https:\/\/arak.spicehorse.eu\/termek\/qhp-hobby-horse-dolly-szugyelo\/#breadcrumb","itemListElement":[{"@type":"ListItem","position":1,"name":"Home","item":"https:\/\/arak.spicehorse.eu\/sk\/"},{"@type":"ListItem","position":2,"name":"Predaj\u0148a","item":"https:\/\/arak.spicehorse.eu\/sk\/predajna\/"},{"@type":"ListItem","position":3,"name":"QHP Hobby Horse Dolly poprs\u00e1k"}]},{"@type":"WebSite","@id":"https:\/\/arak.spicehorse.eu\/en\/#website","url":"https:\/\/arak.spicehorse.eu\/en\/","name":"Spicehorse","description":"UNDER DEVELOPMENT -","potentialAction":[{"@type":"SearchAction","target":{"@type":"EntryPoint","urlTemplate":"https:\/\/arak.spicehorse.eu\/en\/?s={search_term_string}"},"query-input":"required name=search_term_string"}],"inLanguage":"sk-SK"}]}},"_links":{"self":[{"href":"https:\/\/arak.spicehorse.eu\/sk\/wp-json\/wp\/v2\/product\/211692"}],"collection":[{"href":"https:\/\/arak.spicehorse.eu\/sk\/wp-json\/wp\/v2\/product"}],"about":[{"href":"https:\/\/arak.spicehorse.eu\/sk\/wp-json\/wp\/v2\/types\/product"}],"wp:featuredmedia":[{"embeddable":true,"href":"https:\/\/arak.spicehorse.eu\/sk\/wp-json\/wp\/v2\/media\/211697"}],"wp:attachment":[{"href":"https:\/\/arak.spicehorse.eu\/sk\/wp-json\/wp\/v2\/media?parent=211692"}],"wp:term":[{"taxonomy":"product_cat","embeddable":true,"href":"https:\/\/arak.spicehorse.eu\/sk\/wp-json\/wp\/v2\/product_cat?post=211692"},{"taxonomy":"product_tag","embeddable":true,"href":"https:\/\/arak.spicehorse.eu\/sk\/wp-json\/wp\/v2\/product_tag?post=211692"}],"curies":[{"name":"wp","href":"https:\/\/api.w.org\/{rel}","templated":true}]}}