{"id":211746,"date":"2026-03-26T15:00:50","date_gmt":"2026-03-26T14:00:53","guid":{"rendered":"https:\/\/arak.spicehorse.eu\/?post_type=product&#038;p=211746"},"modified":"2026-03-26T16:01:29","modified_gmt":"2026-03-26T15:01:29","slug":"grooming-deluxe-bubble-gum-gloss-sprej-na-osetrovanie-hrivy-a-chvosta","status":"publish","type":"product","link":"https:\/\/arak.spicehorse.eu\/sk\/produkt\/grooming-deluxe-bubble-gum-gloss-sprej-na-osetrovanie-hrivy-a-chvosta\/","title":{"rendered":"Grooming Deluxe Bubble Gum Gloss sprej na o\u0161etrovanie hrivy a chvosta"},"content":{"rendered":"<p style=\"font-weight: 400;\">Rozl\u00fa\u010dte sa s neposlu\u0161nou a zauzlenou hrivou a vyblednutou srs\u0165ou ko\u0148a v\u010faka Grooming Deluxe Bubble Gum Gloss mand\u013eov\u00e9mu spreju na o\u0161etrovanie hrivy a chvosta. Okam\u017eite srs\u0165 roz\u010de\u0161e, \u010d\u00edm sa v\u00fdrazne u\u013eah\u010d\u00ed o\u0161etrovanie ko\u0148a.<\/p>\n<p style=\"font-weight: 400;\">Ok\u00faste n\u00e1dhern\u00fd hodv\u00e1bny lesk a\u00a0dlhotrvaj\u00faci \u00fa\u010dinok. Nev\u0161edn\u00e1 Grooming Deluxe formula vlasy nielen dokonale roz\u010de\u0161e, ale ich aj vy\u017eivuje, zjem\u0148uje a\u00a0dod\u00e1 konskej srsti n\u00e1dhern\u00fd lesk. Vytv\u00e1ra ochrann\u00fa vrstvu proti prachu, odpudzuje ne\u010distoty, medzi dvomi k\u00fapaniami udr\u017euje srs\u0165 ko\u0148a leskl\u00fa a\u00a0\u010dist\u00fa.<\/p>\n<p style=\"font-weight: 400;\">V\u010faka spreju s jemnou v\u00f4\u0148ou Bubble Gum je o\u0161etrovanie ko\u0148a hra\u010dkou.<\/p>\n<p style=\"font-weight: 400;\">Vlastnosti:<\/p>\n<ul style=\"font-weight: 400;\">\n<li>Na o\u0161etrovanie srsti, hrivy a\u00a0chvosta ko\u0148a<\/li>\n<li>Okam\u017eite vyv\u00edja \u00fa\u010dinky<\/li>\n<li>Hodv\u00e1bny lesk<\/li>\n<li>Dlhotrvaj\u00faci \u00fa\u010dinok<\/li>\n<li>Vy\u017eivuje<\/li>\n<li>Odpudzuje prach a ne\u010distoty<\/li>\n<li>S v\u00f4\u0148ou Bubble Gum<\/li>\n<\/ul>\n<p style=\"font-weight: 400;\">Pred pou\u017eit\u00edm pretrepte. Rovnomerne nastriekajte na hrivu a chvost ko\u0148a, alebo aj na cel\u00fa srs\u0165. Jemnou kefou d\u00f4kladne ko\u0148a prekefujte (u\u010de\u0161te), alebo ho pretrite vlhkou handrou.<\/p>\n<p style=\"font-weight: 400;\">Pre \u010do najlep\u0161\u00ed v\u00fdsledok alebo v\u00a0pr\u00edpade v\u00fdraznej\u0161ieho zne\u010distenia najprv ko\u0148a umyte Grooming Deluxe \u0161amp\u00f3nom.<\/p>\n","protected":false},"excerpt":{"rendered":"<p>Rozl\u00fa\u010dte sa s neposlu\u0161nou a zauzlenou hrivou a vyblednutou srs\u0165ou ko\u0148a v\u010faka Grooming Deluxe Bubble Gum Gloss mand\u013eov\u00e9mu spreju na o\u0161etrovanie hrivy a chvosta. Okam\u017eite srs\u0165 roz\u010de\u0161e, \u010d\u00edm sa v\u00fdrazne u\u013eah\u010d\u00ed o\u0161etrovanie ko\u0148a. Ok\u00faste n\u00e1dhern\u00fd hodv\u00e1bny lesk a\u00a0dlhotrvaj\u00faci \u00fa\u010dinok. Nev\u0161edn\u00e1 Grooming Deluxe formula vlasy nielen dokonale roz\u010de\u0161e, ale ich aj vy\u017eivuje, zjem\u0148uje a\u00a0dod\u00e1 konskej srsti [&hellip;]<\/p>\n","protected":false},"featured_media":211751,"template":"","meta":{"_acf_changed":false},"product_cat":[75,106,77],"product_tag":[3477,486,401],"acf":[],"yoast_head":"<!-- This site is optimized with the Yoast SEO plugin v21.4 - https:\/\/yoast.com\/wordpress\/plugins\/seo\/ -->\n<title>Grooming Deluxe Bubble Gum Gloss sprej na o\u0161etrovanie hrivy a chvosta - Spicehorse<\/title>\n<meta name=\"description\" content=\"spicehorse.eu | Rozl\u00fa\u010dte sa s neposlu\u0161nou a zauzlenou hrivou a vyblednutou srs\u0165ou ko\u0148a v\u010faka Grooming Deluxe Bubble Gum Gloss mand\u013eov\u00e9mu spreju na o\u0161etrovanie hrivy a chvosta.\" \/>\n<meta name=\"robots\" content=\"index, follow, max-snippet:-1, max-image-preview:large, max-video-preview:-1\" \/>\n<link rel=\"canonical\" href=\"https:\/\/arak.spicehorse.eu\/termek\/grooming-deluxe-bubble-gum-gloss-soreny-es-farokapolo-spray\/\" \/>\n<meta property=\"og:locale\" content=\"sk_SK\" \/>\n<meta property=\"og:type\" content=\"article\" \/>\n<meta property=\"og:title\" content=\"Grooming Deluxe Bubble Gum Gloss sprej na o\u0161etrovanie hrivy a chvosta - Spicehorse\" \/>\n<meta property=\"og:description\" content=\"spicehorse.eu | Rozl\u00fa\u010dte sa s neposlu\u0161nou a zauzlenou hrivou a vyblednutou srs\u0165ou ko\u0148a v\u010faka Grooming Deluxe Bubble Gum Gloss mand\u013eov\u00e9mu spreju na o\u0161etrovanie hrivy a chvosta.\" \/>\n<meta property=\"og:url\" content=\"https:\/\/arak.spicehorse.eu\/termek\/grooming-deluxe-bubble-gum-gloss-soreny-es-farokapolo-spray\/\" \/>\n<meta property=\"og:site_name\" content=\"Spicehorse\" \/>\n<meta property=\"article:publisher\" content=\"https:\/\/www.facebook.com\/SPICEHORSE-550385625402457\/\" \/>\n<meta property=\"article:modified_time\" content=\"2026-03-26T15:01:29+00:00\" \/>\n<meta property=\"og:image\" content=\"https:\/\/arak.spicehorse.eu\/wp-content\/uploads\/2026\/03\/e3d5d5131b09c510843f2ab2bdfe68cd10db9daf8ad7f9ab544f11bdb0b83df9.jpg\" \/>\n\t<meta property=\"og:image:width\" content=\"2048\" \/>\n\t<meta property=\"og:image:height\" content=\"2048\" \/>\n\t<meta property=\"og:image:type\" content=\"image\/jpeg\" \/>\n<meta name=\"twitter:card\" content=\"summary_large_image\" \/>\n<meta name=\"twitter:label1\" content=\"Predpokladan\u00fd \u010das \u010d\u00edtania\" \/>\n\t<meta name=\"twitter:data1\" content=\"1 min\u00fata\" \/>\n<script type=\"application\/ld+json\" class=\"yoast-schema-graph\">{\"@context\":\"https:\/\/schema.org\",\"@graph\":[{\"@type\":\"WebPage\",\"@id\":\"https:\/\/arak.spicehorse.eu\/termek\/grooming-deluxe-bubble-gum-gloss-soreny-es-farokapolo-spray\/\",\"url\":\"https:\/\/arak.spicehorse.eu\/termek\/grooming-deluxe-bubble-gum-gloss-soreny-es-farokapolo-spray\/\",\"name\":\"Grooming Deluxe Bubble Gum Gloss sprej na o\u0161etrovanie hrivy a chvosta - Spicehorse\",\"isPartOf\":{\"@id\":\"https:\/\/arak.spicehorse.eu\/en\/#website\"},\"datePublished\":\"2026-03-26T14:00:53+00:00\",\"dateModified\":\"2026-03-26T15:01:29+00:00\",\"description\":\"spicehorse.eu | Rozl\u00fa\u010dte sa s neposlu\u0161nou a zauzlenou hrivou a vyblednutou srs\u0165ou ko\u0148a v\u010faka Grooming Deluxe Bubble Gum Gloss mand\u013eov\u00e9mu spreju na o\u0161etrovanie hrivy a chvosta.\",\"breadcrumb\":{\"@id\":\"https:\/\/arak.spicehorse.eu\/termek\/grooming-deluxe-bubble-gum-gloss-soreny-es-farokapolo-spray\/#breadcrumb\"},\"inLanguage\":\"sk-SK\",\"potentialAction\":[{\"@type\":\"ReadAction\",\"target\":[\"https:\/\/arak.spicehorse.eu\/termek\/grooming-deluxe-bubble-gum-gloss-soreny-es-farokapolo-spray\/\"]}]},{\"@type\":\"BreadcrumbList\",\"@id\":\"https:\/\/arak.spicehorse.eu\/termek\/grooming-deluxe-bubble-gum-gloss-soreny-es-farokapolo-spray\/#breadcrumb\",\"itemListElement\":[{\"@type\":\"ListItem\",\"position\":1,\"name\":\"Home\",\"item\":\"https:\/\/arak.spicehorse.eu\/sk\/\"},{\"@type\":\"ListItem\",\"position\":2,\"name\":\"Predaj\u0148a\",\"item\":\"https:\/\/arak.spicehorse.eu\/sk\/predajna\/\"},{\"@type\":\"ListItem\",\"position\":3,\"name\":\"Grooming Deluxe Bubble Gum Gloss sprej na o\u0161etrovanie hrivy a chvosta\"}]},{\"@type\":\"WebSite\",\"@id\":\"https:\/\/arak.spicehorse.eu\/en\/#website\",\"url\":\"https:\/\/arak.spicehorse.eu\/en\/\",\"name\":\"Spicehorse\",\"description\":\"UNDER DEVELOPMENT -\",\"potentialAction\":[{\"@type\":\"SearchAction\",\"target\":{\"@type\":\"EntryPoint\",\"urlTemplate\":\"https:\/\/arak.spicehorse.eu\/en\/?s={search_term_string}\"},\"query-input\":\"required name=search_term_string\"}],\"inLanguage\":\"sk-SK\"}]}<\/script>\n<!-- \/ Yoast SEO plugin. -->","yoast_head_json":{"title":"Grooming Deluxe Bubble Gum Gloss sprej na o\u0161etrovanie hrivy a chvosta - Spicehorse","description":"spicehorse.eu | Rozl\u00fa\u010dte sa s neposlu\u0161nou a zauzlenou hrivou a vyblednutou srs\u0165ou ko\u0148a v\u010faka Grooming Deluxe Bubble Gum Gloss mand\u013eov\u00e9mu spreju na o\u0161etrovanie hrivy a chvosta.","robots":{"index":"index","follow":"follow","max-snippet":"max-snippet:-1","max-image-preview":"max-image-preview:large","max-video-preview":"max-video-preview:-1"},"canonical":"https:\/\/arak.spicehorse.eu\/termek\/grooming-deluxe-bubble-gum-gloss-soreny-es-farokapolo-spray\/","og_locale":"sk_SK","og_type":"article","og_title":"Grooming Deluxe Bubble Gum Gloss sprej na o\u0161etrovanie hrivy a chvosta - Spicehorse","og_description":"spicehorse.eu | Rozl\u00fa\u010dte sa s neposlu\u0161nou a zauzlenou hrivou a vyblednutou srs\u0165ou ko\u0148a v\u010faka Grooming Deluxe Bubble Gum Gloss mand\u013eov\u00e9mu spreju na o\u0161etrovanie hrivy a chvosta.","og_url":"https:\/\/arak.spicehorse.eu\/termek\/grooming-deluxe-bubble-gum-gloss-soreny-es-farokapolo-spray\/","og_site_name":"Spicehorse","article_publisher":"https:\/\/www.facebook.com\/SPICEHORSE-550385625402457\/","article_modified_time":"2026-03-26T15:01:29+00:00","og_image":[{"width":2048,"height":2048,"url":"https:\/\/arak.spicehorse.eu\/wp-content\/uploads\/2026\/03\/e3d5d5131b09c510843f2ab2bdfe68cd10db9daf8ad7f9ab544f11bdb0b83df9.jpg","type":"image\/jpeg"}],"twitter_card":"summary_large_image","twitter_misc":{"Predpokladan\u00fd \u010das \u010d\u00edtania":"1 min\u00fata"},"schema":{"@context":"https:\/\/schema.org","@graph":[{"@type":"WebPage","@id":"https:\/\/arak.spicehorse.eu\/termek\/grooming-deluxe-bubble-gum-gloss-soreny-es-farokapolo-spray\/","url":"https:\/\/arak.spicehorse.eu\/termek\/grooming-deluxe-bubble-gum-gloss-soreny-es-farokapolo-spray\/","name":"Grooming Deluxe Bubble Gum Gloss sprej na o\u0161etrovanie hrivy a chvosta - Spicehorse","isPartOf":{"@id":"https:\/\/arak.spicehorse.eu\/en\/#website"},"datePublished":"2026-03-26T14:00:53+00:00","dateModified":"2026-03-26T15:01:29+00:00","description":"spicehorse.eu | Rozl\u00fa\u010dte sa s neposlu\u0161nou a zauzlenou hrivou a vyblednutou srs\u0165ou ko\u0148a v\u010faka Grooming Deluxe Bubble Gum Gloss mand\u013eov\u00e9mu spreju na o\u0161etrovanie hrivy a chvosta.","breadcrumb":{"@id":"https:\/\/arak.spicehorse.eu\/termek\/grooming-deluxe-bubble-gum-gloss-soreny-es-farokapolo-spray\/#breadcrumb"},"inLanguage":"sk-SK","potentialAction":[{"@type":"ReadAction","target":["https:\/\/arak.spicehorse.eu\/termek\/grooming-deluxe-bubble-gum-gloss-soreny-es-farokapolo-spray\/"]}]},{"@type":"BreadcrumbList","@id":"https:\/\/arak.spicehorse.eu\/termek\/grooming-deluxe-bubble-gum-gloss-soreny-es-farokapolo-spray\/#breadcrumb","itemListElement":[{"@type":"ListItem","position":1,"name":"Home","item":"https:\/\/arak.spicehorse.eu\/sk\/"},{"@type":"ListItem","position":2,"name":"Predaj\u0148a","item":"https:\/\/arak.spicehorse.eu\/sk\/predajna\/"},{"@type":"ListItem","position":3,"name":"Grooming Deluxe Bubble Gum Gloss sprej na o\u0161etrovanie hrivy a chvosta"}]},{"@type":"WebSite","@id":"https:\/\/arak.spicehorse.eu\/en\/#website","url":"https:\/\/arak.spicehorse.eu\/en\/","name":"Spicehorse","description":"UNDER DEVELOPMENT -","potentialAction":[{"@type":"SearchAction","target":{"@type":"EntryPoint","urlTemplate":"https:\/\/arak.spicehorse.eu\/en\/?s={search_term_string}"},"query-input":"required name=search_term_string"}],"inLanguage":"sk-SK"}]}},"_links":{"self":[{"href":"https:\/\/arak.spicehorse.eu\/sk\/wp-json\/wp\/v2\/product\/211746"}],"collection":[{"href":"https:\/\/arak.spicehorse.eu\/sk\/wp-json\/wp\/v2\/product"}],"about":[{"href":"https:\/\/arak.spicehorse.eu\/sk\/wp-json\/wp\/v2\/types\/product"}],"wp:featuredmedia":[{"embeddable":true,"href":"https:\/\/arak.spicehorse.eu\/sk\/wp-json\/wp\/v2\/media\/211751"}],"wp:attachment":[{"href":"https:\/\/arak.spicehorse.eu\/sk\/wp-json\/wp\/v2\/media?parent=211746"}],"wp:term":[{"taxonomy":"product_cat","embeddable":true,"href":"https:\/\/arak.spicehorse.eu\/sk\/wp-json\/wp\/v2\/product_cat?post=211746"},{"taxonomy":"product_tag","embeddable":true,"href":"https:\/\/arak.spicehorse.eu\/sk\/wp-json\/wp\/v2\/product_tag?post=211746"}],"curies":[{"name":"wp","href":"https:\/\/api.w.org\/{rel}","templated":true}]}}