{"id":212026,"date":"2026-04-03T15:22:58","date_gmt":"2026-04-03T13:23:00","guid":{"rendered":"https:\/\/arak.spicehorse.eu\/?post_type=product&#038;p=212026"},"modified":"2026-04-03T15:47:56","modified_gmt":"2026-04-03T13:47:56","slug":"grooming-deluxe-green-spot-dust-almond-spray-na-cistenie-skvrn","status":"publish","type":"product","link":"https:\/\/arak.spicehorse.eu\/sk\/produkt\/grooming-deluxe-green-spot-dust-almond-spray-na-cistenie-skvrn\/","title":{"rendered":"Grooming Deluxe Green Spot &#038; Dust Almond spray na \u010distenie \u0161kv\u0155n"},"content":{"rendered":"","protected":false},"excerpt":{"rendered":"","protected":false},"featured_media":212043,"template":"","meta":{"_acf_changed":false},"product_cat":[75,106,77],"product_tag":[486,467,401,338,2035],"acf":[],"yoast_head":"<!-- This site is optimized with the Yoast SEO plugin v21.4 - https:\/\/yoast.com\/wordpress\/plugins\/seo\/ -->\n<title>Grooming Deluxe Green Spot &amp; Dust Almond spray na \u010distenie \u0161kv\u0155n - Spicehorse<\/title>\n<meta name=\"description\" content=\"spicehorse.eu |\" \/>\n<meta name=\"robots\" content=\"index, follow, max-snippet:-1, max-image-preview:large, max-video-preview:-1\" \/>\n<link rel=\"canonical\" href=\"https:\/\/arak.spicehorse.eu\/termek\/grooming-deluxe-green-spot-dust-almond-folttisztito-spray\/\" \/>\n<meta property=\"og:locale\" content=\"sk_SK\" \/>\n<meta property=\"og:type\" content=\"article\" \/>\n<meta property=\"og:title\" content=\"Grooming Deluxe Green Spot &amp; Dust Almond spray na \u010distenie \u0161kv\u0155n - Spicehorse\" \/>\n<meta property=\"og:description\" content=\"spicehorse.eu |\" \/>\n<meta property=\"og:url\" content=\"https:\/\/arak.spicehorse.eu\/termek\/grooming-deluxe-green-spot-dust-almond-folttisztito-spray\/\" \/>\n<meta property=\"og:site_name\" content=\"Spicehorse\" \/>\n<meta property=\"article:publisher\" content=\"https:\/\/www.facebook.com\/SPICEHORSE-550385625402457\/\" \/>\n<meta property=\"article:modified_time\" content=\"2026-04-03T13:47:56+00:00\" \/>\n<meta property=\"og:image\" content=\"https:\/\/arak.spicehorse.eu\/wp-content\/uploads\/2026\/04\/bc72c08f287ecfa32236cdb05b5ce9589c7a5db1fdeccdc51d8dcd9b42a6f4fe.jpg\" \/>\n\t<meta property=\"og:image:width\" content=\"2048\" \/>\n\t<meta property=\"og:image:height\" content=\"2048\" \/>\n\t<meta property=\"og:image:type\" content=\"image\/jpeg\" \/>\n<meta name=\"twitter:card\" content=\"summary_large_image\" \/>\n<script type=\"application\/ld+json\" class=\"yoast-schema-graph\">{\"@context\":\"https:\/\/schema.org\",\"@graph\":[{\"@type\":\"WebPage\",\"@id\":\"https:\/\/arak.spicehorse.eu\/termek\/grooming-deluxe-green-spot-dust-almond-folttisztito-spray\/\",\"url\":\"https:\/\/arak.spicehorse.eu\/termek\/grooming-deluxe-green-spot-dust-almond-folttisztito-spray\/\",\"name\":\"Grooming Deluxe Green Spot & Dust Almond spray na \u010distenie \u0161kv\u0155n - Spicehorse\",\"isPartOf\":{\"@id\":\"https:\/\/arak.spicehorse.eu\/en\/#website\"},\"datePublished\":\"2026-04-03T13:23:00+00:00\",\"dateModified\":\"2026-04-03T13:47:56+00:00\",\"description\":\"spicehorse.eu |\",\"breadcrumb\":{\"@id\":\"https:\/\/arak.spicehorse.eu\/termek\/grooming-deluxe-green-spot-dust-almond-folttisztito-spray\/#breadcrumb\"},\"inLanguage\":\"sk-SK\",\"potentialAction\":[{\"@type\":\"ReadAction\",\"target\":[\"https:\/\/arak.spicehorse.eu\/termek\/grooming-deluxe-green-spot-dust-almond-folttisztito-spray\/\"]}]},{\"@type\":\"BreadcrumbList\",\"@id\":\"https:\/\/arak.spicehorse.eu\/termek\/grooming-deluxe-green-spot-dust-almond-folttisztito-spray\/#breadcrumb\",\"itemListElement\":[{\"@type\":\"ListItem\",\"position\":1,\"name\":\"Home\",\"item\":\"https:\/\/arak.spicehorse.eu\/sk\/\"},{\"@type\":\"ListItem\",\"position\":2,\"name\":\"Predaj\u0148a\",\"item\":\"https:\/\/arak.spicehorse.eu\/sk\/predajna\/\"},{\"@type\":\"ListItem\",\"position\":3,\"name\":\"Grooming Deluxe Green Spot &#038; Dust Almond spray na \u010distenie \u0161kv\u0155n\"}]},{\"@type\":\"WebSite\",\"@id\":\"https:\/\/arak.spicehorse.eu\/en\/#website\",\"url\":\"https:\/\/arak.spicehorse.eu\/en\/\",\"name\":\"Spicehorse\",\"description\":\"UNDER DEVELOPMENT -\",\"potentialAction\":[{\"@type\":\"SearchAction\",\"target\":{\"@type\":\"EntryPoint\",\"urlTemplate\":\"https:\/\/arak.spicehorse.eu\/en\/?s={search_term_string}\"},\"query-input\":\"required name=search_term_string\"}],\"inLanguage\":\"sk-SK\"}]}<\/script>\n<!-- \/ Yoast SEO plugin. -->","yoast_head_json":{"title":"Grooming Deluxe Green Spot & Dust Almond spray na \u010distenie \u0161kv\u0155n - Spicehorse","description":"spicehorse.eu |","robots":{"index":"index","follow":"follow","max-snippet":"max-snippet:-1","max-image-preview":"max-image-preview:large","max-video-preview":"max-video-preview:-1"},"canonical":"https:\/\/arak.spicehorse.eu\/termek\/grooming-deluxe-green-spot-dust-almond-folttisztito-spray\/","og_locale":"sk_SK","og_type":"article","og_title":"Grooming Deluxe Green Spot & Dust Almond spray na \u010distenie \u0161kv\u0155n - Spicehorse","og_description":"spicehorse.eu |","og_url":"https:\/\/arak.spicehorse.eu\/termek\/grooming-deluxe-green-spot-dust-almond-folttisztito-spray\/","og_site_name":"Spicehorse","article_publisher":"https:\/\/www.facebook.com\/SPICEHORSE-550385625402457\/","article_modified_time":"2026-04-03T13:47:56+00:00","og_image":[{"width":2048,"height":2048,"url":"https:\/\/arak.spicehorse.eu\/wp-content\/uploads\/2026\/04\/bc72c08f287ecfa32236cdb05b5ce9589c7a5db1fdeccdc51d8dcd9b42a6f4fe.jpg","type":"image\/jpeg"}],"twitter_card":"summary_large_image","schema":{"@context":"https:\/\/schema.org","@graph":[{"@type":"WebPage","@id":"https:\/\/arak.spicehorse.eu\/termek\/grooming-deluxe-green-spot-dust-almond-folttisztito-spray\/","url":"https:\/\/arak.spicehorse.eu\/termek\/grooming-deluxe-green-spot-dust-almond-folttisztito-spray\/","name":"Grooming Deluxe Green Spot & Dust Almond spray na \u010distenie \u0161kv\u0155n - Spicehorse","isPartOf":{"@id":"https:\/\/arak.spicehorse.eu\/en\/#website"},"datePublished":"2026-04-03T13:23:00+00:00","dateModified":"2026-04-03T13:47:56+00:00","description":"spicehorse.eu |","breadcrumb":{"@id":"https:\/\/arak.spicehorse.eu\/termek\/grooming-deluxe-green-spot-dust-almond-folttisztito-spray\/#breadcrumb"},"inLanguage":"sk-SK","potentialAction":[{"@type":"ReadAction","target":["https:\/\/arak.spicehorse.eu\/termek\/grooming-deluxe-green-spot-dust-almond-folttisztito-spray\/"]}]},{"@type":"BreadcrumbList","@id":"https:\/\/arak.spicehorse.eu\/termek\/grooming-deluxe-green-spot-dust-almond-folttisztito-spray\/#breadcrumb","itemListElement":[{"@type":"ListItem","position":1,"name":"Home","item":"https:\/\/arak.spicehorse.eu\/sk\/"},{"@type":"ListItem","position":2,"name":"Predaj\u0148a","item":"https:\/\/arak.spicehorse.eu\/sk\/predajna\/"},{"@type":"ListItem","position":3,"name":"Grooming Deluxe Green Spot &#038; Dust Almond spray na \u010distenie \u0161kv\u0155n"}]},{"@type":"WebSite","@id":"https:\/\/arak.spicehorse.eu\/en\/#website","url":"https:\/\/arak.spicehorse.eu\/en\/","name":"Spicehorse","description":"UNDER DEVELOPMENT -","potentialAction":[{"@type":"SearchAction","target":{"@type":"EntryPoint","urlTemplate":"https:\/\/arak.spicehorse.eu\/en\/?s={search_term_string}"},"query-input":"required name=search_term_string"}],"inLanguage":"sk-SK"}]}},"_links":{"self":[{"href":"https:\/\/arak.spicehorse.eu\/sk\/wp-json\/wp\/v2\/product\/212026"}],"collection":[{"href":"https:\/\/arak.spicehorse.eu\/sk\/wp-json\/wp\/v2\/product"}],"about":[{"href":"https:\/\/arak.spicehorse.eu\/sk\/wp-json\/wp\/v2\/types\/product"}],"wp:featuredmedia":[{"embeddable":true,"href":"https:\/\/arak.spicehorse.eu\/sk\/wp-json\/wp\/v2\/media\/212043"}],"wp:attachment":[{"href":"https:\/\/arak.spicehorse.eu\/sk\/wp-json\/wp\/v2\/media?parent=212026"}],"wp:term":[{"taxonomy":"product_cat","embeddable":true,"href":"https:\/\/arak.spicehorse.eu\/sk\/wp-json\/wp\/v2\/product_cat?post=212026"},{"taxonomy":"product_tag","embeddable":true,"href":"https:\/\/arak.spicehorse.eu\/sk\/wp-json\/wp\/v2\/product_tag?post=212026"}],"curies":[{"name":"wp","href":"https:\/\/api.w.org\/{rel}","templated":true}]}}