{"id":212217,"date":"2026-04-04T19:47:03","date_gmt":"2026-04-04T17:47:04","guid":{"rendered":"https:\/\/arak.spicehorse.eu\/?post_type=product&#038;p=212217"},"modified":"2026-04-04T19:57:13","modified_gmt":"2026-04-04T17:57:13","slug":"qhp-hobby-horse-set-ohlavky-stable-buddy","status":"publish","type":"product","link":"https:\/\/arak.spicehorse.eu\/sk\/produkt\/qhp-hobby-horse-set-ohlavky-stable-buddy\/","title":{"rendered":"QHP Hobby Horse set ohl\u00e1vky Stable buddy"},"content":{"rendered":"<p style=\"font-weight: 400;\">Set ohl\u00e1vky a vod\u00edtka ku QHP hobby kon\u00edkovi. Dokonal\u00fd na o\u0161etrovanie hobby kon\u00edka alebo postrojenie. Nezabudnite zozbiera\u0165 v\u0161etky obalov\u00e9 materi\u00e1ly a k nim patriace pr\u00edslu\u0161enstvo, aby ste z\u00edskali dokonal\u00e1 v\u00fdbavu va\u0161ej stajne!<\/p>\n","protected":false},"excerpt":{"rendered":"<ul style=\"font-weight: 400;\">\n<li>Materi\u00e1l: polypropyl\u00e9n<\/li>\n<li>Kov: \u017eelezo, zinok<\/li>\n<li>Ohl\u00e1vka a vod\u00edtko pre QHP hobby kone<\/li>\n<li>Balenie obsahuje jednu mrkvu<\/li>\n<li>\u010eal\u0161ie hobby horse v\u00fdrobky n\u00e1jdete tu:\u00a0<a href=\"https:\/\/arak.spicehorse.eu\/sk\/znacka-produktu\/hobby-horse-sk\/\">Hobby Horse<\/a><\/li>\n<\/ul>\n","protected":false},"featured_media":212220,"template":"","meta":{"_acf_changed":false},"product_cat":[2534,3228,76,312,77],"product_tag":[265,2868,227,2589,422,1973,3480,2389],"acf":[],"yoast_head":"<!-- This site is optimized with the Yoast SEO plugin v21.4 - https:\/\/yoast.com\/wordpress\/plugins\/seo\/ -->\n<title>QHP Hobby Horse set ohl\u00e1vky Stable buddy - Spicehorse<\/title>\n<meta name=\"description\" content=\"spicehorse.eu | Set ohl\u00e1vky a vod\u00edtka ku QHP hobby kon\u00edkovi. Dokonal\u00fd na o\u0161etrovanie hobby kon\u00edka alebo postrojenie.\" \/>\n<meta name=\"robots\" content=\"index, follow, max-snippet:-1, max-image-preview:large, max-video-preview:-1\" \/>\n<link rel=\"canonical\" href=\"https:\/\/arak.spicehorse.eu\/termek\/qhp-hobby-horse-kotofek-szett-stable-buddy\/\" \/>\n<meta property=\"og:locale\" content=\"sk_SK\" \/>\n<meta property=\"og:type\" content=\"article\" \/>\n<meta property=\"og:title\" content=\"QHP Hobby Horse set ohl\u00e1vky Stable buddy - Spicehorse\" \/>\n<meta property=\"og:description\" content=\"spicehorse.eu | Set ohl\u00e1vky a vod\u00edtka ku QHP hobby kon\u00edkovi. Dokonal\u00fd na o\u0161etrovanie hobby kon\u00edka alebo postrojenie.\" \/>\n<meta property=\"og:url\" content=\"https:\/\/arak.spicehorse.eu\/termek\/qhp-hobby-horse-kotofek-szett-stable-buddy\/\" \/>\n<meta property=\"og:site_name\" content=\"Spicehorse\" \/>\n<meta property=\"article:publisher\" content=\"https:\/\/www.facebook.com\/SPICEHORSE-550385625402457\/\" \/>\n<meta property=\"article:modified_time\" content=\"2026-04-04T17:57:13+00:00\" \/>\n<meta property=\"og:image\" content=\"https:\/\/arak.spicehorse.eu\/wp-content\/uploads\/2026\/04\/5691dhd-1.jpg\" \/>\n\t<meta property=\"og:image:width\" content=\"1280\" \/>\n\t<meta property=\"og:image:height\" content=\"1280\" \/>\n\t<meta property=\"og:image:type\" content=\"image\/jpeg\" \/>\n<meta name=\"twitter:card\" content=\"summary_large_image\" \/>\n<script type=\"application\/ld+json\" class=\"yoast-schema-graph\">{\"@context\":\"https:\/\/schema.org\",\"@graph\":[{\"@type\":\"WebPage\",\"@id\":\"https:\/\/arak.spicehorse.eu\/termek\/qhp-hobby-horse-kotofek-szett-stable-buddy\/\",\"url\":\"https:\/\/arak.spicehorse.eu\/termek\/qhp-hobby-horse-kotofek-szett-stable-buddy\/\",\"name\":\"QHP Hobby Horse set ohl\u00e1vky Stable buddy - Spicehorse\",\"isPartOf\":{\"@id\":\"https:\/\/arak.spicehorse.eu\/en\/#website\"},\"datePublished\":\"2026-04-04T17:47:04+00:00\",\"dateModified\":\"2026-04-04T17:57:13+00:00\",\"description\":\"spicehorse.eu | Set ohl\u00e1vky a vod\u00edtka ku QHP hobby kon\u00edkovi. Dokonal\u00fd na o\u0161etrovanie hobby kon\u00edka alebo postrojenie.\",\"breadcrumb\":{\"@id\":\"https:\/\/arak.spicehorse.eu\/termek\/qhp-hobby-horse-kotofek-szett-stable-buddy\/#breadcrumb\"},\"inLanguage\":\"sk-SK\",\"potentialAction\":[{\"@type\":\"ReadAction\",\"target\":[\"https:\/\/arak.spicehorse.eu\/termek\/qhp-hobby-horse-kotofek-szett-stable-buddy\/\"]}]},{\"@type\":\"BreadcrumbList\",\"@id\":\"https:\/\/arak.spicehorse.eu\/termek\/qhp-hobby-horse-kotofek-szett-stable-buddy\/#breadcrumb\",\"itemListElement\":[{\"@type\":\"ListItem\",\"position\":1,\"name\":\"Home\",\"item\":\"https:\/\/arak.spicehorse.eu\/sk\/\"},{\"@type\":\"ListItem\",\"position\":2,\"name\":\"Predaj\u0148a\",\"item\":\"https:\/\/arak.spicehorse.eu\/sk\/predajna\/\"},{\"@type\":\"ListItem\",\"position\":3,\"name\":\"QHP Hobby Horse set ohl\u00e1vky Stable buddy\"}]},{\"@type\":\"WebSite\",\"@id\":\"https:\/\/arak.spicehorse.eu\/en\/#website\",\"url\":\"https:\/\/arak.spicehorse.eu\/en\/\",\"name\":\"Spicehorse\",\"description\":\"UNDER DEVELOPMENT -\",\"potentialAction\":[{\"@type\":\"SearchAction\",\"target\":{\"@type\":\"EntryPoint\",\"urlTemplate\":\"https:\/\/arak.spicehorse.eu\/en\/?s={search_term_string}\"},\"query-input\":\"required name=search_term_string\"}],\"inLanguage\":\"sk-SK\"}]}<\/script>\n<!-- \/ Yoast SEO plugin. -->","yoast_head_json":{"title":"QHP Hobby Horse set ohl\u00e1vky Stable buddy - Spicehorse","description":"spicehorse.eu | Set ohl\u00e1vky a vod\u00edtka ku QHP hobby kon\u00edkovi. Dokonal\u00fd na o\u0161etrovanie hobby kon\u00edka alebo postrojenie.","robots":{"index":"index","follow":"follow","max-snippet":"max-snippet:-1","max-image-preview":"max-image-preview:large","max-video-preview":"max-video-preview:-1"},"canonical":"https:\/\/arak.spicehorse.eu\/termek\/qhp-hobby-horse-kotofek-szett-stable-buddy\/","og_locale":"sk_SK","og_type":"article","og_title":"QHP Hobby Horse set ohl\u00e1vky Stable buddy - Spicehorse","og_description":"spicehorse.eu | Set ohl\u00e1vky a vod\u00edtka ku QHP hobby kon\u00edkovi. Dokonal\u00fd na o\u0161etrovanie hobby kon\u00edka alebo postrojenie.","og_url":"https:\/\/arak.spicehorse.eu\/termek\/qhp-hobby-horse-kotofek-szett-stable-buddy\/","og_site_name":"Spicehorse","article_publisher":"https:\/\/www.facebook.com\/SPICEHORSE-550385625402457\/","article_modified_time":"2026-04-04T17:57:13+00:00","og_image":[{"width":1280,"height":1280,"url":"https:\/\/arak.spicehorse.eu\/wp-content\/uploads\/2026\/04\/5691dhd-1.jpg","type":"image\/jpeg"}],"twitter_card":"summary_large_image","schema":{"@context":"https:\/\/schema.org","@graph":[{"@type":"WebPage","@id":"https:\/\/arak.spicehorse.eu\/termek\/qhp-hobby-horse-kotofek-szett-stable-buddy\/","url":"https:\/\/arak.spicehorse.eu\/termek\/qhp-hobby-horse-kotofek-szett-stable-buddy\/","name":"QHP Hobby Horse set ohl\u00e1vky Stable buddy - Spicehorse","isPartOf":{"@id":"https:\/\/arak.spicehorse.eu\/en\/#website"},"datePublished":"2026-04-04T17:47:04+00:00","dateModified":"2026-04-04T17:57:13+00:00","description":"spicehorse.eu | Set ohl\u00e1vky a vod\u00edtka ku QHP hobby kon\u00edkovi. Dokonal\u00fd na o\u0161etrovanie hobby kon\u00edka alebo postrojenie.","breadcrumb":{"@id":"https:\/\/arak.spicehorse.eu\/termek\/qhp-hobby-horse-kotofek-szett-stable-buddy\/#breadcrumb"},"inLanguage":"sk-SK","potentialAction":[{"@type":"ReadAction","target":["https:\/\/arak.spicehorse.eu\/termek\/qhp-hobby-horse-kotofek-szett-stable-buddy\/"]}]},{"@type":"BreadcrumbList","@id":"https:\/\/arak.spicehorse.eu\/termek\/qhp-hobby-horse-kotofek-szett-stable-buddy\/#breadcrumb","itemListElement":[{"@type":"ListItem","position":1,"name":"Home","item":"https:\/\/arak.spicehorse.eu\/sk\/"},{"@type":"ListItem","position":2,"name":"Predaj\u0148a","item":"https:\/\/arak.spicehorse.eu\/sk\/predajna\/"},{"@type":"ListItem","position":3,"name":"QHP Hobby Horse set ohl\u00e1vky Stable buddy"}]},{"@type":"WebSite","@id":"https:\/\/arak.spicehorse.eu\/en\/#website","url":"https:\/\/arak.spicehorse.eu\/en\/","name":"Spicehorse","description":"UNDER DEVELOPMENT -","potentialAction":[{"@type":"SearchAction","target":{"@type":"EntryPoint","urlTemplate":"https:\/\/arak.spicehorse.eu\/en\/?s={search_term_string}"},"query-input":"required name=search_term_string"}],"inLanguage":"sk-SK"}]}},"_links":{"self":[{"href":"https:\/\/arak.spicehorse.eu\/sk\/wp-json\/wp\/v2\/product\/212217"}],"collection":[{"href":"https:\/\/arak.spicehorse.eu\/sk\/wp-json\/wp\/v2\/product"}],"about":[{"href":"https:\/\/arak.spicehorse.eu\/sk\/wp-json\/wp\/v2\/types\/product"}],"wp:featuredmedia":[{"embeddable":true,"href":"https:\/\/arak.spicehorse.eu\/sk\/wp-json\/wp\/v2\/media\/212220"}],"wp:attachment":[{"href":"https:\/\/arak.spicehorse.eu\/sk\/wp-json\/wp\/v2\/media?parent=212217"}],"wp:term":[{"taxonomy":"product_cat","embeddable":true,"href":"https:\/\/arak.spicehorse.eu\/sk\/wp-json\/wp\/v2\/product_cat?post=212217"},{"taxonomy":"product_tag","embeddable":true,"href":"https:\/\/arak.spicehorse.eu\/sk\/wp-json\/wp\/v2\/product_tag?post=212217"}],"curies":[{"name":"wp","href":"https:\/\/api.w.org\/{rel}","templated":true}]}}