{"id":21586,"date":"2021-03-06T16:48:59","date_gmt":"2021-03-06T15:48:59","guid":{"rendered":"https:\/\/arak.spicehorse.eu\/product\/trust-inno-sense-port-medium-oliv-zabla\/"},"modified":"2021-03-17T12:50:16","modified_gmt":"2021-03-17T11:50:16","slug":"trust-inno-sense-port-medium-oliv-zubadlo","status":"publish","type":"product","link":"https:\/\/arak.spicehorse.eu\/sk\/produkt\/trust-inno-sense-port-medium-oliv-zubadlo\/","title":{"rendered":"TRUST Inno Sense Port Medium ol\u00edv zubadlo"},"content":{"rendered":"<p style=\"text-align: justify; margin: 0cm 0cm 7.5pt 0cm;\"><span lang=\"SK\" style=\"font-family: 'Arial',sans-serif; color: #777777;\">Zubadl\u00e1 kolekcie TRUST Equestrian Inno Sense s\u00fa dokonalou vo\u013ebou pre v\u0161etky kone. S\u00fa obzvl\u00e1\u0161\u0165 vhodn\u00e9 pre mlad\u00e9 kone, resp. kone s\u00a0citliv\u00fdmi \u00fastami. Zubadlo vyroben\u00e9 zo syntetick\u00e9ho materi\u00e1lu schv\u00e1len\u00e9ho FDA*, neobsahuje \u0161kodliv\u00e9 a\u00a0jedovat\u00e9 l\u00e1tky.<\/span><\/p>\n<p style=\"text-align: justify; margin: 0cm 0cm 7.5pt 0cm;\"><span lang=\"SK\" style=\"font-family: 'Arial',sans-serif; color: #777777;\">Kone, na ktor\u00fdch sa jazd\u00ed so zubadlami Inno Sense \u013eah\u0161ie sleduj\u00fa ruku jazdca a jednoduch\u0161ie prijm\u00fa zubadlo.<\/span><\/p>\n<p style=\"text-align: justify; margin: 0cm 0cm 7.5pt 0cm;\"><span lang=\"SK\" style=\"font-family: 'Arial',sans-serif; color: #777777;\">Inno Sense Port Medium zubadl\u00e1 s\u00fa vyroben\u00e9 zo syntetick\u00e9ho elastick\u00e9ho materi\u00e1lu, s\u00fa pru\u017en\u00e9, ale s\u00fa meravej\u0161ie ako zubadl\u00e1 Flexi Soft. Vn\u00fatro zubadla je vyroben\u00e9 z kovu. Zubadl\u00e1 TRUST Inno Sense Medium s\u00fa mierne flexibiln\u00e9. \u00faStna \u010das\u0165 je ohnut\u00e1, preto m\u00e1 jazyk ko\u0148a vyhovuj\u00face miesto a z\u00e1rove\u0148 sa zni\u017euje tlak na stredn\u00fa \u010das\u0165 jazyka kon\u00ed.<\/span><\/p>\n<p>Ol\u00edv zubadlo je \u0161tandardn\u00fd typ zubadla, ktor\u00e9 ma \u0161irokospektr\u00e1lne pou\u017eitie. Kr\u00fa\u017eky sa nem\u00f4\u017eu pohybova\u0165\u00a0nez\u00e1visle od seba, preto sa pomoc jazdca dost\u00e1va bezprostrednej\u0161ie k zubadlu, zubadlo le\u017e\u00ed v \u00fastach ko\u0148a stabilnej\u0161ie. Ol\u00edv zubadlov\u00e9 kr\u00fa\u017eky neza\u0161tipn\u00fa k\u00fatiky \u00fast ko\u0148a, preto nie je potrebn\u00e9 pou\u017e\u00edvanie gumy na zubadlo.<\/p>\n<p style=\"text-align: justify; margin: 0cm 0cm 7.5pt 0cm;\"><span lang=\"SK\" style=\"font-family: 'Arial',sans-serif; color: #777777;\">Hr\u00fabka 20 mm <\/span><\/p>\n<p style=\"text-align: justify; margin: 0cm 0cm 7.5pt 0cm;\"><span lang=\"SK\" style=\"font-family: 'Arial',sans-serif; color: #777777;\">*U.S Food and Drug Administration \u2013 Americk\u00fd \u00farad pre kontrolu potrav\u00edn a\u00a0lie\u010div<\/span><\/p>\n","protected":false},"excerpt":{"rendered":"<p>Zubadl\u00e1 kolekcie TRUST Equestrian Inno Sense s\u00fa dokonalou vo\u013ebou pre v\u0161etky kone. S\u00fa obzvl\u00e1\u0161\u0165 vhodn\u00e9 pre mlad\u00e9 kone, resp. kone s\u00a0citliv\u00fdmi \u00fastami. Zubadlo vyroben\u00e9 zo syntetick\u00e9ho materi\u00e1lu schv\u00e1len\u00e9ho FDA*, neobsahuje \u0161kodliv\u00e9 a\u00a0jedovat\u00e9 l\u00e1tky. Kone, na ktor\u00fdch sa jazd\u00ed so zubadlami Inno Sense \u013eah\u0161ie sleduj\u00fa ruku jazdca a jednoduch\u0161ie prijm\u00fa zubadlo. Inno Sense Port Medium zubadl\u00e1 [&hellip;]<\/p>\n","protected":false},"featured_media":21446,"template":"","meta":{"_acf_changed":false},"product_cat":[78,75,674],"product_tag":[691,693,692,694],"acf":[],"yoast_head":"<!-- This site is optimized with the Yoast SEO plugin v21.4 - https:\/\/yoast.com\/wordpress\/plugins\/seo\/ -->\n<title>TRUST Inno Sense Port Medium ol\u00edv zubadlo - Spicehorse<\/title>\n<meta name=\"description\" content=\"spicehorse.eu | Zubadl\u00e1 kolekcie TRUST Equestrian Inno Sense s\u00fa dokonalou vo\u013ebou pre v\u0161etky kone. S\u00fa obzvl\u00e1\u0161\u0165 vhodn\u00e9 pre mlad\u00e9 kone, resp. kone s\u00a0citliv\u00fdmi \u00fastami.\" \/>\n<meta name=\"robots\" content=\"index, follow, max-snippet:-1, max-image-preview:large, max-video-preview:-1\" \/>\n<link rel=\"canonical\" href=\"https:\/\/arak.spicehorse.eu\/sk\/produkt\/trust-inno-sense-port-medium-oliv-zubadlo\/\" \/>\n<meta property=\"og:locale\" content=\"sk_SK\" \/>\n<meta property=\"og:type\" content=\"article\" \/>\n<meta property=\"og:title\" content=\"TRUST Inno Sense Port Medium ol\u00edv zubadlo - Spicehorse\" \/>\n<meta property=\"og:description\" content=\"spicehorse.eu | Zubadl\u00e1 kolekcie TRUST Equestrian Inno Sense s\u00fa dokonalou vo\u013ebou pre v\u0161etky kone. S\u00fa obzvl\u00e1\u0161\u0165 vhodn\u00e9 pre mlad\u00e9 kone, resp. kone s\u00a0citliv\u00fdmi \u00fastami.\" \/>\n<meta property=\"og:url\" content=\"https:\/\/arak.spicehorse.eu\/sk\/produkt\/trust-inno-sense-port-medium-oliv-zubadlo\/\" \/>\n<meta property=\"og:site_name\" content=\"Spicehorse\" \/>\n<meta property=\"article:publisher\" content=\"https:\/\/www.facebook.com\/SPICEHORSE-550385625402457\/\" \/>\n<meta property=\"article:modified_time\" content=\"2021-03-17T11:50:16+00:00\" \/>\n<meta property=\"og:image\" content=\"https:\/\/arak.spicehorse.eu\/wp-content\/uploads\/2021\/03\/Inno-Sense-eggbut-port.png\" \/>\n\t<meta property=\"og:image:width\" content=\"1200\" \/>\n\t<meta property=\"og:image:height\" content=\"1200\" \/>\n\t<meta property=\"og:image:type\" content=\"image\/png\" \/>\n<meta name=\"twitter:card\" content=\"summary_large_image\" \/>\n<meta name=\"twitter:label1\" content=\"Predpokladan\u00fd \u010das \u010d\u00edtania\" \/>\n\t<meta name=\"twitter:data1\" content=\"1 min\u00fata\" \/>\n<script type=\"application\/ld+json\" class=\"yoast-schema-graph\">{\"@context\":\"https:\/\/schema.org\",\"@graph\":[{\"@type\":\"WebPage\",\"@id\":\"https:\/\/arak.spicehorse.eu\/sk\/produkt\/trust-inno-sense-port-medium-oliv-zubadlo\/\",\"url\":\"https:\/\/arak.spicehorse.eu\/sk\/produkt\/trust-inno-sense-port-medium-oliv-zubadlo\/\",\"name\":\"TRUST Inno Sense Port Medium ol\u00edv zubadlo - Spicehorse\",\"isPartOf\":{\"@id\":\"https:\/\/arak.spicehorse.eu\/en\/#website\"},\"datePublished\":\"2021-03-06T15:48:59+00:00\",\"dateModified\":\"2021-03-17T11:50:16+00:00\",\"description\":\"spicehorse.eu | Zubadl\u00e1 kolekcie TRUST Equestrian Inno Sense s\u00fa dokonalou vo\u013ebou pre v\u0161etky kone. S\u00fa obzvl\u00e1\u0161\u0165 vhodn\u00e9 pre mlad\u00e9 kone, resp. kone s\u00a0citliv\u00fdmi \u00fastami.\",\"breadcrumb\":{\"@id\":\"https:\/\/arak.spicehorse.eu\/sk\/produkt\/trust-inno-sense-port-medium-oliv-zubadlo\/#breadcrumb\"},\"inLanguage\":\"sk-SK\",\"potentialAction\":[{\"@type\":\"ReadAction\",\"target\":[\"https:\/\/arak.spicehorse.eu\/sk\/produkt\/trust-inno-sense-port-medium-oliv-zubadlo\/\"]}]},{\"@type\":\"BreadcrumbList\",\"@id\":\"https:\/\/arak.spicehorse.eu\/sk\/produkt\/trust-inno-sense-port-medium-oliv-zubadlo\/#breadcrumb\",\"itemListElement\":[{\"@type\":\"ListItem\",\"position\":1,\"name\":\"Home\",\"item\":\"https:\/\/arak.spicehorse.eu\/sk\/\"},{\"@type\":\"ListItem\",\"position\":2,\"name\":\"Predaj\u0148a\",\"item\":\"https:\/\/arak.spicehorse.eu\/sk\/predajna\/\"},{\"@type\":\"ListItem\",\"position\":3,\"name\":\"TRUST Inno Sense Port Medium ol\u00edv zubadlo\"}]},{\"@type\":\"WebSite\",\"@id\":\"https:\/\/arak.spicehorse.eu\/en\/#website\",\"url\":\"https:\/\/arak.spicehorse.eu\/en\/\",\"name\":\"Spicehorse\",\"description\":\"UNDER DEVELOPMENT -\",\"potentialAction\":[{\"@type\":\"SearchAction\",\"target\":{\"@type\":\"EntryPoint\",\"urlTemplate\":\"https:\/\/arak.spicehorse.eu\/en\/?s={search_term_string}\"},\"query-input\":\"required name=search_term_string\"}],\"inLanguage\":\"sk-SK\"}]}<\/script>\n<!-- \/ Yoast SEO plugin. -->","yoast_head_json":{"title":"TRUST Inno Sense Port Medium ol\u00edv zubadlo - Spicehorse","description":"spicehorse.eu | Zubadl\u00e1 kolekcie TRUST Equestrian Inno Sense s\u00fa dokonalou vo\u013ebou pre v\u0161etky kone. S\u00fa obzvl\u00e1\u0161\u0165 vhodn\u00e9 pre mlad\u00e9 kone, resp. kone s\u00a0citliv\u00fdmi \u00fastami.","robots":{"index":"index","follow":"follow","max-snippet":"max-snippet:-1","max-image-preview":"max-image-preview:large","max-video-preview":"max-video-preview:-1"},"canonical":"https:\/\/arak.spicehorse.eu\/sk\/produkt\/trust-inno-sense-port-medium-oliv-zubadlo\/","og_locale":"sk_SK","og_type":"article","og_title":"TRUST Inno Sense Port Medium ol\u00edv zubadlo - Spicehorse","og_description":"spicehorse.eu | Zubadl\u00e1 kolekcie TRUST Equestrian Inno Sense s\u00fa dokonalou vo\u013ebou pre v\u0161etky kone. S\u00fa obzvl\u00e1\u0161\u0165 vhodn\u00e9 pre mlad\u00e9 kone, resp. kone s\u00a0citliv\u00fdmi \u00fastami.","og_url":"https:\/\/arak.spicehorse.eu\/sk\/produkt\/trust-inno-sense-port-medium-oliv-zubadlo\/","og_site_name":"Spicehorse","article_publisher":"https:\/\/www.facebook.com\/SPICEHORSE-550385625402457\/","article_modified_time":"2021-03-17T11:50:16+00:00","og_image":[{"width":1200,"height":1200,"url":"https:\/\/arak.spicehorse.eu\/wp-content\/uploads\/2021\/03\/Inno-Sense-eggbut-port.png","type":"image\/png"}],"twitter_card":"summary_large_image","twitter_misc":{"Predpokladan\u00fd \u010das \u010d\u00edtania":"1 min\u00fata"},"schema":{"@context":"https:\/\/schema.org","@graph":[{"@type":"WebPage","@id":"https:\/\/arak.spicehorse.eu\/sk\/produkt\/trust-inno-sense-port-medium-oliv-zubadlo\/","url":"https:\/\/arak.spicehorse.eu\/sk\/produkt\/trust-inno-sense-port-medium-oliv-zubadlo\/","name":"TRUST Inno Sense Port Medium ol\u00edv zubadlo - Spicehorse","isPartOf":{"@id":"https:\/\/arak.spicehorse.eu\/en\/#website"},"datePublished":"2021-03-06T15:48:59+00:00","dateModified":"2021-03-17T11:50:16+00:00","description":"spicehorse.eu | Zubadl\u00e1 kolekcie TRUST Equestrian Inno Sense s\u00fa dokonalou vo\u013ebou pre v\u0161etky kone. S\u00fa obzvl\u00e1\u0161\u0165 vhodn\u00e9 pre mlad\u00e9 kone, resp. kone s\u00a0citliv\u00fdmi \u00fastami.","breadcrumb":{"@id":"https:\/\/arak.spicehorse.eu\/sk\/produkt\/trust-inno-sense-port-medium-oliv-zubadlo\/#breadcrumb"},"inLanguage":"sk-SK","potentialAction":[{"@type":"ReadAction","target":["https:\/\/arak.spicehorse.eu\/sk\/produkt\/trust-inno-sense-port-medium-oliv-zubadlo\/"]}]},{"@type":"BreadcrumbList","@id":"https:\/\/arak.spicehorse.eu\/sk\/produkt\/trust-inno-sense-port-medium-oliv-zubadlo\/#breadcrumb","itemListElement":[{"@type":"ListItem","position":1,"name":"Home","item":"https:\/\/arak.spicehorse.eu\/sk\/"},{"@type":"ListItem","position":2,"name":"Predaj\u0148a","item":"https:\/\/arak.spicehorse.eu\/sk\/predajna\/"},{"@type":"ListItem","position":3,"name":"TRUST Inno Sense Port Medium ol\u00edv zubadlo"}]},{"@type":"WebSite","@id":"https:\/\/arak.spicehorse.eu\/en\/#website","url":"https:\/\/arak.spicehorse.eu\/en\/","name":"Spicehorse","description":"UNDER DEVELOPMENT -","potentialAction":[{"@type":"SearchAction","target":{"@type":"EntryPoint","urlTemplate":"https:\/\/arak.spicehorse.eu\/en\/?s={search_term_string}"},"query-input":"required name=search_term_string"}],"inLanguage":"sk-SK"}]}},"_links":{"self":[{"href":"https:\/\/arak.spicehorse.eu\/sk\/wp-json\/wp\/v2\/product\/21586"}],"collection":[{"href":"https:\/\/arak.spicehorse.eu\/sk\/wp-json\/wp\/v2\/product"}],"about":[{"href":"https:\/\/arak.spicehorse.eu\/sk\/wp-json\/wp\/v2\/types\/product"}],"wp:featuredmedia":[{"embeddable":true,"href":"https:\/\/arak.spicehorse.eu\/sk\/wp-json\/wp\/v2\/media\/21446"}],"wp:attachment":[{"href":"https:\/\/arak.spicehorse.eu\/sk\/wp-json\/wp\/v2\/media?parent=21586"}],"wp:term":[{"taxonomy":"product_cat","embeddable":true,"href":"https:\/\/arak.spicehorse.eu\/sk\/wp-json\/wp\/v2\/product_cat?post=21586"},{"taxonomy":"product_tag","embeddable":true,"href":"https:\/\/arak.spicehorse.eu\/sk\/wp-json\/wp\/v2\/product_tag?post=21586"}],"curies":[{"name":"wp","href":"https:\/\/api.w.org\/{rel}","templated":true}]}}