{"id":21880,"date":"2021-03-16T19:44:18","date_gmt":"2021-03-16T18:44:20","guid":{"rendered":"https:\/\/arak.spicehorse.eu\/?post_type=product&#038;p=21880"},"modified":"2025-04-15T12:23:32","modified_gmt":"2025-04-15T10:23:32","slug":"trust-sweet-iron-eliptical-oliv-podkladove-zubadlo","status":"publish","type":"product","link":"https:\/\/arak.spicehorse.eu\/sk\/produkt\/trust-sweet-iron-eliptical-oliv-podkladove-zubadlo\/","title":{"rendered":"TRUST Sweet Iron Eliptical ol\u00edv podkladov\u00e9 zubadlo"},"content":{"rendered":"<p>Zubadl\u00e1 TRUST Equestrian Sweet Iron (sladk\u00e9 \u017eelezo) s\u00fa vyroben\u00e9 z\u00a0ocele s\u00a0charakteristickou modrou farbou. Sladk\u00e9 \u017eelezo za\u010d\u00edna hrdzavie\u0165 pri styku s\u00a0vlhkos\u0165ou vzduchu a\u00a0zubadlo dostane sladk\u00fa chu\u0165, \u010do samozrejme stimuluje tvorbu sl\u00edn u\u00a0kon\u00ed a\u00a0podporuje, aby k\u00f4\u0148 \u013eah\u0161ie prijal zubadlo. Pri procese hrdzavenia v\u00a0d\u00f4sledku oxid\u00e1cie sa zmen\u00ed modr\u00e1 farba TRUST zubadla na hned\u00fa, \u010do je vyvolan\u00fd \u00fa\u010dinok zubadla zo sladk\u00e9ho \u017eeleza. Ak Sweet Iron zubadlo ur\u010dit\u00fa dobu prestaneme pou\u017e\u00edva\u0165, m\u00f4\u017ee sa na zubadle vytvori\u0165 oran\u017eovo- hned\u00e1 hrdzav\u00e1 vrstva. Pred pou\u017eit\u00edm ju jednoducho zotrite vlhkou handrou.<\/p>\n<p>Sweet Iron zubadl\u00e1 s\u00fa odpor\u00fa\u010dan\u00e9 pre v\u0161etky kone. Sladk\u00e9 \u017eelezo stimuluje tvorbu sl\u00edn u\u00a0kon\u00ed a\u00a0podporuje, aby k\u00f4\u0148 \u013eah\u0161ie prijal zubadlo.<\/p>\n<p>TRUST Sweet Iron zubadl\u00e1 existuj\u00fa v\u00a0mnoh\u00fdch vari\u00e1ci\u00e1ch, r\u00f4zne tel\u00e1 zubadiel maj\u00fa svoje \u0161peci\u00e1lne \u00fa\u010dinky.<\/p>\n<p>TRUST Sweet Iron Eliptical dvakr\u00e1t lomen\u00e9 telo zubadla m\u00e1 dva k\u013aby, formovan\u00e9 smerom k\u00a0\u00fastam, prelo le\u017e\u00ed v\u00a0\u00fastach ko\u0148a vo\u013enej\u0161ie. Dvakr\u00e1t lomen\u00e9 zubadlo Eliptical vyv\u00edja tlak na jazyk a\u00a0na k\u00fatik \u00fast. Oproti raz lomen\u00fdm zubadl\u00e1m vyv\u00edjaj\u00fa dvakr\u00e1t lomen\u00e9 zubadl\u00e1 v\u00e4\u010d\u0161\u00ed tlak na jazyk ko\u0148a.<\/p>\n<p>Ol\u00edv zubadlo je \u0161tandardn\u00fd typ zubadla, ktor\u00e9 ma \u0161irokospektr\u00e1lne pou\u017eitie. Kr\u00fa\u017eky sa nem\u00f4\u017eu pohybova\u0165\u00a0nez\u00e1visle od seba, preto sa pomoc jazdca dost\u00e1va bezprostrednej\u0161ie k zubadlu, zubadlo le\u017e\u00ed v \u00fastach ko\u0148a stabilnej\u0161ie. Ol\u00edv zubadlov\u00e9 kr\u00fa\u017eky neza\u0161tipn\u00fa k\u00fatiky \u00fast ko\u0148a, preto nie je potrebn\u00e9 pou\u017e\u00edvanie gumy na zubadlo. Men\u0161ie zubadlov\u00e9 kr\u00fa\u017eky maj\u00fa ove\u013ea bezprostrednej\u0161ie \u00fa\u010dinky ako v\u00e4\u010d\u0161ie. \u010c\u00edm je kr\u00fa\u017eok men\u0161\u00ed, t\u00fdm v\u00e4\u010d\u0161\u00ed tlak mo\u017eno vyvin\u00fa\u0165 na men\u0161iu plochu.<\/p>\n<p>Zubadl\u00e1 Bradoon s\u00fa naz\u00fdvan\u00e9 podkladov\u00e9 zubadl\u00e1 a\u00a0pou\u017e\u00edvaj\u00fa sa v\u00a0kombin\u00e1cii s\u00a0nap\u00ednac\u00edmi zubadlami, preto m\u00e1 k\u00f4\u0148 v\u00a0\u00fastach naraz dve zubadl\u00e1. Bradoon podkladov\u00e9 zubadlo m\u00e1 men\u0161ie kr\u00fa\u017eky, preto zost\u00e1va dostato\u010dn\u00e9 miesto pre druh\u00e9 zubadlo. Ve\u013ek\u00e9 uzdy s\u00a0dvomi zubadlami sa pou\u017e\u00edvaj\u00fa vo vysok\u00fdch triedach drez\u00fary.<\/p>\n<p>Hr\u00fabka 12 mm alebo 16 mm<\/p>\n","protected":false},"excerpt":{"rendered":"<p>Zubadl\u00e1 TRUST Equestrian Sweet Iron (sladk\u00e9 \u017eelezo) s\u00fa vyroben\u00e9 z\u00a0ocele s\u00a0charakteristickou modrou farbou. Sladk\u00e9 \u017eelezo za\u010d\u00edna hrdzavie\u0165 pri styku s\u00a0vlhkos\u0165ou vzduchu a\u00a0zubadlo dostane sladk\u00fa chu\u0165, \u010do samozrejme stimuluje tvorbu sl\u00edn u\u00a0kon\u00ed a\u00a0podporuje, aby k\u00f4\u0148 \u013eah\u0161ie prijal zubadlo. Pri procese hrdzavenia v\u00a0d\u00f4sledku oxid\u00e1cie sa zmen\u00ed modr\u00e1 farba TRUST zubadla na hned\u00fa, \u010do je vyvolan\u00fd \u00fa\u010dinok zubadla [&hellip;]<\/p>\n","protected":false},"featured_media":21895,"template":"","meta":{"_acf_changed":false},"product_cat":[75,674],"product_tag":[700,692,694],"acf":[],"yoast_head":"<!-- This site is optimized with the Yoast SEO plugin v21.4 - https:\/\/yoast.com\/wordpress\/plugins\/seo\/ -->\n<title>TRUST Sweet Iron Eliptical ol\u00edv podkladov\u00e9 zubadlo - Spicehorse<\/title>\n<meta name=\"description\" content=\"spicehorse.eu | Zubadl\u00e1 TRUST Equestrian Sweet Iron (sladk\u00e9 \u017eelezo) s\u00fa vyroben\u00e9 z\u00a0ocele s\u00a0charakteristickou modrou farbou.\" \/>\n<meta name=\"robots\" content=\"index, follow, max-snippet:-1, max-image-preview:large, max-video-preview:-1\" \/>\n<link rel=\"canonical\" href=\"https:\/\/arak.spicehorse.eu\/sk\/produkt\/trust-sweet-iron-eliptical-oliv-podkladove-zubadlo\/\" \/>\n<meta property=\"og:locale\" content=\"sk_SK\" \/>\n<meta property=\"og:type\" content=\"article\" \/>\n<meta property=\"og:title\" content=\"TRUST Sweet Iron Eliptical ol\u00edv podkladov\u00e9 zubadlo - Spicehorse\" \/>\n<meta property=\"og:description\" content=\"spicehorse.eu | Zubadl\u00e1 TRUST Equestrian Sweet Iron (sladk\u00e9 \u017eelezo) s\u00fa vyroben\u00e9 z\u00a0ocele s\u00a0charakteristickou modrou farbou.\" \/>\n<meta property=\"og:url\" content=\"https:\/\/arak.spicehorse.eu\/sk\/produkt\/trust-sweet-iron-eliptical-oliv-podkladove-zubadlo\/\" \/>\n<meta property=\"og:site_name\" content=\"Spicehorse\" \/>\n<meta property=\"article:publisher\" content=\"https:\/\/www.facebook.com\/SPICEHORSE-550385625402457\/\" \/>\n<meta property=\"article:modified_time\" content=\"2025-04-15T10:23:32+00:00\" \/>\n<meta property=\"og:image\" content=\"https:\/\/arak.spicehorse.eu\/wp-content\/uploads\/2021\/03\/Sweet-Iron-eggbut-bradoon-eliptical-2.png\" \/>\n\t<meta property=\"og:image:width\" content=\"1200\" \/>\n\t<meta property=\"og:image:height\" content=\"1200\" \/>\n\t<meta property=\"og:image:type\" content=\"image\/png\" \/>\n<meta name=\"twitter:card\" content=\"summary_large_image\" \/>\n<meta name=\"twitter:label1\" content=\"Predpokladan\u00fd \u010das \u010d\u00edtania\" \/>\n\t<meta name=\"twitter:data1\" content=\"1 min\u00fata\" \/>\n<script type=\"application\/ld+json\" class=\"yoast-schema-graph\">{\"@context\":\"https:\/\/schema.org\",\"@graph\":[{\"@type\":\"WebPage\",\"@id\":\"https:\/\/arak.spicehorse.eu\/sk\/produkt\/trust-sweet-iron-eliptical-oliv-podkladove-zubadlo\/\",\"url\":\"https:\/\/arak.spicehorse.eu\/sk\/produkt\/trust-sweet-iron-eliptical-oliv-podkladove-zubadlo\/\",\"name\":\"TRUST Sweet Iron Eliptical ol\u00edv podkladov\u00e9 zubadlo - Spicehorse\",\"isPartOf\":{\"@id\":\"https:\/\/arak.spicehorse.eu\/en\/#website\"},\"datePublished\":\"2021-03-16T18:44:20+00:00\",\"dateModified\":\"2025-04-15T10:23:32+00:00\",\"description\":\"spicehorse.eu | Zubadl\u00e1 TRUST Equestrian Sweet Iron (sladk\u00e9 \u017eelezo) s\u00fa vyroben\u00e9 z\u00a0ocele s\u00a0charakteristickou modrou farbou.\",\"breadcrumb\":{\"@id\":\"https:\/\/arak.spicehorse.eu\/sk\/produkt\/trust-sweet-iron-eliptical-oliv-podkladove-zubadlo\/#breadcrumb\"},\"inLanguage\":\"sk-SK\",\"potentialAction\":[{\"@type\":\"ReadAction\",\"target\":[\"https:\/\/arak.spicehorse.eu\/sk\/produkt\/trust-sweet-iron-eliptical-oliv-podkladove-zubadlo\/\"]}]},{\"@type\":\"BreadcrumbList\",\"@id\":\"https:\/\/arak.spicehorse.eu\/sk\/produkt\/trust-sweet-iron-eliptical-oliv-podkladove-zubadlo\/#breadcrumb\",\"itemListElement\":[{\"@type\":\"ListItem\",\"position\":1,\"name\":\"Home\",\"item\":\"https:\/\/arak.spicehorse.eu\/sk\/\"},{\"@type\":\"ListItem\",\"position\":2,\"name\":\"Predaj\u0148a\",\"item\":\"https:\/\/arak.spicehorse.eu\/sk\/predajna\/\"},{\"@type\":\"ListItem\",\"position\":3,\"name\":\"TRUST Sweet Iron Eliptical ol\u00edv podkladov\u00e9 zubadlo\"}]},{\"@type\":\"WebSite\",\"@id\":\"https:\/\/arak.spicehorse.eu\/en\/#website\",\"url\":\"https:\/\/arak.spicehorse.eu\/en\/\",\"name\":\"Spicehorse\",\"description\":\"UNDER DEVELOPMENT -\",\"potentialAction\":[{\"@type\":\"SearchAction\",\"target\":{\"@type\":\"EntryPoint\",\"urlTemplate\":\"https:\/\/arak.spicehorse.eu\/en\/?s={search_term_string}\"},\"query-input\":\"required name=search_term_string\"}],\"inLanguage\":\"sk-SK\"}]}<\/script>\n<!-- \/ Yoast SEO plugin. -->","yoast_head_json":{"title":"TRUST Sweet Iron Eliptical ol\u00edv podkladov\u00e9 zubadlo - Spicehorse","description":"spicehorse.eu | Zubadl\u00e1 TRUST Equestrian Sweet Iron (sladk\u00e9 \u017eelezo) s\u00fa vyroben\u00e9 z\u00a0ocele s\u00a0charakteristickou modrou farbou.","robots":{"index":"index","follow":"follow","max-snippet":"max-snippet:-1","max-image-preview":"max-image-preview:large","max-video-preview":"max-video-preview:-1"},"canonical":"https:\/\/arak.spicehorse.eu\/sk\/produkt\/trust-sweet-iron-eliptical-oliv-podkladove-zubadlo\/","og_locale":"sk_SK","og_type":"article","og_title":"TRUST Sweet Iron Eliptical ol\u00edv podkladov\u00e9 zubadlo - Spicehorse","og_description":"spicehorse.eu | Zubadl\u00e1 TRUST Equestrian Sweet Iron (sladk\u00e9 \u017eelezo) s\u00fa vyroben\u00e9 z\u00a0ocele s\u00a0charakteristickou modrou farbou.","og_url":"https:\/\/arak.spicehorse.eu\/sk\/produkt\/trust-sweet-iron-eliptical-oliv-podkladove-zubadlo\/","og_site_name":"Spicehorse","article_publisher":"https:\/\/www.facebook.com\/SPICEHORSE-550385625402457\/","article_modified_time":"2025-04-15T10:23:32+00:00","og_image":[{"width":1200,"height":1200,"url":"https:\/\/arak.spicehorse.eu\/wp-content\/uploads\/2021\/03\/Sweet-Iron-eggbut-bradoon-eliptical-2.png","type":"image\/png"}],"twitter_card":"summary_large_image","twitter_misc":{"Predpokladan\u00fd \u010das \u010d\u00edtania":"1 min\u00fata"},"schema":{"@context":"https:\/\/schema.org","@graph":[{"@type":"WebPage","@id":"https:\/\/arak.spicehorse.eu\/sk\/produkt\/trust-sweet-iron-eliptical-oliv-podkladove-zubadlo\/","url":"https:\/\/arak.spicehorse.eu\/sk\/produkt\/trust-sweet-iron-eliptical-oliv-podkladove-zubadlo\/","name":"TRUST Sweet Iron Eliptical ol\u00edv podkladov\u00e9 zubadlo - Spicehorse","isPartOf":{"@id":"https:\/\/arak.spicehorse.eu\/en\/#website"},"datePublished":"2021-03-16T18:44:20+00:00","dateModified":"2025-04-15T10:23:32+00:00","description":"spicehorse.eu | Zubadl\u00e1 TRUST Equestrian Sweet Iron (sladk\u00e9 \u017eelezo) s\u00fa vyroben\u00e9 z\u00a0ocele s\u00a0charakteristickou modrou farbou.","breadcrumb":{"@id":"https:\/\/arak.spicehorse.eu\/sk\/produkt\/trust-sweet-iron-eliptical-oliv-podkladove-zubadlo\/#breadcrumb"},"inLanguage":"sk-SK","potentialAction":[{"@type":"ReadAction","target":["https:\/\/arak.spicehorse.eu\/sk\/produkt\/trust-sweet-iron-eliptical-oliv-podkladove-zubadlo\/"]}]},{"@type":"BreadcrumbList","@id":"https:\/\/arak.spicehorse.eu\/sk\/produkt\/trust-sweet-iron-eliptical-oliv-podkladove-zubadlo\/#breadcrumb","itemListElement":[{"@type":"ListItem","position":1,"name":"Home","item":"https:\/\/arak.spicehorse.eu\/sk\/"},{"@type":"ListItem","position":2,"name":"Predaj\u0148a","item":"https:\/\/arak.spicehorse.eu\/sk\/predajna\/"},{"@type":"ListItem","position":3,"name":"TRUST Sweet Iron Eliptical ol\u00edv podkladov\u00e9 zubadlo"}]},{"@type":"WebSite","@id":"https:\/\/arak.spicehorse.eu\/en\/#website","url":"https:\/\/arak.spicehorse.eu\/en\/","name":"Spicehorse","description":"UNDER DEVELOPMENT -","potentialAction":[{"@type":"SearchAction","target":{"@type":"EntryPoint","urlTemplate":"https:\/\/arak.spicehorse.eu\/en\/?s={search_term_string}"},"query-input":"required name=search_term_string"}],"inLanguage":"sk-SK"}]}},"_links":{"self":[{"href":"https:\/\/arak.spicehorse.eu\/sk\/wp-json\/wp\/v2\/product\/21880"}],"collection":[{"href":"https:\/\/arak.spicehorse.eu\/sk\/wp-json\/wp\/v2\/product"}],"about":[{"href":"https:\/\/arak.spicehorse.eu\/sk\/wp-json\/wp\/v2\/types\/product"}],"wp:featuredmedia":[{"embeddable":true,"href":"https:\/\/arak.spicehorse.eu\/sk\/wp-json\/wp\/v2\/media\/21895"}],"wp:attachment":[{"href":"https:\/\/arak.spicehorse.eu\/sk\/wp-json\/wp\/v2\/media?parent=21880"}],"wp:term":[{"taxonomy":"product_cat","embeddable":true,"href":"https:\/\/arak.spicehorse.eu\/sk\/wp-json\/wp\/v2\/product_cat?post=21880"},{"taxonomy":"product_tag","embeddable":true,"href":"https:\/\/arak.spicehorse.eu\/sk\/wp-json\/wp\/v2\/product_tag?post=21880"}],"curies":[{"name":"wp","href":"https:\/\/api.w.org\/{rel}","templated":true}]}}