{"id":22026,"date":"2021-03-19T13:58:21","date_gmt":"2021-03-19T12:58:22","guid":{"rendered":"https:\/\/arak.spicehorse.eu\/?post_type=product&#038;p=22026"},"modified":"2025-06-04T14:34:28","modified_gmt":"2025-06-04T12:34:28","slug":"equestrian-stockholm-white-perfection-drezurna-podsedlova-decka-2","status":"publish","type":"product","link":"https:\/\/arak.spicehorse.eu\/sk\/produkt\/equestrian-stockholm-white-perfection-drezurna-podsedlova-decka-2\/","title":{"rendered":"Equestrian Stockholm White Perfection drez\u00farna podsedlov\u00e1 de\u010dka"},"content":{"rendered":"<p>Equestrian Stockholm drez\u00farne podsedlov\u00e9 de\u010dky v\u00a0mimoriadne elegantnom a\u00a0jedine\u010dnom dizajne vo ve\u013ekosti full. V\u00a0prekr\u00e1snej lesklej bielej farbe, so strieborn\u00fdm \u0161nurovan\u00edm, ur\u010dite sa stan\u00fa va\u0161imi ob\u013e\u00faben\u00fdmi! Vonkaj\u0161\u00ed materi\u00e1l je leskl\u00fd a\u00a0odpudzuje \u0161pinu, na boku sa nach\u00e1dza kovov\u00e1 tabu\u013eka s\u00a0n\u00e1pisom\u00a0Equestrian Stockholm. Vn\u00fatorn\u00e1 \u010das\u0165 z\u00a0extra r\u00fdchlo schn\u00faceho materi\u00e1lu mimoriadne \u00fa\u010dinne pohlcuje vlhkos\u0165.<\/p>\n","protected":false},"excerpt":{"rendered":"<ul>\n<li>Ve\u013ekos\u0165: Full<\/li>\n<li>Farba: biela<\/li>\n<li>\u0160nurovanie: modr\u00e1\/strieborn\u00e9<\/li>\n<li>Kovov\u00e1 tabu\u013eka: strieborn\u00e1<\/li>\n<li>Pranie: na 30\u00b0\u00a0stup\u0148och \/ nepou\u017e\u00edvajte aviv\u00e1\u017e \/ nevkladajte do su\u0161i\u010dky \/ perte z\u00a0rubovej strany v\u00a0z\u00e1ujme \u00fa\u010dinnej\u0161ieho prania a\u00a0ochrany kovovej tabu\u013eky \/ such\u00e9 zipsy majte zapnut\u00e9<\/li>\n<\/ul>\n","protected":false},"featured_media":196711,"template":"","meta":{"_acf_changed":false},"product_cat":[1743,75,367],"product_tag":[217,351,361,452],"acf":[],"yoast_head":"<!-- This site is optimized with the Yoast SEO plugin v21.4 - https:\/\/yoast.com\/wordpress\/plugins\/seo\/ -->\n<title>Equestrian Stockholm White Perfection drez\u00farna podsedlov\u00e1 de\u010dka - Spicehorse<\/title>\n<meta name=\"description\" content=\"spicehorse.eu | Equestrian Stockholm drez\u00farne podsedlov\u00e9 de\u010dky v\u00a0mimoriadne elegantnom a\u00a0jedine\u010dnom dizajne vo ve\u013ekosti full. V\u00a0prekr\u00e1snej lesklej bielej farbe, so strieborn\u00fdm \u0161nurovan\u00edm, ur\u010dite sa stan\u00fa va\u0161imi ob\u013e\u00faben\u00fdmi!\" \/>\n<meta name=\"robots\" content=\"index, follow, max-snippet:-1, max-image-preview:large, max-video-preview:-1\" \/>\n<link rel=\"canonical\" href=\"https:\/\/arak.spicehorse.eu\/sk\/produkt\/equestrian-stockholm-white-perfection-drezurna-podsedlova-decka-2\/\" \/>\n<meta property=\"og:locale\" content=\"sk_SK\" \/>\n<meta property=\"og:type\" content=\"article\" \/>\n<meta property=\"og:title\" content=\"Equestrian Stockholm White Perfection drez\u00farna podsedlov\u00e1 de\u010dka - Spicehorse\" \/>\n<meta property=\"og:description\" content=\"spicehorse.eu | Equestrian Stockholm drez\u00farne podsedlov\u00e9 de\u010dky v\u00a0mimoriadne elegantnom a\u00a0jedine\u010dnom dizajne vo ve\u013ekosti full. V\u00a0prekr\u00e1snej lesklej bielej farbe, so strieborn\u00fdm \u0161nurovan\u00edm, ur\u010dite sa stan\u00fa va\u0161imi ob\u013e\u00faben\u00fdmi!\" \/>\n<meta property=\"og:url\" content=\"https:\/\/arak.spicehorse.eu\/sk\/produkt\/equestrian-stockholm-white-perfection-drezurna-podsedlova-decka-2\/\" \/>\n<meta property=\"og:site_name\" content=\"Spicehorse\" \/>\n<meta property=\"article:publisher\" content=\"https:\/\/www.facebook.com\/SPICEHORSE-550385625402457\/\" \/>\n<meta property=\"article:modified_time\" content=\"2025-06-04T12:34:28+00:00\" \/>\n<meta property=\"og:image\" content=\"https:\/\/arak.spicehorse.eu\/wp-content\/uploads\/2021\/03\/whiteperfection-classic-saddlepad-dressage-1-1-silverbricka-2000pxjpg.webp\" \/>\n\t<meta property=\"og:image:width\" content=\"1500\" \/>\n\t<meta property=\"og:image:height\" content=\"2000\" \/>\n\t<meta property=\"og:image:type\" content=\"image\/webp\" \/>\n<meta name=\"twitter:card\" content=\"summary_large_image\" \/>\n<script type=\"application\/ld+json\" class=\"yoast-schema-graph\">{\"@context\":\"https:\/\/schema.org\",\"@graph\":[{\"@type\":\"WebPage\",\"@id\":\"https:\/\/arak.spicehorse.eu\/sk\/produkt\/equestrian-stockholm-white-perfection-drezurna-podsedlova-decka-2\/\",\"url\":\"https:\/\/arak.spicehorse.eu\/sk\/produkt\/equestrian-stockholm-white-perfection-drezurna-podsedlova-decka-2\/\",\"name\":\"Equestrian Stockholm White Perfection drez\u00farna podsedlov\u00e1 de\u010dka - Spicehorse\",\"isPartOf\":{\"@id\":\"https:\/\/arak.spicehorse.eu\/en\/#website\"},\"datePublished\":\"2021-03-19T12:58:22+00:00\",\"dateModified\":\"2025-06-04T12:34:28+00:00\",\"description\":\"spicehorse.eu | Equestrian Stockholm drez\u00farne podsedlov\u00e9 de\u010dky v\u00a0mimoriadne elegantnom a\u00a0jedine\u010dnom dizajne vo ve\u013ekosti full. V\u00a0prekr\u00e1snej lesklej bielej farbe, so strieborn\u00fdm \u0161nurovan\u00edm, ur\u010dite sa stan\u00fa va\u0161imi ob\u013e\u00faben\u00fdmi!\",\"breadcrumb\":{\"@id\":\"https:\/\/arak.spicehorse.eu\/sk\/produkt\/equestrian-stockholm-white-perfection-drezurna-podsedlova-decka-2\/#breadcrumb\"},\"inLanguage\":\"sk-SK\",\"potentialAction\":[{\"@type\":\"ReadAction\",\"target\":[\"https:\/\/arak.spicehorse.eu\/sk\/produkt\/equestrian-stockholm-white-perfection-drezurna-podsedlova-decka-2\/\"]}]},{\"@type\":\"BreadcrumbList\",\"@id\":\"https:\/\/arak.spicehorse.eu\/sk\/produkt\/equestrian-stockholm-white-perfection-drezurna-podsedlova-decka-2\/#breadcrumb\",\"itemListElement\":[{\"@type\":\"ListItem\",\"position\":1,\"name\":\"Home\",\"item\":\"https:\/\/arak.spicehorse.eu\/sk\/\"},{\"@type\":\"ListItem\",\"position\":2,\"name\":\"Predaj\u0148a\",\"item\":\"https:\/\/arak.spicehorse.eu\/sk\/predajna\/\"},{\"@type\":\"ListItem\",\"position\":3,\"name\":\"Equestrian Stockholm White Perfection drez\u00farna podsedlov\u00e1 de\u010dka\"}]},{\"@type\":\"WebSite\",\"@id\":\"https:\/\/arak.spicehorse.eu\/en\/#website\",\"url\":\"https:\/\/arak.spicehorse.eu\/en\/\",\"name\":\"Spicehorse\",\"description\":\"UNDER DEVELOPMENT -\",\"potentialAction\":[{\"@type\":\"SearchAction\",\"target\":{\"@type\":\"EntryPoint\",\"urlTemplate\":\"https:\/\/arak.spicehorse.eu\/en\/?s={search_term_string}\"},\"query-input\":\"required name=search_term_string\"}],\"inLanguage\":\"sk-SK\"}]}<\/script>\n<!-- \/ Yoast SEO plugin. -->","yoast_head_json":{"title":"Equestrian Stockholm White Perfection drez\u00farna podsedlov\u00e1 de\u010dka - Spicehorse","description":"spicehorse.eu | Equestrian Stockholm drez\u00farne podsedlov\u00e9 de\u010dky v\u00a0mimoriadne elegantnom a\u00a0jedine\u010dnom dizajne vo ve\u013ekosti full. V\u00a0prekr\u00e1snej lesklej bielej farbe, so strieborn\u00fdm \u0161nurovan\u00edm, ur\u010dite sa stan\u00fa va\u0161imi ob\u013e\u00faben\u00fdmi!","robots":{"index":"index","follow":"follow","max-snippet":"max-snippet:-1","max-image-preview":"max-image-preview:large","max-video-preview":"max-video-preview:-1"},"canonical":"https:\/\/arak.spicehorse.eu\/sk\/produkt\/equestrian-stockholm-white-perfection-drezurna-podsedlova-decka-2\/","og_locale":"sk_SK","og_type":"article","og_title":"Equestrian Stockholm White Perfection drez\u00farna podsedlov\u00e1 de\u010dka - Spicehorse","og_description":"spicehorse.eu | Equestrian Stockholm drez\u00farne podsedlov\u00e9 de\u010dky v\u00a0mimoriadne elegantnom a\u00a0jedine\u010dnom dizajne vo ve\u013ekosti full. V\u00a0prekr\u00e1snej lesklej bielej farbe, so strieborn\u00fdm \u0161nurovan\u00edm, ur\u010dite sa stan\u00fa va\u0161imi ob\u013e\u00faben\u00fdmi!","og_url":"https:\/\/arak.spicehorse.eu\/sk\/produkt\/equestrian-stockholm-white-perfection-drezurna-podsedlova-decka-2\/","og_site_name":"Spicehorse","article_publisher":"https:\/\/www.facebook.com\/SPICEHORSE-550385625402457\/","article_modified_time":"2025-06-04T12:34:28+00:00","og_image":[{"width":1500,"height":2000,"url":"https:\/\/arak.spicehorse.eu\/wp-content\/uploads\/2021\/03\/whiteperfection-classic-saddlepad-dressage-1-1-silverbricka-2000pxjpg.webp","type":"image\/webp"}],"twitter_card":"summary_large_image","schema":{"@context":"https:\/\/schema.org","@graph":[{"@type":"WebPage","@id":"https:\/\/arak.spicehorse.eu\/sk\/produkt\/equestrian-stockholm-white-perfection-drezurna-podsedlova-decka-2\/","url":"https:\/\/arak.spicehorse.eu\/sk\/produkt\/equestrian-stockholm-white-perfection-drezurna-podsedlova-decka-2\/","name":"Equestrian Stockholm White Perfection drez\u00farna podsedlov\u00e1 de\u010dka - Spicehorse","isPartOf":{"@id":"https:\/\/arak.spicehorse.eu\/en\/#website"},"datePublished":"2021-03-19T12:58:22+00:00","dateModified":"2025-06-04T12:34:28+00:00","description":"spicehorse.eu | Equestrian Stockholm drez\u00farne podsedlov\u00e9 de\u010dky v\u00a0mimoriadne elegantnom a\u00a0jedine\u010dnom dizajne vo ve\u013ekosti full. V\u00a0prekr\u00e1snej lesklej bielej farbe, so strieborn\u00fdm \u0161nurovan\u00edm, ur\u010dite sa stan\u00fa va\u0161imi ob\u013e\u00faben\u00fdmi!","breadcrumb":{"@id":"https:\/\/arak.spicehorse.eu\/sk\/produkt\/equestrian-stockholm-white-perfection-drezurna-podsedlova-decka-2\/#breadcrumb"},"inLanguage":"sk-SK","potentialAction":[{"@type":"ReadAction","target":["https:\/\/arak.spicehorse.eu\/sk\/produkt\/equestrian-stockholm-white-perfection-drezurna-podsedlova-decka-2\/"]}]},{"@type":"BreadcrumbList","@id":"https:\/\/arak.spicehorse.eu\/sk\/produkt\/equestrian-stockholm-white-perfection-drezurna-podsedlova-decka-2\/#breadcrumb","itemListElement":[{"@type":"ListItem","position":1,"name":"Home","item":"https:\/\/arak.spicehorse.eu\/sk\/"},{"@type":"ListItem","position":2,"name":"Predaj\u0148a","item":"https:\/\/arak.spicehorse.eu\/sk\/predajna\/"},{"@type":"ListItem","position":3,"name":"Equestrian Stockholm White Perfection drez\u00farna podsedlov\u00e1 de\u010dka"}]},{"@type":"WebSite","@id":"https:\/\/arak.spicehorse.eu\/en\/#website","url":"https:\/\/arak.spicehorse.eu\/en\/","name":"Spicehorse","description":"UNDER DEVELOPMENT -","potentialAction":[{"@type":"SearchAction","target":{"@type":"EntryPoint","urlTemplate":"https:\/\/arak.spicehorse.eu\/en\/?s={search_term_string}"},"query-input":"required name=search_term_string"}],"inLanguage":"sk-SK"}]}},"_links":{"self":[{"href":"https:\/\/arak.spicehorse.eu\/sk\/wp-json\/wp\/v2\/product\/22026"}],"collection":[{"href":"https:\/\/arak.spicehorse.eu\/sk\/wp-json\/wp\/v2\/product"}],"about":[{"href":"https:\/\/arak.spicehorse.eu\/sk\/wp-json\/wp\/v2\/types\/product"}],"wp:featuredmedia":[{"embeddable":true,"href":"https:\/\/arak.spicehorse.eu\/sk\/wp-json\/wp\/v2\/media\/196711"}],"wp:attachment":[{"href":"https:\/\/arak.spicehorse.eu\/sk\/wp-json\/wp\/v2\/media?parent=22026"}],"wp:term":[{"taxonomy":"product_cat","embeddable":true,"href":"https:\/\/arak.spicehorse.eu\/sk\/wp-json\/wp\/v2\/product_cat?post=22026"},{"taxonomy":"product_tag","embeddable":true,"href":"https:\/\/arak.spicehorse.eu\/sk\/wp-json\/wp\/v2\/product_tag?post=22026"}],"curies":[{"name":"wp","href":"https:\/\/api.w.org\/{rel}","templated":true}]}}