{"id":22058,"date":"2021-03-24T10:19:46","date_gmt":"2021-03-24T09:19:47","guid":{"rendered":"https:\/\/arak.spicehorse.eu\/?post_type=product&#038;p=22058"},"modified":"2022-03-31T19:04:50","modified_gmt":"2022-03-31T17:04:50","slug":"trust-inno-sense-weymouth-port-medium-napinacie-zubadlo","status":"publish","type":"product","link":"https:\/\/arak.spicehorse.eu\/sk\/produkt\/trust-inno-sense-weymouth-port-medium-napinacie-zubadlo\/","title":{"rendered":"TRUST Inno Sense Weymouth Non Fixed Port Medium nap\u00ednacie zubadlo"},"content":{"rendered":"<p>Zubadl\u00e1 kolekcie TRUST Equestrian Inno Sense s\u00fa dokonalou vo\u013ebou pre v\u0161etky kone. S\u00fa obzvl\u00e1\u0161\u0165 vhodn\u00e9 pre mlad\u00e9 kone, resp. kone s\u00a0citliv\u00fdmi \u00fastami. Zubadlo vyroben\u00e9 zo syntetick\u00e9ho materi\u00e1lu schv\u00e1len\u00e9ho FDA*, neobsahuje \u0161kodliv\u00e9 a\u00a0jedovat\u00e9 l\u00e1tky.<\/p>\n<p>Kone, na ktor\u00fdch sa jazd\u00ed so zubadlami Inno Sense \u013eah\u0161ie sleduj\u00fa ruku jazdca a jednoduch\u0161ie prijm\u00fa zubadlo.<\/p>\n<p>Zubadl\u00e1 Inno Sense Port Medium s\u00fa vyroben\u00e9 zo syntetick\u00e9ho elastick\u00e9ho materi\u00e1lu a\u00a0s\u00fa pru\u017en\u00e9, s\u00fa v\u0161ak meravej\u0161ie ako Flexi Soft zubadl\u00e1. Vn\u00fatro zubadla je vyroben\u00e9 z\u00a0kovu. Zubadl\u00e1 TRUST Inno Sense Port Medium \u00a0s\u00fa mierne pru\u017en\u00e9. \u00dastna \u010das\u0165 je mierne zaoblen\u00e1, t\u00fdm p\u00e1dom m\u00e1 jazyk ko\u0148a dostatok miesta a\u00a0z\u00e1rove\u0148 sa zni\u017euje tlak na stred jazyka.<\/p>\n<p>Neupevnen\u00e9 nap\u00ednacie zubadlo Weymouth sa pou\u017e\u00edva v\u00a0kombin\u00e1cii s\u00a0podkladov\u00fdm zubadlom k\u00a0ve\u013ekej uzde\u010dke. Ve\u013ek\u00e1 uzde\u010dku s\u00a0dvomi zubadlami sa pou\u017e\u00edva vo vrcholovom drez\u00farnom jazdectve. Jazyk ko\u0148a m\u00e1 vo\u013en\u00fd pohyb, uzde\u010dku mo\u017eno trochu nadvihn\u00fa\u0165 a\u00a0zn\u00ed\u017ei\u0165 t\u00fdm tlak na jazyk ko\u0148a. Nap\u00ednac\u00edm zubadlom m\u00e1me na ko\u0148a v\u00e4\u010d\u0161\u00ed vplyv. \u010c\u00edm je zubadlo dlh\u0161ie, \u010d\u00edm je \u00fa\u010dinok v\u00e4\u010d\u0161\u00ed. Kv\u00f4li tomu je neupevnen\u00e9 nap\u00ednacie zubadlo Weymouth \u00a0silnej\u0161ie zubadlo ako baby Weymouth nap\u00ednacie zubadlo. Pou\u017e\u00edva sa spolu s\u00a0podbradn\u00fdm remienkom.<\/p>\n<p>Hr\u00fabka 20 mm<\/p>\n<p>*U.S Food and Drug Administration \u2013 Americk\u00fd \u00farad pre kontrolu potrav\u00edn a\u00a0lie\u010div<\/p>\n","protected":false},"excerpt":{"rendered":"<p>Zubadl\u00e1 kolekcie TRUST Equestrian Inno Sense s\u00fa dokonalou vo\u013ebou pre v\u0161etky kone. S\u00fa obzvl\u00e1\u0161\u0165 vhodn\u00e9 pre mlad\u00e9 kone, resp. kone s\u00a0citliv\u00fdmi \u00fastami. Zubadlo vyroben\u00e9 zo syntetick\u00e9ho materi\u00e1lu schv\u00e1len\u00e9ho FDA*, neobsahuje \u0161kodliv\u00e9 a\u00a0jedovat\u00e9 l\u00e1tky. Kone, na ktor\u00fdch sa jazd\u00ed so zubadlami Inno Sense \u013eah\u0161ie sleduj\u00fa ruku jazdca a jednoduch\u0161ie prijm\u00fa zubadlo. Zubadl\u00e1 Inno Sense Port Medium [&hellip;]<\/p>\n","protected":false},"featured_media":55727,"template":"","meta":{"_acf_changed":false},"product_cat":[78,75,674],"product_tag":[691,693,692,694],"acf":[],"yoast_head":"<!-- This site is optimized with the Yoast SEO plugin v21.4 - https:\/\/yoast.com\/wordpress\/plugins\/seo\/ -->\n<title>TRUST Inno Sense Weymouth Non Fixed Port Medium nap\u00ednacie zubadlo - Spicehorse<\/title>\n<meta name=\"description\" content=\"spicehorse.eu | Zubadl\u00e1 kolekcie TRUST Equestrian Inno Sense s\u00fa dokonalou vo\u013ebou pre v\u0161etky kone. S\u00fa obzvl\u00e1\u0161\u0165 vhodn\u00e9 pre mlad\u00e9 kone, resp. kone s\u00a0citliv\u00fdmi \u00fastami.\" \/>\n<meta name=\"robots\" content=\"index, follow, max-snippet:-1, max-image-preview:large, max-video-preview:-1\" \/>\n<link rel=\"canonical\" href=\"https:\/\/arak.spicehorse.eu\/sk\/produkt\/trust-inno-sense-weymouth-port-medium-napinacie-zubadlo\/\" \/>\n<meta property=\"og:locale\" content=\"sk_SK\" \/>\n<meta property=\"og:type\" content=\"article\" \/>\n<meta property=\"og:title\" content=\"TRUST Inno Sense Weymouth Non Fixed Port Medium nap\u00ednacie zubadlo - Spicehorse\" \/>\n<meta property=\"og:description\" content=\"spicehorse.eu | Zubadl\u00e1 kolekcie TRUST Equestrian Inno Sense s\u00fa dokonalou vo\u013ebou pre v\u0161etky kone. S\u00fa obzvl\u00e1\u0161\u0165 vhodn\u00e9 pre mlad\u00e9 kone, resp. kone s\u00a0citliv\u00fdmi \u00fastami.\" \/>\n<meta property=\"og:url\" content=\"https:\/\/arak.spicehorse.eu\/sk\/produkt\/trust-inno-sense-weymouth-port-medium-napinacie-zubadlo\/\" \/>\n<meta property=\"og:site_name\" content=\"Spicehorse\" \/>\n<meta property=\"article:publisher\" content=\"https:\/\/www.facebook.com\/SPICEHORSE-550385625402457\/\" \/>\n<meta property=\"article:modified_time\" content=\"2022-03-31T17:04:50+00:00\" \/>\n<meta property=\"og:image\" content=\"https:\/\/arak.spicehorse.eu\/wp-content\/uploads\/2021\/03\/Inno-Sense-weymouth-port-medium.jpg\" \/>\n\t<meta property=\"og:image:width\" content=\"800\" \/>\n\t<meta property=\"og:image:height\" content=\"800\" \/>\n\t<meta property=\"og:image:type\" content=\"image\/jpeg\" \/>\n<meta name=\"twitter:card\" content=\"summary_large_image\" \/>\n<meta name=\"twitter:label1\" content=\"Predpokladan\u00fd \u010das \u010d\u00edtania\" \/>\n\t<meta name=\"twitter:data1\" content=\"1 min\u00fata\" \/>\n<script type=\"application\/ld+json\" class=\"yoast-schema-graph\">{\"@context\":\"https:\/\/schema.org\",\"@graph\":[{\"@type\":\"WebPage\",\"@id\":\"https:\/\/arak.spicehorse.eu\/sk\/produkt\/trust-inno-sense-weymouth-port-medium-napinacie-zubadlo\/\",\"url\":\"https:\/\/arak.spicehorse.eu\/sk\/produkt\/trust-inno-sense-weymouth-port-medium-napinacie-zubadlo\/\",\"name\":\"TRUST Inno Sense Weymouth Non Fixed Port Medium nap\u00ednacie zubadlo - Spicehorse\",\"isPartOf\":{\"@id\":\"https:\/\/arak.spicehorse.eu\/en\/#website\"},\"datePublished\":\"2021-03-24T09:19:47+00:00\",\"dateModified\":\"2022-03-31T17:04:50+00:00\",\"description\":\"spicehorse.eu | Zubadl\u00e1 kolekcie TRUST Equestrian Inno Sense s\u00fa dokonalou vo\u013ebou pre v\u0161etky kone. S\u00fa obzvl\u00e1\u0161\u0165 vhodn\u00e9 pre mlad\u00e9 kone, resp. kone s\u00a0citliv\u00fdmi \u00fastami.\",\"breadcrumb\":{\"@id\":\"https:\/\/arak.spicehorse.eu\/sk\/produkt\/trust-inno-sense-weymouth-port-medium-napinacie-zubadlo\/#breadcrumb\"},\"inLanguage\":\"sk-SK\",\"potentialAction\":[{\"@type\":\"ReadAction\",\"target\":[\"https:\/\/arak.spicehorse.eu\/sk\/produkt\/trust-inno-sense-weymouth-port-medium-napinacie-zubadlo\/\"]}]},{\"@type\":\"BreadcrumbList\",\"@id\":\"https:\/\/arak.spicehorse.eu\/sk\/produkt\/trust-inno-sense-weymouth-port-medium-napinacie-zubadlo\/#breadcrumb\",\"itemListElement\":[{\"@type\":\"ListItem\",\"position\":1,\"name\":\"Home\",\"item\":\"https:\/\/arak.spicehorse.eu\/sk\/\"},{\"@type\":\"ListItem\",\"position\":2,\"name\":\"Predaj\u0148a\",\"item\":\"https:\/\/arak.spicehorse.eu\/sk\/predajna\/\"},{\"@type\":\"ListItem\",\"position\":3,\"name\":\"TRUST Inno Sense Weymouth Non Fixed Port Medium nap\u00ednacie zubadlo\"}]},{\"@type\":\"WebSite\",\"@id\":\"https:\/\/arak.spicehorse.eu\/en\/#website\",\"url\":\"https:\/\/arak.spicehorse.eu\/en\/\",\"name\":\"Spicehorse\",\"description\":\"UNDER DEVELOPMENT -\",\"potentialAction\":[{\"@type\":\"SearchAction\",\"target\":{\"@type\":\"EntryPoint\",\"urlTemplate\":\"https:\/\/arak.spicehorse.eu\/en\/?s={search_term_string}\"},\"query-input\":\"required name=search_term_string\"}],\"inLanguage\":\"sk-SK\"}]}<\/script>\n<!-- \/ Yoast SEO plugin. -->","yoast_head_json":{"title":"TRUST Inno Sense Weymouth Non Fixed Port Medium nap\u00ednacie zubadlo - Spicehorse","description":"spicehorse.eu | Zubadl\u00e1 kolekcie TRUST Equestrian Inno Sense s\u00fa dokonalou vo\u013ebou pre v\u0161etky kone. S\u00fa obzvl\u00e1\u0161\u0165 vhodn\u00e9 pre mlad\u00e9 kone, resp. kone s\u00a0citliv\u00fdmi \u00fastami.","robots":{"index":"index","follow":"follow","max-snippet":"max-snippet:-1","max-image-preview":"max-image-preview:large","max-video-preview":"max-video-preview:-1"},"canonical":"https:\/\/arak.spicehorse.eu\/sk\/produkt\/trust-inno-sense-weymouth-port-medium-napinacie-zubadlo\/","og_locale":"sk_SK","og_type":"article","og_title":"TRUST Inno Sense Weymouth Non Fixed Port Medium nap\u00ednacie zubadlo - Spicehorse","og_description":"spicehorse.eu | Zubadl\u00e1 kolekcie TRUST Equestrian Inno Sense s\u00fa dokonalou vo\u013ebou pre v\u0161etky kone. S\u00fa obzvl\u00e1\u0161\u0165 vhodn\u00e9 pre mlad\u00e9 kone, resp. kone s\u00a0citliv\u00fdmi \u00fastami.","og_url":"https:\/\/arak.spicehorse.eu\/sk\/produkt\/trust-inno-sense-weymouth-port-medium-napinacie-zubadlo\/","og_site_name":"Spicehorse","article_publisher":"https:\/\/www.facebook.com\/SPICEHORSE-550385625402457\/","article_modified_time":"2022-03-31T17:04:50+00:00","og_image":[{"width":800,"height":800,"url":"https:\/\/arak.spicehorse.eu\/wp-content\/uploads\/2021\/03\/Inno-Sense-weymouth-port-medium.jpg","type":"image\/jpeg"}],"twitter_card":"summary_large_image","twitter_misc":{"Predpokladan\u00fd \u010das \u010d\u00edtania":"1 min\u00fata"},"schema":{"@context":"https:\/\/schema.org","@graph":[{"@type":"WebPage","@id":"https:\/\/arak.spicehorse.eu\/sk\/produkt\/trust-inno-sense-weymouth-port-medium-napinacie-zubadlo\/","url":"https:\/\/arak.spicehorse.eu\/sk\/produkt\/trust-inno-sense-weymouth-port-medium-napinacie-zubadlo\/","name":"TRUST Inno Sense Weymouth Non Fixed Port Medium nap\u00ednacie zubadlo - Spicehorse","isPartOf":{"@id":"https:\/\/arak.spicehorse.eu\/en\/#website"},"datePublished":"2021-03-24T09:19:47+00:00","dateModified":"2022-03-31T17:04:50+00:00","description":"spicehorse.eu | Zubadl\u00e1 kolekcie TRUST Equestrian Inno Sense s\u00fa dokonalou vo\u013ebou pre v\u0161etky kone. S\u00fa obzvl\u00e1\u0161\u0165 vhodn\u00e9 pre mlad\u00e9 kone, resp. kone s\u00a0citliv\u00fdmi \u00fastami.","breadcrumb":{"@id":"https:\/\/arak.spicehorse.eu\/sk\/produkt\/trust-inno-sense-weymouth-port-medium-napinacie-zubadlo\/#breadcrumb"},"inLanguage":"sk-SK","potentialAction":[{"@type":"ReadAction","target":["https:\/\/arak.spicehorse.eu\/sk\/produkt\/trust-inno-sense-weymouth-port-medium-napinacie-zubadlo\/"]}]},{"@type":"BreadcrumbList","@id":"https:\/\/arak.spicehorse.eu\/sk\/produkt\/trust-inno-sense-weymouth-port-medium-napinacie-zubadlo\/#breadcrumb","itemListElement":[{"@type":"ListItem","position":1,"name":"Home","item":"https:\/\/arak.spicehorse.eu\/sk\/"},{"@type":"ListItem","position":2,"name":"Predaj\u0148a","item":"https:\/\/arak.spicehorse.eu\/sk\/predajna\/"},{"@type":"ListItem","position":3,"name":"TRUST Inno Sense Weymouth Non Fixed Port Medium nap\u00ednacie zubadlo"}]},{"@type":"WebSite","@id":"https:\/\/arak.spicehorse.eu\/en\/#website","url":"https:\/\/arak.spicehorse.eu\/en\/","name":"Spicehorse","description":"UNDER DEVELOPMENT -","potentialAction":[{"@type":"SearchAction","target":{"@type":"EntryPoint","urlTemplate":"https:\/\/arak.spicehorse.eu\/en\/?s={search_term_string}"},"query-input":"required name=search_term_string"}],"inLanguage":"sk-SK"}]}},"_links":{"self":[{"href":"https:\/\/arak.spicehorse.eu\/sk\/wp-json\/wp\/v2\/product\/22058"}],"collection":[{"href":"https:\/\/arak.spicehorse.eu\/sk\/wp-json\/wp\/v2\/product"}],"about":[{"href":"https:\/\/arak.spicehorse.eu\/sk\/wp-json\/wp\/v2\/types\/product"}],"wp:featuredmedia":[{"embeddable":true,"href":"https:\/\/arak.spicehorse.eu\/sk\/wp-json\/wp\/v2\/media\/55727"}],"wp:attachment":[{"href":"https:\/\/arak.spicehorse.eu\/sk\/wp-json\/wp\/v2\/media?parent=22058"}],"wp:term":[{"taxonomy":"product_cat","embeddable":true,"href":"https:\/\/arak.spicehorse.eu\/sk\/wp-json\/wp\/v2\/product_cat?post=22058"},{"taxonomy":"product_tag","embeddable":true,"href":"https:\/\/arak.spicehorse.eu\/sk\/wp-json\/wp\/v2\/product_tag?post=22058"}],"curies":[{"name":"wp","href":"https:\/\/api.w.org\/{rel}","templated":true}]}}