{"id":22613,"date":"2021-04-15T13:23:19","date_gmt":"2021-04-15T11:23:21","guid":{"rendered":"https:\/\/arak.spicehorse.eu\/?post_type=product&#038;p=22613"},"modified":"2025-06-18T12:12:55","modified_gmt":"2025-06-18T10:12:55","slug":"ps-of-sweden-athens-uzdecka","status":"publish","type":"product","link":"https:\/\/arak.spicehorse.eu\/sk\/produkt\/ps-of-sweden-athens-uzdecka\/","title":{"rendered":"PS of Sweden uzde\u010dka Athens"},"content":{"rendered":"<p>PS of Sweden Athens uzde\u010dka sa na prv\u00fd poh\u013ead m\u00f4\u017ee zda\u0165 ako klasick\u00e1 mexick\u00e1 uzde\u010dka, av\u0161ak ak si ju pozrieme bli\u017e\u0161ie, m\u00f4\u017eeme objavi\u0165 tak\u00e9 drobn\u00e9 detaily, ktor\u00e9 pozdvihn\u00fa tento typ uzde\u010diek na \u00faplne nov\u00fa \u00farove\u0148.<\/p>\n<p>Spodn\u00e1 \u010das\u0165 n\u00e1nosn\u00edka m\u00e1 obl\u00fakovit\u00e9 tvarovanie, ktor\u00e9 zabezpe\u010duje anatomicky dokonal\u00e9 dosadnutie v\u00a0okol\u00ed nosa. Pri l\u00edcnych kostiach je m\u00e4kko polstrovan\u00e1, \u010d\u00edm sa zabra\u0148uje vy\u0161\u00fachaniu. PS logo vtla\u010den\u00e9 do ko\u017ee dod\u00e1va skuto\u010dne \u0161t\u00fdlov\u00fd vzh\u013ead.<\/p>\n<p>V\u00a0najvy\u0161\u0161ej \u010dasti krku s\u00a0d\u00fdchac\u00edm otvorom integrovan\u00fdm do n\u00e1tyln\u00edka, \u010d\u00edm sa zabezpe\u010duje \u00fapln\u00e1 vo\u013enos\u0165 pre citliv\u00e9 nervov\u00e9 zakon\u010denia krku, pri svaloch a\u00a0pri \u0161\u013each\u00e1ch. Je m\u00e4kko polstrovan\u00e1, anatomick\u00e9 ov\u00e1lne tvarovanie v\u00a0okol\u00ed u\u0161\u00ed.<\/p>\n<p>L\u00edcnice s\u00fa patentovan\u00e9, nastavite\u013en\u00e9 a\u00a0pru\u017en\u00e9, zubadlo dokonale zapadne do \u00fast ko\u0148a. \u013dahko sa nastavuje, vymie\u0148a.<\/p>\n<p>\u010celenka disponuje extra silnou sponou s\u00a0vypukl\u00fdm PS logom, spona udr\u017euje \u010delenku na spr\u00e1vnom mieste.<\/p>\n<p><strong>Odpor\u00fa\u010da sa pre kone, ktor\u00e9:<\/strong><\/p>\n<ul>\n<li>s\u00fa ve\u013emi \u0161t\u00fdlov\u00e9<\/li>\n<li>s\u00fa siln\u00e9 a\u00a0pri bl\u00ed\u017eiacej sa prek\u00e1\u017eke s\u00fa zbrkl\u00e9<\/li>\n<li>potrebuj\u00fa v\u00e4\u010d\u0161iu stabilitu<\/li>\n<li>maj\u00fa citliv\u00fa \u010de\u013eus\u0165 a\u00a0l\u00edcne kosti<\/li>\n<\/ul>\n<p><strong>Nev\u0161edn\u00e9 charakteristiky:<\/strong><\/p>\n<ul>\n<li>Pom\u00e1ha ko\u0148om v\u00a0k\u013eude \u010daka\u0165 na jazdca<\/li>\n<li>Extra jemn\u00e9 polstrovanie, obch\u00e1dzaj\u00fa tlakov\u00e9 body v\u00a0l\u00edcnej kosti<\/li>\n<\/ul>\n<p><strong>Materi\u00e1l a o\u0161etrovanie<\/strong><\/p>\n<p>Vyroben\u00e9 s\u00fa zo \u0161panielskej ekologickej, veg\u00e1nskej morenej u\u0161ne. Kazd\u00e1 uzde\u010dka je jedine\u010dn\u00e1. Odpor\u00fa\u010dame, aby ste ju pred prv\u00fdm pou\u017eit\u00edm o\u0161etrili olejom ur\u010den\u00fdm na o\u0161etrovanie ko\u017ee, aby sme chr\u00e1nili a\u00a0\u010do najdlh\u0161ie zachovali t\u00fato ko\u017eu vysokej kvality. Ko\u017ea je pr\u00edrodn\u00fd materi\u00e1l, \u010dasom sa m\u00f4\u017ee meni\u0165, tmavn\u00fa\u0165 n\u00e1sledkom o\u0161etrovania.<\/p>\n<p><strong>V\u00fdber vhodnej ve\u013ekosti<\/strong><\/p>\n<ul>\n<li>Pred n\u00e1kupom si pre\u0161tudujte ve\u013ekostn\u00fa tabu\u013eku<\/li>\n<li>Vysk\u00fa\u0161ajte uzde\u010dku na ko\u0148a. V\u0161etky visa\u010dky nechajte na uzde\u010dke.<\/li>\n<li>Ak uzde\u010dka dokonale dosad\u00e1, m\u00f4\u017eete visa\u010dky odstr\u00e1ni\u0165, uzde\u010dku o\u0161etrite olejom a\u00a0m\u00f4\u017eete ju za\u010da\u0165 pou\u017e\u00edva\u0165.<\/li>\n<li>Ak uzde\u010dka nesed\u00ed, nechajte na nej visa\u010dky, neo\u0161etrujte ju olejom, vr\u00e1\u0165te n\u00e1m ju a\u00a0my v\u00e1m ju vymen\u00edme za in\u00fa ve\u013ekos\u0165.<\/li>\n<\/ul>\n<p><em>V\u00a0pr\u00edpade ak\u00fdchko\u013evek ot\u00e1zok t\u00fdkaj\u00facich sa v\u00fdrobku, alebo ak potrebujete pomoc pri v\u00fdbere vhodnej ve\u013ekosti, resp. ak by ste sa radi bli\u017e\u0161ie obozn\u00e1mili s\u00a0mechanizmom p\u00f4sobenia PS of Sweden anatomick\u00fdch uzde\u010diek, nev\u00e1hajte n\u00e1s kontaktova\u0165, na\u0161i spolupracovn\u00edci V\u00e1m s\u00a0rados\u0165ou pom\u00f4\u017eu pri v\u00fdbere dokonalej uzde\u010dky!<\/em><\/p>\n","protected":false},"excerpt":{"rendered":"<p><img loading=\"lazy\" decoding=\"async\" src=\"https:\/\/shop.textalk.se\/shop\/ws10\/64010\/files\/Symbols\/Eco-friendly.jpg\" width=\"168\" height=\"138\" \/><\/p>\n","protected":false},"featured_media":22619,"template":"","meta":{"_acf_changed":false},"product_cat":[75,511],"product_tag":[517,529],"acf":[],"yoast_head":"<!-- This site is optimized with the Yoast SEO plugin v21.4 - https:\/\/yoast.com\/wordpress\/plugins\/seo\/ -->\n<title>PS of Sweden uzde\u010dka Athens - Spicehorse<\/title>\n<meta name=\"description\" content=\"spicehorse.eu | PS of Sweden Athens uzde\u010dka\" \/>\n<meta name=\"robots\" content=\"index, follow, max-snippet:-1, max-image-preview:large, max-video-preview:-1\" \/>\n<link rel=\"canonical\" href=\"https:\/\/arak.spicehorse.eu\/sk\/produkt\/ps-of-sweden-athens-uzdecka\/\" \/>\n<meta property=\"og:locale\" content=\"sk_SK\" \/>\n<meta property=\"og:type\" content=\"article\" \/>\n<meta property=\"og:title\" content=\"PS of Sweden uzde\u010dka Athens - Spicehorse\" \/>\n<meta property=\"og:description\" content=\"spicehorse.eu | PS of Sweden Athens uzde\u010dka\" \/>\n<meta property=\"og:url\" content=\"https:\/\/arak.spicehorse.eu\/sk\/produkt\/ps-of-sweden-athens-uzdecka\/\" \/>\n<meta property=\"og:site_name\" content=\"Spicehorse\" \/>\n<meta property=\"article:publisher\" content=\"https:\/\/www.facebook.com\/SPICEHORSE-550385625402457\/\" \/>\n<meta property=\"article:modified_time\" content=\"2025-06-18T10:12:55+00:00\" \/>\n<meta property=\"og:image\" content=\"https:\/\/arak.spicehorse.eu\/wp-content\/uploads\/2021\/04\/177836109-origpic-9ed527.jpg\" \/>\n\t<meta property=\"og:image:width\" content=\"1500\" \/>\n\t<meta property=\"og:image:height\" content=\"2000\" \/>\n\t<meta property=\"og:image:type\" content=\"image\/jpeg\" \/>\n<meta name=\"twitter:card\" content=\"summary_large_image\" \/>\n<meta name=\"twitter:label1\" content=\"Predpokladan\u00fd \u010das \u010d\u00edtania\" \/>\n\t<meta name=\"twitter:data1\" content=\"2 min\u00faty\" \/>\n<script type=\"application\/ld+json\" class=\"yoast-schema-graph\">{\"@context\":\"https:\/\/schema.org\",\"@graph\":[{\"@type\":\"WebPage\",\"@id\":\"https:\/\/arak.spicehorse.eu\/sk\/produkt\/ps-of-sweden-athens-uzdecka\/\",\"url\":\"https:\/\/arak.spicehorse.eu\/sk\/produkt\/ps-of-sweden-athens-uzdecka\/\",\"name\":\"PS of Sweden uzde\u010dka Athens - Spicehorse\",\"isPartOf\":{\"@id\":\"https:\/\/arak.spicehorse.eu\/en\/#website\"},\"datePublished\":\"2021-04-15T11:23:21+00:00\",\"dateModified\":\"2025-06-18T10:12:55+00:00\",\"description\":\"spicehorse.eu | PS of Sweden Athens uzde\u010dka\",\"breadcrumb\":{\"@id\":\"https:\/\/arak.spicehorse.eu\/sk\/produkt\/ps-of-sweden-athens-uzdecka\/#breadcrumb\"},\"inLanguage\":\"sk-SK\",\"potentialAction\":[{\"@type\":\"ReadAction\",\"target\":[\"https:\/\/arak.spicehorse.eu\/sk\/produkt\/ps-of-sweden-athens-uzdecka\/\"]}]},{\"@type\":\"BreadcrumbList\",\"@id\":\"https:\/\/arak.spicehorse.eu\/sk\/produkt\/ps-of-sweden-athens-uzdecka\/#breadcrumb\",\"itemListElement\":[{\"@type\":\"ListItem\",\"position\":1,\"name\":\"Home\",\"item\":\"https:\/\/arak.spicehorse.eu\/sk\/\"},{\"@type\":\"ListItem\",\"position\":2,\"name\":\"Predaj\u0148a\",\"item\":\"https:\/\/arak.spicehorse.eu\/sk\/predajna\/\"},{\"@type\":\"ListItem\",\"position\":3,\"name\":\"PS of Sweden uzde\u010dka Athens\"}]},{\"@type\":\"WebSite\",\"@id\":\"https:\/\/arak.spicehorse.eu\/en\/#website\",\"url\":\"https:\/\/arak.spicehorse.eu\/en\/\",\"name\":\"Spicehorse\",\"description\":\"UNDER DEVELOPMENT -\",\"potentialAction\":[{\"@type\":\"SearchAction\",\"target\":{\"@type\":\"EntryPoint\",\"urlTemplate\":\"https:\/\/arak.spicehorse.eu\/en\/?s={search_term_string}\"},\"query-input\":\"required name=search_term_string\"}],\"inLanguage\":\"sk-SK\"}]}<\/script>\n<!-- \/ Yoast SEO plugin. -->","yoast_head_json":{"title":"PS of Sweden uzde\u010dka Athens - Spicehorse","description":"spicehorse.eu | PS of Sweden Athens uzde\u010dka","robots":{"index":"index","follow":"follow","max-snippet":"max-snippet:-1","max-image-preview":"max-image-preview:large","max-video-preview":"max-video-preview:-1"},"canonical":"https:\/\/arak.spicehorse.eu\/sk\/produkt\/ps-of-sweden-athens-uzdecka\/","og_locale":"sk_SK","og_type":"article","og_title":"PS of Sweden uzde\u010dka Athens - Spicehorse","og_description":"spicehorse.eu | PS of Sweden Athens uzde\u010dka","og_url":"https:\/\/arak.spicehorse.eu\/sk\/produkt\/ps-of-sweden-athens-uzdecka\/","og_site_name":"Spicehorse","article_publisher":"https:\/\/www.facebook.com\/SPICEHORSE-550385625402457\/","article_modified_time":"2025-06-18T10:12:55+00:00","og_image":[{"width":1500,"height":2000,"url":"https:\/\/arak.spicehorse.eu\/wp-content\/uploads\/2021\/04\/177836109-origpic-9ed527.jpg","type":"image\/jpeg"}],"twitter_card":"summary_large_image","twitter_misc":{"Predpokladan\u00fd \u010das \u010d\u00edtania":"2 min\u00faty"},"schema":{"@context":"https:\/\/schema.org","@graph":[{"@type":"WebPage","@id":"https:\/\/arak.spicehorse.eu\/sk\/produkt\/ps-of-sweden-athens-uzdecka\/","url":"https:\/\/arak.spicehorse.eu\/sk\/produkt\/ps-of-sweden-athens-uzdecka\/","name":"PS of Sweden uzde\u010dka Athens - Spicehorse","isPartOf":{"@id":"https:\/\/arak.spicehorse.eu\/en\/#website"},"datePublished":"2021-04-15T11:23:21+00:00","dateModified":"2025-06-18T10:12:55+00:00","description":"spicehorse.eu | PS of Sweden Athens uzde\u010dka","breadcrumb":{"@id":"https:\/\/arak.spicehorse.eu\/sk\/produkt\/ps-of-sweden-athens-uzdecka\/#breadcrumb"},"inLanguage":"sk-SK","potentialAction":[{"@type":"ReadAction","target":["https:\/\/arak.spicehorse.eu\/sk\/produkt\/ps-of-sweden-athens-uzdecka\/"]}]},{"@type":"BreadcrumbList","@id":"https:\/\/arak.spicehorse.eu\/sk\/produkt\/ps-of-sweden-athens-uzdecka\/#breadcrumb","itemListElement":[{"@type":"ListItem","position":1,"name":"Home","item":"https:\/\/arak.spicehorse.eu\/sk\/"},{"@type":"ListItem","position":2,"name":"Predaj\u0148a","item":"https:\/\/arak.spicehorse.eu\/sk\/predajna\/"},{"@type":"ListItem","position":3,"name":"PS of Sweden uzde\u010dka Athens"}]},{"@type":"WebSite","@id":"https:\/\/arak.spicehorse.eu\/en\/#website","url":"https:\/\/arak.spicehorse.eu\/en\/","name":"Spicehorse","description":"UNDER DEVELOPMENT -","potentialAction":[{"@type":"SearchAction","target":{"@type":"EntryPoint","urlTemplate":"https:\/\/arak.spicehorse.eu\/en\/?s={search_term_string}"},"query-input":"required name=search_term_string"}],"inLanguage":"sk-SK"}]}},"_links":{"self":[{"href":"https:\/\/arak.spicehorse.eu\/sk\/wp-json\/wp\/v2\/product\/22613"}],"collection":[{"href":"https:\/\/arak.spicehorse.eu\/sk\/wp-json\/wp\/v2\/product"}],"about":[{"href":"https:\/\/arak.spicehorse.eu\/sk\/wp-json\/wp\/v2\/types\/product"}],"wp:featuredmedia":[{"embeddable":true,"href":"https:\/\/arak.spicehorse.eu\/sk\/wp-json\/wp\/v2\/media\/22619"}],"wp:attachment":[{"href":"https:\/\/arak.spicehorse.eu\/sk\/wp-json\/wp\/v2\/media?parent=22613"}],"wp:term":[{"taxonomy":"product_cat","embeddable":true,"href":"https:\/\/arak.spicehorse.eu\/sk\/wp-json\/wp\/v2\/product_cat?post=22613"},{"taxonomy":"product_tag","embeddable":true,"href":"https:\/\/arak.spicehorse.eu\/sk\/wp-json\/wp\/v2\/product_tag?post=22613"}],"curies":[{"name":"wp","href":"https:\/\/api.w.org\/{rel}","templated":true}]}}