{"id":2423,"date":"2018-11-13T09:58:03","date_gmt":"2018-11-13T09:58:03","guid":{"rendered":"https:\/\/arak.spicehorse.eu\/?post_type=product&#038;p=2423"},"modified":"2024-11-21T16:03:00","modified_gmt":"2024-11-21T15:03:00","slug":"kentucky-podekky","status":"publish","type":"product","link":"https:\/\/arak.spicehorse.eu\/sk\/produkt\/kentucky-podekky\/","title":{"rendered":"Kentucky Under Rug Skin Friendly Poddeky 300g"},"content":{"rendered":"<p>Poddeka\u00a0Kentucky Horsewear\u00a0m\u00e1 300 gramov\u00fa v\u00fdpl\u0148, pod\u0161\u00edvka z\u00a0umelej zaja\u010dej ko\u017eu\u0161iny je mimoriadne jemn\u00e1, zabra\u0148uje vy\u0161\u00fachaniu ko\u017ee a\u00a0nelep\u00ed sa na \u0148u konsk\u00e1 srs\u0165.\u00a0Pou\u017e\u00edvan\u00edm umelej zaja\u010dej ko\u017eu\u0161iny vznikaj\u00fa drobn\u00e9 vzduchov\u00e9 vaky, ktor\u00e9 uchovaj\u00fa a udr\u017euj\u00fa telesn\u00fa teplotu kon\u00ed.\u00a0V\u010faka drobn\u00fdm ch\u013apkom umelej zaja\u010dej ko\u017eu\u0161iny sa srs\u0165 ko\u0148a st\u00e1va lesklej\u0161ou. Pre maxim\u00e1lne pohodlie je poddeka Kentucky Horsewear ve\u013emi tepl\u00e1, a napriek tomu ve\u013emi \u013eahk\u00e1.<\/p>\n<p>Poddeka Kentucky Horsewear sa v\u00a0prednej \u010dasti zap\u00edna klasickou sponou a\u00a0such\u00fdm zipsom, ktor\u00e9 udr\u017eia poddeku na svojom mieste. Na zadnej \u010dasti deky sa nach\u00e1dzaj\u00fa dva D kr\u00fa\u017eky, v\u00a0pr\u00edpade potreby je mo\u017en\u00e9 pripevni\u0165 aj koncov\u00fd popruh (d\u00e1 sa zak\u00fapi\u0165 zvl\u00e1\u0161\u0165). <span class=\"Apple-converted-space\">\u00a0<\/span><\/p>\n<p>Ide\u00e1lna poddeka pod staj\u0148ov\u00e9 a\u00a0v\u00fdbehov\u00e9 deky do ve\u013emi chladn\u00e9ho po\u010dasia.<span class=\"Apple-converted-space\">\u00a0<\/span><\/p>\n","protected":false},"excerpt":{"rendered":"<h3><b>Ide\u00e1lna poddeka pod staj\u0148ov\u00e9 alebo v\u00fdbehov\u00e9 deky do ve\u013emi chladn\u00e9ho po\u010dasia.<\/b><\/h3>\n<p><b>Ve\u013ekos\u0165: 125 cm, 130 cm, 140 cm, 145 cm, 155 cm, 160 cm<\/b><br \/>\n<strong>Farba: navy<\/strong><\/p>\n<ul>\n<li>300 g<\/li>\n<li>Vn\u00fatorn\u00e1 \u010das\u0165 je pod\u0161it\u00e1 umelou zaja\u010dou ko\u017eu\u0161inou<\/li>\n<li>Extra tepl\u00e1<\/li>\n<li>Zabra\u0148uje vy\u0161\u00fachaniu ko\u017ee<span class=\"Apple-converted-space\">\u00a0<\/span><\/li>\n<li>Klasick\u00e1 predn\u00e1 spona a\u00a0such\u00fd zips<\/li>\n<li>Dvomi D kr\u00fa\u017ekami mo\u017eno pripevni\u0165 aj koncov\u00fd popruh<\/li>\n<li>Mo\u017eno pra\u0165 v\u00a0pr\u00e1\u010dke na 30\u00b0 (nevkladajte do su\u0161i\u010dky)<\/li>\n<\/ul>\n<div class=\"infos\"><\/div>\n<div class=\"desc\">\n<div class=\"item-list\"><\/div>\n<\/div>\n","protected":false},"featured_media":70574,"template":"","meta":{"_acf_changed":false},"product_cat":[78,75,99],"product_tag":[135,184],"acf":[],"yoast_head":"<!-- This site is optimized with the Yoast SEO plugin v21.4 - https:\/\/yoast.com\/wordpress\/plugins\/seo\/ -->\n<title>Kentucky Under Rug Skin Friendly Poddeky 300g - Spicehorse<\/title>\n<meta name=\"description\" content=\"spicehorse.eu | Poddeka\u00a0Kentucky Horsewear\u00a0m\u00e1 300 gramov\u00fa v\u00fdpl\u0148, pod\u0161\u00edvka z\u00a0umelej zaja\u010dej ko\u017eu\u0161iny je mimoriadne jemn\u00e1, zabra\u0148uje vy\u0161\u00fachaniu ko\u017ee a\u00a0nelep\u00ed sa na \u0148u konsk\u00e1 srs\u0165.\" \/>\n<meta name=\"robots\" content=\"index, follow, max-snippet:-1, max-image-preview:large, max-video-preview:-1\" \/>\n<link rel=\"canonical\" href=\"https:\/\/arak.spicehorse.eu\/termek\/kentucky-alatet-takaro\/\" \/>\n<meta property=\"og:locale\" content=\"sk_SK\" \/>\n<meta property=\"og:type\" content=\"article\" \/>\n<meta property=\"og:title\" content=\"Kentucky Under Rug Skin Friendly Poddeky 300g - Spicehorse\" \/>\n<meta property=\"og:description\" content=\"spicehorse.eu | Poddeka\u00a0Kentucky Horsewear\u00a0m\u00e1 300 gramov\u00fa v\u00fdpl\u0148, pod\u0161\u00edvka z\u00a0umelej zaja\u010dej ko\u017eu\u0161iny je mimoriadne jemn\u00e1, zabra\u0148uje vy\u0161\u00fachaniu ko\u017ee a\u00a0nelep\u00ed sa na \u0148u konsk\u00e1 srs\u0165.\" \/>\n<meta property=\"og:url\" content=\"https:\/\/arak.spicehorse.eu\/termek\/kentucky-alatet-takaro\/\" \/>\n<meta property=\"og:site_name\" content=\"Spicehorse\" \/>\n<meta property=\"article:publisher\" content=\"https:\/\/www.facebook.com\/SPICEHORSE-550385625402457\/\" \/>\n<meta property=\"article:modified_time\" content=\"2024-11-21T15:03:00+00:00\" \/>\n<meta property=\"og:image\" content=\"https:\/\/arak.spicehorse.eu\/wp-content\/uploads\/2018\/11\/b-564c22e810080218547dfa1c1093aa08-article-photobook-l.webp\" \/>\n\t<meta property=\"og:image:width\" content=\"728\" \/>\n\t<meta property=\"og:image:height\" content=\"728\" \/>\n\t<meta property=\"og:image:type\" content=\"image\/webp\" \/>\n<meta name=\"twitter:card\" content=\"summary_large_image\" \/>\n<meta name=\"twitter:label1\" content=\"Predpokladan\u00fd \u010das \u010d\u00edtania\" \/>\n\t<meta name=\"twitter:data1\" content=\"1 min\u00fata\" \/>\n<script type=\"application\/ld+json\" class=\"yoast-schema-graph\">{\"@context\":\"https:\/\/schema.org\",\"@graph\":[{\"@type\":\"WebPage\",\"@id\":\"https:\/\/arak.spicehorse.eu\/termek\/kentucky-alatet-takaro\/\",\"url\":\"https:\/\/arak.spicehorse.eu\/termek\/kentucky-alatet-takaro\/\",\"name\":\"Kentucky Under Rug Skin Friendly Poddeky 300g - Spicehorse\",\"isPartOf\":{\"@id\":\"https:\/\/arak.spicehorse.eu\/en\/#website\"},\"datePublished\":\"2018-11-13T09:58:03+00:00\",\"dateModified\":\"2024-11-21T15:03:00+00:00\",\"description\":\"spicehorse.eu | Poddeka\u00a0Kentucky Horsewear\u00a0m\u00e1 300 gramov\u00fa v\u00fdpl\u0148, pod\u0161\u00edvka z\u00a0umelej zaja\u010dej ko\u017eu\u0161iny je mimoriadne jemn\u00e1, zabra\u0148uje vy\u0161\u00fachaniu ko\u017ee a\u00a0nelep\u00ed sa na \u0148u konsk\u00e1 srs\u0165.\",\"breadcrumb\":{\"@id\":\"https:\/\/arak.spicehorse.eu\/termek\/kentucky-alatet-takaro\/#breadcrumb\"},\"inLanguage\":\"sk-SK\",\"potentialAction\":[{\"@type\":\"ReadAction\",\"target\":[\"https:\/\/arak.spicehorse.eu\/termek\/kentucky-alatet-takaro\/\"]}]},{\"@type\":\"BreadcrumbList\",\"@id\":\"https:\/\/arak.spicehorse.eu\/termek\/kentucky-alatet-takaro\/#breadcrumb\",\"itemListElement\":[{\"@type\":\"ListItem\",\"position\":1,\"name\":\"Home\",\"item\":\"https:\/\/arak.spicehorse.eu\/sk\/\"},{\"@type\":\"ListItem\",\"position\":2,\"name\":\"Predaj\u0148a\",\"item\":\"https:\/\/arak.spicehorse.eu\/sk\/predajna\/\"},{\"@type\":\"ListItem\",\"position\":3,\"name\":\"Kentucky Under Rug Skin Friendly Poddeky 300g\"}]},{\"@type\":\"WebSite\",\"@id\":\"https:\/\/arak.spicehorse.eu\/en\/#website\",\"url\":\"https:\/\/arak.spicehorse.eu\/en\/\",\"name\":\"Spicehorse\",\"description\":\"UNDER DEVELOPMENT -\",\"potentialAction\":[{\"@type\":\"SearchAction\",\"target\":{\"@type\":\"EntryPoint\",\"urlTemplate\":\"https:\/\/arak.spicehorse.eu\/en\/?s={search_term_string}\"},\"query-input\":\"required name=search_term_string\"}],\"inLanguage\":\"sk-SK\"}]}<\/script>\n<!-- \/ Yoast SEO plugin. -->","yoast_head_json":{"title":"Kentucky Under Rug Skin Friendly Poddeky 300g - Spicehorse","description":"spicehorse.eu | Poddeka\u00a0Kentucky Horsewear\u00a0m\u00e1 300 gramov\u00fa v\u00fdpl\u0148, pod\u0161\u00edvka z\u00a0umelej zaja\u010dej ko\u017eu\u0161iny je mimoriadne jemn\u00e1, zabra\u0148uje vy\u0161\u00fachaniu ko\u017ee a\u00a0nelep\u00ed sa na \u0148u konsk\u00e1 srs\u0165.","robots":{"index":"index","follow":"follow","max-snippet":"max-snippet:-1","max-image-preview":"max-image-preview:large","max-video-preview":"max-video-preview:-1"},"canonical":"https:\/\/arak.spicehorse.eu\/termek\/kentucky-alatet-takaro\/","og_locale":"sk_SK","og_type":"article","og_title":"Kentucky Under Rug Skin Friendly Poddeky 300g - Spicehorse","og_description":"spicehorse.eu | Poddeka\u00a0Kentucky Horsewear\u00a0m\u00e1 300 gramov\u00fa v\u00fdpl\u0148, pod\u0161\u00edvka z\u00a0umelej zaja\u010dej ko\u017eu\u0161iny je mimoriadne jemn\u00e1, zabra\u0148uje vy\u0161\u00fachaniu ko\u017ee a\u00a0nelep\u00ed sa na \u0148u konsk\u00e1 srs\u0165.","og_url":"https:\/\/arak.spicehorse.eu\/termek\/kentucky-alatet-takaro\/","og_site_name":"Spicehorse","article_publisher":"https:\/\/www.facebook.com\/SPICEHORSE-550385625402457\/","article_modified_time":"2024-11-21T15:03:00+00:00","og_image":[{"width":728,"height":728,"url":"https:\/\/arak.spicehorse.eu\/wp-content\/uploads\/2018\/11\/b-564c22e810080218547dfa1c1093aa08-article-photobook-l.webp","type":"image\/webp"}],"twitter_card":"summary_large_image","twitter_misc":{"Predpokladan\u00fd \u010das \u010d\u00edtania":"1 min\u00fata"},"schema":{"@context":"https:\/\/schema.org","@graph":[{"@type":"WebPage","@id":"https:\/\/arak.spicehorse.eu\/termek\/kentucky-alatet-takaro\/","url":"https:\/\/arak.spicehorse.eu\/termek\/kentucky-alatet-takaro\/","name":"Kentucky Under Rug Skin Friendly Poddeky 300g - Spicehorse","isPartOf":{"@id":"https:\/\/arak.spicehorse.eu\/en\/#website"},"datePublished":"2018-11-13T09:58:03+00:00","dateModified":"2024-11-21T15:03:00+00:00","description":"spicehorse.eu | Poddeka\u00a0Kentucky Horsewear\u00a0m\u00e1 300 gramov\u00fa v\u00fdpl\u0148, pod\u0161\u00edvka z\u00a0umelej zaja\u010dej ko\u017eu\u0161iny je mimoriadne jemn\u00e1, zabra\u0148uje vy\u0161\u00fachaniu ko\u017ee a\u00a0nelep\u00ed sa na \u0148u konsk\u00e1 srs\u0165.","breadcrumb":{"@id":"https:\/\/arak.spicehorse.eu\/termek\/kentucky-alatet-takaro\/#breadcrumb"},"inLanguage":"sk-SK","potentialAction":[{"@type":"ReadAction","target":["https:\/\/arak.spicehorse.eu\/termek\/kentucky-alatet-takaro\/"]}]},{"@type":"BreadcrumbList","@id":"https:\/\/arak.spicehorse.eu\/termek\/kentucky-alatet-takaro\/#breadcrumb","itemListElement":[{"@type":"ListItem","position":1,"name":"Home","item":"https:\/\/arak.spicehorse.eu\/sk\/"},{"@type":"ListItem","position":2,"name":"Predaj\u0148a","item":"https:\/\/arak.spicehorse.eu\/sk\/predajna\/"},{"@type":"ListItem","position":3,"name":"Kentucky Under Rug Skin Friendly Poddeky 300g"}]},{"@type":"WebSite","@id":"https:\/\/arak.spicehorse.eu\/en\/#website","url":"https:\/\/arak.spicehorse.eu\/en\/","name":"Spicehorse","description":"UNDER DEVELOPMENT -","potentialAction":[{"@type":"SearchAction","target":{"@type":"EntryPoint","urlTemplate":"https:\/\/arak.spicehorse.eu\/en\/?s={search_term_string}"},"query-input":"required name=search_term_string"}],"inLanguage":"sk-SK"}]}},"_links":{"self":[{"href":"https:\/\/arak.spicehorse.eu\/sk\/wp-json\/wp\/v2\/product\/2423"}],"collection":[{"href":"https:\/\/arak.spicehorse.eu\/sk\/wp-json\/wp\/v2\/product"}],"about":[{"href":"https:\/\/arak.spicehorse.eu\/sk\/wp-json\/wp\/v2\/types\/product"}],"wp:featuredmedia":[{"embeddable":true,"href":"https:\/\/arak.spicehorse.eu\/sk\/wp-json\/wp\/v2\/media\/70574"}],"wp:attachment":[{"href":"https:\/\/arak.spicehorse.eu\/sk\/wp-json\/wp\/v2\/media?parent=2423"}],"wp:term":[{"taxonomy":"product_cat","embeddable":true,"href":"https:\/\/arak.spicehorse.eu\/sk\/wp-json\/wp\/v2\/product_cat?post=2423"},{"taxonomy":"product_tag","embeddable":true,"href":"https:\/\/arak.spicehorse.eu\/sk\/wp-json\/wp\/v2\/product_tag?post=2423"}],"curies":[{"name":"wp","href":"https:\/\/api.w.org\/{rel}","templated":true}]}}