{"id":2569,"date":"2018-11-18T17:30:44","date_gmt":"2018-11-18T17:30:44","guid":{"rendered":"https:\/\/arak.spicehorse.eu\/product\/turnout-boots-solimbra-front\/"},"modified":"2023-11-23T11:45:48","modified_gmt":"2023-11-23T10:45:48","slug":"kentucky-solimbra-predne-gamase","status":"publish","type":"product","link":"https:\/\/arak.spicehorse.eu\/sk\/produkt\/kentucky-solimbra-predne-gamase\/","title":{"rendered":"Kentucky Solimbra predn\u00e9 gama\u0161e"},"content":{"rendered":"<p><b>Kentucky Horsewear<\/b>\u00a0Solimbra gama\u0161e s\u00fa z\u00a0pevn\u00e9ho odoln\u00e9ho a\u00a0<b>na 100% nepremokav\u00e9ho<\/b> Solimbra materi\u00e1lu s\u00a0jemnou <b>pod\u0161\u00edvkou z umel\u00e9ho baran\u010deka<\/b> a\u00a0s\u00a0EVA vn\u00fatornou ochranou. Vynikaj\u00faca kvalita, vysok\u00e1 ochrana, na ka\u017edodenn\u00e9 pou\u017eitie za dostupn\u00e9 ceny.<\/p>\n<p>Anatomick\u00fd tvar, dva pevn\u00e9 a\u00a0bezpe\u010dn\u00e9 such\u00e9 zipsy. Na 100% prievzdu\u0161n\u00fd materi\u00e1l, \u013eahko o\u0161etrovate\u013en\u00fd (mo\u017eno pra\u0165 v\u00a0pr\u00e1\u010dke na 30\u00b0C, nevkladajte do su\u0161i\u010dky). S\u00fa ide\u00e1lnou vo\u013ebou pre v\u0161etky oblasti a\u00a0\u00farovne jazdectva. Gama\u0161e mo\u017eno pou\u017e\u00edva\u0165 okrem in\u00e9ho na tr\u00e9ning kon\u00ed, na vodenie, do koloto\u010da, na lon\u017eovanie, do ter\u00e9nu a\u00a0pod.<span class=\"Apple-converted-space\">\u00a0<\/span><\/p>\n<p>Ve\u013ekos\u0165 predn\u00fdch a\u00a0zadn\u00fdch gama\u0161\u00ed: predn\u00e9 v\u00fd\u0161ka 25 cm a zadn\u00e9 29 cm.<\/p>\n","protected":false},"excerpt":{"rendered":"<p><b>Ve\u013ekos\u0165: Full<\/b><br \/>\n<b>Farba: \u010dierna, hned\u00e1<\/b><\/p>\n<ul>\n<li>Nepremokav\u00fd Solimbra materi\u00e1l<\/li>\n<li>Vn\u00fatorn\u00e1 \u010das\u0165 z\u00a0umel\u00e9ho baran\u010deka<\/li>\n<li>100% prievzdu\u0161nos\u0165<\/li>\n<li>EVA vn\u00fatorn\u00e1 ochrana<\/li>\n<li>Na ka\u017edodenn\u00e9 pou\u017eitie<\/li>\n<li>Dva pevn\u00e9 such\u00e9 zipsy<\/li>\n<li>Ide\u00e1lne aj pre kone s\u00a0citlivou poko\u017ekou<\/li>\n<li>Mo\u017eno pra\u0165 v\u00a0pr\u00e1\u010dke na 30\u00b0 (nevkladajte do su\u0161i\u010dky)<\/li>\n<li>Ve\u013ekos\u0165: predn\u00e9 25 cm, zadn\u00e9 29 cm<\/li>\n<\/ul>\n","protected":false},"featured_media":2559,"template":"","meta":{"_acf_changed":false},"product_cat":[75,104],"product_tag":[200,184,186],"acf":[],"yoast_head":"<!-- This site is optimized with the Yoast SEO plugin v21.4 - https:\/\/yoast.com\/wordpress\/plugins\/seo\/ -->\n<title>Kentucky Solimbra predn\u00e9 gama\u0161e - Spicehorse<\/title>\n<meta name=\"description\" content=\"spicehorse.eu | Kentucky Horsewear\u00a0Solimbra gama\u0161e s\u00fa z\u00a0pevn\u00e9ho odoln\u00e9ho a\u00a0na 100% nepremokav\u00e9ho Solimbra materi\u00e1lu s\u00a0jemnou pod\u0161\u00edvkou z umel\u00e9ho baran\u010deka a\u00a0s\u00a0EVA vn\u00fatornou ochranou.\" \/>\n<meta name=\"robots\" content=\"index, follow, max-snippet:-1, max-image-preview:large, max-video-preview:-1\" \/>\n<link rel=\"canonical\" href=\"https:\/\/arak.spicehorse.eu\/sk\/produkt\/kentucky-solimbra-predne-gamase\/\" \/>\n<meta property=\"og:locale\" content=\"sk_SK\" \/>\n<meta property=\"og:type\" content=\"article\" \/>\n<meta property=\"og:title\" content=\"Kentucky Solimbra predn\u00e9 gama\u0161e - Spicehorse\" \/>\n<meta property=\"og:description\" content=\"spicehorse.eu | Kentucky Horsewear\u00a0Solimbra gama\u0161e s\u00fa z\u00a0pevn\u00e9ho odoln\u00e9ho a\u00a0na 100% nepremokav\u00e9ho Solimbra materi\u00e1lu s\u00a0jemnou pod\u0161\u00edvkou z umel\u00e9ho baran\u010deka a\u00a0s\u00a0EVA vn\u00fatornou ochranou.\" \/>\n<meta property=\"og:url\" content=\"https:\/\/arak.spicehorse.eu\/sk\/produkt\/kentucky-solimbra-predne-gamase\/\" \/>\n<meta property=\"og:site_name\" content=\"Spicehorse\" \/>\n<meta property=\"article:publisher\" content=\"https:\/\/www.facebook.com\/SPICEHORSE-550385625402457\/\" \/>\n<meta property=\"article:modified_time\" content=\"2023-11-23T10:45:48+00:00\" \/>\n<meta property=\"og:image\" content=\"https:\/\/arak.spicehorse.eu\/wp-content\/uploads\/2018\/11\/42301-05.jpg\" \/>\n\t<meta property=\"og:image:width\" content=\"2000\" \/>\n\t<meta property=\"og:image:height\" content=\"2000\" \/>\n\t<meta property=\"og:image:type\" content=\"image\/jpeg\" \/>\n<meta name=\"twitter:card\" content=\"summary_large_image\" \/>\n<meta name=\"twitter:label1\" content=\"Predpokladan\u00fd \u010das \u010d\u00edtania\" \/>\n\t<meta name=\"twitter:data1\" content=\"1 min\u00fata\" \/>\n<script type=\"application\/ld+json\" class=\"yoast-schema-graph\">{\"@context\":\"https:\/\/schema.org\",\"@graph\":[{\"@type\":\"WebPage\",\"@id\":\"https:\/\/arak.spicehorse.eu\/sk\/produkt\/kentucky-solimbra-predne-gamase\/\",\"url\":\"https:\/\/arak.spicehorse.eu\/sk\/produkt\/kentucky-solimbra-predne-gamase\/\",\"name\":\"Kentucky Solimbra predn\u00e9 gama\u0161e - Spicehorse\",\"isPartOf\":{\"@id\":\"https:\/\/arak.spicehorse.eu\/en\/#website\"},\"datePublished\":\"2018-11-18T17:30:44+00:00\",\"dateModified\":\"2023-11-23T10:45:48+00:00\",\"description\":\"spicehorse.eu | Kentucky Horsewear\u00a0Solimbra gama\u0161e s\u00fa z\u00a0pevn\u00e9ho odoln\u00e9ho a\u00a0na 100% nepremokav\u00e9ho Solimbra materi\u00e1lu s\u00a0jemnou pod\u0161\u00edvkou z umel\u00e9ho baran\u010deka a\u00a0s\u00a0EVA vn\u00fatornou ochranou.\",\"breadcrumb\":{\"@id\":\"https:\/\/arak.spicehorse.eu\/sk\/produkt\/kentucky-solimbra-predne-gamase\/#breadcrumb\"},\"inLanguage\":\"sk-SK\",\"potentialAction\":[{\"@type\":\"ReadAction\",\"target\":[\"https:\/\/arak.spicehorse.eu\/sk\/produkt\/kentucky-solimbra-predne-gamase\/\"]}]},{\"@type\":\"BreadcrumbList\",\"@id\":\"https:\/\/arak.spicehorse.eu\/sk\/produkt\/kentucky-solimbra-predne-gamase\/#breadcrumb\",\"itemListElement\":[{\"@type\":\"ListItem\",\"position\":1,\"name\":\"Home\",\"item\":\"https:\/\/arak.spicehorse.eu\/sk\/\"},{\"@type\":\"ListItem\",\"position\":2,\"name\":\"Predaj\u0148a\",\"item\":\"https:\/\/arak.spicehorse.eu\/sk\/predajna\/\"},{\"@type\":\"ListItem\",\"position\":3,\"name\":\"Kentucky Solimbra predn\u00e9 gama\u0161e\"}]},{\"@type\":\"WebSite\",\"@id\":\"https:\/\/arak.spicehorse.eu\/en\/#website\",\"url\":\"https:\/\/arak.spicehorse.eu\/en\/\",\"name\":\"Spicehorse\",\"description\":\"UNDER DEVELOPMENT -\",\"potentialAction\":[{\"@type\":\"SearchAction\",\"target\":{\"@type\":\"EntryPoint\",\"urlTemplate\":\"https:\/\/arak.spicehorse.eu\/en\/?s={search_term_string}\"},\"query-input\":\"required name=search_term_string\"}],\"inLanguage\":\"sk-SK\"}]}<\/script>\n<!-- \/ Yoast SEO plugin. -->","yoast_head_json":{"title":"Kentucky Solimbra predn\u00e9 gama\u0161e - Spicehorse","description":"spicehorse.eu | Kentucky Horsewear\u00a0Solimbra gama\u0161e s\u00fa z\u00a0pevn\u00e9ho odoln\u00e9ho a\u00a0na 100% nepremokav\u00e9ho Solimbra materi\u00e1lu s\u00a0jemnou pod\u0161\u00edvkou z umel\u00e9ho baran\u010deka a\u00a0s\u00a0EVA vn\u00fatornou ochranou.","robots":{"index":"index","follow":"follow","max-snippet":"max-snippet:-1","max-image-preview":"max-image-preview:large","max-video-preview":"max-video-preview:-1"},"canonical":"https:\/\/arak.spicehorse.eu\/sk\/produkt\/kentucky-solimbra-predne-gamase\/","og_locale":"sk_SK","og_type":"article","og_title":"Kentucky Solimbra predn\u00e9 gama\u0161e - Spicehorse","og_description":"spicehorse.eu | Kentucky Horsewear\u00a0Solimbra gama\u0161e s\u00fa z\u00a0pevn\u00e9ho odoln\u00e9ho a\u00a0na 100% nepremokav\u00e9ho Solimbra materi\u00e1lu s\u00a0jemnou pod\u0161\u00edvkou z umel\u00e9ho baran\u010deka a\u00a0s\u00a0EVA vn\u00fatornou ochranou.","og_url":"https:\/\/arak.spicehorse.eu\/sk\/produkt\/kentucky-solimbra-predne-gamase\/","og_site_name":"Spicehorse","article_publisher":"https:\/\/www.facebook.com\/SPICEHORSE-550385625402457\/","article_modified_time":"2023-11-23T10:45:48+00:00","og_image":[{"width":2000,"height":2000,"url":"https:\/\/arak.spicehorse.eu\/wp-content\/uploads\/2018\/11\/42301-05.jpg","type":"image\/jpeg"}],"twitter_card":"summary_large_image","twitter_misc":{"Predpokladan\u00fd \u010das \u010d\u00edtania":"1 min\u00fata"},"schema":{"@context":"https:\/\/schema.org","@graph":[{"@type":"WebPage","@id":"https:\/\/arak.spicehorse.eu\/sk\/produkt\/kentucky-solimbra-predne-gamase\/","url":"https:\/\/arak.spicehorse.eu\/sk\/produkt\/kentucky-solimbra-predne-gamase\/","name":"Kentucky Solimbra predn\u00e9 gama\u0161e - Spicehorse","isPartOf":{"@id":"https:\/\/arak.spicehorse.eu\/en\/#website"},"datePublished":"2018-11-18T17:30:44+00:00","dateModified":"2023-11-23T10:45:48+00:00","description":"spicehorse.eu | Kentucky Horsewear\u00a0Solimbra gama\u0161e s\u00fa z\u00a0pevn\u00e9ho odoln\u00e9ho a\u00a0na 100% nepremokav\u00e9ho Solimbra materi\u00e1lu s\u00a0jemnou pod\u0161\u00edvkou z umel\u00e9ho baran\u010deka a\u00a0s\u00a0EVA vn\u00fatornou ochranou.","breadcrumb":{"@id":"https:\/\/arak.spicehorse.eu\/sk\/produkt\/kentucky-solimbra-predne-gamase\/#breadcrumb"},"inLanguage":"sk-SK","potentialAction":[{"@type":"ReadAction","target":["https:\/\/arak.spicehorse.eu\/sk\/produkt\/kentucky-solimbra-predne-gamase\/"]}]},{"@type":"BreadcrumbList","@id":"https:\/\/arak.spicehorse.eu\/sk\/produkt\/kentucky-solimbra-predne-gamase\/#breadcrumb","itemListElement":[{"@type":"ListItem","position":1,"name":"Home","item":"https:\/\/arak.spicehorse.eu\/sk\/"},{"@type":"ListItem","position":2,"name":"Predaj\u0148a","item":"https:\/\/arak.spicehorse.eu\/sk\/predajna\/"},{"@type":"ListItem","position":3,"name":"Kentucky Solimbra predn\u00e9 gama\u0161e"}]},{"@type":"WebSite","@id":"https:\/\/arak.spicehorse.eu\/en\/#website","url":"https:\/\/arak.spicehorse.eu\/en\/","name":"Spicehorse","description":"UNDER DEVELOPMENT -","potentialAction":[{"@type":"SearchAction","target":{"@type":"EntryPoint","urlTemplate":"https:\/\/arak.spicehorse.eu\/en\/?s={search_term_string}"},"query-input":"required name=search_term_string"}],"inLanguage":"sk-SK"}]}},"_links":{"self":[{"href":"https:\/\/arak.spicehorse.eu\/sk\/wp-json\/wp\/v2\/product\/2569"}],"collection":[{"href":"https:\/\/arak.spicehorse.eu\/sk\/wp-json\/wp\/v2\/product"}],"about":[{"href":"https:\/\/arak.spicehorse.eu\/sk\/wp-json\/wp\/v2\/types\/product"}],"wp:featuredmedia":[{"embeddable":true,"href":"https:\/\/arak.spicehorse.eu\/sk\/wp-json\/wp\/v2\/media\/2559"}],"wp:attachment":[{"href":"https:\/\/arak.spicehorse.eu\/sk\/wp-json\/wp\/v2\/media?parent=2569"}],"wp:term":[{"taxonomy":"product_cat","embeddable":true,"href":"https:\/\/arak.spicehorse.eu\/sk\/wp-json\/wp\/v2\/product_cat?post=2569"},{"taxonomy":"product_tag","embeddable":true,"href":"https:\/\/arak.spicehorse.eu\/sk\/wp-json\/wp\/v2\/product_tag?post=2569"}],"curies":[{"name":"wp","href":"https:\/\/api.w.org\/{rel}","templated":true}]}}