{"id":2717,"date":"2018-11-26T22:09:59","date_gmt":"2018-11-26T22:10:02","guid":{"rendered":"https:\/\/arak.spicehorse.eu\/?post_type=product&#038;p=2717"},"modified":"2023-11-23T11:45:38","modified_gmt":"2023-11-23T10:45:38","slug":"kentucky-absorb-podlozka-pod-bandaz-45-x-30","status":"publish","type":"product","link":"https:\/\/arak.spicehorse.eu\/sk\/produkt\/kentucky-absorb-podlozka-pod-bandaz-45-x-30\/","title":{"rendered":"Kentucky Absorb podlo\u017eka pod band\u00e1\u017e 45 x 30 cm"},"content":{"rendered":"<p>Kentucky Horsewear\u00a0pracovn\u00e1 podlo\u017eka pod band\u00e1\u017e udr\u017eiava nohy ko\u0148a v\u00a0suchu, odv\u00e1dza pot a\u00a0\u00fadery. V\u010faka mimoriadne prievzdu\u0161n\u00e9mu materi\u00e1lu zabezpe\u010duje dobr\u00e9 pr\u00fadenie vzduchu, \u010d\u00edm zabra\u0148uje prehriatiu n\u00f4h. Nezo\u0161mykuje sa, je m\u00e4kko polstrovan\u00e1, priate\u013esk\u00e1 k\u00a0poko\u017eke. M\u00f4\u017ee sa pou\u017e\u00edva\u0165 ako pracovn\u00e1 band\u00e1\u017e, staj\u0148ov\u00e1 band\u00e1\u017e alebo ako doplnok lek\u00e1rskeho o\u0161etrenia. Dostupn\u00e9 s\u00fa v\u00a0setoch pozost\u00e1vaj\u00facich zo \u0161tyroch kusov, \u00fadr\u017eba je nen\u00e1ro\u010dn\u00e1, mo\u017eno ich pra\u0165 v\u00a0pr\u00e1\u010dke na 30\u00b0 (nevkladajte do su\u0161i\u010dky).<\/p>\n","protected":false},"excerpt":{"rendered":"<h3><strong>V\u010faka mimoriadne prievzdu\u0161n\u00e9mu materi\u00e1lu zabezpe\u010duje dobr\u00e9 pr\u00fadenie vzduchu, \u010d\u00edm zabra\u0148uje prehrievaniu n\u00f4h.<\/strong><\/h3>\n<ul>\n<li>Pohlcuje vlhkos\u0165 a \u00fadery<\/li>\n<li>Set pozost\u00e1vaj\u00faci zo 4 kusov<\/li>\n<li>Mimoriadne prievzdu\u0161n\u00e1 v\u00a0z\u00e1ujme lep\u0161ieho pr\u00fadenia vzduchu<\/li>\n<li>Nezo\u0161mykuje sa<\/li>\n<li>M\u00e4kk\u00e1, priate\u013esk\u00e1 k poko\u017eke<\/li>\n<li>M\u00f4\u017ee sa pou\u017e\u00edva\u0165 aj ako staj\u0148ov\u00e1 podlo\u017eka pod band\u00e1\u017e, na cestovanie alebo pri o\u0161etreniach.<\/li>\n<\/ul>\n","protected":false},"featured_media":49918,"template":"","meta":{"_acf_changed":false},"product_cat":[78,75,102],"product_tag":[149,184],"acf":[],"yoast_head":"<!-- This site is optimized with the Yoast SEO plugin v21.4 - https:\/\/yoast.com\/wordpress\/plugins\/seo\/ -->\n<title>Kentucky Absorb podlo\u017eka pod band\u00e1\u017e 45 x 30 cm - Spicehorse<\/title>\n<meta name=\"description\" content=\"spicehorse.eu | Kentucky Horsewear Absorb podlo\u017eka pod band\u00e1\u017e. V\u010faka mimoriadne prievzdu\u0161n\u00e9mu materi\u00e1lu zabezpe\u010duje dobr\u00e9 pr\u00fadenie vzduchu, \u010d\u00edm zabra\u0148uje prehrievaniu n\u00f4h.\" \/>\n<meta name=\"robots\" content=\"index, follow, max-snippet:-1, max-image-preview:large, max-video-preview:-1\" \/>\n<link rel=\"canonical\" href=\"https:\/\/arak.spicehorse.eu\/sk\/produkt\/kentucky-absorb-podlozka-pod-bandaz-45-x-30\/\" \/>\n<meta property=\"og:locale\" content=\"sk_SK\" \/>\n<meta property=\"og:type\" content=\"article\" \/>\n<meta property=\"og:title\" content=\"Kentucky Absorb podlo\u017eka pod band\u00e1\u017e 45 x 30 cm - Spicehorse\" \/>\n<meta property=\"og:description\" content=\"spicehorse.eu | Kentucky Horsewear Absorb podlo\u017eka pod band\u00e1\u017e. V\u010faka mimoriadne prievzdu\u0161n\u00e9mu materi\u00e1lu zabezpe\u010duje dobr\u00e9 pr\u00fadenie vzduchu, \u010d\u00edm zabra\u0148uje prehrievaniu n\u00f4h.\" \/>\n<meta property=\"og:url\" content=\"https:\/\/arak.spicehorse.eu\/sk\/produkt\/kentucky-absorb-podlozka-pod-bandaz-45-x-30\/\" \/>\n<meta property=\"og:site_name\" content=\"Spicehorse\" \/>\n<meta property=\"article:publisher\" content=\"https:\/\/www.facebook.com\/SPICEHORSE-550385625402457\/\" \/>\n<meta property=\"article:modified_time\" content=\"2023-11-23T10:45:38+00:00\" \/>\n<meta property=\"og:image\" content=\"https:\/\/arak.spicehorse.eu\/wp-content\/uploads\/2021\/05\/42fa22f8cb8219924f1b5e95530613ef633fde9ca7de19ce342050208912e726.jpg\" \/>\n\t<meta property=\"og:image:width\" content=\"2048\" \/>\n\t<meta property=\"og:image:height\" content=\"2048\" \/>\n\t<meta property=\"og:image:type\" content=\"image\/jpeg\" \/>\n<meta name=\"twitter:card\" content=\"summary_large_image\" \/>\n<script type=\"application\/ld+json\" class=\"yoast-schema-graph\">{\"@context\":\"https:\/\/schema.org\",\"@graph\":[{\"@type\":\"WebPage\",\"@id\":\"https:\/\/arak.spicehorse.eu\/sk\/produkt\/kentucky-absorb-podlozka-pod-bandaz-45-x-30\/\",\"url\":\"https:\/\/arak.spicehorse.eu\/sk\/produkt\/kentucky-absorb-podlozka-pod-bandaz-45-x-30\/\",\"name\":\"Kentucky Absorb podlo\u017eka pod band\u00e1\u017e 45 x 30 cm - Spicehorse\",\"isPartOf\":{\"@id\":\"https:\/\/arak.spicehorse.eu\/en\/#website\"},\"datePublished\":\"2018-11-26T22:10:02+00:00\",\"dateModified\":\"2023-11-23T10:45:38+00:00\",\"description\":\"spicehorse.eu | Kentucky Horsewear Absorb podlo\u017eka pod band\u00e1\u017e. V\u010faka mimoriadne prievzdu\u0161n\u00e9mu materi\u00e1lu zabezpe\u010duje dobr\u00e9 pr\u00fadenie vzduchu, \u010d\u00edm zabra\u0148uje prehrievaniu n\u00f4h.\",\"breadcrumb\":{\"@id\":\"https:\/\/arak.spicehorse.eu\/sk\/produkt\/kentucky-absorb-podlozka-pod-bandaz-45-x-30\/#breadcrumb\"},\"inLanguage\":\"sk-SK\",\"potentialAction\":[{\"@type\":\"ReadAction\",\"target\":[\"https:\/\/arak.spicehorse.eu\/sk\/produkt\/kentucky-absorb-podlozka-pod-bandaz-45-x-30\/\"]}]},{\"@type\":\"BreadcrumbList\",\"@id\":\"https:\/\/arak.spicehorse.eu\/sk\/produkt\/kentucky-absorb-podlozka-pod-bandaz-45-x-30\/#breadcrumb\",\"itemListElement\":[{\"@type\":\"ListItem\",\"position\":1,\"name\":\"Home\",\"item\":\"https:\/\/arak.spicehorse.eu\/sk\/\"},{\"@type\":\"ListItem\",\"position\":2,\"name\":\"Predaj\u0148a\",\"item\":\"https:\/\/arak.spicehorse.eu\/sk\/predajna\/\"},{\"@type\":\"ListItem\",\"position\":3,\"name\":\"Kentucky Absorb podlo\u017eka pod band\u00e1\u017e 45 x 30 cm\"}]},{\"@type\":\"WebSite\",\"@id\":\"https:\/\/arak.spicehorse.eu\/en\/#website\",\"url\":\"https:\/\/arak.spicehorse.eu\/en\/\",\"name\":\"Spicehorse\",\"description\":\"UNDER DEVELOPMENT -\",\"potentialAction\":[{\"@type\":\"SearchAction\",\"target\":{\"@type\":\"EntryPoint\",\"urlTemplate\":\"https:\/\/arak.spicehorse.eu\/en\/?s={search_term_string}\"},\"query-input\":\"required name=search_term_string\"}],\"inLanguage\":\"sk-SK\"}]}<\/script>\n<!-- \/ Yoast SEO plugin. -->","yoast_head_json":{"title":"Kentucky Absorb podlo\u017eka pod band\u00e1\u017e 45 x 30 cm - Spicehorse","description":"spicehorse.eu | Kentucky Horsewear Absorb podlo\u017eka pod band\u00e1\u017e. V\u010faka mimoriadne prievzdu\u0161n\u00e9mu materi\u00e1lu zabezpe\u010duje dobr\u00e9 pr\u00fadenie vzduchu, \u010d\u00edm zabra\u0148uje prehrievaniu n\u00f4h.","robots":{"index":"index","follow":"follow","max-snippet":"max-snippet:-1","max-image-preview":"max-image-preview:large","max-video-preview":"max-video-preview:-1"},"canonical":"https:\/\/arak.spicehorse.eu\/sk\/produkt\/kentucky-absorb-podlozka-pod-bandaz-45-x-30\/","og_locale":"sk_SK","og_type":"article","og_title":"Kentucky Absorb podlo\u017eka pod band\u00e1\u017e 45 x 30 cm - Spicehorse","og_description":"spicehorse.eu | Kentucky Horsewear Absorb podlo\u017eka pod band\u00e1\u017e. V\u010faka mimoriadne prievzdu\u0161n\u00e9mu materi\u00e1lu zabezpe\u010duje dobr\u00e9 pr\u00fadenie vzduchu, \u010d\u00edm zabra\u0148uje prehrievaniu n\u00f4h.","og_url":"https:\/\/arak.spicehorse.eu\/sk\/produkt\/kentucky-absorb-podlozka-pod-bandaz-45-x-30\/","og_site_name":"Spicehorse","article_publisher":"https:\/\/www.facebook.com\/SPICEHORSE-550385625402457\/","article_modified_time":"2023-11-23T10:45:38+00:00","og_image":[{"width":2048,"height":2048,"url":"https:\/\/arak.spicehorse.eu\/wp-content\/uploads\/2021\/05\/42fa22f8cb8219924f1b5e95530613ef633fde9ca7de19ce342050208912e726.jpg","type":"image\/jpeg"}],"twitter_card":"summary_large_image","schema":{"@context":"https:\/\/schema.org","@graph":[{"@type":"WebPage","@id":"https:\/\/arak.spicehorse.eu\/sk\/produkt\/kentucky-absorb-podlozka-pod-bandaz-45-x-30\/","url":"https:\/\/arak.spicehorse.eu\/sk\/produkt\/kentucky-absorb-podlozka-pod-bandaz-45-x-30\/","name":"Kentucky Absorb podlo\u017eka pod band\u00e1\u017e 45 x 30 cm - Spicehorse","isPartOf":{"@id":"https:\/\/arak.spicehorse.eu\/en\/#website"},"datePublished":"2018-11-26T22:10:02+00:00","dateModified":"2023-11-23T10:45:38+00:00","description":"spicehorse.eu | Kentucky Horsewear Absorb podlo\u017eka pod band\u00e1\u017e. V\u010faka mimoriadne prievzdu\u0161n\u00e9mu materi\u00e1lu zabezpe\u010duje dobr\u00e9 pr\u00fadenie vzduchu, \u010d\u00edm zabra\u0148uje prehrievaniu n\u00f4h.","breadcrumb":{"@id":"https:\/\/arak.spicehorse.eu\/sk\/produkt\/kentucky-absorb-podlozka-pod-bandaz-45-x-30\/#breadcrumb"},"inLanguage":"sk-SK","potentialAction":[{"@type":"ReadAction","target":["https:\/\/arak.spicehorse.eu\/sk\/produkt\/kentucky-absorb-podlozka-pod-bandaz-45-x-30\/"]}]},{"@type":"BreadcrumbList","@id":"https:\/\/arak.spicehorse.eu\/sk\/produkt\/kentucky-absorb-podlozka-pod-bandaz-45-x-30\/#breadcrumb","itemListElement":[{"@type":"ListItem","position":1,"name":"Home","item":"https:\/\/arak.spicehorse.eu\/sk\/"},{"@type":"ListItem","position":2,"name":"Predaj\u0148a","item":"https:\/\/arak.spicehorse.eu\/sk\/predajna\/"},{"@type":"ListItem","position":3,"name":"Kentucky Absorb podlo\u017eka pod band\u00e1\u017e 45 x 30 cm"}]},{"@type":"WebSite","@id":"https:\/\/arak.spicehorse.eu\/en\/#website","url":"https:\/\/arak.spicehorse.eu\/en\/","name":"Spicehorse","description":"UNDER DEVELOPMENT -","potentialAction":[{"@type":"SearchAction","target":{"@type":"EntryPoint","urlTemplate":"https:\/\/arak.spicehorse.eu\/en\/?s={search_term_string}"},"query-input":"required name=search_term_string"}],"inLanguage":"sk-SK"}]}},"_links":{"self":[{"href":"https:\/\/arak.spicehorse.eu\/sk\/wp-json\/wp\/v2\/product\/2717"}],"collection":[{"href":"https:\/\/arak.spicehorse.eu\/sk\/wp-json\/wp\/v2\/product"}],"about":[{"href":"https:\/\/arak.spicehorse.eu\/sk\/wp-json\/wp\/v2\/types\/product"}],"wp:featuredmedia":[{"embeddable":true,"href":"https:\/\/arak.spicehorse.eu\/sk\/wp-json\/wp\/v2\/media\/49918"}],"wp:attachment":[{"href":"https:\/\/arak.spicehorse.eu\/sk\/wp-json\/wp\/v2\/media?parent=2717"}],"wp:term":[{"taxonomy":"product_cat","embeddable":true,"href":"https:\/\/arak.spicehorse.eu\/sk\/wp-json\/wp\/v2\/product_cat?post=2717"},{"taxonomy":"product_tag","embeddable":true,"href":"https:\/\/arak.spicehorse.eu\/sk\/wp-json\/wp\/v2\/product_tag?post=2717"}],"curies":[{"name":"wp","href":"https:\/\/api.w.org\/{rel}","templated":true}]}}