{"id":2753,"date":"2018-11-27T10:55:23","date_gmt":"2018-11-27T10:55:23","guid":{"rendered":"https:\/\/arak.spicehorse.eu\/product\/tail-guard-tail-bag\/"},"modified":"2025-08-08T11:19:09","modified_gmt":"2025-08-08T09:19:09","slug":"kentucky-chranic-na-chvost-vak","status":"publish","type":"product","link":"https:\/\/arak.spicehorse.eu\/sk\/produkt\/kentucky-chranic-na-chvost-vak\/","title":{"rendered":"Kentucky Chr\u00e1ni\u010d na chvost &#038; vak"},"content":{"rendered":"<p>Vyr\u00e1ba sa z pru\u017en\u00e9ho neopr\u00e9nu, zabezpe\u010duje pre kone dokonal\u00fa ochranu, dobre sa prisp\u00f4sobujea je pohodln\u00fd.\u00a0Kentucky Horsewear\u00a0chr\u00e1ni\u010d na chvost sa sklad\u00e1 z\u00a0dvoch rozdielnych \u010dast\u00ed: neopr\u00e9nov\u00fd chr\u00e1ni\u010d na chvosta\u00a0150D polyesterov\u00fd vakna dr\u017eanie chvosta.\u00a0Chr\u00e1ni\u010d na chvost je mo\u017en\u00e9 pou\u017e\u00edva\u0165 aj bez vaku na dr\u017eanie chvosta. Vak sa upev\u0148uje za pomoci such\u00fdch zipsov, t\u00fdm p\u00e1dom zost\u00e1va chvost ko\u0148a \u010dist\u00fd, nezamot\u00e1va sa po\u010das prevozu. \u013dahk\u00e9, jednoduch\u00e9 a\u00a0r\u00fdchle pou\u017eitie.<\/p>\n<p>Chr\u00e1ni\u010d na chvost a\u00a0vak mo\u017eno pra\u0165 v\u00a0pr\u00e1\u010dke na 30\u00b0 (nevkladajte do su\u0161i\u010dky).<\/p>\n","protected":false},"excerpt":{"rendered":"<h3><strong>Vak na ochranu chvosta sa upev\u0148uje pomocou such\u00e9ho zipsu, t\u00fdm p\u00e1dom zost\u00e1va chvost ko\u0148a \u010dist\u00fd, nezamot\u00e1va sa po\u010das prevozu. \u00a0<\/strong><\/h3>\n<ul>\n<li>Ochrana a hygiena<\/li>\n<li>Praktick\u00fd tvar, \u013eahk\u00e9 umiestnenie<\/li>\n<li>Jednoduch\u00e9 pou\u017eitie a upevnenie<\/li>\n<li>Chr\u00e1ni\u010d sa m\u00f4\u017ee pou\u017e\u00edva\u0165 aj samostatne<\/li>\n<li>Mo\u017eno pra\u0165 v\u00a0pr\u00e1\u010dke na 30\u00b0 (nevkladajte do su\u0161i\u010dky)<\/li>\n<\/ul>\n","protected":false},"featured_media":2739,"template":"","meta":{"_acf_changed":false},"product_cat":[75,120],"product_tag":[184,338],"acf":[],"yoast_head":"<!-- This site is optimized with the Yoast SEO plugin v21.4 - https:\/\/yoast.com\/wordpress\/plugins\/seo\/ -->\n<title>Kentucky Chr\u00e1ni\u010d na chvost &amp; vak - Spicehorse<\/title>\n<meta name=\"description\" content=\"spicehorse.eu | Kentucky Horsewear vak na ochranu chvosta sa upev\u0148uje pomocou such\u00e9ho zipsu, t\u00fdm p\u00e1dom zost\u00e1va chvost ko\u0148a \u010dist\u00fd, nezamot\u00e1va sa po\u010das prevozu.\" \/>\n<meta name=\"robots\" content=\"index, follow, max-snippet:-1, max-image-preview:large, max-video-preview:-1\" \/>\n<link rel=\"canonical\" href=\"https:\/\/arak.spicehorse.eu\/sk\/produkt\/kentucky-chranic-na-chvost-vak\/\" \/>\n<meta property=\"og:locale\" content=\"sk_SK\" \/>\n<meta property=\"og:type\" content=\"article\" \/>\n<meta property=\"og:title\" content=\"Kentucky Chr\u00e1ni\u010d na chvost &amp; vak - Spicehorse\" \/>\n<meta property=\"og:description\" content=\"spicehorse.eu | Kentucky Horsewear vak na ochranu chvosta sa upev\u0148uje pomocou such\u00e9ho zipsu, t\u00fdm p\u00e1dom zost\u00e1va chvost ko\u0148a \u010dist\u00fd, nezamot\u00e1va sa po\u010das prevozu.\" \/>\n<meta property=\"og:url\" content=\"https:\/\/arak.spicehorse.eu\/sk\/produkt\/kentucky-chranic-na-chvost-vak\/\" \/>\n<meta property=\"og:site_name\" content=\"Spicehorse\" \/>\n<meta property=\"article:publisher\" content=\"https:\/\/www.facebook.com\/SPICEHORSE-550385625402457\/\" \/>\n<meta property=\"article:modified_time\" content=\"2025-08-08T09:19:09+00:00\" \/>\n<meta property=\"og:image\" content=\"https:\/\/arak.spicehorse.eu\/wp-content\/uploads\/2018\/11\/88196-TAIL.jpg\" \/>\n\t<meta property=\"og:image:width\" content=\"3000\" \/>\n\t<meta property=\"og:image:height\" content=\"3000\" \/>\n\t<meta property=\"og:image:type\" content=\"image\/jpeg\" \/>\n<meta name=\"twitter:card\" content=\"summary_large_image\" \/>\n<meta name=\"twitter:label1\" content=\"Predpokladan\u00fd \u010das \u010d\u00edtania\" \/>\n\t<meta name=\"twitter:data1\" content=\"1 min\u00fata\" \/>\n<script type=\"application\/ld+json\" class=\"yoast-schema-graph\">{\"@context\":\"https:\/\/schema.org\",\"@graph\":[{\"@type\":\"WebPage\",\"@id\":\"https:\/\/arak.spicehorse.eu\/sk\/produkt\/kentucky-chranic-na-chvost-vak\/\",\"url\":\"https:\/\/arak.spicehorse.eu\/sk\/produkt\/kentucky-chranic-na-chvost-vak\/\",\"name\":\"Kentucky Chr\u00e1ni\u010d na chvost & vak - Spicehorse\",\"isPartOf\":{\"@id\":\"https:\/\/arak.spicehorse.eu\/en\/#website\"},\"datePublished\":\"2018-11-27T10:55:23+00:00\",\"dateModified\":\"2025-08-08T09:19:09+00:00\",\"description\":\"spicehorse.eu | Kentucky Horsewear vak na ochranu chvosta sa upev\u0148uje pomocou such\u00e9ho zipsu, t\u00fdm p\u00e1dom zost\u00e1va chvost ko\u0148a \u010dist\u00fd, nezamot\u00e1va sa po\u010das prevozu.\",\"breadcrumb\":{\"@id\":\"https:\/\/arak.spicehorse.eu\/sk\/produkt\/kentucky-chranic-na-chvost-vak\/#breadcrumb\"},\"inLanguage\":\"sk-SK\",\"potentialAction\":[{\"@type\":\"ReadAction\",\"target\":[\"https:\/\/arak.spicehorse.eu\/sk\/produkt\/kentucky-chranic-na-chvost-vak\/\"]}]},{\"@type\":\"BreadcrumbList\",\"@id\":\"https:\/\/arak.spicehorse.eu\/sk\/produkt\/kentucky-chranic-na-chvost-vak\/#breadcrumb\",\"itemListElement\":[{\"@type\":\"ListItem\",\"position\":1,\"name\":\"Home\",\"item\":\"https:\/\/arak.spicehorse.eu\/sk\/\"},{\"@type\":\"ListItem\",\"position\":2,\"name\":\"Predaj\u0148a\",\"item\":\"https:\/\/arak.spicehorse.eu\/sk\/predajna\/\"},{\"@type\":\"ListItem\",\"position\":3,\"name\":\"Kentucky Chr\u00e1ni\u010d na chvost &#038; vak\"}]},{\"@type\":\"WebSite\",\"@id\":\"https:\/\/arak.spicehorse.eu\/en\/#website\",\"url\":\"https:\/\/arak.spicehorse.eu\/en\/\",\"name\":\"Spicehorse\",\"description\":\"UNDER DEVELOPMENT -\",\"potentialAction\":[{\"@type\":\"SearchAction\",\"target\":{\"@type\":\"EntryPoint\",\"urlTemplate\":\"https:\/\/arak.spicehorse.eu\/en\/?s={search_term_string}\"},\"query-input\":\"required name=search_term_string\"}],\"inLanguage\":\"sk-SK\"}]}<\/script>\n<!-- \/ Yoast SEO plugin. -->","yoast_head_json":{"title":"Kentucky Chr\u00e1ni\u010d na chvost & vak - Spicehorse","description":"spicehorse.eu | Kentucky Horsewear vak na ochranu chvosta sa upev\u0148uje pomocou such\u00e9ho zipsu, t\u00fdm p\u00e1dom zost\u00e1va chvost ko\u0148a \u010dist\u00fd, nezamot\u00e1va sa po\u010das prevozu.","robots":{"index":"index","follow":"follow","max-snippet":"max-snippet:-1","max-image-preview":"max-image-preview:large","max-video-preview":"max-video-preview:-1"},"canonical":"https:\/\/arak.spicehorse.eu\/sk\/produkt\/kentucky-chranic-na-chvost-vak\/","og_locale":"sk_SK","og_type":"article","og_title":"Kentucky Chr\u00e1ni\u010d na chvost & vak - Spicehorse","og_description":"spicehorse.eu | Kentucky Horsewear vak na ochranu chvosta sa upev\u0148uje pomocou such\u00e9ho zipsu, t\u00fdm p\u00e1dom zost\u00e1va chvost ko\u0148a \u010dist\u00fd, nezamot\u00e1va sa po\u010das prevozu.","og_url":"https:\/\/arak.spicehorse.eu\/sk\/produkt\/kentucky-chranic-na-chvost-vak\/","og_site_name":"Spicehorse","article_publisher":"https:\/\/www.facebook.com\/SPICEHORSE-550385625402457\/","article_modified_time":"2025-08-08T09:19:09+00:00","og_image":[{"width":3000,"height":3000,"url":"https:\/\/arak.spicehorse.eu\/wp-content\/uploads\/2018\/11\/88196-TAIL.jpg","type":"image\/jpeg"}],"twitter_card":"summary_large_image","twitter_misc":{"Predpokladan\u00fd \u010das \u010d\u00edtania":"1 min\u00fata"},"schema":{"@context":"https:\/\/schema.org","@graph":[{"@type":"WebPage","@id":"https:\/\/arak.spicehorse.eu\/sk\/produkt\/kentucky-chranic-na-chvost-vak\/","url":"https:\/\/arak.spicehorse.eu\/sk\/produkt\/kentucky-chranic-na-chvost-vak\/","name":"Kentucky Chr\u00e1ni\u010d na chvost & vak - Spicehorse","isPartOf":{"@id":"https:\/\/arak.spicehorse.eu\/en\/#website"},"datePublished":"2018-11-27T10:55:23+00:00","dateModified":"2025-08-08T09:19:09+00:00","description":"spicehorse.eu | Kentucky Horsewear vak na ochranu chvosta sa upev\u0148uje pomocou such\u00e9ho zipsu, t\u00fdm p\u00e1dom zost\u00e1va chvost ko\u0148a \u010dist\u00fd, nezamot\u00e1va sa po\u010das prevozu.","breadcrumb":{"@id":"https:\/\/arak.spicehorse.eu\/sk\/produkt\/kentucky-chranic-na-chvost-vak\/#breadcrumb"},"inLanguage":"sk-SK","potentialAction":[{"@type":"ReadAction","target":["https:\/\/arak.spicehorse.eu\/sk\/produkt\/kentucky-chranic-na-chvost-vak\/"]}]},{"@type":"BreadcrumbList","@id":"https:\/\/arak.spicehorse.eu\/sk\/produkt\/kentucky-chranic-na-chvost-vak\/#breadcrumb","itemListElement":[{"@type":"ListItem","position":1,"name":"Home","item":"https:\/\/arak.spicehorse.eu\/sk\/"},{"@type":"ListItem","position":2,"name":"Predaj\u0148a","item":"https:\/\/arak.spicehorse.eu\/sk\/predajna\/"},{"@type":"ListItem","position":3,"name":"Kentucky Chr\u00e1ni\u010d na chvost &#038; vak"}]},{"@type":"WebSite","@id":"https:\/\/arak.spicehorse.eu\/en\/#website","url":"https:\/\/arak.spicehorse.eu\/en\/","name":"Spicehorse","description":"UNDER DEVELOPMENT -","potentialAction":[{"@type":"SearchAction","target":{"@type":"EntryPoint","urlTemplate":"https:\/\/arak.spicehorse.eu\/en\/?s={search_term_string}"},"query-input":"required name=search_term_string"}],"inLanguage":"sk-SK"}]}},"_links":{"self":[{"href":"https:\/\/arak.spicehorse.eu\/sk\/wp-json\/wp\/v2\/product\/2753"}],"collection":[{"href":"https:\/\/arak.spicehorse.eu\/sk\/wp-json\/wp\/v2\/product"}],"about":[{"href":"https:\/\/arak.spicehorse.eu\/sk\/wp-json\/wp\/v2\/types\/product"}],"wp:featuredmedia":[{"embeddable":true,"href":"https:\/\/arak.spicehorse.eu\/sk\/wp-json\/wp\/v2\/media\/2739"}],"wp:attachment":[{"href":"https:\/\/arak.spicehorse.eu\/sk\/wp-json\/wp\/v2\/media?parent=2753"}],"wp:term":[{"taxonomy":"product_cat","embeddable":true,"href":"https:\/\/arak.spicehorse.eu\/sk\/wp-json\/wp\/v2\/product_cat?post=2753"},{"taxonomy":"product_tag","embeddable":true,"href":"https:\/\/arak.spicehorse.eu\/sk\/wp-json\/wp\/v2\/product_tag?post=2753"}],"curies":[{"name":"wp","href":"https:\/\/api.w.org\/{rel}","templated":true}]}}