{"id":2924,"date":"2018-12-02T21:28:39","date_gmt":"2018-12-02T21:28:39","guid":{"rendered":"https:\/\/arak.spicehorse.eu\/product\/air-tech-overreach-boots\/"},"modified":"2023-11-23T11:45:24","modified_gmt":"2023-11-23T10:45:24","slug":"kentucky-air-tech-zvony-na-kopyta","status":"publish","type":"product","link":"https:\/\/arak.spicehorse.eu\/sk\/produkt\/kentucky-air-tech-zvony-na-kopyta\/","title":{"rendered":"Kentucky Air Tech zvony na kopyt\u00e1"},"content":{"rendered":"<p>Zvony na kopyt\u00e1 The\u00a0Kentucky Horsewear\u00a0Air Tech s\u00fa ve\u013emi pevn\u00e9, pru\u017en\u00e9 a\u00a0pohodln\u00e9, s\u00a0tvarovan\u00edm zabra\u0148uj\u00facim ot\u00e1\u010daniu. G\u00e9l na tlmenie \u00faderov chr\u00e1ni p\u00e4tku a\u00a0korunku kopyta pred zarez\u00e1van\u00edm a\u00a0in\u00fdmi zraneniami. Vonkaj\u0161\u00ed materi\u00e1l je perforovan\u00e1 ko\u017eenka, dokonale pri\u013ene ku chr\u00e1ni\u010dom\u00a0 Eventing Air Tech military. S\u00fa vodeodoln\u00e9, \u013eahk\u00e9. Jednoduch\u00e1 aplik\u00e1cia a\u00a0o\u0161etrenie, mo\u017eno pra\u0165 v\u00a0pr\u00e1\u010dke na 30\u00b0 (nevkladajte do su\u0161i\u010dky).<\/p>\n","protected":false},"excerpt":{"rendered":"<h3>Zvony na kopyt\u00e1 Kentucky Horsewear Air Tech zabezpe\u010duj\u00fa tlmenie \u00faderov a\u00a0poskytuj\u00fa maxim\u00e1lnu ochranu pre kopyt\u00e1.<\/h3>\n<p><strong>Ve\u013ekosti: M, L, XL<\/strong><br \/>\n<strong>Farby: \u010dierna, hned\u00fd<\/strong><\/p>\n<ul>\n<li>V\u00fdborn\u00e9 tlmenie \u00faderov, maxim\u00e1lna ochrana p\u00e4tky a korunky kopyta<\/li>\n<li>Vn\u00fatorn\u00fd g\u00e9l na pohltenie \u00faderov<\/li>\n<li>Pru\u017en\u00e9 a pohodln\u00e9<\/li>\n<li>Dokonal\u00e9 pri\u013enutie, bezpe\u010dnos\u0165 a stabilita<\/li>\n<li>Vodeodoln\u00e9<\/li>\n<li>\u013dahko sa aplikuj\u00fa, jednoduch\u00e9 o\u0161etrovanie, \u201cdo-not-turn ball\u201d tvarovanie zabra\u0148uj\u00face ot\u00e1\u010daniu<\/li>\n<li>Vhodn\u00e9 pre v\u0161etky jazdeck\u00e9 odvetvia<\/li>\n<li>Mo\u017eno pra\u0165 v\u00a0pr\u00e1\u010dke na 30\u00b0 (nevkladajte do su\u0161i\u010dky)<\/li>\n<li>Farba: \u010dierna, hned\u00fd<\/li>\n<li>Ve\u013ekos\u0165: M, L, XL<\/li>\n<\/ul>\n","protected":false},"featured_media":2901,"template":"","meta":{"_acf_changed":false},"product_cat":[78,75,116],"product_tag":[328,255],"acf":[],"yoast_head":"<!-- This site is optimized with the Yoast SEO plugin v21.4 - https:\/\/yoast.com\/wordpress\/plugins\/seo\/ -->\n<title>Kentucky Air Tech zvony na kopyt\u00e1 - Spicehorse<\/title>\n<meta name=\"description\" content=\"spicehorse.eu | Zvony na kopyt\u00e1 Kentucky Horsewear Air Tech zabezpe\u010duj\u00fa tlmenie \u00faderov a\u00a0poskytuj\u00fa maxim\u00e1lnu ochranu pre kopyt\u00e1.\" \/>\n<meta name=\"robots\" content=\"index, follow, max-snippet:-1, max-image-preview:large, max-video-preview:-1\" \/>\n<link rel=\"canonical\" href=\"https:\/\/arak.spicehorse.eu\/sk\/produkt\/kentucky-air-tech-zvony-na-kopyta\/\" \/>\n<meta property=\"og:locale\" content=\"sk_SK\" \/>\n<meta property=\"og:type\" content=\"article\" \/>\n<meta property=\"og:title\" content=\"Kentucky Air Tech zvony na kopyt\u00e1 - Spicehorse\" \/>\n<meta property=\"og:description\" content=\"spicehorse.eu | Zvony na kopyt\u00e1 Kentucky Horsewear Air Tech zabezpe\u010duj\u00fa tlmenie \u00faderov a\u00a0poskytuj\u00fa maxim\u00e1lnu ochranu pre kopyt\u00e1.\" \/>\n<meta property=\"og:url\" content=\"https:\/\/arak.spicehorse.eu\/sk\/produkt\/kentucky-air-tech-zvony-na-kopyta\/\" \/>\n<meta property=\"og:site_name\" content=\"Spicehorse\" \/>\n<meta property=\"article:publisher\" content=\"https:\/\/www.facebook.com\/SPICEHORSE-550385625402457\/\" \/>\n<meta property=\"article:modified_time\" content=\"2023-11-23T10:45:24+00:00\" \/>\n<meta property=\"og:image\" content=\"https:\/\/arak.spicehorse.eu\/wp-content\/uploads\/2018\/12\/84194-01.jpg\" \/>\n\t<meta property=\"og:image:width\" content=\"2500\" \/>\n\t<meta property=\"og:image:height\" content=\"2500\" \/>\n\t<meta property=\"og:image:type\" content=\"image\/jpeg\" \/>\n<meta name=\"twitter:card\" content=\"summary_large_image\" \/>\n<script type=\"application\/ld+json\" class=\"yoast-schema-graph\">{\"@context\":\"https:\/\/schema.org\",\"@graph\":[{\"@type\":\"WebPage\",\"@id\":\"https:\/\/arak.spicehorse.eu\/sk\/produkt\/kentucky-air-tech-zvony-na-kopyta\/\",\"url\":\"https:\/\/arak.spicehorse.eu\/sk\/produkt\/kentucky-air-tech-zvony-na-kopyta\/\",\"name\":\"Kentucky Air Tech zvony na kopyt\u00e1 - Spicehorse\",\"isPartOf\":{\"@id\":\"https:\/\/arak.spicehorse.eu\/en\/#website\"},\"datePublished\":\"2018-12-02T21:28:39+00:00\",\"dateModified\":\"2023-11-23T10:45:24+00:00\",\"description\":\"spicehorse.eu | Zvony na kopyt\u00e1 Kentucky Horsewear Air Tech zabezpe\u010duj\u00fa tlmenie \u00faderov a\u00a0poskytuj\u00fa maxim\u00e1lnu ochranu pre kopyt\u00e1.\",\"breadcrumb\":{\"@id\":\"https:\/\/arak.spicehorse.eu\/sk\/produkt\/kentucky-air-tech-zvony-na-kopyta\/#breadcrumb\"},\"inLanguage\":\"sk-SK\",\"potentialAction\":[{\"@type\":\"ReadAction\",\"target\":[\"https:\/\/arak.spicehorse.eu\/sk\/produkt\/kentucky-air-tech-zvony-na-kopyta\/\"]}]},{\"@type\":\"BreadcrumbList\",\"@id\":\"https:\/\/arak.spicehorse.eu\/sk\/produkt\/kentucky-air-tech-zvony-na-kopyta\/#breadcrumb\",\"itemListElement\":[{\"@type\":\"ListItem\",\"position\":1,\"name\":\"Home\",\"item\":\"https:\/\/arak.spicehorse.eu\/sk\/\"},{\"@type\":\"ListItem\",\"position\":2,\"name\":\"Predaj\u0148a\",\"item\":\"https:\/\/arak.spicehorse.eu\/sk\/predajna\/\"},{\"@type\":\"ListItem\",\"position\":3,\"name\":\"Kentucky Air Tech zvony na kopyt\u00e1\"}]},{\"@type\":\"WebSite\",\"@id\":\"https:\/\/arak.spicehorse.eu\/en\/#website\",\"url\":\"https:\/\/arak.spicehorse.eu\/en\/\",\"name\":\"Spicehorse\",\"description\":\"UNDER DEVELOPMENT -\",\"potentialAction\":[{\"@type\":\"SearchAction\",\"target\":{\"@type\":\"EntryPoint\",\"urlTemplate\":\"https:\/\/arak.spicehorse.eu\/en\/?s={search_term_string}\"},\"query-input\":\"required name=search_term_string\"}],\"inLanguage\":\"sk-SK\"}]}<\/script>\n<!-- \/ Yoast SEO plugin. -->","yoast_head_json":{"title":"Kentucky Air Tech zvony na kopyt\u00e1 - Spicehorse","description":"spicehorse.eu | Zvony na kopyt\u00e1 Kentucky Horsewear Air Tech zabezpe\u010duj\u00fa tlmenie \u00faderov a\u00a0poskytuj\u00fa maxim\u00e1lnu ochranu pre kopyt\u00e1.","robots":{"index":"index","follow":"follow","max-snippet":"max-snippet:-1","max-image-preview":"max-image-preview:large","max-video-preview":"max-video-preview:-1"},"canonical":"https:\/\/arak.spicehorse.eu\/sk\/produkt\/kentucky-air-tech-zvony-na-kopyta\/","og_locale":"sk_SK","og_type":"article","og_title":"Kentucky Air Tech zvony na kopyt\u00e1 - Spicehorse","og_description":"spicehorse.eu | Zvony na kopyt\u00e1 Kentucky Horsewear Air Tech zabezpe\u010duj\u00fa tlmenie \u00faderov a\u00a0poskytuj\u00fa maxim\u00e1lnu ochranu pre kopyt\u00e1.","og_url":"https:\/\/arak.spicehorse.eu\/sk\/produkt\/kentucky-air-tech-zvony-na-kopyta\/","og_site_name":"Spicehorse","article_publisher":"https:\/\/www.facebook.com\/SPICEHORSE-550385625402457\/","article_modified_time":"2023-11-23T10:45:24+00:00","og_image":[{"width":2500,"height":2500,"url":"https:\/\/arak.spicehorse.eu\/wp-content\/uploads\/2018\/12\/84194-01.jpg","type":"image\/jpeg"}],"twitter_card":"summary_large_image","schema":{"@context":"https:\/\/schema.org","@graph":[{"@type":"WebPage","@id":"https:\/\/arak.spicehorse.eu\/sk\/produkt\/kentucky-air-tech-zvony-na-kopyta\/","url":"https:\/\/arak.spicehorse.eu\/sk\/produkt\/kentucky-air-tech-zvony-na-kopyta\/","name":"Kentucky Air Tech zvony na kopyt\u00e1 - Spicehorse","isPartOf":{"@id":"https:\/\/arak.spicehorse.eu\/en\/#website"},"datePublished":"2018-12-02T21:28:39+00:00","dateModified":"2023-11-23T10:45:24+00:00","description":"spicehorse.eu | Zvony na kopyt\u00e1 Kentucky Horsewear Air Tech zabezpe\u010duj\u00fa tlmenie \u00faderov a\u00a0poskytuj\u00fa maxim\u00e1lnu ochranu pre kopyt\u00e1.","breadcrumb":{"@id":"https:\/\/arak.spicehorse.eu\/sk\/produkt\/kentucky-air-tech-zvony-na-kopyta\/#breadcrumb"},"inLanguage":"sk-SK","potentialAction":[{"@type":"ReadAction","target":["https:\/\/arak.spicehorse.eu\/sk\/produkt\/kentucky-air-tech-zvony-na-kopyta\/"]}]},{"@type":"BreadcrumbList","@id":"https:\/\/arak.spicehorse.eu\/sk\/produkt\/kentucky-air-tech-zvony-na-kopyta\/#breadcrumb","itemListElement":[{"@type":"ListItem","position":1,"name":"Home","item":"https:\/\/arak.spicehorse.eu\/sk\/"},{"@type":"ListItem","position":2,"name":"Predaj\u0148a","item":"https:\/\/arak.spicehorse.eu\/sk\/predajna\/"},{"@type":"ListItem","position":3,"name":"Kentucky Air Tech zvony na kopyt\u00e1"}]},{"@type":"WebSite","@id":"https:\/\/arak.spicehorse.eu\/en\/#website","url":"https:\/\/arak.spicehorse.eu\/en\/","name":"Spicehorse","description":"UNDER DEVELOPMENT -","potentialAction":[{"@type":"SearchAction","target":{"@type":"EntryPoint","urlTemplate":"https:\/\/arak.spicehorse.eu\/en\/?s={search_term_string}"},"query-input":"required name=search_term_string"}],"inLanguage":"sk-SK"}]}},"_links":{"self":[{"href":"https:\/\/arak.spicehorse.eu\/sk\/wp-json\/wp\/v2\/product\/2924"}],"collection":[{"href":"https:\/\/arak.spicehorse.eu\/sk\/wp-json\/wp\/v2\/product"}],"about":[{"href":"https:\/\/arak.spicehorse.eu\/sk\/wp-json\/wp\/v2\/types\/product"}],"wp:featuredmedia":[{"embeddable":true,"href":"https:\/\/arak.spicehorse.eu\/sk\/wp-json\/wp\/v2\/media\/2901"}],"wp:attachment":[{"href":"https:\/\/arak.spicehorse.eu\/sk\/wp-json\/wp\/v2\/media?parent=2924"}],"wp:term":[{"taxonomy":"product_cat","embeddable":true,"href":"https:\/\/arak.spicehorse.eu\/sk\/wp-json\/wp\/v2\/product_cat?post=2924"},{"taxonomy":"product_tag","embeddable":true,"href":"https:\/\/arak.spicehorse.eu\/sk\/wp-json\/wp\/v2\/product_tag?post=2924"}],"curies":[{"name":"wp","href":"https:\/\/api.w.org\/{rel}","templated":true}]}}