{"id":29868,"date":"2021-05-30T11:04:15","date_gmt":"2021-05-30T09:04:17","guid":{"rendered":"https:\/\/arak.spicehorse.eu\/?post_type=product&#038;p=29868"},"modified":"2023-11-23T11:29:27","modified_gmt":"2023-11-23T10:29:27","slug":"kentucky-visacka-kruzok","status":"publish","type":"product","link":"https:\/\/arak.spicehorse.eu\/sk\/produkt\/kentucky-visacka-kruzok\/","title":{"rendered":"Kentucky visa\u010dka kr\u00fa\u017eok"},"content":{"rendered":"<div>Kentucky Horsewear grav\u00edrovate\u013en\u00e9 visa\u010dky s BEZPLATN\u00ddM grav\u00edrovan\u00edm! Dokonale sa hodia ku v\u0161etk\u00fdm Kentucky Horsewear v\u00fdrobkom: obojky, ohl\u00e1vky, vod\u00edtka, postroje a sedl\u00e1. Sta\u010d\u00ed n\u00e1m nap\u00edsa\u0165 v objedn\u00e1vke ak\u00fd text si \u017eel\u00e1\u0161 a my ho vyhotov\u00edme!<\/div>\n","protected":false},"excerpt":{"rendered":"<ul>\n<li>Grav\u00edrovate\u013en\u00e9<\/li>\n<li>Hodia sa ku v\u0161etk\u00fdm v\u00fdrobkom\u00a0Kentucky Horsewear<\/li>\n<li>Bezplatn\u00e9 grav\u00edrovanie<\/li>\n<li>Nap\u00ed\u0161 n\u00e1m ak\u00fd text si \u017eel\u00e1\u0161 vygrav\u00edrova\u0165 (napr. meno psa\/ko\u0148a, vlastn\u00e9 meno, meno kamar\u00e1ta, \u010dlena rodiny at\u010f.)<\/li>\n<li>220 mm<\/li>\n<\/ul>\n","protected":false},"featured_media":29877,"template":"","meta":{"_acf_changed":false},"product_cat":[74,304,75,100],"product_tag":[184,453],"acf":[],"yoast_head":"<!-- This site is optimized with the Yoast SEO plugin v21.4 - https:\/\/yoast.com\/wordpress\/plugins\/seo\/ -->\n<title>Kentucky visa\u010dka kr\u00fa\u017eok - Spicehorse<\/title>\n<meta name=\"description\" content=\"spicehorse.eu | Kentucky Horsewear grav\u00edrovate\u013en\u00e9 visa\u010dky s BEZPLATN\u00ddM\u00a0grav\u00edrovan\u00edm! Dokonale sa hodia ku v\u0161etk\u00fdm Kentucky Horsewear v\u00fdrobkom: obojky, ohl\u00e1vky, vod\u00edtka, postroje a sedl\u00e1.\" \/>\n<meta name=\"robots\" content=\"index, follow, max-snippet:-1, max-image-preview:large, max-video-preview:-1\" \/>\n<link rel=\"canonical\" href=\"https:\/\/arak.spicehorse.eu\/sk\/produkt\/kentucky-visacka-kruzok\/\" \/>\n<meta property=\"og:locale\" content=\"sk_SK\" \/>\n<meta property=\"og:type\" content=\"article\" \/>\n<meta property=\"og:title\" content=\"Kentucky visa\u010dka kr\u00fa\u017eok - Spicehorse\" \/>\n<meta property=\"og:description\" content=\"spicehorse.eu | Kentucky Horsewear grav\u00edrovate\u013en\u00e9 visa\u010dky s BEZPLATN\u00ddM\u00a0grav\u00edrovan\u00edm! Dokonale sa hodia ku v\u0161etk\u00fdm Kentucky Horsewear v\u00fdrobkom: obojky, ohl\u00e1vky, vod\u00edtka, postroje a sedl\u00e1.\" \/>\n<meta property=\"og:url\" content=\"https:\/\/arak.spicehorse.eu\/sk\/produkt\/kentucky-visacka-kruzok\/\" \/>\n<meta property=\"og:site_name\" content=\"Spicehorse\" \/>\n<meta property=\"article:publisher\" content=\"https:\/\/www.facebook.com\/SPICEHORSE-550385625402457\/\" \/>\n<meta property=\"article:modified_time\" content=\"2023-11-23T10:29:27+00:00\" \/>\n<meta property=\"og:image\" content=\"https:\/\/arak.spicehorse.eu\/wp-content\/uploads\/2021\/05\/30b5218fb8587bbf6659ab1af190ec8c8d6d0266dfd5318365152a8d9052cd7c.jpg\" \/>\n\t<meta property=\"og:image:width\" content=\"2048\" \/>\n\t<meta property=\"og:image:height\" content=\"2048\" \/>\n\t<meta property=\"og:image:type\" content=\"image\/jpeg\" \/>\n<meta name=\"twitter:card\" content=\"summary_large_image\" \/>\n<script type=\"application\/ld+json\" class=\"yoast-schema-graph\">{\"@context\":\"https:\/\/schema.org\",\"@graph\":[{\"@type\":\"WebPage\",\"@id\":\"https:\/\/arak.spicehorse.eu\/sk\/produkt\/kentucky-visacka-kruzok\/\",\"url\":\"https:\/\/arak.spicehorse.eu\/sk\/produkt\/kentucky-visacka-kruzok\/\",\"name\":\"Kentucky visa\u010dka kr\u00fa\u017eok - Spicehorse\",\"isPartOf\":{\"@id\":\"https:\/\/arak.spicehorse.eu\/en\/#website\"},\"datePublished\":\"2021-05-30T09:04:17+00:00\",\"dateModified\":\"2023-11-23T10:29:27+00:00\",\"description\":\"spicehorse.eu | Kentucky Horsewear grav\u00edrovate\u013en\u00e9 visa\u010dky s BEZPLATN\u00ddM\u00a0grav\u00edrovan\u00edm! Dokonale sa hodia ku v\u0161etk\u00fdm Kentucky Horsewear v\u00fdrobkom: obojky, ohl\u00e1vky, vod\u00edtka, postroje a sedl\u00e1.\",\"breadcrumb\":{\"@id\":\"https:\/\/arak.spicehorse.eu\/sk\/produkt\/kentucky-visacka-kruzok\/#breadcrumb\"},\"inLanguage\":\"sk-SK\",\"potentialAction\":[{\"@type\":\"ReadAction\",\"target\":[\"https:\/\/arak.spicehorse.eu\/sk\/produkt\/kentucky-visacka-kruzok\/\"]}]},{\"@type\":\"BreadcrumbList\",\"@id\":\"https:\/\/arak.spicehorse.eu\/sk\/produkt\/kentucky-visacka-kruzok\/#breadcrumb\",\"itemListElement\":[{\"@type\":\"ListItem\",\"position\":1,\"name\":\"Home\",\"item\":\"https:\/\/arak.spicehorse.eu\/sk\/\"},{\"@type\":\"ListItem\",\"position\":2,\"name\":\"Predaj\u0148a\",\"item\":\"https:\/\/arak.spicehorse.eu\/sk\/predajna\/\"},{\"@type\":\"ListItem\",\"position\":3,\"name\":\"Kentucky visa\u010dka kr\u00fa\u017eok\"}]},{\"@type\":\"WebSite\",\"@id\":\"https:\/\/arak.spicehorse.eu\/en\/#website\",\"url\":\"https:\/\/arak.spicehorse.eu\/en\/\",\"name\":\"Spicehorse\",\"description\":\"UNDER DEVELOPMENT -\",\"potentialAction\":[{\"@type\":\"SearchAction\",\"target\":{\"@type\":\"EntryPoint\",\"urlTemplate\":\"https:\/\/arak.spicehorse.eu\/en\/?s={search_term_string}\"},\"query-input\":\"required name=search_term_string\"}],\"inLanguage\":\"sk-SK\"}]}<\/script>\n<!-- \/ Yoast SEO plugin. -->","yoast_head_json":{"title":"Kentucky visa\u010dka kr\u00fa\u017eok - Spicehorse","description":"spicehorse.eu | Kentucky Horsewear grav\u00edrovate\u013en\u00e9 visa\u010dky s BEZPLATN\u00ddM\u00a0grav\u00edrovan\u00edm! Dokonale sa hodia ku v\u0161etk\u00fdm Kentucky Horsewear v\u00fdrobkom: obojky, ohl\u00e1vky, vod\u00edtka, postroje a sedl\u00e1.","robots":{"index":"index","follow":"follow","max-snippet":"max-snippet:-1","max-image-preview":"max-image-preview:large","max-video-preview":"max-video-preview:-1"},"canonical":"https:\/\/arak.spicehorse.eu\/sk\/produkt\/kentucky-visacka-kruzok\/","og_locale":"sk_SK","og_type":"article","og_title":"Kentucky visa\u010dka kr\u00fa\u017eok - Spicehorse","og_description":"spicehorse.eu | Kentucky Horsewear grav\u00edrovate\u013en\u00e9 visa\u010dky s BEZPLATN\u00ddM\u00a0grav\u00edrovan\u00edm! Dokonale sa hodia ku v\u0161etk\u00fdm Kentucky Horsewear v\u00fdrobkom: obojky, ohl\u00e1vky, vod\u00edtka, postroje a sedl\u00e1.","og_url":"https:\/\/arak.spicehorse.eu\/sk\/produkt\/kentucky-visacka-kruzok\/","og_site_name":"Spicehorse","article_publisher":"https:\/\/www.facebook.com\/SPICEHORSE-550385625402457\/","article_modified_time":"2023-11-23T10:29:27+00:00","og_image":[{"width":2048,"height":2048,"url":"https:\/\/arak.spicehorse.eu\/wp-content\/uploads\/2021\/05\/30b5218fb8587bbf6659ab1af190ec8c8d6d0266dfd5318365152a8d9052cd7c.jpg","type":"image\/jpeg"}],"twitter_card":"summary_large_image","schema":{"@context":"https:\/\/schema.org","@graph":[{"@type":"WebPage","@id":"https:\/\/arak.spicehorse.eu\/sk\/produkt\/kentucky-visacka-kruzok\/","url":"https:\/\/arak.spicehorse.eu\/sk\/produkt\/kentucky-visacka-kruzok\/","name":"Kentucky visa\u010dka kr\u00fa\u017eok - Spicehorse","isPartOf":{"@id":"https:\/\/arak.spicehorse.eu\/en\/#website"},"datePublished":"2021-05-30T09:04:17+00:00","dateModified":"2023-11-23T10:29:27+00:00","description":"spicehorse.eu | Kentucky Horsewear grav\u00edrovate\u013en\u00e9 visa\u010dky s BEZPLATN\u00ddM\u00a0grav\u00edrovan\u00edm! Dokonale sa hodia ku v\u0161etk\u00fdm Kentucky Horsewear v\u00fdrobkom: obojky, ohl\u00e1vky, vod\u00edtka, postroje a sedl\u00e1.","breadcrumb":{"@id":"https:\/\/arak.spicehorse.eu\/sk\/produkt\/kentucky-visacka-kruzok\/#breadcrumb"},"inLanguage":"sk-SK","potentialAction":[{"@type":"ReadAction","target":["https:\/\/arak.spicehorse.eu\/sk\/produkt\/kentucky-visacka-kruzok\/"]}]},{"@type":"BreadcrumbList","@id":"https:\/\/arak.spicehorse.eu\/sk\/produkt\/kentucky-visacka-kruzok\/#breadcrumb","itemListElement":[{"@type":"ListItem","position":1,"name":"Home","item":"https:\/\/arak.spicehorse.eu\/sk\/"},{"@type":"ListItem","position":2,"name":"Predaj\u0148a","item":"https:\/\/arak.spicehorse.eu\/sk\/predajna\/"},{"@type":"ListItem","position":3,"name":"Kentucky visa\u010dka kr\u00fa\u017eok"}]},{"@type":"WebSite","@id":"https:\/\/arak.spicehorse.eu\/en\/#website","url":"https:\/\/arak.spicehorse.eu\/en\/","name":"Spicehorse","description":"UNDER DEVELOPMENT -","potentialAction":[{"@type":"SearchAction","target":{"@type":"EntryPoint","urlTemplate":"https:\/\/arak.spicehorse.eu\/en\/?s={search_term_string}"},"query-input":"required name=search_term_string"}],"inLanguage":"sk-SK"}]}},"_links":{"self":[{"href":"https:\/\/arak.spicehorse.eu\/sk\/wp-json\/wp\/v2\/product\/29868"}],"collection":[{"href":"https:\/\/arak.spicehorse.eu\/sk\/wp-json\/wp\/v2\/product"}],"about":[{"href":"https:\/\/arak.spicehorse.eu\/sk\/wp-json\/wp\/v2\/types\/product"}],"wp:featuredmedia":[{"embeddable":true,"href":"https:\/\/arak.spicehorse.eu\/sk\/wp-json\/wp\/v2\/media\/29877"}],"wp:attachment":[{"href":"https:\/\/arak.spicehorse.eu\/sk\/wp-json\/wp\/v2\/media?parent=29868"}],"wp:term":[{"taxonomy":"product_cat","embeddable":true,"href":"https:\/\/arak.spicehorse.eu\/sk\/wp-json\/wp\/v2\/product_cat?post=29868"},{"taxonomy":"product_tag","embeddable":true,"href":"https:\/\/arak.spicehorse.eu\/sk\/wp-json\/wp\/v2\/product_tag?post=29868"}],"curies":[{"name":"wp","href":"https:\/\/api.w.org\/{rel}","templated":true}]}}