{"id":3008,"date":"2018-12-07T12:51:36","date_gmt":"2018-12-07T12:51:39","guid":{"rendered":"https:\/\/arak.spicehorse.eu\/?post_type=product&#038;p=3008"},"modified":"2025-04-01T08:49:02","modified_gmt":"2025-04-01T06:49:02","slug":"kentucky-anatomicka-kozena-ohlavka","status":"publish","type":"product","link":"https:\/\/arak.spicehorse.eu\/sk\/produkt\/kentucky-anatomicka-kozena-ohlavka\/","title":{"rendered":"Kentucky Anatomick\u00e1 ko\u017een\u00e1 ohl\u00e1vka"},"content":{"rendered":"<p>Anatomick\u00e1 ko\u017een\u00e1 ohl\u00e1vka Kentucky Horsewear\u00a0je vyroben\u00e1 z\u00a0vysoko kvalitnej ko\u017eenky (v\u00fdrobok je na 100% priate\u013esk\u00fd k\u00a0zvierat\u00e1m). Nenas\u00e1va vlhkos\u0165 a\u00a0\u0161pinu, netrh\u00e1 sa, pou\u017e\u00edvan\u00edm nemen\u00ed svoju farbu. Je pru\u017enej\u0161ia ako prav\u00e1 ko\u017ea, preto je pou\u017e\u00edvanie omnoho praktickej\u0161ie. Pri jej nosen\u00ed m\u00f4\u017eeme kone pokojne aj um\u00fdva\u0165.<\/p>\n<p>Ohl\u00e1vka je anatomicky tvarovan\u00e1, s roz\u0161\u00edrenou kr\u010dnou \u010das\u0165ou za u\u0161ami. T\u00fdm p\u00e1dom\u00a0 je tlak rozlo\u017een\u00fd na v\u00e4\u010d\u0161om povrchu. Nosov\u00e1 \u010das\u0165 je vyroben\u00e1 z\u00a0valcovitej ko\u017eenky. Ve\u013ekos\u0165 mo\u017eno nastavi\u0165 na dvoch miestach, na \u013eavej aj\u00a0pravej strane.<\/p>\n<p>Visa\u010dku s logom Kentucky mo\u017eno obr\u00e1ti\u0165 a\u00a0grav\u00edrova\u0165 pod\u013ea vlastn\u00fdch po\u017eiadaviek.<\/p>\n<p>Anatomick\u00e1 ohl\u00e1vka je vyroben\u00e1 so zlat\u00fdmi doplnkami, dokonale sa hod\u00ed ku Kentucky Horsewear vod\u00edtkam.<\/p>\n<p>Anatomick\u00fa ohl\u00e1vku je ve\u013emi \u013eahk\u00e9 \u010disti\u0165 \u010distiacim pr\u00edpravkom Kentucky Horsewear, ktor\u00fd bol vyroben\u00fd v\u00fdslovne na \u010distenie v\u00fdrobkov z\u00a0ko\u017eenky. Je ve\u013emi \u013eahk\u00fd a\u00a0\u00fa\u010dinn\u00fd! Nepou\u017e\u00edvajte glycer\u00ednov\u00e9 mydl\u00e1 na sedlo.<\/p>\n","protected":false},"excerpt":{"rendered":"<h3><strong>Anatomicky tvarovan\u00e1 ohl\u00e1vka s roz\u0161\u00edrenou kr\u010dnou \u010das\u0165ou za u\u0161ami.<\/strong><\/h3>\n<p><strong>Ve\u013ekos\u0165: Cob, Full<\/strong><br \/>\n<strong>Farba: hned\u00e1, \u010dierna<br \/>\n<\/strong><\/p>\n<ul>\n<li>Ko\u017eenka (v\u00fdrobok je na 100% priate\u013esk\u00fd k zvierat\u00e1m)<\/li>\n<li>Jednoduch\u00e1 \u00fadr\u017eba<\/li>\n<li>Odpudzuje vodu a ne\u010distoty<\/li>\n<li>Jednoduch\u00e9 pou\u017e\u00edvanie<\/li>\n<li>Anatomick\u00e9 tvarovanie<\/li>\n<li>Valcovito tvarovan\u00e1 nosov\u00e1 \u010das\u0165 z ko\u017eenky<\/li>\n<li>Nastavite\u013en\u00e1 na dvoch miestach<\/li>\n<li>Mo\u017eno grav\u00edrova\u0165<\/li>\n<li>So zlat\u00fdmi doplnkami<\/li>\n<\/ul>\n","protected":false},"featured_media":17335,"template":"","meta":{"_acf_changed":false},"product_cat":[75,114],"product_tag":[184,335,189],"acf":[],"yoast_head":"<!-- This site is optimized with the Yoast SEO plugin v21.4 - https:\/\/yoast.com\/wordpress\/plugins\/seo\/ -->\n<title>Kentucky Anatomick\u00e1 ko\u017een\u00e1 ohl\u00e1vka - Spicehorse<\/title>\n<meta name=\"description\" content=\"spicehorse.eu | Kentucky Horsewear anatomicky tvarovan\u00e1 ohl\u00e1vka s roz\u0161\u00edrenou kr\u010dnou \u010das\u0165ou za u\u0161ami.\" \/>\n<meta name=\"robots\" content=\"index, follow, max-snippet:-1, max-image-preview:large, max-video-preview:-1\" \/>\n<link rel=\"canonical\" href=\"https:\/\/arak.spicehorse.eu\/sk\/produkt\/kentucky-anatomicka-kozena-ohlavka\/\" \/>\n<meta property=\"og:locale\" content=\"sk_SK\" \/>\n<meta property=\"og:type\" content=\"article\" \/>\n<meta property=\"og:title\" content=\"Kentucky Anatomick\u00e1 ko\u017een\u00e1 ohl\u00e1vka - Spicehorse\" \/>\n<meta property=\"og:description\" content=\"spicehorse.eu | Kentucky Horsewear anatomicky tvarovan\u00e1 ohl\u00e1vka s roz\u0161\u00edrenou kr\u010dnou \u010das\u0165ou za u\u0161ami.\" \/>\n<meta property=\"og:url\" content=\"https:\/\/arak.spicehorse.eu\/sk\/produkt\/kentucky-anatomicka-kozena-ohlavka\/\" \/>\n<meta property=\"og:site_name\" content=\"Spicehorse\" \/>\n<meta property=\"article:publisher\" content=\"https:\/\/www.facebook.com\/SPICEHORSE-550385625402457\/\" \/>\n<meta property=\"article:modified_time\" content=\"2025-04-01T06:49:02+00:00\" \/>\n<meta property=\"og:image\" content=\"https:\/\/arak.spicehorse.eu\/wp-content\/uploads\/2018\/12\/485a7900-564c22e810080218547dfa1c1093aa08-article-photobook-l.png\" \/>\n\t<meta property=\"og:image:width\" content=\"728\" \/>\n\t<meta property=\"og:image:height\" content=\"728\" \/>\n\t<meta property=\"og:image:type\" content=\"image\/png\" \/>\n<meta name=\"twitter:card\" content=\"summary_large_image\" \/>\n<meta name=\"twitter:label1\" content=\"Predpokladan\u00fd \u010das \u010d\u00edtania\" \/>\n\t<meta name=\"twitter:data1\" content=\"1 min\u00fata\" \/>\n<script type=\"application\/ld+json\" class=\"yoast-schema-graph\">{\"@context\":\"https:\/\/schema.org\",\"@graph\":[{\"@type\":\"WebPage\",\"@id\":\"https:\/\/arak.spicehorse.eu\/sk\/produkt\/kentucky-anatomicka-kozena-ohlavka\/\",\"url\":\"https:\/\/arak.spicehorse.eu\/sk\/produkt\/kentucky-anatomicka-kozena-ohlavka\/\",\"name\":\"Kentucky Anatomick\u00e1 ko\u017een\u00e1 ohl\u00e1vka - Spicehorse\",\"isPartOf\":{\"@id\":\"https:\/\/arak.spicehorse.eu\/en\/#website\"},\"datePublished\":\"2018-12-07T12:51:39+00:00\",\"dateModified\":\"2025-04-01T06:49:02+00:00\",\"description\":\"spicehorse.eu | Kentucky Horsewear anatomicky tvarovan\u00e1 ohl\u00e1vka s roz\u0161\u00edrenou kr\u010dnou \u010das\u0165ou za u\u0161ami.\",\"breadcrumb\":{\"@id\":\"https:\/\/arak.spicehorse.eu\/sk\/produkt\/kentucky-anatomicka-kozena-ohlavka\/#breadcrumb\"},\"inLanguage\":\"sk-SK\",\"potentialAction\":[{\"@type\":\"ReadAction\",\"target\":[\"https:\/\/arak.spicehorse.eu\/sk\/produkt\/kentucky-anatomicka-kozena-ohlavka\/\"]}]},{\"@type\":\"BreadcrumbList\",\"@id\":\"https:\/\/arak.spicehorse.eu\/sk\/produkt\/kentucky-anatomicka-kozena-ohlavka\/#breadcrumb\",\"itemListElement\":[{\"@type\":\"ListItem\",\"position\":1,\"name\":\"Home\",\"item\":\"https:\/\/arak.spicehorse.eu\/sk\/\"},{\"@type\":\"ListItem\",\"position\":2,\"name\":\"Predaj\u0148a\",\"item\":\"https:\/\/arak.spicehorse.eu\/sk\/predajna\/\"},{\"@type\":\"ListItem\",\"position\":3,\"name\":\"Kentucky Anatomick\u00e1 ko\u017een\u00e1 ohl\u00e1vka\"}]},{\"@type\":\"WebSite\",\"@id\":\"https:\/\/arak.spicehorse.eu\/en\/#website\",\"url\":\"https:\/\/arak.spicehorse.eu\/en\/\",\"name\":\"Spicehorse\",\"description\":\"UNDER DEVELOPMENT -\",\"potentialAction\":[{\"@type\":\"SearchAction\",\"target\":{\"@type\":\"EntryPoint\",\"urlTemplate\":\"https:\/\/arak.spicehorse.eu\/en\/?s={search_term_string}\"},\"query-input\":\"required name=search_term_string\"}],\"inLanguage\":\"sk-SK\"}]}<\/script>\n<!-- \/ Yoast SEO plugin. -->","yoast_head_json":{"title":"Kentucky Anatomick\u00e1 ko\u017een\u00e1 ohl\u00e1vka - Spicehorse","description":"spicehorse.eu | Kentucky Horsewear anatomicky tvarovan\u00e1 ohl\u00e1vka s roz\u0161\u00edrenou kr\u010dnou \u010das\u0165ou za u\u0161ami.","robots":{"index":"index","follow":"follow","max-snippet":"max-snippet:-1","max-image-preview":"max-image-preview:large","max-video-preview":"max-video-preview:-1"},"canonical":"https:\/\/arak.spicehorse.eu\/sk\/produkt\/kentucky-anatomicka-kozena-ohlavka\/","og_locale":"sk_SK","og_type":"article","og_title":"Kentucky Anatomick\u00e1 ko\u017een\u00e1 ohl\u00e1vka - Spicehorse","og_description":"spicehorse.eu | Kentucky Horsewear anatomicky tvarovan\u00e1 ohl\u00e1vka s roz\u0161\u00edrenou kr\u010dnou \u010das\u0165ou za u\u0161ami.","og_url":"https:\/\/arak.spicehorse.eu\/sk\/produkt\/kentucky-anatomicka-kozena-ohlavka\/","og_site_name":"Spicehorse","article_publisher":"https:\/\/www.facebook.com\/SPICEHORSE-550385625402457\/","article_modified_time":"2025-04-01T06:49:02+00:00","og_image":[{"width":728,"height":728,"url":"https:\/\/arak.spicehorse.eu\/wp-content\/uploads\/2018\/12\/485a7900-564c22e810080218547dfa1c1093aa08-article-photobook-l.png","type":"image\/png"}],"twitter_card":"summary_large_image","twitter_misc":{"Predpokladan\u00fd \u010das \u010d\u00edtania":"1 min\u00fata"},"schema":{"@context":"https:\/\/schema.org","@graph":[{"@type":"WebPage","@id":"https:\/\/arak.spicehorse.eu\/sk\/produkt\/kentucky-anatomicka-kozena-ohlavka\/","url":"https:\/\/arak.spicehorse.eu\/sk\/produkt\/kentucky-anatomicka-kozena-ohlavka\/","name":"Kentucky Anatomick\u00e1 ko\u017een\u00e1 ohl\u00e1vka - Spicehorse","isPartOf":{"@id":"https:\/\/arak.spicehorse.eu\/en\/#website"},"datePublished":"2018-12-07T12:51:39+00:00","dateModified":"2025-04-01T06:49:02+00:00","description":"spicehorse.eu | Kentucky Horsewear anatomicky tvarovan\u00e1 ohl\u00e1vka s roz\u0161\u00edrenou kr\u010dnou \u010das\u0165ou za u\u0161ami.","breadcrumb":{"@id":"https:\/\/arak.spicehorse.eu\/sk\/produkt\/kentucky-anatomicka-kozena-ohlavka\/#breadcrumb"},"inLanguage":"sk-SK","potentialAction":[{"@type":"ReadAction","target":["https:\/\/arak.spicehorse.eu\/sk\/produkt\/kentucky-anatomicka-kozena-ohlavka\/"]}]},{"@type":"BreadcrumbList","@id":"https:\/\/arak.spicehorse.eu\/sk\/produkt\/kentucky-anatomicka-kozena-ohlavka\/#breadcrumb","itemListElement":[{"@type":"ListItem","position":1,"name":"Home","item":"https:\/\/arak.spicehorse.eu\/sk\/"},{"@type":"ListItem","position":2,"name":"Predaj\u0148a","item":"https:\/\/arak.spicehorse.eu\/sk\/predajna\/"},{"@type":"ListItem","position":3,"name":"Kentucky Anatomick\u00e1 ko\u017een\u00e1 ohl\u00e1vka"}]},{"@type":"WebSite","@id":"https:\/\/arak.spicehorse.eu\/en\/#website","url":"https:\/\/arak.spicehorse.eu\/en\/","name":"Spicehorse","description":"UNDER DEVELOPMENT -","potentialAction":[{"@type":"SearchAction","target":{"@type":"EntryPoint","urlTemplate":"https:\/\/arak.spicehorse.eu\/en\/?s={search_term_string}"},"query-input":"required name=search_term_string"}],"inLanguage":"sk-SK"}]}},"_links":{"self":[{"href":"https:\/\/arak.spicehorse.eu\/sk\/wp-json\/wp\/v2\/product\/3008"}],"collection":[{"href":"https:\/\/arak.spicehorse.eu\/sk\/wp-json\/wp\/v2\/product"}],"about":[{"href":"https:\/\/arak.spicehorse.eu\/sk\/wp-json\/wp\/v2\/types\/product"}],"wp:featuredmedia":[{"embeddable":true,"href":"https:\/\/arak.spicehorse.eu\/sk\/wp-json\/wp\/v2\/media\/17335"}],"wp:attachment":[{"href":"https:\/\/arak.spicehorse.eu\/sk\/wp-json\/wp\/v2\/media?parent=3008"}],"wp:term":[{"taxonomy":"product_cat","embeddable":true,"href":"https:\/\/arak.spicehorse.eu\/sk\/wp-json\/wp\/v2\/product_cat?post=3008"},{"taxonomy":"product_tag","embeddable":true,"href":"https:\/\/arak.spicehorse.eu\/sk\/wp-json\/wp\/v2\/product_tag?post=3008"}],"curies":[{"name":"wp","href":"https:\/\/api.w.org\/{rel}","templated":true}]}}