{"id":33309,"date":"2021-08-27T11:31:47","date_gmt":"2021-08-27T09:31:49","guid":{"rendered":"https:\/\/arak.spicehorse.eu\/?post_type=product&#038;p=33309"},"modified":"2023-11-23T11:29:00","modified_gmt":"2023-11-23T10:29:00","slug":"kentucky-vode-odolny-zaves-do-stajne","status":"publish","type":"product","link":"https:\/\/arak.spicehorse.eu\/sk\/produkt\/kentucky-vode-odolny-zaves-do-stajne\/","title":{"rendered":"Kentucky vode odoln\u00fd z\u00e1ves do stajne"},"content":{"rendered":"<p>Kentucky Horsewear vode odoln\u00fd z\u00e1ves do stajne mo\u017eno za pomoci piatich such\u00fdch zipsov po\u013eahky pripevni\u0165 k\u00a0boxu. V\u00a0hornej \u010dasti m\u00e1 p\u00e4\u0165 skryt\u00fdch ve\u0161iakov, v\u010faka nim mo\u017eno \u013eahko upevni\u0165 pr\u00edslu\u0161enstvo (uzde\u010dky, deky, prostriedky na o\u0161etrenie). S\u00a0Kentucky Horsewear logom a\u00a0lemom zo syntetickej ko\u017ee, na vrchu so \u0161tepovan\u00edm v\u00a0tvare diamantu zabezpe\u010duje skuto\u010dne nev\u0161edn\u00fd a\u00a0modern\u00fd vzh\u013ead.<\/p>\n<p>Mo\u017eno pra\u0165 v\u00a0pr\u00e1\u010dke na 30\u00b0C (nevkladajte do su\u0161i\u010dky).<\/p>\n","protected":false},"excerpt":{"rendered":"<h3>Kentucky Horsewear vode odoln\u00fd z\u00e1ves do stajne mo\u017eno upevni\u0165 ho pomocou piatich such\u00fdch zipsov.<\/h3>\n<ul>\n<li>Vode odoln\u00fd<\/li>\n<li>Je d\u00f4le\u017eit\u00fdm doplnkom zasl\u00fa\u017een\u00e9ho odpo\u010dinku<\/li>\n<li>K boxu sa po\u013eahky upev\u0148uje pomocou piatich posilnen\u00fdch such\u00fdch zipsov<\/li>\n<li>V hornej \u010dasti p\u00e4\u0165 skryt\u00fdch ve\u0161iakov na zavesenie pr\u00edslu\u0161enstva<\/li>\n<li>142 x 220cm<\/li>\n<\/ul>\n","protected":false},"featured_media":73450,"template":"","meta":{"_acf_changed":false},"product_cat":[75,120],"product_tag":[184,467],"acf":[],"yoast_head":"<!-- This site is optimized with the Yoast SEO plugin v21.4 - https:\/\/yoast.com\/wordpress\/plugins\/seo\/ -->\n<title>Kentucky vode odoln\u00fd z\u00e1ves do stajne - Spicehorse<\/title>\n<meta name=\"description\" content=\"spicehorse.eu |\u00a0Pou\u017eit\u00edm staj\u0148ov\u00e9ho z\u00e1vesu Kentucky Horsewear si m\u00f4\u017ee v\u00e1\u0161 k\u00f4\u0148 vychutna\u0165 zasl\u00fa\u017een\u00fd oddych \u010di u\u017e po\u010das s\u00fa\u0165a\u017e\u00ed alebo doma.\u00a0\" \/>\n<meta name=\"robots\" content=\"index, follow, max-snippet:-1, max-image-preview:large, max-video-preview:-1\" \/>\n<link rel=\"canonical\" href=\"https:\/\/arak.spicehorse.eu\/sk\/produkt\/kentucky-vode-odolny-zaves-do-stajne\/\" \/>\n<meta property=\"og:locale\" content=\"sk_SK\" \/>\n<meta property=\"og:type\" content=\"article\" \/>\n<meta property=\"og:title\" content=\"Kentucky vode odoln\u00fd z\u00e1ves do stajne - Spicehorse\" \/>\n<meta property=\"og:description\" content=\"spicehorse.eu |\u00a0Pou\u017eit\u00edm staj\u0148ov\u00e9ho z\u00e1vesu Kentucky Horsewear si m\u00f4\u017ee v\u00e1\u0161 k\u00f4\u0148 vychutna\u0165 zasl\u00fa\u017een\u00fd oddych \u010di u\u017e po\u010das s\u00fa\u0165a\u017e\u00ed alebo doma.\u00a0\" \/>\n<meta property=\"og:url\" content=\"https:\/\/arak.spicehorse.eu\/sk\/produkt\/kentucky-vode-odolny-zaves-do-stajne\/\" \/>\n<meta property=\"og:site_name\" content=\"Spicehorse\" \/>\n<meta property=\"article:publisher\" content=\"https:\/\/www.facebook.com\/SPICEHORSE-550385625402457\/\" \/>\n<meta property=\"article:modified_time\" content=\"2023-11-23T10:29:00+00:00\" \/>\n<meta property=\"og:image\" content=\"https:\/\/arak.spicehorse.eu\/wp-content\/uploads\/2021\/08\/c0b5b431c30d9fd87e827906926620a34a6e00625bab4bcb7349764d22f5b4af.jpg\" \/>\n\t<meta property=\"og:image:width\" content=\"2048\" \/>\n\t<meta property=\"og:image:height\" content=\"2048\" \/>\n\t<meta property=\"og:image:type\" content=\"image\/jpeg\" \/>\n<meta name=\"twitter:card\" content=\"summary_large_image\" \/>\n<script type=\"application\/ld+json\" class=\"yoast-schema-graph\">{\"@context\":\"https:\/\/schema.org\",\"@graph\":[{\"@type\":\"WebPage\",\"@id\":\"https:\/\/arak.spicehorse.eu\/sk\/produkt\/kentucky-vode-odolny-zaves-do-stajne\/\",\"url\":\"https:\/\/arak.spicehorse.eu\/sk\/produkt\/kentucky-vode-odolny-zaves-do-stajne\/\",\"name\":\"Kentucky vode odoln\u00fd z\u00e1ves do stajne - Spicehorse\",\"isPartOf\":{\"@id\":\"https:\/\/arak.spicehorse.eu\/en\/#website\"},\"datePublished\":\"2021-08-27T09:31:49+00:00\",\"dateModified\":\"2023-11-23T10:29:00+00:00\",\"description\":\"spicehorse.eu |\u00a0Pou\u017eit\u00edm staj\u0148ov\u00e9ho z\u00e1vesu Kentucky Horsewear si m\u00f4\u017ee v\u00e1\u0161 k\u00f4\u0148 vychutna\u0165 zasl\u00fa\u017een\u00fd oddych \u010di u\u017e po\u010das s\u00fa\u0165a\u017e\u00ed alebo doma.\u00a0\",\"breadcrumb\":{\"@id\":\"https:\/\/arak.spicehorse.eu\/sk\/produkt\/kentucky-vode-odolny-zaves-do-stajne\/#breadcrumb\"},\"inLanguage\":\"sk-SK\",\"potentialAction\":[{\"@type\":\"ReadAction\",\"target\":[\"https:\/\/arak.spicehorse.eu\/sk\/produkt\/kentucky-vode-odolny-zaves-do-stajne\/\"]}]},{\"@type\":\"BreadcrumbList\",\"@id\":\"https:\/\/arak.spicehorse.eu\/sk\/produkt\/kentucky-vode-odolny-zaves-do-stajne\/#breadcrumb\",\"itemListElement\":[{\"@type\":\"ListItem\",\"position\":1,\"name\":\"Home\",\"item\":\"https:\/\/arak.spicehorse.eu\/sk\/\"},{\"@type\":\"ListItem\",\"position\":2,\"name\":\"Predaj\u0148a\",\"item\":\"https:\/\/arak.spicehorse.eu\/sk\/predajna\/\"},{\"@type\":\"ListItem\",\"position\":3,\"name\":\"Kentucky vode odoln\u00fd z\u00e1ves do stajne\"}]},{\"@type\":\"WebSite\",\"@id\":\"https:\/\/arak.spicehorse.eu\/en\/#website\",\"url\":\"https:\/\/arak.spicehorse.eu\/en\/\",\"name\":\"Spicehorse\",\"description\":\"UNDER DEVELOPMENT -\",\"potentialAction\":[{\"@type\":\"SearchAction\",\"target\":{\"@type\":\"EntryPoint\",\"urlTemplate\":\"https:\/\/arak.spicehorse.eu\/en\/?s={search_term_string}\"},\"query-input\":\"required name=search_term_string\"}],\"inLanguage\":\"sk-SK\"}]}<\/script>\n<!-- \/ Yoast SEO plugin. -->","yoast_head_json":{"title":"Kentucky vode odoln\u00fd z\u00e1ves do stajne - Spicehorse","description":"spicehorse.eu |\u00a0Pou\u017eit\u00edm staj\u0148ov\u00e9ho z\u00e1vesu Kentucky Horsewear si m\u00f4\u017ee v\u00e1\u0161 k\u00f4\u0148 vychutna\u0165 zasl\u00fa\u017een\u00fd oddych \u010di u\u017e po\u010das s\u00fa\u0165a\u017e\u00ed alebo doma.\u00a0","robots":{"index":"index","follow":"follow","max-snippet":"max-snippet:-1","max-image-preview":"max-image-preview:large","max-video-preview":"max-video-preview:-1"},"canonical":"https:\/\/arak.spicehorse.eu\/sk\/produkt\/kentucky-vode-odolny-zaves-do-stajne\/","og_locale":"sk_SK","og_type":"article","og_title":"Kentucky vode odoln\u00fd z\u00e1ves do stajne - Spicehorse","og_description":"spicehorse.eu |\u00a0Pou\u017eit\u00edm staj\u0148ov\u00e9ho z\u00e1vesu Kentucky Horsewear si m\u00f4\u017ee v\u00e1\u0161 k\u00f4\u0148 vychutna\u0165 zasl\u00fa\u017een\u00fd oddych \u010di u\u017e po\u010das s\u00fa\u0165a\u017e\u00ed alebo doma.\u00a0","og_url":"https:\/\/arak.spicehorse.eu\/sk\/produkt\/kentucky-vode-odolny-zaves-do-stajne\/","og_site_name":"Spicehorse","article_publisher":"https:\/\/www.facebook.com\/SPICEHORSE-550385625402457\/","article_modified_time":"2023-11-23T10:29:00+00:00","og_image":[{"width":2048,"height":2048,"url":"https:\/\/arak.spicehorse.eu\/wp-content\/uploads\/2021\/08\/c0b5b431c30d9fd87e827906926620a34a6e00625bab4bcb7349764d22f5b4af.jpg","type":"image\/jpeg"}],"twitter_card":"summary_large_image","schema":{"@context":"https:\/\/schema.org","@graph":[{"@type":"WebPage","@id":"https:\/\/arak.spicehorse.eu\/sk\/produkt\/kentucky-vode-odolny-zaves-do-stajne\/","url":"https:\/\/arak.spicehorse.eu\/sk\/produkt\/kentucky-vode-odolny-zaves-do-stajne\/","name":"Kentucky vode odoln\u00fd z\u00e1ves do stajne - Spicehorse","isPartOf":{"@id":"https:\/\/arak.spicehorse.eu\/en\/#website"},"datePublished":"2021-08-27T09:31:49+00:00","dateModified":"2023-11-23T10:29:00+00:00","description":"spicehorse.eu |\u00a0Pou\u017eit\u00edm staj\u0148ov\u00e9ho z\u00e1vesu Kentucky Horsewear si m\u00f4\u017ee v\u00e1\u0161 k\u00f4\u0148 vychutna\u0165 zasl\u00fa\u017een\u00fd oddych \u010di u\u017e po\u010das s\u00fa\u0165a\u017e\u00ed alebo doma.\u00a0","breadcrumb":{"@id":"https:\/\/arak.spicehorse.eu\/sk\/produkt\/kentucky-vode-odolny-zaves-do-stajne\/#breadcrumb"},"inLanguage":"sk-SK","potentialAction":[{"@type":"ReadAction","target":["https:\/\/arak.spicehorse.eu\/sk\/produkt\/kentucky-vode-odolny-zaves-do-stajne\/"]}]},{"@type":"BreadcrumbList","@id":"https:\/\/arak.spicehorse.eu\/sk\/produkt\/kentucky-vode-odolny-zaves-do-stajne\/#breadcrumb","itemListElement":[{"@type":"ListItem","position":1,"name":"Home","item":"https:\/\/arak.spicehorse.eu\/sk\/"},{"@type":"ListItem","position":2,"name":"Predaj\u0148a","item":"https:\/\/arak.spicehorse.eu\/sk\/predajna\/"},{"@type":"ListItem","position":3,"name":"Kentucky vode odoln\u00fd z\u00e1ves do stajne"}]},{"@type":"WebSite","@id":"https:\/\/arak.spicehorse.eu\/en\/#website","url":"https:\/\/arak.spicehorse.eu\/en\/","name":"Spicehorse","description":"UNDER DEVELOPMENT -","potentialAction":[{"@type":"SearchAction","target":{"@type":"EntryPoint","urlTemplate":"https:\/\/arak.spicehorse.eu\/en\/?s={search_term_string}"},"query-input":"required name=search_term_string"}],"inLanguage":"sk-SK"}]}},"_links":{"self":[{"href":"https:\/\/arak.spicehorse.eu\/sk\/wp-json\/wp\/v2\/product\/33309"}],"collection":[{"href":"https:\/\/arak.spicehorse.eu\/sk\/wp-json\/wp\/v2\/product"}],"about":[{"href":"https:\/\/arak.spicehorse.eu\/sk\/wp-json\/wp\/v2\/types\/product"}],"wp:featuredmedia":[{"embeddable":true,"href":"https:\/\/arak.spicehorse.eu\/sk\/wp-json\/wp\/v2\/media\/73450"}],"wp:attachment":[{"href":"https:\/\/arak.spicehorse.eu\/sk\/wp-json\/wp\/v2\/media?parent=33309"}],"wp:term":[{"taxonomy":"product_cat","embeddable":true,"href":"https:\/\/arak.spicehorse.eu\/sk\/wp-json\/wp\/v2\/product_cat?post=33309"},{"taxonomy":"product_tag","embeddable":true,"href":"https:\/\/arak.spicehorse.eu\/sk\/wp-json\/wp\/v2\/product_tag?post=33309"}],"curies":[{"name":"wp","href":"https:\/\/api.w.org\/{rel}","templated":true}]}}