{"id":34656,"date":"2021-09-08T14:16:17","date_gmt":"2021-09-08T12:16:18","guid":{"rendered":"https:\/\/arak.spicehorse.eu\/?post_type=product&#038;p=34656"},"modified":"2024-01-05T01:16:00","modified_gmt":"2024-01-05T00:16:00","slug":"kentucky-vode-odolny-chranic-hrudnika","status":"publish","type":"product","link":"https:\/\/arak.spicehorse.eu\/sk\/produkt\/kentucky-vode-odolny-chranic-hrudnika\/","title":{"rendered":"Kentucky vode odoln\u00fd chr\u00e1ni\u010d hrudn\u00edka"},"content":{"rendered":"<p>Kentucky Horsewear chr\u00e1ni\u010d hrudn\u00edka ochr\u00e1ni hru\u010f a\u00a0koh\u00fatik v\u00e1\u0161ho ko\u0148a pred odieran\u00edm sp\u00f4soben\u00fdm dekou. Chr\u00e1ni\u010d hrudn\u00edka odstra\u0148uje tlak sp\u00f4soben\u00fd dekou v\u00a0oblasti hrude a\u00a0koh\u00fatika. M\u00f4\u017ee sa pou\u017e\u00edva\u0165 ve\u013emi jednoducho s\u00a0ktorouko\u013evek dekou! Je vode odoln\u00fd, m\u00f4\u017ee sa pou\u017e\u00edva\u0165 aj vtedy, ke\u010f je da\u017ediv\u00e9 po\u010dasie.<\/p>\n<p>Vonkaj\u0161\u00ed materi\u00e1l chr\u00e1ni\u010da hrudn\u00edka Kentucky je zo 100% vode odoln\u00e9ho polyesteru, vn\u00fatorn\u00e1 \u010das\u0165 je zo syntetickej zaja\u010diny, \u010do zabezpe\u010duje pre n\u00e1\u0161ho ko\u0148a extra komfort.<\/p>\n<p>Ochrann\u00e1 podu\u0161ka pozost\u00e1va z\u00a0dvoch kr\u00eddel, ktor\u00e9 sa musia prevliec\u0165 cez prv\u00fa zatv\u00e1raciu \u010das\u0165 deky. Jedno kr\u00eddlo le\u017e\u00ed vo vn\u00fatornej \u010dasti deky m\u00e4kko na hrudn\u00edku, k\u00fdm druh\u00e9 kr\u00eddlo je umiestnen\u00e9 mimo deky, \u010d\u00edm sa zabra\u0148uje tomu, aby sa ochrann\u00e1 podu\u0161ka zo\u0161mykla.<\/p>\n<p>Vode odoln\u00fa podu\u0161ku na ochranu hrude\/ koh\u00fatika mo\u017eno pra\u0165 v\u00a0pr\u00e1\u010dke na 30\u00b0C (nevkladajte do su\u0161i\u010dky).<\/p>\n","protected":false},"excerpt":{"rendered":"<h3>Chr\u00e1\u0148te v\u00e1\u0161ho ko\u0148a pred odieran\u00edm ko\u017ee sp\u00f4soben\u00fdm dekou, a to aj po\u010das da\u017ediv\u00fdch dn\u00ed.<\/h3>\n<ul>\n<li>Zabra\u0148uje odieraniu hrude alebo koh\u00fatika<\/li>\n<li>Vyrovn\u00e1va tlak<\/li>\n<li>Vn\u00fatro zo syntetickej zaja\u010diny<\/li>\n<li>Vode odoln\u00fd vonkaj\u0161\u00ed materi\u00e1l<\/li>\n<li>Mo\u017eno ho pou\u017e\u00edva\u0165 s\u00a0ktorouko\u013evek dekou<\/li>\n<\/ul>\n","protected":false},"featured_media":34666,"template":"","meta":{"_acf_changed":false},"product_cat":[75,99],"product_tag":[135,184],"acf":[],"yoast_head":"<!-- This site is optimized with the Yoast SEO plugin v21.4 - https:\/\/yoast.com\/wordpress\/plugins\/seo\/ -->\n<title>Kentucky vode odoln\u00fd chr\u00e1ni\u010d hrudn\u00edka - Spicehorse<\/title>\n<meta name=\"description\" content=\"spicehorse.eu | Kentucky Horsewear chr\u00e1ni\u010d hrudn\u00edka ochr\u00e1ni hru\u010f a\u00a0koh\u00fatik v\u00e1\u0161ho ko\u0148a pred odieran\u00edm sp\u00f4soben\u00fdm dekou.\" \/>\n<meta name=\"robots\" content=\"index, follow, max-snippet:-1, max-image-preview:large, max-video-preview:-1\" \/>\n<link rel=\"canonical\" href=\"https:\/\/arak.spicehorse.eu\/sk\/produkt\/kentucky-vode-odolny-chranic-hrudnika\/\" \/>\n<meta property=\"og:locale\" content=\"sk_SK\" \/>\n<meta property=\"og:type\" content=\"article\" \/>\n<meta property=\"og:title\" content=\"Kentucky vode odoln\u00fd chr\u00e1ni\u010d hrudn\u00edka - Spicehorse\" \/>\n<meta property=\"og:description\" content=\"spicehorse.eu | Kentucky Horsewear chr\u00e1ni\u010d hrudn\u00edka ochr\u00e1ni hru\u010f a\u00a0koh\u00fatik v\u00e1\u0161ho ko\u0148a pred odieran\u00edm sp\u00f4soben\u00fdm dekou.\" \/>\n<meta property=\"og:url\" content=\"https:\/\/arak.spicehorse.eu\/sk\/produkt\/kentucky-vode-odolny-chranic-hrudnika\/\" \/>\n<meta property=\"og:site_name\" content=\"Spicehorse\" \/>\n<meta property=\"article:publisher\" content=\"https:\/\/www.facebook.com\/SPICEHORSE-550385625402457\/\" \/>\n<meta property=\"article:modified_time\" content=\"2024-01-05T00:16:00+00:00\" \/>\n<meta property=\"og:image\" content=\"https:\/\/arak.spicehorse.eu\/wp-content\/uploads\/2021\/09\/5506b35e07e448a02a8ac69475a237cec0d63766fe612d7bd37168b3cb5b3774.jpg\" \/>\n\t<meta property=\"og:image:width\" content=\"2048\" \/>\n\t<meta property=\"og:image:height\" content=\"2048\" \/>\n\t<meta property=\"og:image:type\" content=\"image\/jpeg\" \/>\n<meta name=\"twitter:card\" content=\"summary_large_image\" \/>\n<meta name=\"twitter:label1\" content=\"Predpokladan\u00fd \u010das \u010d\u00edtania\" \/>\n\t<meta name=\"twitter:data1\" content=\"1 min\u00fata\" \/>\n<script type=\"application\/ld+json\" class=\"yoast-schema-graph\">{\"@context\":\"https:\/\/schema.org\",\"@graph\":[{\"@type\":\"WebPage\",\"@id\":\"https:\/\/arak.spicehorse.eu\/sk\/produkt\/kentucky-vode-odolny-chranic-hrudnika\/\",\"url\":\"https:\/\/arak.spicehorse.eu\/sk\/produkt\/kentucky-vode-odolny-chranic-hrudnika\/\",\"name\":\"Kentucky vode odoln\u00fd chr\u00e1ni\u010d hrudn\u00edka - Spicehorse\",\"isPartOf\":{\"@id\":\"https:\/\/arak.spicehorse.eu\/en\/#website\"},\"datePublished\":\"2021-09-08T12:16:18+00:00\",\"dateModified\":\"2024-01-05T00:16:00+00:00\",\"description\":\"spicehorse.eu | Kentucky Horsewear chr\u00e1ni\u010d hrudn\u00edka ochr\u00e1ni hru\u010f a\u00a0koh\u00fatik v\u00e1\u0161ho ko\u0148a pred odieran\u00edm sp\u00f4soben\u00fdm dekou.\",\"breadcrumb\":{\"@id\":\"https:\/\/arak.spicehorse.eu\/sk\/produkt\/kentucky-vode-odolny-chranic-hrudnika\/#breadcrumb\"},\"inLanguage\":\"sk-SK\",\"potentialAction\":[{\"@type\":\"ReadAction\",\"target\":[\"https:\/\/arak.spicehorse.eu\/sk\/produkt\/kentucky-vode-odolny-chranic-hrudnika\/\"]}]},{\"@type\":\"BreadcrumbList\",\"@id\":\"https:\/\/arak.spicehorse.eu\/sk\/produkt\/kentucky-vode-odolny-chranic-hrudnika\/#breadcrumb\",\"itemListElement\":[{\"@type\":\"ListItem\",\"position\":1,\"name\":\"Home\",\"item\":\"https:\/\/arak.spicehorse.eu\/sk\/\"},{\"@type\":\"ListItem\",\"position\":2,\"name\":\"Predaj\u0148a\",\"item\":\"https:\/\/arak.spicehorse.eu\/sk\/predajna\/\"},{\"@type\":\"ListItem\",\"position\":3,\"name\":\"Kentucky vode odoln\u00fd chr\u00e1ni\u010d hrudn\u00edka\"}]},{\"@type\":\"WebSite\",\"@id\":\"https:\/\/arak.spicehorse.eu\/en\/#website\",\"url\":\"https:\/\/arak.spicehorse.eu\/en\/\",\"name\":\"Spicehorse\",\"description\":\"UNDER DEVELOPMENT -\",\"potentialAction\":[{\"@type\":\"SearchAction\",\"target\":{\"@type\":\"EntryPoint\",\"urlTemplate\":\"https:\/\/arak.spicehorse.eu\/en\/?s={search_term_string}\"},\"query-input\":\"required name=search_term_string\"}],\"inLanguage\":\"sk-SK\"}]}<\/script>\n<!-- \/ Yoast SEO plugin. -->","yoast_head_json":{"title":"Kentucky vode odoln\u00fd chr\u00e1ni\u010d hrudn\u00edka - Spicehorse","description":"spicehorse.eu | Kentucky Horsewear chr\u00e1ni\u010d hrudn\u00edka ochr\u00e1ni hru\u010f a\u00a0koh\u00fatik v\u00e1\u0161ho ko\u0148a pred odieran\u00edm sp\u00f4soben\u00fdm dekou.","robots":{"index":"index","follow":"follow","max-snippet":"max-snippet:-1","max-image-preview":"max-image-preview:large","max-video-preview":"max-video-preview:-1"},"canonical":"https:\/\/arak.spicehorse.eu\/sk\/produkt\/kentucky-vode-odolny-chranic-hrudnika\/","og_locale":"sk_SK","og_type":"article","og_title":"Kentucky vode odoln\u00fd chr\u00e1ni\u010d hrudn\u00edka - Spicehorse","og_description":"spicehorse.eu | Kentucky Horsewear chr\u00e1ni\u010d hrudn\u00edka ochr\u00e1ni hru\u010f a\u00a0koh\u00fatik v\u00e1\u0161ho ko\u0148a pred odieran\u00edm sp\u00f4soben\u00fdm dekou.","og_url":"https:\/\/arak.spicehorse.eu\/sk\/produkt\/kentucky-vode-odolny-chranic-hrudnika\/","og_site_name":"Spicehorse","article_publisher":"https:\/\/www.facebook.com\/SPICEHORSE-550385625402457\/","article_modified_time":"2024-01-05T00:16:00+00:00","og_image":[{"width":2048,"height":2048,"url":"https:\/\/arak.spicehorse.eu\/wp-content\/uploads\/2021\/09\/5506b35e07e448a02a8ac69475a237cec0d63766fe612d7bd37168b3cb5b3774.jpg","type":"image\/jpeg"}],"twitter_card":"summary_large_image","twitter_misc":{"Predpokladan\u00fd \u010das \u010d\u00edtania":"1 min\u00fata"},"schema":{"@context":"https:\/\/schema.org","@graph":[{"@type":"WebPage","@id":"https:\/\/arak.spicehorse.eu\/sk\/produkt\/kentucky-vode-odolny-chranic-hrudnika\/","url":"https:\/\/arak.spicehorse.eu\/sk\/produkt\/kentucky-vode-odolny-chranic-hrudnika\/","name":"Kentucky vode odoln\u00fd chr\u00e1ni\u010d hrudn\u00edka - Spicehorse","isPartOf":{"@id":"https:\/\/arak.spicehorse.eu\/en\/#website"},"datePublished":"2021-09-08T12:16:18+00:00","dateModified":"2024-01-05T00:16:00+00:00","description":"spicehorse.eu | Kentucky Horsewear chr\u00e1ni\u010d hrudn\u00edka ochr\u00e1ni hru\u010f a\u00a0koh\u00fatik v\u00e1\u0161ho ko\u0148a pred odieran\u00edm sp\u00f4soben\u00fdm dekou.","breadcrumb":{"@id":"https:\/\/arak.spicehorse.eu\/sk\/produkt\/kentucky-vode-odolny-chranic-hrudnika\/#breadcrumb"},"inLanguage":"sk-SK","potentialAction":[{"@type":"ReadAction","target":["https:\/\/arak.spicehorse.eu\/sk\/produkt\/kentucky-vode-odolny-chranic-hrudnika\/"]}]},{"@type":"BreadcrumbList","@id":"https:\/\/arak.spicehorse.eu\/sk\/produkt\/kentucky-vode-odolny-chranic-hrudnika\/#breadcrumb","itemListElement":[{"@type":"ListItem","position":1,"name":"Home","item":"https:\/\/arak.spicehorse.eu\/sk\/"},{"@type":"ListItem","position":2,"name":"Predaj\u0148a","item":"https:\/\/arak.spicehorse.eu\/sk\/predajna\/"},{"@type":"ListItem","position":3,"name":"Kentucky vode odoln\u00fd chr\u00e1ni\u010d hrudn\u00edka"}]},{"@type":"WebSite","@id":"https:\/\/arak.spicehorse.eu\/en\/#website","url":"https:\/\/arak.spicehorse.eu\/en\/","name":"Spicehorse","description":"UNDER DEVELOPMENT -","potentialAction":[{"@type":"SearchAction","target":{"@type":"EntryPoint","urlTemplate":"https:\/\/arak.spicehorse.eu\/en\/?s={search_term_string}"},"query-input":"required name=search_term_string"}],"inLanguage":"sk-SK"}]}},"_links":{"self":[{"href":"https:\/\/arak.spicehorse.eu\/sk\/wp-json\/wp\/v2\/product\/34656"}],"collection":[{"href":"https:\/\/arak.spicehorse.eu\/sk\/wp-json\/wp\/v2\/product"}],"about":[{"href":"https:\/\/arak.spicehorse.eu\/sk\/wp-json\/wp\/v2\/types\/product"}],"wp:featuredmedia":[{"embeddable":true,"href":"https:\/\/arak.spicehorse.eu\/sk\/wp-json\/wp\/v2\/media\/34666"}],"wp:attachment":[{"href":"https:\/\/arak.spicehorse.eu\/sk\/wp-json\/wp\/v2\/media?parent=34656"}],"wp:term":[{"taxonomy":"product_cat","embeddable":true,"href":"https:\/\/arak.spicehorse.eu\/sk\/wp-json\/wp\/v2\/product_cat?post=34656"},{"taxonomy":"product_tag","embeddable":true,"href":"https:\/\/arak.spicehorse.eu\/sk\/wp-json\/wp\/v2\/product_tag?post=34656"}],"curies":[{"name":"wp","href":"https:\/\/api.w.org\/{rel}","templated":true}]}}