{"id":34777,"date":"2021-09-10T14:26:45","date_gmt":"2021-09-10T12:26:47","guid":{"rendered":"https:\/\/arak.spicehorse.eu\/?post_type=product&#038;p=34777"},"modified":"2021-09-10T14:43:56","modified_gmt":"2021-09-10T12:43:56","slug":"trust-sweet-iron-jointed-oliv-pony-zubadlo","status":"publish","type":"product","link":"https:\/\/arak.spicehorse.eu\/sk\/produkt\/trust-sweet-iron-jointed-oliv-pony-zubadlo\/","title":{"rendered":"TRUST Sweet Iron Jointed ol\u00edv pony zubadlo"},"content":{"rendered":"<p>TRUST Equestrian kolekcia pony. Anatomicky tvarovan\u00e9 zubadl\u00e1, aby dokonale dosadali do \u00fast pony. V\u010faka v\u00fdvoju v\u00a0spolupr\u00e1ci s\u00a0pony jazdcami sa vyr\u00e1baj\u00fa v\u00a0r\u00f4znych ve\u013ekostiach, ten\u0161ie a\u00a0s\u00a0men\u0161\u00edmi zubadlov\u00fdmi kr\u00fa\u017ekami. Dostupn\u00e9 ve\u013ekosti 9,5 cm, 10,5 cm a 11,5 cm.<\/p>\n<p>Zubadl\u00e1 TRUST Equestrian Sweet Iron (sladk\u00e9 \u017eelezo) s\u00fa vyroben\u00e9 z\u00a0ocele s\u00a0charakteristickou modrou farbou. Sladk\u00e9 \u017eelezo za\u010d\u00edna hrdzavie\u0165 pri styku s\u00a0vlhkos\u0165ou vzduchu a\u00a0zubadlo dostane sladk\u00fa chu\u0165, \u010do samozrejme stimuluje tvorbu sl\u00edn u\u00a0kon\u00ed a\u00a0podporuje, aby k\u00f4\u0148 \u013eah\u0161ie prijal zubadlo. Pri procese hrdzavenia v\u00a0d\u00f4sledku oxid\u00e1cie sa zmen\u00ed modr\u00e1 farba TRUST zubadla na hned\u00fa, \u010do je vyvolan\u00fd \u00fa\u010dinok zubadla zo sladk\u00e9ho \u017eeleza. Ak Sweet Iron zubadlo ur\u010dit\u00fa dobu prestaneme pou\u017e\u00edva\u0165, m\u00f4\u017ee sa na zubadle vytvori\u0165 oran\u017eovo- hned\u00e1 hrdzav\u00e1 vrstva. Pred pou\u017eit\u00edm ju jednoducho zotrite vlhkou handrou.<\/p>\n<p>Sweet Iron zubadl\u00e1 s\u00fa odpor\u00fa\u010dan\u00e9 pre v\u0161etky kone. Sladk\u00e9 \u017eelezo stimuluje tvorbu sl\u00edn u\u00a0kon\u00ed a\u00a0podporuje, aby k\u00f4\u0148 \u013eah\u0161ie prijal zubadlo.<\/p>\n<p>TRUST Sweet Iron zubadl\u00e1 existuj\u00fa v\u00a0mnoh\u00fdch vari\u00e1ci\u00e1ch, r\u00f4zne tel\u00e1 zubadiel maj\u00fa svoje \u0161peci\u00e1lne \u00fa\u010dinky.<\/p>\n<p>TRUST Sweet Iron Jointed zubadlo je raz lomen\u00e9, \u00fastna \u010das\u0165 zubadla m\u00e1 jeden k\u013ab a\u00a0oproti dvakr\u00e1t lomen\u00fdm zubadl\u00e1m vyv\u00edja men\u0161\u00ed tlak na jazyk. Raz lomen\u00e9 zubadlo vyv\u00edja tlak na bo\u010dn\u00fa \u010das\u0165 jazyka a\u00a0svoje \u00fa\u010dinky vyv\u00edja aj na podnebie. Raz lomen\u00e9 zubadlo je \u0161tandardn\u00e9, v\u00a0\u0161irokom spektre pou\u017e\u00edvan\u00e9 zubadlo.<\/p>\n<p>Ol\u00edv zubadlo je \u0161tandardn\u00fd typ zubadla, ktor\u00e9 ma \u0161irokospektr\u00e1lne pou\u017eitie. Kr\u00fa\u017eky sa nem\u00f4\u017eu pohybova\u0165\u00a0nez\u00e1visle od seba, preto sa pomoc jazdca dost\u00e1va bezprostrednej\u0161ie k zubadlu, zubadlo le\u017e\u00ed v \u00fastach ko\u0148a stabilnej\u0161ie. Ol\u00edv zubadlov\u00e9 kr\u00fa\u017eky neza\u0161tipn\u00fa k\u00fatiky \u00fast ko\u0148a, preto nie je potrebn\u00e9 pou\u017e\u00edvanie gumy na zubadlo.<\/p>\n<p>Hr\u00fabka 12 mm<\/p>\n","protected":false},"excerpt":{"rendered":"<p>TRUST Equestrian kolekcia pony. Anatomicky tvarovan\u00e9 zubadl\u00e1, aby dokonale dosadali do \u00fast pony. V\u010faka v\u00fdvoju v\u00a0spolupr\u00e1ci s\u00a0pony jazdcami sa vyr\u00e1baj\u00fa v\u00a0r\u00f4znych ve\u013ekostiach, ten\u0161ie a\u00a0s\u00a0men\u0161\u00edmi zubadlov\u00fdmi kr\u00fa\u017ekami. Dostupn\u00e9 ve\u013ekosti 9,5 cm, 10,5 cm a 11,5 cm. Zubadl\u00e1 TRUST Equestrian Sweet Iron (sladk\u00e9 \u017eelezo) s\u00fa vyroben\u00e9 z\u00a0ocele s\u00a0charakteristickou modrou farbou. Sladk\u00e9 \u017eelezo za\u010d\u00edna hrdzavie\u0165 pri styku s\u00a0vlhkos\u0165ou [&hellip;]<\/p>\n","protected":false},"featured_media":34784,"template":"","meta":{"_acf_changed":false},"product_cat":[78,75,674],"product_tag":[422,700,692,694],"acf":[],"yoast_head":"<!-- This site is optimized with the Yoast SEO plugin v21.4 - https:\/\/yoast.com\/wordpress\/plugins\/seo\/ -->\n<title>TRUST Sweet Iron Jointed ol\u00edv pony zubadlo - Spicehorse<\/title>\n<meta name=\"description\" content=\"spicehorse.eu | Zubadl\u00e1 TRUST Equestrian Sweet Iron (sladk\u00e9 \u017eelezo) s\u00fa vyroben\u00e9 z\u00a0ocele s\u00a0charakteristickou modrou farbou.\" \/>\n<meta name=\"robots\" content=\"index, follow, max-snippet:-1, max-image-preview:large, max-video-preview:-1\" \/>\n<link rel=\"canonical\" href=\"https:\/\/arak.spicehorse.eu\/sk\/produkt\/trust-sweet-iron-jointed-oliv-pony-zubadlo\/\" \/>\n<meta property=\"og:locale\" content=\"sk_SK\" \/>\n<meta property=\"og:type\" content=\"article\" \/>\n<meta property=\"og:title\" content=\"TRUST Sweet Iron Jointed ol\u00edv pony zubadlo - Spicehorse\" \/>\n<meta property=\"og:description\" content=\"spicehorse.eu | Zubadl\u00e1 TRUST Equestrian Sweet Iron (sladk\u00e9 \u017eelezo) s\u00fa vyroben\u00e9 z\u00a0ocele s\u00a0charakteristickou modrou farbou.\" \/>\n<meta property=\"og:url\" content=\"https:\/\/arak.spicehorse.eu\/sk\/produkt\/trust-sweet-iron-jointed-oliv-pony-zubadlo\/\" \/>\n<meta property=\"og:site_name\" content=\"Spicehorse\" \/>\n<meta property=\"article:publisher\" content=\"https:\/\/www.facebook.com\/SPICEHORSE-550385625402457\/\" \/>\n<meta property=\"article:modified_time\" content=\"2021-09-10T12:43:56+00:00\" \/>\n<meta property=\"og:image\" content=\"https:\/\/arak.spicehorse.eu\/wp-content\/uploads\/2021\/09\/Sweet-Iron-pony-eggbut-jointed-1.jpg\" \/>\n\t<meta property=\"og:image:width\" content=\"800\" \/>\n\t<meta property=\"og:image:height\" content=\"800\" \/>\n\t<meta property=\"og:image:type\" content=\"image\/jpeg\" \/>\n<meta name=\"twitter:card\" content=\"summary_large_image\" \/>\n<meta name=\"twitter:label1\" content=\"Predpokladan\u00fd \u010das \u010d\u00edtania\" \/>\n\t<meta name=\"twitter:data1\" content=\"1 min\u00fata\" \/>\n<script type=\"application\/ld+json\" class=\"yoast-schema-graph\">{\"@context\":\"https:\/\/schema.org\",\"@graph\":[{\"@type\":\"WebPage\",\"@id\":\"https:\/\/arak.spicehorse.eu\/sk\/produkt\/trust-sweet-iron-jointed-oliv-pony-zubadlo\/\",\"url\":\"https:\/\/arak.spicehorse.eu\/sk\/produkt\/trust-sweet-iron-jointed-oliv-pony-zubadlo\/\",\"name\":\"TRUST Sweet Iron Jointed ol\u00edv pony zubadlo - Spicehorse\",\"isPartOf\":{\"@id\":\"https:\/\/arak.spicehorse.eu\/en\/#website\"},\"datePublished\":\"2021-09-10T12:26:47+00:00\",\"dateModified\":\"2021-09-10T12:43:56+00:00\",\"description\":\"spicehorse.eu | Zubadl\u00e1 TRUST Equestrian Sweet Iron (sladk\u00e9 \u017eelezo) s\u00fa vyroben\u00e9 z\u00a0ocele s\u00a0charakteristickou modrou farbou.\",\"breadcrumb\":{\"@id\":\"https:\/\/arak.spicehorse.eu\/sk\/produkt\/trust-sweet-iron-jointed-oliv-pony-zubadlo\/#breadcrumb\"},\"inLanguage\":\"sk-SK\",\"potentialAction\":[{\"@type\":\"ReadAction\",\"target\":[\"https:\/\/arak.spicehorse.eu\/sk\/produkt\/trust-sweet-iron-jointed-oliv-pony-zubadlo\/\"]}]},{\"@type\":\"BreadcrumbList\",\"@id\":\"https:\/\/arak.spicehorse.eu\/sk\/produkt\/trust-sweet-iron-jointed-oliv-pony-zubadlo\/#breadcrumb\",\"itemListElement\":[{\"@type\":\"ListItem\",\"position\":1,\"name\":\"Home\",\"item\":\"https:\/\/arak.spicehorse.eu\/sk\/\"},{\"@type\":\"ListItem\",\"position\":2,\"name\":\"Predaj\u0148a\",\"item\":\"https:\/\/arak.spicehorse.eu\/sk\/predajna\/\"},{\"@type\":\"ListItem\",\"position\":3,\"name\":\"TRUST Sweet Iron Jointed ol\u00edv pony zubadlo\"}]},{\"@type\":\"WebSite\",\"@id\":\"https:\/\/arak.spicehorse.eu\/en\/#website\",\"url\":\"https:\/\/arak.spicehorse.eu\/en\/\",\"name\":\"Spicehorse\",\"description\":\"UNDER DEVELOPMENT -\",\"potentialAction\":[{\"@type\":\"SearchAction\",\"target\":{\"@type\":\"EntryPoint\",\"urlTemplate\":\"https:\/\/arak.spicehorse.eu\/en\/?s={search_term_string}\"},\"query-input\":\"required name=search_term_string\"}],\"inLanguage\":\"sk-SK\"}]}<\/script>\n<!-- \/ Yoast SEO plugin. -->","yoast_head_json":{"title":"TRUST Sweet Iron Jointed ol\u00edv pony zubadlo - Spicehorse","description":"spicehorse.eu | Zubadl\u00e1 TRUST Equestrian Sweet Iron (sladk\u00e9 \u017eelezo) s\u00fa vyroben\u00e9 z\u00a0ocele s\u00a0charakteristickou modrou farbou.","robots":{"index":"index","follow":"follow","max-snippet":"max-snippet:-1","max-image-preview":"max-image-preview:large","max-video-preview":"max-video-preview:-1"},"canonical":"https:\/\/arak.spicehorse.eu\/sk\/produkt\/trust-sweet-iron-jointed-oliv-pony-zubadlo\/","og_locale":"sk_SK","og_type":"article","og_title":"TRUST Sweet Iron Jointed ol\u00edv pony zubadlo - Spicehorse","og_description":"spicehorse.eu | Zubadl\u00e1 TRUST Equestrian Sweet Iron (sladk\u00e9 \u017eelezo) s\u00fa vyroben\u00e9 z\u00a0ocele s\u00a0charakteristickou modrou farbou.","og_url":"https:\/\/arak.spicehorse.eu\/sk\/produkt\/trust-sweet-iron-jointed-oliv-pony-zubadlo\/","og_site_name":"Spicehorse","article_publisher":"https:\/\/www.facebook.com\/SPICEHORSE-550385625402457\/","article_modified_time":"2021-09-10T12:43:56+00:00","og_image":[{"width":800,"height":800,"url":"https:\/\/arak.spicehorse.eu\/wp-content\/uploads\/2021\/09\/Sweet-Iron-pony-eggbut-jointed-1.jpg","type":"image\/jpeg"}],"twitter_card":"summary_large_image","twitter_misc":{"Predpokladan\u00fd \u010das \u010d\u00edtania":"1 min\u00fata"},"schema":{"@context":"https:\/\/schema.org","@graph":[{"@type":"WebPage","@id":"https:\/\/arak.spicehorse.eu\/sk\/produkt\/trust-sweet-iron-jointed-oliv-pony-zubadlo\/","url":"https:\/\/arak.spicehorse.eu\/sk\/produkt\/trust-sweet-iron-jointed-oliv-pony-zubadlo\/","name":"TRUST Sweet Iron Jointed ol\u00edv pony zubadlo - Spicehorse","isPartOf":{"@id":"https:\/\/arak.spicehorse.eu\/en\/#website"},"datePublished":"2021-09-10T12:26:47+00:00","dateModified":"2021-09-10T12:43:56+00:00","description":"spicehorse.eu | Zubadl\u00e1 TRUST Equestrian Sweet Iron (sladk\u00e9 \u017eelezo) s\u00fa vyroben\u00e9 z\u00a0ocele s\u00a0charakteristickou modrou farbou.","breadcrumb":{"@id":"https:\/\/arak.spicehorse.eu\/sk\/produkt\/trust-sweet-iron-jointed-oliv-pony-zubadlo\/#breadcrumb"},"inLanguage":"sk-SK","potentialAction":[{"@type":"ReadAction","target":["https:\/\/arak.spicehorse.eu\/sk\/produkt\/trust-sweet-iron-jointed-oliv-pony-zubadlo\/"]}]},{"@type":"BreadcrumbList","@id":"https:\/\/arak.spicehorse.eu\/sk\/produkt\/trust-sweet-iron-jointed-oliv-pony-zubadlo\/#breadcrumb","itemListElement":[{"@type":"ListItem","position":1,"name":"Home","item":"https:\/\/arak.spicehorse.eu\/sk\/"},{"@type":"ListItem","position":2,"name":"Predaj\u0148a","item":"https:\/\/arak.spicehorse.eu\/sk\/predajna\/"},{"@type":"ListItem","position":3,"name":"TRUST Sweet Iron Jointed ol\u00edv pony zubadlo"}]},{"@type":"WebSite","@id":"https:\/\/arak.spicehorse.eu\/en\/#website","url":"https:\/\/arak.spicehorse.eu\/en\/","name":"Spicehorse","description":"UNDER DEVELOPMENT -","potentialAction":[{"@type":"SearchAction","target":{"@type":"EntryPoint","urlTemplate":"https:\/\/arak.spicehorse.eu\/en\/?s={search_term_string}"},"query-input":"required name=search_term_string"}],"inLanguage":"sk-SK"}]}},"_links":{"self":[{"href":"https:\/\/arak.spicehorse.eu\/sk\/wp-json\/wp\/v2\/product\/34777"}],"collection":[{"href":"https:\/\/arak.spicehorse.eu\/sk\/wp-json\/wp\/v2\/product"}],"about":[{"href":"https:\/\/arak.spicehorse.eu\/sk\/wp-json\/wp\/v2\/types\/product"}],"wp:featuredmedia":[{"embeddable":true,"href":"https:\/\/arak.spicehorse.eu\/sk\/wp-json\/wp\/v2\/media\/34784"}],"wp:attachment":[{"href":"https:\/\/arak.spicehorse.eu\/sk\/wp-json\/wp\/v2\/media?parent=34777"}],"wp:term":[{"taxonomy":"product_cat","embeddable":true,"href":"https:\/\/arak.spicehorse.eu\/sk\/wp-json\/wp\/v2\/product_cat?post=34777"},{"taxonomy":"product_tag","embeddable":true,"href":"https:\/\/arak.spicehorse.eu\/sk\/wp-json\/wp\/v2\/product_tag?post=34777"}],"curies":[{"name":"wp","href":"https:\/\/api.w.org\/{rel}","templated":true}]}}