{"id":34971,"date":"2021-09-13T13:01:29","date_gmt":"2021-09-13T11:01:38","guid":{"rendered":"https:\/\/arak.spicehorse.eu\/?post_type=product&#038;p=34971"},"modified":"2023-11-23T11:28:36","modified_gmt":"2023-11-23T10:28:36","slug":"kentucky-reflective-obojok","status":"publish","type":"product","link":"https:\/\/arak.spicehorse.eu\/sk\/produkt\/kentucky-reflective-obojok\/","title":{"rendered":"Kentucky Reflective obojok"},"content":{"rendered":"<p>Zabezpe\u010dte pre v\u00e1\u0161ho psa maxim\u00e1lnu vidite\u013enos\u0165 a bezpe\u010dnos\u0165 pomocou tohto reflexn\u00e9ho Kentucky \u00a0Dogwear obojku! Pevn\u00fd a pohodln\u00fd na nosenie, na 100% reflexn\u00fd, z\u00e1rove\u0148 v\u0161ak v klasickom dizajne. \u013dahko sa nasadzuje a odn\u00edma pomocou kovovej spony, k v\u00f4dzke sa pripev\u0148uje pomocou kr\u00fa\u017eku.<\/p>\n","protected":false},"excerpt":{"rendered":"<h3>Zabezpe\u010dte pre v\u00e1\u0161ho psa maxim\u00e1lnu vidite\u013enos\u0165 a bezpe\u010dnos\u0165 pomocou tohto reflexn\u00e9ho Kentucky obojku!<\/h3>\n<ul>\n<li>100% reflexn\u00fd obojok<\/li>\n<li>Hod\u00ed sa k v\u00f4dzke Reflective<\/li>\n<li>Jednoduch\u00e9 pou\u017e\u00edvanie pomocou spony<\/li>\n<\/ul>\n","protected":false},"featured_media":35041,"template":"","meta":{"_acf_changed":false},"product_cat":[78,74,298],"product_tag":[197,451],"acf":[],"yoast_head":"<!-- This site is optimized with the Yoast SEO plugin v21.4 - https:\/\/yoast.com\/wordpress\/plugins\/seo\/ -->\n<title>Kentucky Reflective obojok - Spicehorse<\/title>\n<meta name=\"description\" content=\"spicehorse.eu | Zabezpe\u010dte pre v\u00e1\u0161ho psa maxim\u00e1lnu vidite\u013enos\u0165 a bezpe\u010dnos\u0165 pomocou tohto reflexn\u00e9ho Kentucky Dogwear obojku!\" \/>\n<meta name=\"robots\" content=\"index, follow, max-snippet:-1, max-image-preview:large, max-video-preview:-1\" \/>\n<link rel=\"canonical\" href=\"https:\/\/arak.spicehorse.eu\/sk\/produkt\/kentucky-reflective-obojok\/\" \/>\n<meta property=\"og:locale\" content=\"sk_SK\" \/>\n<meta property=\"og:type\" content=\"article\" \/>\n<meta property=\"og:title\" content=\"Kentucky Reflective obojok - Spicehorse\" \/>\n<meta property=\"og:description\" content=\"spicehorse.eu | Zabezpe\u010dte pre v\u00e1\u0161ho psa maxim\u00e1lnu vidite\u013enos\u0165 a bezpe\u010dnos\u0165 pomocou tohto reflexn\u00e9ho Kentucky Dogwear obojku!\" \/>\n<meta property=\"og:url\" content=\"https:\/\/arak.spicehorse.eu\/sk\/produkt\/kentucky-reflective-obojok\/\" \/>\n<meta property=\"og:site_name\" content=\"Spicehorse\" \/>\n<meta property=\"article:publisher\" content=\"https:\/\/www.facebook.com\/SPICEHORSE-550385625402457\/\" \/>\n<meta property=\"article:modified_time\" content=\"2023-11-23T10:28:36+00:00\" \/>\n<meta property=\"og:image\" content=\"https:\/\/arak.spicehorse.eu\/wp-content\/uploads\/2021\/09\/46a9349d171c246f57ba0177184bd80ed4ffcc6a9c37f4fb37b61646a9880b98.jpg\" \/>\n\t<meta property=\"og:image:width\" content=\"2048\" \/>\n\t<meta property=\"og:image:height\" content=\"1366\" \/>\n\t<meta property=\"og:image:type\" content=\"image\/jpeg\" \/>\n<meta name=\"twitter:card\" content=\"summary_large_image\" \/>\n<script type=\"application\/ld+json\" class=\"yoast-schema-graph\">{\"@context\":\"https:\/\/schema.org\",\"@graph\":[{\"@type\":\"WebPage\",\"@id\":\"https:\/\/arak.spicehorse.eu\/sk\/produkt\/kentucky-reflective-obojok\/\",\"url\":\"https:\/\/arak.spicehorse.eu\/sk\/produkt\/kentucky-reflective-obojok\/\",\"name\":\"Kentucky Reflective obojok - Spicehorse\",\"isPartOf\":{\"@id\":\"https:\/\/arak.spicehorse.eu\/en\/#website\"},\"datePublished\":\"2021-09-13T11:01:38+00:00\",\"dateModified\":\"2023-11-23T10:28:36+00:00\",\"description\":\"spicehorse.eu | Zabezpe\u010dte pre v\u00e1\u0161ho psa maxim\u00e1lnu vidite\u013enos\u0165 a bezpe\u010dnos\u0165 pomocou tohto reflexn\u00e9ho Kentucky Dogwear obojku!\",\"breadcrumb\":{\"@id\":\"https:\/\/arak.spicehorse.eu\/sk\/produkt\/kentucky-reflective-obojok\/#breadcrumb\"},\"inLanguage\":\"sk-SK\",\"potentialAction\":[{\"@type\":\"ReadAction\",\"target\":[\"https:\/\/arak.spicehorse.eu\/sk\/produkt\/kentucky-reflective-obojok\/\"]}]},{\"@type\":\"BreadcrumbList\",\"@id\":\"https:\/\/arak.spicehorse.eu\/sk\/produkt\/kentucky-reflective-obojok\/#breadcrumb\",\"itemListElement\":[{\"@type\":\"ListItem\",\"position\":1,\"name\":\"Home\",\"item\":\"https:\/\/arak.spicehorse.eu\/sk\/\"},{\"@type\":\"ListItem\",\"position\":2,\"name\":\"Predaj\u0148a\",\"item\":\"https:\/\/arak.spicehorse.eu\/sk\/predajna\/\"},{\"@type\":\"ListItem\",\"position\":3,\"name\":\"Kentucky Reflective obojok\"}]},{\"@type\":\"WebSite\",\"@id\":\"https:\/\/arak.spicehorse.eu\/en\/#website\",\"url\":\"https:\/\/arak.spicehorse.eu\/en\/\",\"name\":\"Spicehorse\",\"description\":\"UNDER DEVELOPMENT -\",\"potentialAction\":[{\"@type\":\"SearchAction\",\"target\":{\"@type\":\"EntryPoint\",\"urlTemplate\":\"https:\/\/arak.spicehorse.eu\/en\/?s={search_term_string}\"},\"query-input\":\"required name=search_term_string\"}],\"inLanguage\":\"sk-SK\"}]}<\/script>\n<!-- \/ Yoast SEO plugin. -->","yoast_head_json":{"title":"Kentucky Reflective obojok - Spicehorse","description":"spicehorse.eu | Zabezpe\u010dte pre v\u00e1\u0161ho psa maxim\u00e1lnu vidite\u013enos\u0165 a bezpe\u010dnos\u0165 pomocou tohto reflexn\u00e9ho Kentucky Dogwear obojku!","robots":{"index":"index","follow":"follow","max-snippet":"max-snippet:-1","max-image-preview":"max-image-preview:large","max-video-preview":"max-video-preview:-1"},"canonical":"https:\/\/arak.spicehorse.eu\/sk\/produkt\/kentucky-reflective-obojok\/","og_locale":"sk_SK","og_type":"article","og_title":"Kentucky Reflective obojok - Spicehorse","og_description":"spicehorse.eu | Zabezpe\u010dte pre v\u00e1\u0161ho psa maxim\u00e1lnu vidite\u013enos\u0165 a bezpe\u010dnos\u0165 pomocou tohto reflexn\u00e9ho Kentucky Dogwear obojku!","og_url":"https:\/\/arak.spicehorse.eu\/sk\/produkt\/kentucky-reflective-obojok\/","og_site_name":"Spicehorse","article_publisher":"https:\/\/www.facebook.com\/SPICEHORSE-550385625402457\/","article_modified_time":"2023-11-23T10:28:36+00:00","og_image":[{"width":2048,"height":1366,"url":"https:\/\/arak.spicehorse.eu\/wp-content\/uploads\/2021\/09\/46a9349d171c246f57ba0177184bd80ed4ffcc6a9c37f4fb37b61646a9880b98.jpg","type":"image\/jpeg"}],"twitter_card":"summary_large_image","schema":{"@context":"https:\/\/schema.org","@graph":[{"@type":"WebPage","@id":"https:\/\/arak.spicehorse.eu\/sk\/produkt\/kentucky-reflective-obojok\/","url":"https:\/\/arak.spicehorse.eu\/sk\/produkt\/kentucky-reflective-obojok\/","name":"Kentucky Reflective obojok - Spicehorse","isPartOf":{"@id":"https:\/\/arak.spicehorse.eu\/en\/#website"},"datePublished":"2021-09-13T11:01:38+00:00","dateModified":"2023-11-23T10:28:36+00:00","description":"spicehorse.eu | Zabezpe\u010dte pre v\u00e1\u0161ho psa maxim\u00e1lnu vidite\u013enos\u0165 a bezpe\u010dnos\u0165 pomocou tohto reflexn\u00e9ho Kentucky Dogwear obojku!","breadcrumb":{"@id":"https:\/\/arak.spicehorse.eu\/sk\/produkt\/kentucky-reflective-obojok\/#breadcrumb"},"inLanguage":"sk-SK","potentialAction":[{"@type":"ReadAction","target":["https:\/\/arak.spicehorse.eu\/sk\/produkt\/kentucky-reflective-obojok\/"]}]},{"@type":"BreadcrumbList","@id":"https:\/\/arak.spicehorse.eu\/sk\/produkt\/kentucky-reflective-obojok\/#breadcrumb","itemListElement":[{"@type":"ListItem","position":1,"name":"Home","item":"https:\/\/arak.spicehorse.eu\/sk\/"},{"@type":"ListItem","position":2,"name":"Predaj\u0148a","item":"https:\/\/arak.spicehorse.eu\/sk\/predajna\/"},{"@type":"ListItem","position":3,"name":"Kentucky Reflective obojok"}]},{"@type":"WebSite","@id":"https:\/\/arak.spicehorse.eu\/en\/#website","url":"https:\/\/arak.spicehorse.eu\/en\/","name":"Spicehorse","description":"UNDER DEVELOPMENT -","potentialAction":[{"@type":"SearchAction","target":{"@type":"EntryPoint","urlTemplate":"https:\/\/arak.spicehorse.eu\/en\/?s={search_term_string}"},"query-input":"required name=search_term_string"}],"inLanguage":"sk-SK"}]}},"_links":{"self":[{"href":"https:\/\/arak.spicehorse.eu\/sk\/wp-json\/wp\/v2\/product\/34971"}],"collection":[{"href":"https:\/\/arak.spicehorse.eu\/sk\/wp-json\/wp\/v2\/product"}],"about":[{"href":"https:\/\/arak.spicehorse.eu\/sk\/wp-json\/wp\/v2\/types\/product"}],"wp:featuredmedia":[{"embeddable":true,"href":"https:\/\/arak.spicehorse.eu\/sk\/wp-json\/wp\/v2\/media\/35041"}],"wp:attachment":[{"href":"https:\/\/arak.spicehorse.eu\/sk\/wp-json\/wp\/v2\/media?parent=34971"}],"wp:term":[{"taxonomy":"product_cat","embeddable":true,"href":"https:\/\/arak.spicehorse.eu\/sk\/wp-json\/wp\/v2\/product_cat?post=34971"},{"taxonomy":"product_tag","embeddable":true,"href":"https:\/\/arak.spicehorse.eu\/sk\/wp-json\/wp\/v2\/product_tag?post=34971"}],"curies":[{"name":"wp","href":"https:\/\/api.w.org\/{rel}","templated":true}]}}