{"id":36641,"date":"2021-09-21T18:30:30","date_gmt":"2021-09-21T16:30:42","guid":{"rendered":"https:\/\/arak.spicehorse.eu\/?post_type=product&#038;p=36641"},"modified":"2024-01-05T01:16:00","modified_gmt":"2024-01-05T00:16:00","slug":"kentucky-stajnove-deky-200g","status":"publish","type":"product","link":"https:\/\/arak.spicehorse.eu\/sk\/produkt\/kentucky-stajnove-deky-200g\/","title":{"rendered":"Kentucky staj\u0148ov\u00e9 deky 200g"},"content":{"rendered":"<p>Pod\u0161\u00edvka 200 gramovej staj\u0148ovej deky Kentucky Horsewear z umelej zaja\u010dej ko\u017eu\u0161iny je mimoriadne jemn\u00e1, zabra\u0148uje vy\u0161\u00fachaniu ko\u017ee ko\u0148a a nelep\u00ed sa na \u0148u srs\u0165 kon\u00ed. Pou\u017e\u00edvan\u00edm umelej zaja\u010dej ko\u017eu\u0161iny vznikaj\u00fa drobn\u00e9 vzduchov\u00e9 vaky, ktor\u00e9 uchovaj\u00fa a udr\u017euj\u00fa telesn\u00fa teplotu kon\u00ed. V\u010faka drobn\u00fdm ch\u013apkom umelej zaja\u010dej ko\u017eu\u0161iny sa srs\u0165 ko\u0148a st\u00e1va lesklej\u0161ou. Pre maxim\u00e1lne pohodlie je prikr\u00fdvka pre kone Kentucky Horsewear ve\u013emi tepl\u00e1, a napriek tomu ve\u013emi \u013eahk\u00e1.<\/p>\n<p>Umel\u00fd baran\u010dek\u00a0chr\u00e1ni oblas\u0165 koh\u00fatika. Vonkaj\u0161\u00ed materi\u00e1l je v\u010faka diamantov\u00e9mu \u0161tepovaniu ove\u013ea trv\u00e1cnej\u0161\u00ed, odolnej\u0161\u00ed, pevnej\u0161\u00ed, nelep\u00ed sa na\u0148 drevn\u00e1 \u0161tiepka ani slama.<span class=\"Apple-converted-space\">\u00a0<\/span><\/p>\n<p>V prednej \u010dasti sa staj\u0148ov\u00e1 deka Kentucky Horsewear zap\u00edna na dve spony, disponuje dvomi kr\u00ed\u017eov\u00fdmi popruhmi, ktor\u00e9 s\u00fa spevnen\u00e9 ko\u017eenkov\u00fdmi vlo\u017ekami.<span class=\"Apple-converted-space\">\u00a0 <\/span>Koncov\u00fd popruh nach\u00e1dzaj\u00faca sa pod chvostom je tie\u017e odn\u00edmate\u013en\u00e1, m\u00e1 plastov\u00fd kryt, t\u00fdm p\u00e1dom sa ve\u013emi \u013eahko \u010dist\u00ed. Prikr\u00fdvku mo\u017eno pra\u0165 v pr\u00e1\u010dke na 30\u00b0 (nevkladajte do su\u0161i\u010dky).<span class=\"Apple-converted-space\">\u00a0<\/span><\/p>\n","protected":false},"excerpt":{"rendered":"<ul>\n<li>Anatomick\u00fd tvar pre dokonal\u00e9 prisp\u00f4sobenie sa<\/li>\n<li>V\u010faka trojvrstvov\u00e9mu diamantov\u00e9mu \u0161tepovaniu je extra pevn\u00e1 a odoln\u00e1<\/li>\n<li>Mimoriadne jemn\u00e1 umel\u00e1 zaja\u010dia ko\u017eu\u0161ina, zabra\u0148uje vy\u0161\u00fachaniu ko\u017ee<\/li>\n<li>Pou\u017e\u00edvan\u00edm umelej zaja\u010dej ko\u017eu\u0161iny vznikaj\u00fa drobn\u00e9 vzduchov\u00e9 vaky, ktor\u00e9 uchovaj\u00fa a udr\u017eia telesn\u00fa teplotu<span class=\"Apple-converted-space\">\u00a0<\/span><\/li>\n<li>V\u010faka drobn\u00fdm a jemn\u00fdm ch\u013apkom umelej zaja\u010dej ko\u017eu\u0161iny sa srs\u0165 ko\u0148a st\u00e1va lesklej\u0161ou<span class=\"Apple-converted-space\">\u00a0<\/span><\/li>\n<li>Je ve\u013emi tepl\u00e1, napriek tomu je \u013eahk\u00e1 pre zabezpe\u010denie maxim\u00e1lneho pohodlia<span class=\"Apple-converted-space\">\u00a0<\/span><\/li>\n<li>Do pod\u0161\u00edvky z umelej zaja\u010dej ko\u017eu\u0161iny sa nelepia ch\u013apky<\/li>\n<li>Na vonkaj\u0161\u00ed materi\u00e1l sa nelep\u00ed drevn\u00e1 \u0161tiepka a slama<\/li>\n<li>Pri koh\u00fatiku z umel\u00e9ho baran\u010deka<\/li>\n<li>Dvojit\u00e9 predn\u00e9 spony<\/li>\n<li>Kr\u00ed\u017eov\u00e9 popruhy spevnen\u00e9 ko\u017eenkov\u00fdmi vlo\u017ekami<\/li>\n<li>Pod chvostom pru\u017en\u00e1 \u0161n\u00fara s plastov\u00fdm krytom (mo\u017eno ho odstr\u00e1ni\u0165, jednoduch\u00e9 \u010distenie)<\/li>\n<\/ul>\n","protected":false},"featured_media":68157,"template":"","meta":{"_acf_changed":false},"product_cat":[75,99],"product_tag":[135,184],"acf":[],"yoast_head":"<!-- This site is optimized with the Yoast SEO plugin v21.4 - https:\/\/yoast.com\/wordpress\/plugins\/seo\/ -->\n<title>Kentucky staj\u0148ov\u00e9 deky 200g - Spicehorse<\/title>\n<meta name=\"description\" content=\"spicehorse.eu | Kentucky Horsewear staj\u0148ov\u00e9 deky\" \/>\n<meta name=\"robots\" content=\"index, follow, max-snippet:-1, max-image-preview:large, max-video-preview:-1\" \/>\n<link rel=\"canonical\" href=\"https:\/\/arak.spicehorse.eu\/sk\/produkt\/kentucky-stajnove-deky-200g\/\" \/>\n<meta property=\"og:locale\" content=\"sk_SK\" \/>\n<meta property=\"og:type\" content=\"article\" \/>\n<meta property=\"og:title\" content=\"Kentucky staj\u0148ov\u00e9 deky 200g - Spicehorse\" \/>\n<meta property=\"og:description\" content=\"spicehorse.eu | Kentucky Horsewear staj\u0148ov\u00e9 deky\" \/>\n<meta property=\"og:url\" content=\"https:\/\/arak.spicehorse.eu\/sk\/produkt\/kentucky-stajnove-deky-200g\/\" \/>\n<meta property=\"og:site_name\" content=\"Spicehorse\" \/>\n<meta property=\"article:publisher\" content=\"https:\/\/www.facebook.com\/SPICEHORSE-550385625402457\/\" \/>\n<meta property=\"article:modified_time\" content=\"2024-01-05T00:16:00+00:00\" \/>\n<meta property=\"og:image\" content=\"https:\/\/arak.spicehorse.eu\/wp-content\/uploads\/2021\/09\/485a3202-564c22e810080218547dfa1c1093aa08-article-photobook-l.webp\" \/>\n\t<meta property=\"og:image:width\" content=\"728\" \/>\n\t<meta property=\"og:image:height\" content=\"728\" \/>\n\t<meta property=\"og:image:type\" content=\"image\/webp\" \/>\n<meta name=\"twitter:card\" content=\"summary_large_image\" \/>\n<meta name=\"twitter:label1\" content=\"Predpokladan\u00fd \u010das \u010d\u00edtania\" \/>\n\t<meta name=\"twitter:data1\" content=\"1 min\u00fata\" \/>\n<script type=\"application\/ld+json\" class=\"yoast-schema-graph\">{\"@context\":\"https:\/\/schema.org\",\"@graph\":[{\"@type\":\"WebPage\",\"@id\":\"https:\/\/arak.spicehorse.eu\/sk\/produkt\/kentucky-stajnove-deky-200g\/\",\"url\":\"https:\/\/arak.spicehorse.eu\/sk\/produkt\/kentucky-stajnove-deky-200g\/\",\"name\":\"Kentucky staj\u0148ov\u00e9 deky 200g - Spicehorse\",\"isPartOf\":{\"@id\":\"https:\/\/arak.spicehorse.eu\/en\/#website\"},\"datePublished\":\"2021-09-21T16:30:42+00:00\",\"dateModified\":\"2024-01-05T00:16:00+00:00\",\"description\":\"spicehorse.eu | Kentucky Horsewear staj\u0148ov\u00e9 deky\",\"breadcrumb\":{\"@id\":\"https:\/\/arak.spicehorse.eu\/sk\/produkt\/kentucky-stajnove-deky-200g\/#breadcrumb\"},\"inLanguage\":\"sk-SK\",\"potentialAction\":[{\"@type\":\"ReadAction\",\"target\":[\"https:\/\/arak.spicehorse.eu\/sk\/produkt\/kentucky-stajnove-deky-200g\/\"]}]},{\"@type\":\"BreadcrumbList\",\"@id\":\"https:\/\/arak.spicehorse.eu\/sk\/produkt\/kentucky-stajnove-deky-200g\/#breadcrumb\",\"itemListElement\":[{\"@type\":\"ListItem\",\"position\":1,\"name\":\"Home\",\"item\":\"https:\/\/arak.spicehorse.eu\/sk\/\"},{\"@type\":\"ListItem\",\"position\":2,\"name\":\"Predaj\u0148a\",\"item\":\"https:\/\/arak.spicehorse.eu\/sk\/predajna\/\"},{\"@type\":\"ListItem\",\"position\":3,\"name\":\"Kentucky staj\u0148ov\u00e9 deky 200g\"}]},{\"@type\":\"WebSite\",\"@id\":\"https:\/\/arak.spicehorse.eu\/en\/#website\",\"url\":\"https:\/\/arak.spicehorse.eu\/en\/\",\"name\":\"Spicehorse\",\"description\":\"UNDER DEVELOPMENT -\",\"potentialAction\":[{\"@type\":\"SearchAction\",\"target\":{\"@type\":\"EntryPoint\",\"urlTemplate\":\"https:\/\/arak.spicehorse.eu\/en\/?s={search_term_string}\"},\"query-input\":\"required name=search_term_string\"}],\"inLanguage\":\"sk-SK\"}]}<\/script>\n<!-- \/ Yoast SEO plugin. -->","yoast_head_json":{"title":"Kentucky staj\u0148ov\u00e9 deky 200g - Spicehorse","description":"spicehorse.eu | Kentucky Horsewear staj\u0148ov\u00e9 deky","robots":{"index":"index","follow":"follow","max-snippet":"max-snippet:-1","max-image-preview":"max-image-preview:large","max-video-preview":"max-video-preview:-1"},"canonical":"https:\/\/arak.spicehorse.eu\/sk\/produkt\/kentucky-stajnove-deky-200g\/","og_locale":"sk_SK","og_type":"article","og_title":"Kentucky staj\u0148ov\u00e9 deky 200g - Spicehorse","og_description":"spicehorse.eu | Kentucky Horsewear staj\u0148ov\u00e9 deky","og_url":"https:\/\/arak.spicehorse.eu\/sk\/produkt\/kentucky-stajnove-deky-200g\/","og_site_name":"Spicehorse","article_publisher":"https:\/\/www.facebook.com\/SPICEHORSE-550385625402457\/","article_modified_time":"2024-01-05T00:16:00+00:00","og_image":[{"width":728,"height":728,"url":"https:\/\/arak.spicehorse.eu\/wp-content\/uploads\/2021\/09\/485a3202-564c22e810080218547dfa1c1093aa08-article-photobook-l.webp","type":"image\/webp"}],"twitter_card":"summary_large_image","twitter_misc":{"Predpokladan\u00fd \u010das \u010d\u00edtania":"1 min\u00fata"},"schema":{"@context":"https:\/\/schema.org","@graph":[{"@type":"WebPage","@id":"https:\/\/arak.spicehorse.eu\/sk\/produkt\/kentucky-stajnove-deky-200g\/","url":"https:\/\/arak.spicehorse.eu\/sk\/produkt\/kentucky-stajnove-deky-200g\/","name":"Kentucky staj\u0148ov\u00e9 deky 200g - Spicehorse","isPartOf":{"@id":"https:\/\/arak.spicehorse.eu\/en\/#website"},"datePublished":"2021-09-21T16:30:42+00:00","dateModified":"2024-01-05T00:16:00+00:00","description":"spicehorse.eu | Kentucky Horsewear staj\u0148ov\u00e9 deky","breadcrumb":{"@id":"https:\/\/arak.spicehorse.eu\/sk\/produkt\/kentucky-stajnove-deky-200g\/#breadcrumb"},"inLanguage":"sk-SK","potentialAction":[{"@type":"ReadAction","target":["https:\/\/arak.spicehorse.eu\/sk\/produkt\/kentucky-stajnove-deky-200g\/"]}]},{"@type":"BreadcrumbList","@id":"https:\/\/arak.spicehorse.eu\/sk\/produkt\/kentucky-stajnove-deky-200g\/#breadcrumb","itemListElement":[{"@type":"ListItem","position":1,"name":"Home","item":"https:\/\/arak.spicehorse.eu\/sk\/"},{"@type":"ListItem","position":2,"name":"Predaj\u0148a","item":"https:\/\/arak.spicehorse.eu\/sk\/predajna\/"},{"@type":"ListItem","position":3,"name":"Kentucky staj\u0148ov\u00e9 deky 200g"}]},{"@type":"WebSite","@id":"https:\/\/arak.spicehorse.eu\/en\/#website","url":"https:\/\/arak.spicehorse.eu\/en\/","name":"Spicehorse","description":"UNDER DEVELOPMENT -","potentialAction":[{"@type":"SearchAction","target":{"@type":"EntryPoint","urlTemplate":"https:\/\/arak.spicehorse.eu\/en\/?s={search_term_string}"},"query-input":"required name=search_term_string"}],"inLanguage":"sk-SK"}]}},"_links":{"self":[{"href":"https:\/\/arak.spicehorse.eu\/sk\/wp-json\/wp\/v2\/product\/36641"}],"collection":[{"href":"https:\/\/arak.spicehorse.eu\/sk\/wp-json\/wp\/v2\/product"}],"about":[{"href":"https:\/\/arak.spicehorse.eu\/sk\/wp-json\/wp\/v2\/types\/product"}],"wp:featuredmedia":[{"embeddable":true,"href":"https:\/\/arak.spicehorse.eu\/sk\/wp-json\/wp\/v2\/media\/68157"}],"wp:attachment":[{"href":"https:\/\/arak.spicehorse.eu\/sk\/wp-json\/wp\/v2\/media?parent=36641"}],"wp:term":[{"taxonomy":"product_cat","embeddable":true,"href":"https:\/\/arak.spicehorse.eu\/sk\/wp-json\/wp\/v2\/product_cat?post=36641"},{"taxonomy":"product_tag","embeddable":true,"href":"https:\/\/arak.spicehorse.eu\/sk\/wp-json\/wp\/v2\/product_tag?post=36641"}],"curies":[{"name":"wp","href":"https:\/\/api.w.org\/{rel}","templated":true}]}}