{"id":37214,"date":"2021-09-22T14:55:25","date_gmt":"2021-09-22T13:49:59","guid":{"rendered":"https:\/\/arak.spicehorse.eu\/?post_type=product&#038;p=37214"},"modified":"2023-01-03T12:49:02","modified_gmt":"2023-01-03T11:49:02","slug":"sweet-william-francuzsky-buldocek-klucenka","status":"publish","type":"product","link":"https:\/\/arak.spicehorse.eu\/sk\/produkt\/sweet-william-francuzsky-buldocek-klucenka\/","title":{"rendered":"Sweet William Franc\u00fazsky buldo\u010dek k\u013e\u00fa\u010denka"},"content":{"rendered":"<p>S obojstrannou plastovou k\u013e\u00fa\u010denkou si m\u00f4\u017ee\u0161 svojho \u0161tvornoh\u00e9ho priate\u013ea zobra\u0165 kamko\u013evek so sebou! Takto m\u00f4\u017eete by\u0165 st\u00e1le spolu:-)<\/p>\n<p>K\u013e\u00fa\u010denka a pr\u00edvesok, ktor\u00e9 m\u00f4\u017ee\u0161 nosi\u0165 aj na svojej ta\u0161ke!<\/p>\n<p>Obojstrann\u00e1, vyroben\u00e1 z plastu.<\/p>\n<p>7 cm<\/p>\n<p>MADE IN ENGLAND<\/p>\n","protected":false},"excerpt":{"rendered":"<p>S obojstrannou plastovou k\u013e\u00fa\u010denkou si m\u00f4\u017ee\u0161 svojho \u0161tvornoh\u00e9ho priate\u013ea zobra\u0165 kamko\u013evek so sebou! Takto m\u00f4\u017eete by\u0165 st\u00e1le spolu:-) K\u013e\u00fa\u010denka a pr\u00edvesok, ktor\u00e9 m\u00f4\u017ee\u0161 nosi\u0165 aj na svojej ta\u0161ke! Obojstrann\u00e1, vyroben\u00e1 z plastu. 7 cm MADE IN ENGLAND<\/p>\n","protected":false},"featured_media":82282,"template":"","meta":{"_acf_changed":false},"product_cat":[74,300],"product_tag":[2187,1608],"acf":[],"yoast_head":"<!-- This site is optimized with the Yoast SEO plugin v21.4 - https:\/\/yoast.com\/wordpress\/plugins\/seo\/ -->\n<title>Sweet William Franc\u00fazsky buldo\u010dek k\u013e\u00fa\u010denka - Spicehorse<\/title>\n<meta name=\"description\" content=\"spicehorse.eu | S obojstrannou plastovou k\u013e\u00fa\u010denkou si m\u00f4\u017ee\u0161 svojho \u0161tvornoh\u00e9ho priate\u013ea zobra\u0165 kamko\u013evek so sebou!\" \/>\n<meta name=\"robots\" content=\"index, follow, max-snippet:-1, max-image-preview:large, max-video-preview:-1\" \/>\n<link rel=\"canonical\" href=\"https:\/\/arak.spicehorse.eu\/termek\/sweet-william-francia-bulldog-kulcstarto\/\" \/>\n<meta property=\"og:locale\" content=\"sk_SK\" \/>\n<meta property=\"og:type\" content=\"article\" \/>\n<meta property=\"og:title\" content=\"Sweet William Franc\u00fazsky buldo\u010dek k\u013e\u00fa\u010denka - Spicehorse\" \/>\n<meta property=\"og:description\" content=\"spicehorse.eu | S obojstrannou plastovou k\u013e\u00fa\u010denkou si m\u00f4\u017ee\u0161 svojho \u0161tvornoh\u00e9ho priate\u013ea zobra\u0165 kamko\u013evek so sebou!\" \/>\n<meta property=\"og:url\" content=\"https:\/\/arak.spicehorse.eu\/termek\/sweet-william-francia-bulldog-kulcstarto\/\" \/>\n<meta property=\"og:site_name\" content=\"Spicehorse\" \/>\n<meta property=\"article:publisher\" content=\"https:\/\/www.facebook.com\/SPICEHORSE-550385625402457\/\" \/>\n<meta property=\"article:modified_time\" content=\"2023-01-03T11:49:02+00:00\" \/>\n<meta property=\"og:image\" content=\"https:\/\/arak.spicehorse.eu\/wp-content\/uploads\/2021\/09\/Keyring-French-Bulldog.jpg\" \/>\n\t<meta property=\"og:image:width\" content=\"1050\" \/>\n\t<meta property=\"og:image:height\" content=\"1050\" \/>\n\t<meta property=\"og:image:type\" content=\"image\/jpeg\" \/>\n<meta name=\"twitter:card\" content=\"summary_large_image\" \/>\n<script type=\"application\/ld+json\" class=\"yoast-schema-graph\">{\"@context\":\"https:\/\/schema.org\",\"@graph\":[{\"@type\":\"WebPage\",\"@id\":\"https:\/\/arak.spicehorse.eu\/termek\/sweet-william-francia-bulldog-kulcstarto\/\",\"url\":\"https:\/\/arak.spicehorse.eu\/termek\/sweet-william-francia-bulldog-kulcstarto\/\",\"name\":\"Sweet William Franc\u00fazsky buldo\u010dek k\u013e\u00fa\u010denka - Spicehorse\",\"isPartOf\":{\"@id\":\"https:\/\/arak.spicehorse.eu\/en\/#website\"},\"datePublished\":\"2021-09-22T13:49:59+00:00\",\"dateModified\":\"2023-01-03T11:49:02+00:00\",\"description\":\"spicehorse.eu | S obojstrannou plastovou k\u013e\u00fa\u010denkou si m\u00f4\u017ee\u0161 svojho \u0161tvornoh\u00e9ho priate\u013ea zobra\u0165 kamko\u013evek so sebou!\",\"breadcrumb\":{\"@id\":\"https:\/\/arak.spicehorse.eu\/termek\/sweet-william-francia-bulldog-kulcstarto\/#breadcrumb\"},\"inLanguage\":\"sk-SK\",\"potentialAction\":[{\"@type\":\"ReadAction\",\"target\":[\"https:\/\/arak.spicehorse.eu\/termek\/sweet-william-francia-bulldog-kulcstarto\/\"]}]},{\"@type\":\"BreadcrumbList\",\"@id\":\"https:\/\/arak.spicehorse.eu\/termek\/sweet-william-francia-bulldog-kulcstarto\/#breadcrumb\",\"itemListElement\":[{\"@type\":\"ListItem\",\"position\":1,\"name\":\"Home\",\"item\":\"https:\/\/arak.spicehorse.eu\/sk\/\"},{\"@type\":\"ListItem\",\"position\":2,\"name\":\"Predaj\u0148a\",\"item\":\"https:\/\/arak.spicehorse.eu\/sk\/predajna\/\"},{\"@type\":\"ListItem\",\"position\":3,\"name\":\"Sweet William Franc\u00fazsky buldo\u010dek k\u013e\u00fa\u010denka\"}]},{\"@type\":\"WebSite\",\"@id\":\"https:\/\/arak.spicehorse.eu\/en\/#website\",\"url\":\"https:\/\/arak.spicehorse.eu\/en\/\",\"name\":\"Spicehorse\",\"description\":\"UNDER DEVELOPMENT -\",\"potentialAction\":[{\"@type\":\"SearchAction\",\"target\":{\"@type\":\"EntryPoint\",\"urlTemplate\":\"https:\/\/arak.spicehorse.eu\/en\/?s={search_term_string}\"},\"query-input\":\"required name=search_term_string\"}],\"inLanguage\":\"sk-SK\"}]}<\/script>\n<!-- \/ Yoast SEO plugin. -->","yoast_head_json":{"title":"Sweet William Franc\u00fazsky buldo\u010dek k\u013e\u00fa\u010denka - Spicehorse","description":"spicehorse.eu | S obojstrannou plastovou k\u013e\u00fa\u010denkou si m\u00f4\u017ee\u0161 svojho \u0161tvornoh\u00e9ho priate\u013ea zobra\u0165 kamko\u013evek so sebou!","robots":{"index":"index","follow":"follow","max-snippet":"max-snippet:-1","max-image-preview":"max-image-preview:large","max-video-preview":"max-video-preview:-1"},"canonical":"https:\/\/arak.spicehorse.eu\/termek\/sweet-william-francia-bulldog-kulcstarto\/","og_locale":"sk_SK","og_type":"article","og_title":"Sweet William Franc\u00fazsky buldo\u010dek k\u013e\u00fa\u010denka - Spicehorse","og_description":"spicehorse.eu | S obojstrannou plastovou k\u013e\u00fa\u010denkou si m\u00f4\u017ee\u0161 svojho \u0161tvornoh\u00e9ho priate\u013ea zobra\u0165 kamko\u013evek so sebou!","og_url":"https:\/\/arak.spicehorse.eu\/termek\/sweet-william-francia-bulldog-kulcstarto\/","og_site_name":"Spicehorse","article_publisher":"https:\/\/www.facebook.com\/SPICEHORSE-550385625402457\/","article_modified_time":"2023-01-03T11:49:02+00:00","og_image":[{"width":1050,"height":1050,"url":"https:\/\/arak.spicehorse.eu\/wp-content\/uploads\/2021\/09\/Keyring-French-Bulldog.jpg","type":"image\/jpeg"}],"twitter_card":"summary_large_image","schema":{"@context":"https:\/\/schema.org","@graph":[{"@type":"WebPage","@id":"https:\/\/arak.spicehorse.eu\/termek\/sweet-william-francia-bulldog-kulcstarto\/","url":"https:\/\/arak.spicehorse.eu\/termek\/sweet-william-francia-bulldog-kulcstarto\/","name":"Sweet William Franc\u00fazsky buldo\u010dek k\u013e\u00fa\u010denka - Spicehorse","isPartOf":{"@id":"https:\/\/arak.spicehorse.eu\/en\/#website"},"datePublished":"2021-09-22T13:49:59+00:00","dateModified":"2023-01-03T11:49:02+00:00","description":"spicehorse.eu | S obojstrannou plastovou k\u013e\u00fa\u010denkou si m\u00f4\u017ee\u0161 svojho \u0161tvornoh\u00e9ho priate\u013ea zobra\u0165 kamko\u013evek so sebou!","breadcrumb":{"@id":"https:\/\/arak.spicehorse.eu\/termek\/sweet-william-francia-bulldog-kulcstarto\/#breadcrumb"},"inLanguage":"sk-SK","potentialAction":[{"@type":"ReadAction","target":["https:\/\/arak.spicehorse.eu\/termek\/sweet-william-francia-bulldog-kulcstarto\/"]}]},{"@type":"BreadcrumbList","@id":"https:\/\/arak.spicehorse.eu\/termek\/sweet-william-francia-bulldog-kulcstarto\/#breadcrumb","itemListElement":[{"@type":"ListItem","position":1,"name":"Home","item":"https:\/\/arak.spicehorse.eu\/sk\/"},{"@type":"ListItem","position":2,"name":"Predaj\u0148a","item":"https:\/\/arak.spicehorse.eu\/sk\/predajna\/"},{"@type":"ListItem","position":3,"name":"Sweet William Franc\u00fazsky buldo\u010dek k\u013e\u00fa\u010denka"}]},{"@type":"WebSite","@id":"https:\/\/arak.spicehorse.eu\/en\/#website","url":"https:\/\/arak.spicehorse.eu\/en\/","name":"Spicehorse","description":"UNDER DEVELOPMENT -","potentialAction":[{"@type":"SearchAction","target":{"@type":"EntryPoint","urlTemplate":"https:\/\/arak.spicehorse.eu\/en\/?s={search_term_string}"},"query-input":"required name=search_term_string"}],"inLanguage":"sk-SK"}]}},"_links":{"self":[{"href":"https:\/\/arak.spicehorse.eu\/sk\/wp-json\/wp\/v2\/product\/37214"}],"collection":[{"href":"https:\/\/arak.spicehorse.eu\/sk\/wp-json\/wp\/v2\/product"}],"about":[{"href":"https:\/\/arak.spicehorse.eu\/sk\/wp-json\/wp\/v2\/types\/product"}],"wp:featuredmedia":[{"embeddable":true,"href":"https:\/\/arak.spicehorse.eu\/sk\/wp-json\/wp\/v2\/media\/82282"}],"wp:attachment":[{"href":"https:\/\/arak.spicehorse.eu\/sk\/wp-json\/wp\/v2\/media?parent=37214"}],"wp:term":[{"taxonomy":"product_cat","embeddable":true,"href":"https:\/\/arak.spicehorse.eu\/sk\/wp-json\/wp\/v2\/product_cat?post=37214"},{"taxonomy":"product_tag","embeddable":true,"href":"https:\/\/arak.spicehorse.eu\/sk\/wp-json\/wp\/v2\/product_tag?post=37214"}],"curies":[{"name":"wp","href":"https:\/\/api.w.org\/{rel}","templated":true}]}}