{"id":37258,"date":"2021-09-22T15:13:12","date_gmt":"2021-09-22T13:50:40","guid":{"rendered":"https:\/\/arak.spicehorse.eu\/?post_type=product&#038;p=37258"},"modified":"2022-11-30T19:29:26","modified_gmt":"2022-11-30T18:29:26","slug":"p-l-a-y-peace-joy-plysova-hracka","status":"publish","type":"product","link":"https:\/\/arak.spicehorse.eu\/sk\/produkt\/p-l-a-y-peace-joy-plysova-hracka\/","title":{"rendered":"P.L.A.Y. PEACE &#038; JOY Ply\u0161ov\u00e1 hra\u010dka"},"content":{"rendered":"<p style=\"text-align: justify;\">P\u00edskaj\u00face ply\u0161\u00e1ky Deda Mr\u00e1za \/ PEACE &amp; JOY<\/p>\n<p style=\"text-align: justify;\">Roztomil\u00e1 p\u00edskaj\u00faca viano\u010dn\u00e1 ply\u0161ov\u00e1 hra\u010dka, ktor\u00e1 bude po\u010das Vianoc zaru\u010dene ob\u013e\u00fabenou hra\u010dkou tvojho psieho mil\u00e1\u010dika&#8230; a aj dlho potom! Je m\u00e4kk\u00fa\u010dka, ale odoln\u00e1, pevn\u00e1, vyroben\u00e1 z materi\u00e1lov priate\u013esk\u00fdch ku zvierat\u00e1m aj prostrediu. M\u00f4\u017ee sa zavesi\u0165 aj na viano\u010dn\u00fd strom\u010dek.<\/p>\n<p style=\"text-align: justify;\">7 cm<\/p>\n<p style=\"text-align: justify;\">mo\u017eno pra\u0165 v pr\u00e1\u010dke\/ odoln\u00fd dvojvrstvov\u00fd materi\u00e1l\/ p\u00edskaj\u00faca hra\u010dka<\/p>\n<p style=\"text-align: justify;\">MADE IN USA<\/p>\n<p style=\"text-align: justify;\"><span style=\"color: #008000;\"><span style=\"font-family: comic sans ms,cursive;\">Better toys for pups, people and planet!<\/span><\/span><\/p>\n","protected":false},"excerpt":{"rendered":"<p>P\u00edskaj\u00face ply\u0161\u00e1ky Deda Mr\u00e1za \/ PEACE &amp; JOY Roztomil\u00e1 p\u00edskaj\u00faca viano\u010dn\u00e1 ply\u0161ov\u00e1 hra\u010dka, ktor\u00e1 bude po\u010das Vianoc zaru\u010dene ob\u013e\u00fabenou hra\u010dkou tvojho psieho mil\u00e1\u010dika&#8230; a aj dlho potom! Je m\u00e4kk\u00fa\u010dka, ale odoln\u00e1, pevn\u00e1, vyroben\u00e1 z materi\u00e1lov priate\u013esk\u00fdch ku zvierat\u00e1m aj prostrediu. M\u00f4\u017ee sa zavesi\u0165 aj na viano\u010dn\u00fd strom\u010dek. 7 cm mo\u017eno pra\u0165 v pr\u00e1\u010dke\/ odoln\u00fd dvojvrstvov\u00fd [&hellip;]<\/p>\n","protected":false},"featured_media":36954,"template":"","meta":{"_acf_changed":false},"product_cat":[74,302],"product_tag":[227,1438,1441],"acf":[],"yoast_head":"<!-- This site is optimized with the Yoast SEO plugin v21.4 - https:\/\/yoast.com\/wordpress\/plugins\/seo\/ -->\n<title>P.L.A.Y. PEACE &amp; JOY Ply\u0161ov\u00e1 hra\u010dka - Spicehorse<\/title>\n<meta name=\"description\" content=\"spicehorse.eu | Roztomil\u00e1 p\u00edskaj\u00faca viano\u010dn\u00e1 ply\u0161ov\u00e1 hra\u010dka, ktor\u00e1 bude po\u010das Vianoc zaru\u010dene ob\u013e\u00fabenou hra\u010dkou tvojho psieho mil\u00e1\u010dika...\" \/>\n<meta name=\"robots\" content=\"index, follow, max-snippet:-1, max-image-preview:large, max-video-preview:-1\" \/>\n<link rel=\"canonical\" href=\"https:\/\/arak.spicehorse.eu\/termek\/p-l-a-y-peace-joy-pluss-jatek\/\" \/>\n<meta property=\"og:locale\" content=\"sk_SK\" \/>\n<meta property=\"og:type\" content=\"article\" \/>\n<meta property=\"og:title\" content=\"P.L.A.Y. PEACE &amp; JOY Ply\u0161ov\u00e1 hra\u010dka - Spicehorse\" \/>\n<meta property=\"og:description\" content=\"spicehorse.eu | Roztomil\u00e1 p\u00edskaj\u00faca viano\u010dn\u00e1 ply\u0161ov\u00e1 hra\u010dka, ktor\u00e1 bude po\u010das Vianoc zaru\u010dene ob\u013e\u00fabenou hra\u010dkou tvojho psieho mil\u00e1\u010dika...\" \/>\n<meta property=\"og:url\" content=\"https:\/\/arak.spicehorse.eu\/termek\/p-l-a-y-peace-joy-pluss-jatek\/\" \/>\n<meta property=\"og:site_name\" content=\"Spicehorse\" \/>\n<meta property=\"article:publisher\" content=\"https:\/\/www.facebook.com\/SPICEHORSE-550385625402457\/\" \/>\n<meta property=\"article:modified_time\" content=\"2022-11-30T18:29:26+00:00\" \/>\n<meta property=\"og:image\" content=\"https:\/\/arak.spicehorse.eu\/wp-content\/uploads\/2021\/09\/d2644704893cf558014d58cf229a6960b0499b39.jpg\" \/>\n\t<meta property=\"og:image:width\" content=\"560\" \/>\n\t<meta property=\"og:image:height\" content=\"386\" \/>\n\t<meta property=\"og:image:type\" content=\"image\/jpeg\" \/>\n<meta name=\"twitter:card\" content=\"summary_large_image\" \/>\n<script type=\"application\/ld+json\" class=\"yoast-schema-graph\">{\"@context\":\"https:\/\/schema.org\",\"@graph\":[{\"@type\":\"WebPage\",\"@id\":\"https:\/\/arak.spicehorse.eu\/termek\/p-l-a-y-peace-joy-pluss-jatek\/\",\"url\":\"https:\/\/arak.spicehorse.eu\/termek\/p-l-a-y-peace-joy-pluss-jatek\/\",\"name\":\"P.L.A.Y. PEACE & JOY Ply\u0161ov\u00e1 hra\u010dka - Spicehorse\",\"isPartOf\":{\"@id\":\"https:\/\/arak.spicehorse.eu\/en\/#website\"},\"datePublished\":\"2021-09-22T13:50:40+00:00\",\"dateModified\":\"2022-11-30T18:29:26+00:00\",\"description\":\"spicehorse.eu | Roztomil\u00e1 p\u00edskaj\u00faca viano\u010dn\u00e1 ply\u0161ov\u00e1 hra\u010dka, ktor\u00e1 bude po\u010das Vianoc zaru\u010dene ob\u013e\u00fabenou hra\u010dkou tvojho psieho mil\u00e1\u010dika...\",\"breadcrumb\":{\"@id\":\"https:\/\/arak.spicehorse.eu\/termek\/p-l-a-y-peace-joy-pluss-jatek\/#breadcrumb\"},\"inLanguage\":\"sk-SK\",\"potentialAction\":[{\"@type\":\"ReadAction\",\"target\":[\"https:\/\/arak.spicehorse.eu\/termek\/p-l-a-y-peace-joy-pluss-jatek\/\"]}]},{\"@type\":\"BreadcrumbList\",\"@id\":\"https:\/\/arak.spicehorse.eu\/termek\/p-l-a-y-peace-joy-pluss-jatek\/#breadcrumb\",\"itemListElement\":[{\"@type\":\"ListItem\",\"position\":1,\"name\":\"Home\",\"item\":\"https:\/\/arak.spicehorse.eu\/sk\/\"},{\"@type\":\"ListItem\",\"position\":2,\"name\":\"Predaj\u0148a\",\"item\":\"https:\/\/arak.spicehorse.eu\/sk\/predajna\/\"},{\"@type\":\"ListItem\",\"position\":3,\"name\":\"P.L.A.Y. PEACE &#038; JOY Ply\u0161ov\u00e1 hra\u010dka\"}]},{\"@type\":\"WebSite\",\"@id\":\"https:\/\/arak.spicehorse.eu\/en\/#website\",\"url\":\"https:\/\/arak.spicehorse.eu\/en\/\",\"name\":\"Spicehorse\",\"description\":\"UNDER DEVELOPMENT -\",\"potentialAction\":[{\"@type\":\"SearchAction\",\"target\":{\"@type\":\"EntryPoint\",\"urlTemplate\":\"https:\/\/arak.spicehorse.eu\/en\/?s={search_term_string}\"},\"query-input\":\"required name=search_term_string\"}],\"inLanguage\":\"sk-SK\"}]}<\/script>\n<!-- \/ Yoast SEO plugin. -->","yoast_head_json":{"title":"P.L.A.Y. PEACE & JOY Ply\u0161ov\u00e1 hra\u010dka - Spicehorse","description":"spicehorse.eu | Roztomil\u00e1 p\u00edskaj\u00faca viano\u010dn\u00e1 ply\u0161ov\u00e1 hra\u010dka, ktor\u00e1 bude po\u010das Vianoc zaru\u010dene ob\u013e\u00fabenou hra\u010dkou tvojho psieho mil\u00e1\u010dika...","robots":{"index":"index","follow":"follow","max-snippet":"max-snippet:-1","max-image-preview":"max-image-preview:large","max-video-preview":"max-video-preview:-1"},"canonical":"https:\/\/arak.spicehorse.eu\/termek\/p-l-a-y-peace-joy-pluss-jatek\/","og_locale":"sk_SK","og_type":"article","og_title":"P.L.A.Y. PEACE & JOY Ply\u0161ov\u00e1 hra\u010dka - Spicehorse","og_description":"spicehorse.eu | Roztomil\u00e1 p\u00edskaj\u00faca viano\u010dn\u00e1 ply\u0161ov\u00e1 hra\u010dka, ktor\u00e1 bude po\u010das Vianoc zaru\u010dene ob\u013e\u00fabenou hra\u010dkou tvojho psieho mil\u00e1\u010dika...","og_url":"https:\/\/arak.spicehorse.eu\/termek\/p-l-a-y-peace-joy-pluss-jatek\/","og_site_name":"Spicehorse","article_publisher":"https:\/\/www.facebook.com\/SPICEHORSE-550385625402457\/","article_modified_time":"2022-11-30T18:29:26+00:00","og_image":[{"width":560,"height":386,"url":"https:\/\/arak.spicehorse.eu\/wp-content\/uploads\/2021\/09\/d2644704893cf558014d58cf229a6960b0499b39.jpg","type":"image\/jpeg"}],"twitter_card":"summary_large_image","schema":{"@context":"https:\/\/schema.org","@graph":[{"@type":"WebPage","@id":"https:\/\/arak.spicehorse.eu\/termek\/p-l-a-y-peace-joy-pluss-jatek\/","url":"https:\/\/arak.spicehorse.eu\/termek\/p-l-a-y-peace-joy-pluss-jatek\/","name":"P.L.A.Y. PEACE & JOY Ply\u0161ov\u00e1 hra\u010dka - Spicehorse","isPartOf":{"@id":"https:\/\/arak.spicehorse.eu\/en\/#website"},"datePublished":"2021-09-22T13:50:40+00:00","dateModified":"2022-11-30T18:29:26+00:00","description":"spicehorse.eu | Roztomil\u00e1 p\u00edskaj\u00faca viano\u010dn\u00e1 ply\u0161ov\u00e1 hra\u010dka, ktor\u00e1 bude po\u010das Vianoc zaru\u010dene ob\u013e\u00fabenou hra\u010dkou tvojho psieho mil\u00e1\u010dika...","breadcrumb":{"@id":"https:\/\/arak.spicehorse.eu\/termek\/p-l-a-y-peace-joy-pluss-jatek\/#breadcrumb"},"inLanguage":"sk-SK","potentialAction":[{"@type":"ReadAction","target":["https:\/\/arak.spicehorse.eu\/termek\/p-l-a-y-peace-joy-pluss-jatek\/"]}]},{"@type":"BreadcrumbList","@id":"https:\/\/arak.spicehorse.eu\/termek\/p-l-a-y-peace-joy-pluss-jatek\/#breadcrumb","itemListElement":[{"@type":"ListItem","position":1,"name":"Home","item":"https:\/\/arak.spicehorse.eu\/sk\/"},{"@type":"ListItem","position":2,"name":"Predaj\u0148a","item":"https:\/\/arak.spicehorse.eu\/sk\/predajna\/"},{"@type":"ListItem","position":3,"name":"P.L.A.Y. PEACE &#038; JOY Ply\u0161ov\u00e1 hra\u010dka"}]},{"@type":"WebSite","@id":"https:\/\/arak.spicehorse.eu\/en\/#website","url":"https:\/\/arak.spicehorse.eu\/en\/","name":"Spicehorse","description":"UNDER DEVELOPMENT -","potentialAction":[{"@type":"SearchAction","target":{"@type":"EntryPoint","urlTemplate":"https:\/\/arak.spicehorse.eu\/en\/?s={search_term_string}"},"query-input":"required name=search_term_string"}],"inLanguage":"sk-SK"}]}},"_links":{"self":[{"href":"https:\/\/arak.spicehorse.eu\/sk\/wp-json\/wp\/v2\/product\/37258"}],"collection":[{"href":"https:\/\/arak.spicehorse.eu\/sk\/wp-json\/wp\/v2\/product"}],"about":[{"href":"https:\/\/arak.spicehorse.eu\/sk\/wp-json\/wp\/v2\/types\/product"}],"wp:featuredmedia":[{"embeddable":true,"href":"https:\/\/arak.spicehorse.eu\/sk\/wp-json\/wp\/v2\/media\/36954"}],"wp:attachment":[{"href":"https:\/\/arak.spicehorse.eu\/sk\/wp-json\/wp\/v2\/media?parent=37258"}],"wp:term":[{"taxonomy":"product_cat","embeddable":true,"href":"https:\/\/arak.spicehorse.eu\/sk\/wp-json\/wp\/v2\/product_cat?post=37258"},{"taxonomy":"product_tag","embeddable":true,"href":"https:\/\/arak.spicehorse.eu\/sk\/wp-json\/wp\/v2\/product_tag?post=37258"}],"curies":[{"name":"wp","href":"https:\/\/api.w.org\/{rel}","templated":true}]}}