{"id":37263,"date":"2021-09-22T15:18:20","date_gmt":"2021-09-22T13:50:59","guid":{"rendered":"https:\/\/arak.spicehorse.eu\/?post_type=product&#038;p=37263"},"modified":"2024-10-12T11:25:26","modified_gmt":"2024-10-12T09:25:26","slug":"p-l-a-y-chomper-monsters-plysova-hracka","status":"publish","type":"product","link":"https:\/\/arak.spicehorse.eu\/sk\/produkt\/p-l-a-y-chomper-monsters-plysova-hracka\/","title":{"rendered":"P.L.A.Y. CHOMPER Monsters Ply\u0161ov\u00e1 hra\u010dka"},"content":{"rendered":"<p style=\"text-align: justify;\">Momo&#8217;s Monsters Ply\u0161ov\u00e1 hra\u010dka \/\u00a0CHOMPER<\/p>\n<p>Mil\u00e9, rozko\u0161n\u00e9, p\u00edskaj\u00face, zvoniace, hrkaj\u00face ply\u0161ov\u00e9 fig\u00farky, ktor\u00e9 bud\u00fa dlh\u00fd \u010das garantovane ob\u013e\u00fabenou hra\u010dkou v\u00e1\u0161ho mil\u00e1\u010dika! S\u00fa m\u00e4kk\u00fa\u010dke ale pevn\u00e9, odoln\u00e9, vyroben\u00e9 s\u00fa z materi\u00e1lov \u0161etrn\u00fdch k \u017eivotn\u00e9mu prostrediu.<\/p>\n<p style=\"text-align: justify;\">Pozor, ak je v dome aj die\u0165a, \u013eahko m\u00f4\u017ee d\u00f4js\u0165 k h\u00e1dke nad vlastn\u00edckym pr\u00e1vom hra\u010dky&#8230;.<\/p>\n<p style=\"text-align: justify;\">15 cm<\/p>\n<p style=\"text-align: justify;\">mo\u017eno pra\u0165 v pr\u00e1\u010dke\/ odoln\u00fd dvojvrstvov\u00fd materi\u00e1l\/ p\u00edskaj\u00faca hra\u010dka<\/p>\n<p style=\"text-align: justify;\">MADE IN USA<\/p>\n<p style=\"text-align: justify;\"><span style=\"color: #008000;\"><span style=\"font-family: comic sans ms,cursive;\">Better toys for pups, people and planet!<\/span><\/span><\/p>\n","protected":false},"excerpt":{"rendered":"<p>Momo&#8217;s Monsters Ply\u0161ov\u00e1 hra\u010dka \/\u00a0CHOMPER Mil\u00e9, rozko\u0161n\u00e9, p\u00edskaj\u00face, zvoniace, hrkaj\u00face ply\u0161ov\u00e9 fig\u00farky, ktor\u00e9 bud\u00fa dlh\u00fd \u010das garantovane ob\u013e\u00fabenou hra\u010dkou v\u00e1\u0161ho mil\u00e1\u010dika! S\u00fa m\u00e4kk\u00fa\u010dke ale pevn\u00e9, odoln\u00e9, vyroben\u00e9 s\u00fa z materi\u00e1lov \u0161etrn\u00fdch k \u017eivotn\u00e9mu prostrediu. Pozor, ak je v dome aj die\u0165a, \u013eahko m\u00f4\u017ee d\u00f4js\u0165 k h\u00e1dke nad vlastn\u00edckym pr\u00e1vom hra\u010dky&#8230;. 15 cm mo\u017eno pra\u0165 v [&hellip;]<\/p>\n","protected":false},"featured_media":36974,"template":"","meta":{"_acf_changed":false},"product_cat":[74,302],"product_tag":[2098,227,1438],"acf":[],"yoast_head":"<!-- This site is optimized with the Yoast SEO plugin v21.4 - https:\/\/yoast.com\/wordpress\/plugins\/seo\/ -->\n<title>P.L.A.Y. CHOMPER Monsters Ply\u0161ov\u00e1 hra\u010dka - Spicehorse<\/title>\n<meta name=\"description\" content=\"spicehorse.eu | Mil\u00e9, rozko\u0161n\u00e9, p\u00edskaj\u00face, zvoniace, hrkaj\u00face ply\u0161ov\u00e9 fig\u00farky, ktor\u00e9 bud\u00fa dlh\u00fd \u010das garantovane ob\u013e\u00fabenou hra\u010dkou v\u00e1\u0161ho mil\u00e1\u010dika!\" \/>\n<meta name=\"robots\" content=\"index, follow, max-snippet:-1, max-image-preview:large, max-video-preview:-1\" \/>\n<link rel=\"canonical\" href=\"https:\/\/arak.spicehorse.eu\/sk\/produkt\/p-l-a-y-chomper-monsters-plysova-hracka\/\" \/>\n<meta property=\"og:locale\" content=\"sk_SK\" \/>\n<meta property=\"og:type\" content=\"article\" \/>\n<meta property=\"og:title\" content=\"P.L.A.Y. CHOMPER Monsters Ply\u0161ov\u00e1 hra\u010dka - Spicehorse\" \/>\n<meta property=\"og:description\" content=\"spicehorse.eu | Mil\u00e9, rozko\u0161n\u00e9, p\u00edskaj\u00face, zvoniace, hrkaj\u00face ply\u0161ov\u00e9 fig\u00farky, ktor\u00e9 bud\u00fa dlh\u00fd \u010das garantovane ob\u013e\u00fabenou hra\u010dkou v\u00e1\u0161ho mil\u00e1\u010dika!\" \/>\n<meta property=\"og:url\" content=\"https:\/\/arak.spicehorse.eu\/sk\/produkt\/p-l-a-y-chomper-monsters-plysova-hracka\/\" \/>\n<meta property=\"og:site_name\" content=\"Spicehorse\" \/>\n<meta property=\"article:publisher\" content=\"https:\/\/www.facebook.com\/SPICEHORSE-550385625402457\/\" \/>\n<meta property=\"article:modified_time\" content=\"2024-10-12T09:25:26+00:00\" \/>\n<meta property=\"og:image\" content=\"https:\/\/arak.spicehorse.eu\/wp-content\/uploads\/2021\/09\/957605e15bf2cff833ed5aee70924151f46f31a9.jpg\" \/>\n\t<meta property=\"og:image:width\" content=\"560\" \/>\n\t<meta property=\"og:image:height\" content=\"386\" \/>\n\t<meta property=\"og:image:type\" content=\"image\/jpeg\" \/>\n<meta name=\"twitter:card\" content=\"summary_large_image\" \/>\n<meta name=\"twitter:label1\" content=\"Predpokladan\u00fd \u010das \u010d\u00edtania\" \/>\n\t<meta name=\"twitter:data1\" content=\"1 min\u00fata\" \/>\n<script type=\"application\/ld+json\" class=\"yoast-schema-graph\">{\"@context\":\"https:\/\/schema.org\",\"@graph\":[{\"@type\":\"WebPage\",\"@id\":\"https:\/\/arak.spicehorse.eu\/sk\/produkt\/p-l-a-y-chomper-monsters-plysova-hracka\/\",\"url\":\"https:\/\/arak.spicehorse.eu\/sk\/produkt\/p-l-a-y-chomper-monsters-plysova-hracka\/\",\"name\":\"P.L.A.Y. CHOMPER Monsters Ply\u0161ov\u00e1 hra\u010dka - Spicehorse\",\"isPartOf\":{\"@id\":\"https:\/\/arak.spicehorse.eu\/en\/#website\"},\"datePublished\":\"2021-09-22T13:50:59+00:00\",\"dateModified\":\"2024-10-12T09:25:26+00:00\",\"description\":\"spicehorse.eu | Mil\u00e9, rozko\u0161n\u00e9, p\u00edskaj\u00face, zvoniace, hrkaj\u00face ply\u0161ov\u00e9 fig\u00farky, ktor\u00e9 bud\u00fa dlh\u00fd \u010das garantovane ob\u013e\u00fabenou hra\u010dkou v\u00e1\u0161ho mil\u00e1\u010dika!\",\"breadcrumb\":{\"@id\":\"https:\/\/arak.spicehorse.eu\/sk\/produkt\/p-l-a-y-chomper-monsters-plysova-hracka\/#breadcrumb\"},\"inLanguage\":\"sk-SK\",\"potentialAction\":[{\"@type\":\"ReadAction\",\"target\":[\"https:\/\/arak.spicehorse.eu\/sk\/produkt\/p-l-a-y-chomper-monsters-plysova-hracka\/\"]}]},{\"@type\":\"BreadcrumbList\",\"@id\":\"https:\/\/arak.spicehorse.eu\/sk\/produkt\/p-l-a-y-chomper-monsters-plysova-hracka\/#breadcrumb\",\"itemListElement\":[{\"@type\":\"ListItem\",\"position\":1,\"name\":\"Home\",\"item\":\"https:\/\/arak.spicehorse.eu\/sk\/\"},{\"@type\":\"ListItem\",\"position\":2,\"name\":\"Predaj\u0148a\",\"item\":\"https:\/\/arak.spicehorse.eu\/sk\/predajna\/\"},{\"@type\":\"ListItem\",\"position\":3,\"name\":\"P.L.A.Y. CHOMPER Monsters Ply\u0161ov\u00e1 hra\u010dka\"}]},{\"@type\":\"WebSite\",\"@id\":\"https:\/\/arak.spicehorse.eu\/en\/#website\",\"url\":\"https:\/\/arak.spicehorse.eu\/en\/\",\"name\":\"Spicehorse\",\"description\":\"UNDER DEVELOPMENT -\",\"potentialAction\":[{\"@type\":\"SearchAction\",\"target\":{\"@type\":\"EntryPoint\",\"urlTemplate\":\"https:\/\/arak.spicehorse.eu\/en\/?s={search_term_string}\"},\"query-input\":\"required name=search_term_string\"}],\"inLanguage\":\"sk-SK\"}]}<\/script>\n<!-- \/ Yoast SEO plugin. -->","yoast_head_json":{"title":"P.L.A.Y. CHOMPER Monsters Ply\u0161ov\u00e1 hra\u010dka - Spicehorse","description":"spicehorse.eu | Mil\u00e9, rozko\u0161n\u00e9, p\u00edskaj\u00face, zvoniace, hrkaj\u00face ply\u0161ov\u00e9 fig\u00farky, ktor\u00e9 bud\u00fa dlh\u00fd \u010das garantovane ob\u013e\u00fabenou hra\u010dkou v\u00e1\u0161ho mil\u00e1\u010dika!","robots":{"index":"index","follow":"follow","max-snippet":"max-snippet:-1","max-image-preview":"max-image-preview:large","max-video-preview":"max-video-preview:-1"},"canonical":"https:\/\/arak.spicehorse.eu\/sk\/produkt\/p-l-a-y-chomper-monsters-plysova-hracka\/","og_locale":"sk_SK","og_type":"article","og_title":"P.L.A.Y. CHOMPER Monsters Ply\u0161ov\u00e1 hra\u010dka - Spicehorse","og_description":"spicehorse.eu | Mil\u00e9, rozko\u0161n\u00e9, p\u00edskaj\u00face, zvoniace, hrkaj\u00face ply\u0161ov\u00e9 fig\u00farky, ktor\u00e9 bud\u00fa dlh\u00fd \u010das garantovane ob\u013e\u00fabenou hra\u010dkou v\u00e1\u0161ho mil\u00e1\u010dika!","og_url":"https:\/\/arak.spicehorse.eu\/sk\/produkt\/p-l-a-y-chomper-monsters-plysova-hracka\/","og_site_name":"Spicehorse","article_publisher":"https:\/\/www.facebook.com\/SPICEHORSE-550385625402457\/","article_modified_time":"2024-10-12T09:25:26+00:00","og_image":[{"width":560,"height":386,"url":"https:\/\/arak.spicehorse.eu\/wp-content\/uploads\/2021\/09\/957605e15bf2cff833ed5aee70924151f46f31a9.jpg","type":"image\/jpeg"}],"twitter_card":"summary_large_image","twitter_misc":{"Predpokladan\u00fd \u010das \u010d\u00edtania":"1 min\u00fata"},"schema":{"@context":"https:\/\/schema.org","@graph":[{"@type":"WebPage","@id":"https:\/\/arak.spicehorse.eu\/sk\/produkt\/p-l-a-y-chomper-monsters-plysova-hracka\/","url":"https:\/\/arak.spicehorse.eu\/sk\/produkt\/p-l-a-y-chomper-monsters-plysova-hracka\/","name":"P.L.A.Y. CHOMPER Monsters Ply\u0161ov\u00e1 hra\u010dka - Spicehorse","isPartOf":{"@id":"https:\/\/arak.spicehorse.eu\/en\/#website"},"datePublished":"2021-09-22T13:50:59+00:00","dateModified":"2024-10-12T09:25:26+00:00","description":"spicehorse.eu | Mil\u00e9, rozko\u0161n\u00e9, p\u00edskaj\u00face, zvoniace, hrkaj\u00face ply\u0161ov\u00e9 fig\u00farky, ktor\u00e9 bud\u00fa dlh\u00fd \u010das garantovane ob\u013e\u00fabenou hra\u010dkou v\u00e1\u0161ho mil\u00e1\u010dika!","breadcrumb":{"@id":"https:\/\/arak.spicehorse.eu\/sk\/produkt\/p-l-a-y-chomper-monsters-plysova-hracka\/#breadcrumb"},"inLanguage":"sk-SK","potentialAction":[{"@type":"ReadAction","target":["https:\/\/arak.spicehorse.eu\/sk\/produkt\/p-l-a-y-chomper-monsters-plysova-hracka\/"]}]},{"@type":"BreadcrumbList","@id":"https:\/\/arak.spicehorse.eu\/sk\/produkt\/p-l-a-y-chomper-monsters-plysova-hracka\/#breadcrumb","itemListElement":[{"@type":"ListItem","position":1,"name":"Home","item":"https:\/\/arak.spicehorse.eu\/sk\/"},{"@type":"ListItem","position":2,"name":"Predaj\u0148a","item":"https:\/\/arak.spicehorse.eu\/sk\/predajna\/"},{"@type":"ListItem","position":3,"name":"P.L.A.Y. CHOMPER Monsters Ply\u0161ov\u00e1 hra\u010dka"}]},{"@type":"WebSite","@id":"https:\/\/arak.spicehorse.eu\/en\/#website","url":"https:\/\/arak.spicehorse.eu\/en\/","name":"Spicehorse","description":"UNDER DEVELOPMENT -","potentialAction":[{"@type":"SearchAction","target":{"@type":"EntryPoint","urlTemplate":"https:\/\/arak.spicehorse.eu\/en\/?s={search_term_string}"},"query-input":"required name=search_term_string"}],"inLanguage":"sk-SK"}]}},"_links":{"self":[{"href":"https:\/\/arak.spicehorse.eu\/sk\/wp-json\/wp\/v2\/product\/37263"}],"collection":[{"href":"https:\/\/arak.spicehorse.eu\/sk\/wp-json\/wp\/v2\/product"}],"about":[{"href":"https:\/\/arak.spicehorse.eu\/sk\/wp-json\/wp\/v2\/types\/product"}],"wp:featuredmedia":[{"embeddable":true,"href":"https:\/\/arak.spicehorse.eu\/sk\/wp-json\/wp\/v2\/media\/36974"}],"wp:attachment":[{"href":"https:\/\/arak.spicehorse.eu\/sk\/wp-json\/wp\/v2\/media?parent=37263"}],"wp:term":[{"taxonomy":"product_cat","embeddable":true,"href":"https:\/\/arak.spicehorse.eu\/sk\/wp-json\/wp\/v2\/product_cat?post=37263"},{"taxonomy":"product_tag","embeddable":true,"href":"https:\/\/arak.spicehorse.eu\/sk\/wp-json\/wp\/v2\/product_tag?post=37263"}],"curies":[{"name":"wp","href":"https:\/\/api.w.org\/{rel}","templated":true}]}}