{"id":37267,"date":"2021-09-22T15:18:20","date_gmt":"2021-09-22T13:50:59","guid":{"rendered":"https:\/\/arak.spicehorse.eu\/?post_type=product&#038;p=37267"},"modified":"2022-11-23T17:09:40","modified_gmt":"2022-11-23T16:09:40","slug":"spicedogs-bavlnena-taska-all-you-need-is","status":"publish","type":"product","link":"https:\/\/arak.spicehorse.eu\/sk\/produkt\/spicedogs-bavlnena-taska-all-you-need-is\/","title":{"rendered":"Spicedogs Bavlnen\u00e1 ta\u0161ka \/ All you need is"},"content":{"rendered":"<p style=\"text-align: justify;\">Pl\u00e1ten\u00e9 ta\u0161ky \u0161etrn\u00e9 k \u017eivotn\u00e9mu prostrediu zo 100% hrub\u00e9ho pl\u00e1tna (280 g\/m2) s dlh\u00fdmi r\u00fa\u010dkami<\/p>\n<p>3 r\u00f4zne dizajny od SPICEDOGS<\/p>\n<p style=\"text-align: justify;\">Mo\u017eno pra\u0165 v pr\u00e1\u010dke na 30\u00b0C.<\/p>\n<p style=\"text-align: justify;\">38 x 42 cm<\/p>\n<p>MADE IN HUNGARY<\/p>\n","protected":false},"excerpt":{"rendered":"<p>Pl\u00e1ten\u00e9 ta\u0161ky \u0161etrn\u00e9 k \u017eivotn\u00e9mu prostrediu zo 100% hrub\u00e9ho pl\u00e1tna (280 g\/m2) s dlh\u00fdmi r\u00fa\u010dkami 3 r\u00f4zne dizajny od SPICEDOGS Mo\u017eno pra\u0165 v pr\u00e1\u010dke na 30\u00b0C. 38 x 42 cm MADE IN HUNGARY<\/p>\n","protected":false},"featured_media":36990,"template":"","meta":{"_acf_changed":false},"product_cat":[74,301],"product_tag":[1444,1351],"acf":[],"yoast_head":"<!-- This site is optimized with the Yoast SEO plugin v21.4 - https:\/\/yoast.com\/wordpress\/plugins\/seo\/ -->\n<title>Spicedogs Bavlnen\u00e1 ta\u0161ka \/ All you need is - Spicehorse<\/title>\n<meta name=\"description\" content=\"spicehorse.eu | Pl\u00e1ten\u00e9 ta\u0161ky \u0161etrn\u00e9 k \u017eivotn\u00e9mu prostrediu zo 100% hrub\u00e9ho pl\u00e1tna (280 g\/m2) s dlh\u00fdmi r\u00fa\u010dkami\" \/>\n<meta name=\"robots\" content=\"index, follow, max-snippet:-1, max-image-preview:large, max-video-preview:-1\" \/>\n<link rel=\"canonical\" href=\"https:\/\/arak.spicehorse.eu\/termek\/vaszontaska-all-you-need\/\" \/>\n<meta property=\"og:locale\" content=\"sk_SK\" \/>\n<meta property=\"og:type\" content=\"article\" \/>\n<meta property=\"og:title\" content=\"Spicedogs Bavlnen\u00e1 ta\u0161ka \/ All you need is - Spicehorse\" \/>\n<meta property=\"og:description\" content=\"spicehorse.eu | Pl\u00e1ten\u00e9 ta\u0161ky \u0161etrn\u00e9 k \u017eivotn\u00e9mu prostrediu zo 100% hrub\u00e9ho pl\u00e1tna (280 g\/m2) s dlh\u00fdmi r\u00fa\u010dkami\" \/>\n<meta property=\"og:url\" content=\"https:\/\/arak.spicehorse.eu\/termek\/vaszontaska-all-you-need\/\" \/>\n<meta property=\"og:site_name\" content=\"Spicehorse\" \/>\n<meta property=\"article:publisher\" content=\"https:\/\/www.facebook.com\/SPICEHORSE-550385625402457\/\" \/>\n<meta property=\"article:modified_time\" content=\"2022-11-23T16:09:40+00:00\" \/>\n<meta property=\"og:image\" content=\"https:\/\/arak.spicehorse.eu\/wp-content\/uploads\/2021\/09\/e4113c1d4d333d8044b70978ad26047468d048da.jpg\" \/>\n\t<meta property=\"og:image:width\" content=\"800\" \/>\n\t<meta property=\"og:image:height\" content=\"806\" \/>\n\t<meta property=\"og:image:type\" content=\"image\/jpeg\" \/>\n<meta name=\"twitter:card\" content=\"summary_large_image\" \/>\n<script type=\"application\/ld+json\" class=\"yoast-schema-graph\">{\"@context\":\"https:\/\/schema.org\",\"@graph\":[{\"@type\":\"WebPage\",\"@id\":\"https:\/\/arak.spicehorse.eu\/termek\/vaszontaska-all-you-need\/\",\"url\":\"https:\/\/arak.spicehorse.eu\/termek\/vaszontaska-all-you-need\/\",\"name\":\"Spicedogs Bavlnen\u00e1 ta\u0161ka \/ All you need is - Spicehorse\",\"isPartOf\":{\"@id\":\"https:\/\/arak.spicehorse.eu\/en\/#website\"},\"datePublished\":\"2021-09-22T13:50:59+00:00\",\"dateModified\":\"2022-11-23T16:09:40+00:00\",\"description\":\"spicehorse.eu | Pl\u00e1ten\u00e9 ta\u0161ky \u0161etrn\u00e9 k \u017eivotn\u00e9mu prostrediu zo 100% hrub\u00e9ho pl\u00e1tna (280 g\/m2) s dlh\u00fdmi r\u00fa\u010dkami\",\"breadcrumb\":{\"@id\":\"https:\/\/arak.spicehorse.eu\/termek\/vaszontaska-all-you-need\/#breadcrumb\"},\"inLanguage\":\"sk-SK\",\"potentialAction\":[{\"@type\":\"ReadAction\",\"target\":[\"https:\/\/arak.spicehorse.eu\/termek\/vaszontaska-all-you-need\/\"]}]},{\"@type\":\"BreadcrumbList\",\"@id\":\"https:\/\/arak.spicehorse.eu\/termek\/vaszontaska-all-you-need\/#breadcrumb\",\"itemListElement\":[{\"@type\":\"ListItem\",\"position\":1,\"name\":\"Home\",\"item\":\"https:\/\/arak.spicehorse.eu\/sk\/\"},{\"@type\":\"ListItem\",\"position\":2,\"name\":\"Predaj\u0148a\",\"item\":\"https:\/\/arak.spicehorse.eu\/sk\/predajna\/\"},{\"@type\":\"ListItem\",\"position\":3,\"name\":\"Spicedogs Bavlnen\u00e1 ta\u0161ka \/ All you need is\"}]},{\"@type\":\"WebSite\",\"@id\":\"https:\/\/arak.spicehorse.eu\/en\/#website\",\"url\":\"https:\/\/arak.spicehorse.eu\/en\/\",\"name\":\"Spicehorse\",\"description\":\"UNDER DEVELOPMENT -\",\"potentialAction\":[{\"@type\":\"SearchAction\",\"target\":{\"@type\":\"EntryPoint\",\"urlTemplate\":\"https:\/\/arak.spicehorse.eu\/en\/?s={search_term_string}\"},\"query-input\":\"required name=search_term_string\"}],\"inLanguage\":\"sk-SK\"}]}<\/script>\n<!-- \/ Yoast SEO plugin. -->","yoast_head_json":{"title":"Spicedogs Bavlnen\u00e1 ta\u0161ka \/ All you need is - Spicehorse","description":"spicehorse.eu | Pl\u00e1ten\u00e9 ta\u0161ky \u0161etrn\u00e9 k \u017eivotn\u00e9mu prostrediu zo 100% hrub\u00e9ho pl\u00e1tna (280 g\/m2) s dlh\u00fdmi r\u00fa\u010dkami","robots":{"index":"index","follow":"follow","max-snippet":"max-snippet:-1","max-image-preview":"max-image-preview:large","max-video-preview":"max-video-preview:-1"},"canonical":"https:\/\/arak.spicehorse.eu\/termek\/vaszontaska-all-you-need\/","og_locale":"sk_SK","og_type":"article","og_title":"Spicedogs Bavlnen\u00e1 ta\u0161ka \/ All you need is - Spicehorse","og_description":"spicehorse.eu | Pl\u00e1ten\u00e9 ta\u0161ky \u0161etrn\u00e9 k \u017eivotn\u00e9mu prostrediu zo 100% hrub\u00e9ho pl\u00e1tna (280 g\/m2) s dlh\u00fdmi r\u00fa\u010dkami","og_url":"https:\/\/arak.spicehorse.eu\/termek\/vaszontaska-all-you-need\/","og_site_name":"Spicehorse","article_publisher":"https:\/\/www.facebook.com\/SPICEHORSE-550385625402457\/","article_modified_time":"2022-11-23T16:09:40+00:00","og_image":[{"width":800,"height":806,"url":"https:\/\/arak.spicehorse.eu\/wp-content\/uploads\/2021\/09\/e4113c1d4d333d8044b70978ad26047468d048da.jpg","type":"image\/jpeg"}],"twitter_card":"summary_large_image","schema":{"@context":"https:\/\/schema.org","@graph":[{"@type":"WebPage","@id":"https:\/\/arak.spicehorse.eu\/termek\/vaszontaska-all-you-need\/","url":"https:\/\/arak.spicehorse.eu\/termek\/vaszontaska-all-you-need\/","name":"Spicedogs Bavlnen\u00e1 ta\u0161ka \/ All you need is - Spicehorse","isPartOf":{"@id":"https:\/\/arak.spicehorse.eu\/en\/#website"},"datePublished":"2021-09-22T13:50:59+00:00","dateModified":"2022-11-23T16:09:40+00:00","description":"spicehorse.eu | Pl\u00e1ten\u00e9 ta\u0161ky \u0161etrn\u00e9 k \u017eivotn\u00e9mu prostrediu zo 100% hrub\u00e9ho pl\u00e1tna (280 g\/m2) s dlh\u00fdmi r\u00fa\u010dkami","breadcrumb":{"@id":"https:\/\/arak.spicehorse.eu\/termek\/vaszontaska-all-you-need\/#breadcrumb"},"inLanguage":"sk-SK","potentialAction":[{"@type":"ReadAction","target":["https:\/\/arak.spicehorse.eu\/termek\/vaszontaska-all-you-need\/"]}]},{"@type":"BreadcrumbList","@id":"https:\/\/arak.spicehorse.eu\/termek\/vaszontaska-all-you-need\/#breadcrumb","itemListElement":[{"@type":"ListItem","position":1,"name":"Home","item":"https:\/\/arak.spicehorse.eu\/sk\/"},{"@type":"ListItem","position":2,"name":"Predaj\u0148a","item":"https:\/\/arak.spicehorse.eu\/sk\/predajna\/"},{"@type":"ListItem","position":3,"name":"Spicedogs Bavlnen\u00e1 ta\u0161ka \/ All you need is"}]},{"@type":"WebSite","@id":"https:\/\/arak.spicehorse.eu\/en\/#website","url":"https:\/\/arak.spicehorse.eu\/en\/","name":"Spicehorse","description":"UNDER DEVELOPMENT -","potentialAction":[{"@type":"SearchAction","target":{"@type":"EntryPoint","urlTemplate":"https:\/\/arak.spicehorse.eu\/en\/?s={search_term_string}"},"query-input":"required name=search_term_string"}],"inLanguage":"sk-SK"}]}},"_links":{"self":[{"href":"https:\/\/arak.spicehorse.eu\/sk\/wp-json\/wp\/v2\/product\/37267"}],"collection":[{"href":"https:\/\/arak.spicehorse.eu\/sk\/wp-json\/wp\/v2\/product"}],"about":[{"href":"https:\/\/arak.spicehorse.eu\/sk\/wp-json\/wp\/v2\/types\/product"}],"wp:featuredmedia":[{"embeddable":true,"href":"https:\/\/arak.spicehorse.eu\/sk\/wp-json\/wp\/v2\/media\/36990"}],"wp:attachment":[{"href":"https:\/\/arak.spicehorse.eu\/sk\/wp-json\/wp\/v2\/media?parent=37267"}],"wp:term":[{"taxonomy":"product_cat","embeddable":true,"href":"https:\/\/arak.spicehorse.eu\/sk\/wp-json\/wp\/v2\/product_cat?post=37267"},{"taxonomy":"product_tag","embeddable":true,"href":"https:\/\/arak.spicehorse.eu\/sk\/wp-json\/wp\/v2\/product_tag?post=37267"}],"curies":[{"name":"wp","href":"https:\/\/api.w.org\/{rel}","templated":true}]}}