{"id":3729,"date":"2019-01-04T16:13:41","date_gmt":"2019-01-04T16:13:41","guid":{"rendered":"https:\/\/arak.spicehorse.eu\/product\/stable-guard\/"},"modified":"2024-09-24T18:24:22","modified_gmt":"2024-09-24T16:24:22","slug":"kentucky-paravan-na-dvere-boxov","status":"publish","type":"product","link":"https:\/\/arak.spicehorse.eu\/sk\/produkt\/kentucky-paravan-na-dvere-boxov\/","title":{"rendered":"Kentucky Parav\u00e1n na dvere boxov"},"content":{"rendered":"<p>Pomocou Kentucky Horsewear parav\u00e1nu na dvere boxov m\u00f4\u017ee v\u00e1\u0161 k\u00f4\u0148 vyk\u00faka\u0165 zo svojho boxu, sledova\u0165 dianie a\u00a0relaxova\u0165.<\/p>\n<p>K\u00a0horn\u00fdm posilnen\u00fdm zlat\u00fdm kruhom parav\u00e1nu na dvere boxov, ktor\u00fd zabra\u0148uje vych\u00e1dzaniu ko\u0148a patria dva nylonov\u00e9 p\u00e1nty, pomocou ktor\u00fdch sa \u013eahko upevnia na dve steny boxu. Dva otvory v\u00a0dolnej \u010dasti pon\u00fakaj\u00fa mo\u017enos\u0165 na \u010fal\u0161ie upevnenie.<\/p>\n<p>\u0160tepovanie v\u00a0tvare diamantu a\u00a0logo Kentucky z\u00a0ko\u017eenky poskytuj\u00fa jedine\u010dn\u00fd a\u00a0modern\u00fd dizajn.<\/p>\n<p>Dokonale lad\u00ed s Kentucky Horsewear box \u010dabrakou a\u00a0parav\u00e1nom.<\/p>\n<p>Parav\u00e1n na dvere je vyroben\u00fd z\u00a0extra pevnej polyesterovej tkaniny 600D, mo\u017eno ho pra\u0165 v\u00a0pr\u00e1\u010dke na 30\u00b0 (nevkladajte do su\u0161i\u010dky).<\/p>\n","protected":false},"excerpt":{"rendered":"<h3>Pomocou Kentucky Horsewear parav\u00e1nu na dvere boxov m\u00f4\u017ee v\u00e1\u0161 k\u00f4\u0148 vyk\u00faka\u0165 zo svojho boxu, sledova\u0165 dianie a\u00a0relaxova\u0165.<\/h3>\n<ul>\n<li>Kone si m\u00f4\u017eu vystr\u010di\u0165 hlavu z\u00a0boxu a\u00a0pozorova\u0165 okolie<\/li>\n<li>\u013dahko sa upev\u0148uje<\/li>\n<li>Extra otvory v\u00a0dolnom rohu (\u010fal\u0161ia mo\u017enos\u0165 na upevnenie)<\/li>\n<li>Modern\u00fd dizajn<\/li>\n<li>Dokonale lad\u00ed s\u00a0\u010dabrakou a\u00a0boxov\u00fdm parav\u00e1nom<\/li>\n<li>Mo\u017eno pra\u0165 v\u00a0pr\u00e1\u010dke na 30\u00b0 (nevkladajte do su\u0161i\u010dky)<\/li>\n<li>1 ve\u013ekos\u0165 : 92x53cm<\/li>\n<\/ul>\n","protected":false},"featured_media":3707,"template":"","meta":{"_acf_changed":false},"product_cat":[78,75,120],"product_tag":[184,467],"acf":[],"yoast_head":"<!-- This site is optimized with the Yoast SEO plugin v21.4 - https:\/\/yoast.com\/wordpress\/plugins\/seo\/ -->\n<title>Kentucky Parav\u00e1n na dvere boxov - Spicehorse<\/title>\n<meta name=\"description\" content=\"spicehorse.eu | Pomocou Kentucky Horsewear parav\u00e1nu na dvere boxov m\u00f4\u017ee v\u00e1\u0161 k\u00f4\u0148 vyk\u00faka\u0165 zo svojho boxu, sledova\u0165 dianie a\u00a0relaxova\u0165.\" \/>\n<meta name=\"robots\" content=\"index, follow, max-snippet:-1, max-image-preview:large, max-video-preview:-1\" \/>\n<link rel=\"canonical\" href=\"https:\/\/arak.spicehorse.eu\/sk\/produkt\/kentucky-paravan-na-dvere-boxov\/\" \/>\n<meta property=\"og:locale\" content=\"sk_SK\" \/>\n<meta property=\"og:type\" content=\"article\" \/>\n<meta property=\"og:title\" content=\"Kentucky Parav\u00e1n na dvere boxov - Spicehorse\" \/>\n<meta property=\"og:description\" content=\"spicehorse.eu | Pomocou Kentucky Horsewear parav\u00e1nu na dvere boxov m\u00f4\u017ee v\u00e1\u0161 k\u00f4\u0148 vyk\u00faka\u0165 zo svojho boxu, sledova\u0165 dianie a\u00a0relaxova\u0165.\" \/>\n<meta property=\"og:url\" content=\"https:\/\/arak.spicehorse.eu\/sk\/produkt\/kentucky-paravan-na-dvere-boxov\/\" \/>\n<meta property=\"og:site_name\" content=\"Spicehorse\" \/>\n<meta property=\"article:publisher\" content=\"https:\/\/www.facebook.com\/SPICEHORSE-550385625402457\/\" \/>\n<meta property=\"article:modified_time\" content=\"2024-09-24T16:24:22+00:00\" \/>\n<meta property=\"og:image\" content=\"https:\/\/arak.spicehorse.eu\/wp-content\/uploads\/2019\/01\/82102-03-P.jpg\" \/>\n\t<meta property=\"og:image:width\" content=\"3543\" \/>\n\t<meta property=\"og:image:height\" content=\"3543\" \/>\n\t<meta property=\"og:image:type\" content=\"image\/jpeg\" \/>\n<meta name=\"twitter:card\" content=\"summary_large_image\" \/>\n<meta name=\"twitter:label1\" content=\"Predpokladan\u00fd \u010das \u010d\u00edtania\" \/>\n\t<meta name=\"twitter:data1\" content=\"1 min\u00fata\" \/>\n<script type=\"application\/ld+json\" class=\"yoast-schema-graph\">{\"@context\":\"https:\/\/schema.org\",\"@graph\":[{\"@type\":\"WebPage\",\"@id\":\"https:\/\/arak.spicehorse.eu\/sk\/produkt\/kentucky-paravan-na-dvere-boxov\/\",\"url\":\"https:\/\/arak.spicehorse.eu\/sk\/produkt\/kentucky-paravan-na-dvere-boxov\/\",\"name\":\"Kentucky Parav\u00e1n na dvere boxov - Spicehorse\",\"isPartOf\":{\"@id\":\"https:\/\/arak.spicehorse.eu\/en\/#website\"},\"datePublished\":\"2019-01-04T16:13:41+00:00\",\"dateModified\":\"2024-09-24T16:24:22+00:00\",\"description\":\"spicehorse.eu | Pomocou Kentucky Horsewear parav\u00e1nu na dvere boxov m\u00f4\u017ee v\u00e1\u0161 k\u00f4\u0148 vyk\u00faka\u0165 zo svojho boxu, sledova\u0165 dianie a\u00a0relaxova\u0165.\",\"breadcrumb\":{\"@id\":\"https:\/\/arak.spicehorse.eu\/sk\/produkt\/kentucky-paravan-na-dvere-boxov\/#breadcrumb\"},\"inLanguage\":\"sk-SK\",\"potentialAction\":[{\"@type\":\"ReadAction\",\"target\":[\"https:\/\/arak.spicehorse.eu\/sk\/produkt\/kentucky-paravan-na-dvere-boxov\/\"]}]},{\"@type\":\"BreadcrumbList\",\"@id\":\"https:\/\/arak.spicehorse.eu\/sk\/produkt\/kentucky-paravan-na-dvere-boxov\/#breadcrumb\",\"itemListElement\":[{\"@type\":\"ListItem\",\"position\":1,\"name\":\"Home\",\"item\":\"https:\/\/arak.spicehorse.eu\/sk\/\"},{\"@type\":\"ListItem\",\"position\":2,\"name\":\"Predaj\u0148a\",\"item\":\"https:\/\/arak.spicehorse.eu\/sk\/predajna\/\"},{\"@type\":\"ListItem\",\"position\":3,\"name\":\"Kentucky Parav\u00e1n na dvere boxov\"}]},{\"@type\":\"WebSite\",\"@id\":\"https:\/\/arak.spicehorse.eu\/en\/#website\",\"url\":\"https:\/\/arak.spicehorse.eu\/en\/\",\"name\":\"Spicehorse\",\"description\":\"UNDER DEVELOPMENT -\",\"potentialAction\":[{\"@type\":\"SearchAction\",\"target\":{\"@type\":\"EntryPoint\",\"urlTemplate\":\"https:\/\/arak.spicehorse.eu\/en\/?s={search_term_string}\"},\"query-input\":\"required name=search_term_string\"}],\"inLanguage\":\"sk-SK\"}]}<\/script>\n<!-- \/ Yoast SEO plugin. -->","yoast_head_json":{"title":"Kentucky Parav\u00e1n na dvere boxov - Spicehorse","description":"spicehorse.eu | Pomocou Kentucky Horsewear parav\u00e1nu na dvere boxov m\u00f4\u017ee v\u00e1\u0161 k\u00f4\u0148 vyk\u00faka\u0165 zo svojho boxu, sledova\u0165 dianie a\u00a0relaxova\u0165.","robots":{"index":"index","follow":"follow","max-snippet":"max-snippet:-1","max-image-preview":"max-image-preview:large","max-video-preview":"max-video-preview:-1"},"canonical":"https:\/\/arak.spicehorse.eu\/sk\/produkt\/kentucky-paravan-na-dvere-boxov\/","og_locale":"sk_SK","og_type":"article","og_title":"Kentucky Parav\u00e1n na dvere boxov - Spicehorse","og_description":"spicehorse.eu | Pomocou Kentucky Horsewear parav\u00e1nu na dvere boxov m\u00f4\u017ee v\u00e1\u0161 k\u00f4\u0148 vyk\u00faka\u0165 zo svojho boxu, sledova\u0165 dianie a\u00a0relaxova\u0165.","og_url":"https:\/\/arak.spicehorse.eu\/sk\/produkt\/kentucky-paravan-na-dvere-boxov\/","og_site_name":"Spicehorse","article_publisher":"https:\/\/www.facebook.com\/SPICEHORSE-550385625402457\/","article_modified_time":"2024-09-24T16:24:22+00:00","og_image":[{"width":3543,"height":3543,"url":"https:\/\/arak.spicehorse.eu\/wp-content\/uploads\/2019\/01\/82102-03-P.jpg","type":"image\/jpeg"}],"twitter_card":"summary_large_image","twitter_misc":{"Predpokladan\u00fd \u010das \u010d\u00edtania":"1 min\u00fata"},"schema":{"@context":"https:\/\/schema.org","@graph":[{"@type":"WebPage","@id":"https:\/\/arak.spicehorse.eu\/sk\/produkt\/kentucky-paravan-na-dvere-boxov\/","url":"https:\/\/arak.spicehorse.eu\/sk\/produkt\/kentucky-paravan-na-dvere-boxov\/","name":"Kentucky Parav\u00e1n na dvere boxov - Spicehorse","isPartOf":{"@id":"https:\/\/arak.spicehorse.eu\/en\/#website"},"datePublished":"2019-01-04T16:13:41+00:00","dateModified":"2024-09-24T16:24:22+00:00","description":"spicehorse.eu | Pomocou Kentucky Horsewear parav\u00e1nu na dvere boxov m\u00f4\u017ee v\u00e1\u0161 k\u00f4\u0148 vyk\u00faka\u0165 zo svojho boxu, sledova\u0165 dianie a\u00a0relaxova\u0165.","breadcrumb":{"@id":"https:\/\/arak.spicehorse.eu\/sk\/produkt\/kentucky-paravan-na-dvere-boxov\/#breadcrumb"},"inLanguage":"sk-SK","potentialAction":[{"@type":"ReadAction","target":["https:\/\/arak.spicehorse.eu\/sk\/produkt\/kentucky-paravan-na-dvere-boxov\/"]}]},{"@type":"BreadcrumbList","@id":"https:\/\/arak.spicehorse.eu\/sk\/produkt\/kentucky-paravan-na-dvere-boxov\/#breadcrumb","itemListElement":[{"@type":"ListItem","position":1,"name":"Home","item":"https:\/\/arak.spicehorse.eu\/sk\/"},{"@type":"ListItem","position":2,"name":"Predaj\u0148a","item":"https:\/\/arak.spicehorse.eu\/sk\/predajna\/"},{"@type":"ListItem","position":3,"name":"Kentucky Parav\u00e1n na dvere boxov"}]},{"@type":"WebSite","@id":"https:\/\/arak.spicehorse.eu\/en\/#website","url":"https:\/\/arak.spicehorse.eu\/en\/","name":"Spicehorse","description":"UNDER DEVELOPMENT -","potentialAction":[{"@type":"SearchAction","target":{"@type":"EntryPoint","urlTemplate":"https:\/\/arak.spicehorse.eu\/en\/?s={search_term_string}"},"query-input":"required name=search_term_string"}],"inLanguage":"sk-SK"}]}},"_links":{"self":[{"href":"https:\/\/arak.spicehorse.eu\/sk\/wp-json\/wp\/v2\/product\/3729"}],"collection":[{"href":"https:\/\/arak.spicehorse.eu\/sk\/wp-json\/wp\/v2\/product"}],"about":[{"href":"https:\/\/arak.spicehorse.eu\/sk\/wp-json\/wp\/v2\/types\/product"}],"wp:featuredmedia":[{"embeddable":true,"href":"https:\/\/arak.spicehorse.eu\/sk\/wp-json\/wp\/v2\/media\/3707"}],"wp:attachment":[{"href":"https:\/\/arak.spicehorse.eu\/sk\/wp-json\/wp\/v2\/media?parent=3729"}],"wp:term":[{"taxonomy":"product_cat","embeddable":true,"href":"https:\/\/arak.spicehorse.eu\/sk\/wp-json\/wp\/v2\/product_cat?post=3729"},{"taxonomy":"product_tag","embeddable":true,"href":"https:\/\/arak.spicehorse.eu\/sk\/wp-json\/wp\/v2\/product_tag?post=3729"}],"curies":[{"name":"wp","href":"https:\/\/api.w.org\/{rel}","templated":true}]}}