{"id":3755,"date":"2019-01-08T12:01:13","date_gmt":"2019-01-08T12:01:13","guid":{"rendered":"https:\/\/arak.spicehorse.eu\/product\/presentation-lead\/"},"modified":"2023-11-23T11:44:39","modified_gmt":"2023-11-23T10:44:39","slug":"kentucky-voditko-pre-kone","status":"publish","type":"product","link":"https:\/\/arak.spicehorse.eu\/sk\/produkt\/kentucky-voditko-pre-kone\/","title":{"rendered":"Kentucky Presentation vod\u00edtko pre kone"},"content":{"rendered":"<p>Kentucky Horsewear vod\u00edtko m\u00e1 d\u013a\u017eku 2 metre, vyroben\u00e9 je z Biothane Beta materi\u00e1lu. Je extra\u00a0<strong>pevn\u00e9, napriek tomu pru\u017en\u00e9<\/strong>\u00a0\u2013 aj v zime \u2013 pr\u00edjemne sa dr\u017e\u00ed v\u00a0ruke. Vod\u00edtko sa nena\u0165ahuje, ne\u0161m\u00fdka sa v\u00a0ruke, \u013eahko sa o\u0161etruje a\u00a0je\u00a0<strong>vodeodoln\u00e9<\/strong>.\u00a0Kovov\u00fd \u0161t\u00edtok s\u00a0logom \u00a0Kentucky Horsewear\u00a0mo\u017eno obr\u00e1ti\u0165 a\u00a0\u013eubovo\u013ene grav\u00edrova\u0165. Vysok\u00e1 kvalita, elegantn\u00e9 prevedenie a\u00a0priaznivej\u0161ia cena oproti drah\u00fdm ko\u017een\u00fdm vod\u00edtkam.<\/p>\n","protected":false},"excerpt":{"rendered":"<h3>Vod\u00edtko sa nena\u0165ahuje, ne\u0161m\u00fdka, \u013eahko sa \u010dist\u00ed a\u00a0je vodeodoln\u00e9.<\/h3>\n<p><strong>Ve\u013ekos\u0165: 2 m<\/strong><br \/>\n<strong>Farba: \u010dierna, hned\u00e1<\/strong><\/p>\n<ul>\n<li>2m<\/li>\n<li>Biothane Beta materi\u00e1l: ve\u013emi pevn\u00e9 a\u00a0pru\u017en\u00e9, pohodln\u00e9 pou\u017e\u00edvanie<\/li>\n<li>Nena\u0165ahuje sa, ne\u0161m\u00fdka sa v ruke<\/li>\n<li>Jednoduch\u00e9 o\u0161etrovanie, nenas\u00e1va vlhkos\u0165 a \u0161pinu<\/li>\n<li>Je to cenovo dostupnej\u0161ia verzia ko\u017een\u00e9ho vod\u00edtka<\/li>\n<li>Mo\u017eno ho grav\u00edrova\u0165<\/li>\n<\/ul>\n","protected":false},"featured_media":52056,"template":"","meta":{"_acf_changed":false},"product_cat":[75,114],"product_tag":[184,248],"acf":[],"yoast_head":"<!-- This site is optimized with the Yoast SEO plugin v21.4 - https:\/\/yoast.com\/wordpress\/plugins\/seo\/ -->\n<title>Kentucky Presentation vod\u00edtko pre kone - Spicehorse<\/title>\n<meta name=\"description\" content=\"spicehorse.eu | Kentucky Horsewear Biothane Vod\u00edtko pre kone pr\u00e9mium pr\u00edslu\u0161enstvo pre kone a jazdcov\" \/>\n<meta name=\"robots\" content=\"index, follow, max-snippet:-1, max-image-preview:large, max-video-preview:-1\" \/>\n<link rel=\"canonical\" href=\"https:\/\/arak.spicehorse.eu\/sk\/produkt\/kentucky-voditko-pre-kone\/\" \/>\n<meta property=\"og:locale\" content=\"sk_SK\" \/>\n<meta property=\"og:type\" content=\"article\" \/>\n<meta property=\"og:title\" content=\"Kentucky Presentation vod\u00edtko pre kone - Spicehorse\" \/>\n<meta property=\"og:description\" content=\"spicehorse.eu | Kentucky Horsewear Biothane Vod\u00edtko pre kone pr\u00e9mium pr\u00edslu\u0161enstvo pre kone a jazdcov\" \/>\n<meta property=\"og:url\" content=\"https:\/\/arak.spicehorse.eu\/sk\/produkt\/kentucky-voditko-pre-kone\/\" \/>\n<meta property=\"og:site_name\" content=\"Spicehorse\" \/>\n<meta property=\"article:publisher\" content=\"https:\/\/www.facebook.com\/SPICEHORSE-550385625402457\/\" \/>\n<meta property=\"article:modified_time\" content=\"2023-11-23T10:44:39+00:00\" \/>\n<meta property=\"og:image\" content=\"https:\/\/arak.spicehorse.eu\/wp-content\/uploads\/2019\/01\/894940312e408e810741b6f631fe4deb.jpg\" \/>\n\t<meta property=\"og:image:width\" content=\"2048\" \/>\n\t<meta property=\"og:image:height\" content=\"2048\" \/>\n\t<meta property=\"og:image:type\" content=\"image\/jpeg\" \/>\n<meta name=\"twitter:card\" content=\"summary_large_image\" \/>\n<script type=\"application\/ld+json\" class=\"yoast-schema-graph\">{\"@context\":\"https:\/\/schema.org\",\"@graph\":[{\"@type\":\"WebPage\",\"@id\":\"https:\/\/arak.spicehorse.eu\/sk\/produkt\/kentucky-voditko-pre-kone\/\",\"url\":\"https:\/\/arak.spicehorse.eu\/sk\/produkt\/kentucky-voditko-pre-kone\/\",\"name\":\"Kentucky Presentation vod\u00edtko pre kone - Spicehorse\",\"isPartOf\":{\"@id\":\"https:\/\/arak.spicehorse.eu\/en\/#website\"},\"datePublished\":\"2019-01-08T12:01:13+00:00\",\"dateModified\":\"2023-11-23T10:44:39+00:00\",\"description\":\"spicehorse.eu | Kentucky Horsewear Biothane Vod\u00edtko pre kone pr\u00e9mium pr\u00edslu\u0161enstvo pre kone a jazdcov\",\"breadcrumb\":{\"@id\":\"https:\/\/arak.spicehorse.eu\/sk\/produkt\/kentucky-voditko-pre-kone\/#breadcrumb\"},\"inLanguage\":\"sk-SK\",\"potentialAction\":[{\"@type\":\"ReadAction\",\"target\":[\"https:\/\/arak.spicehorse.eu\/sk\/produkt\/kentucky-voditko-pre-kone\/\"]}]},{\"@type\":\"BreadcrumbList\",\"@id\":\"https:\/\/arak.spicehorse.eu\/sk\/produkt\/kentucky-voditko-pre-kone\/#breadcrumb\",\"itemListElement\":[{\"@type\":\"ListItem\",\"position\":1,\"name\":\"Home\",\"item\":\"https:\/\/arak.spicehorse.eu\/sk\/\"},{\"@type\":\"ListItem\",\"position\":2,\"name\":\"Predaj\u0148a\",\"item\":\"https:\/\/arak.spicehorse.eu\/sk\/predajna\/\"},{\"@type\":\"ListItem\",\"position\":3,\"name\":\"Kentucky Presentation vod\u00edtko pre kone\"}]},{\"@type\":\"WebSite\",\"@id\":\"https:\/\/arak.spicehorse.eu\/en\/#website\",\"url\":\"https:\/\/arak.spicehorse.eu\/en\/\",\"name\":\"Spicehorse\",\"description\":\"UNDER DEVELOPMENT -\",\"potentialAction\":[{\"@type\":\"SearchAction\",\"target\":{\"@type\":\"EntryPoint\",\"urlTemplate\":\"https:\/\/arak.spicehorse.eu\/en\/?s={search_term_string}\"},\"query-input\":\"required name=search_term_string\"}],\"inLanguage\":\"sk-SK\"}]}<\/script>\n<!-- \/ Yoast SEO plugin. -->","yoast_head_json":{"title":"Kentucky Presentation vod\u00edtko pre kone - Spicehorse","description":"spicehorse.eu | Kentucky Horsewear Biothane Vod\u00edtko pre kone pr\u00e9mium pr\u00edslu\u0161enstvo pre kone a jazdcov","robots":{"index":"index","follow":"follow","max-snippet":"max-snippet:-1","max-image-preview":"max-image-preview:large","max-video-preview":"max-video-preview:-1"},"canonical":"https:\/\/arak.spicehorse.eu\/sk\/produkt\/kentucky-voditko-pre-kone\/","og_locale":"sk_SK","og_type":"article","og_title":"Kentucky Presentation vod\u00edtko pre kone - Spicehorse","og_description":"spicehorse.eu | Kentucky Horsewear Biothane Vod\u00edtko pre kone pr\u00e9mium pr\u00edslu\u0161enstvo pre kone a jazdcov","og_url":"https:\/\/arak.spicehorse.eu\/sk\/produkt\/kentucky-voditko-pre-kone\/","og_site_name":"Spicehorse","article_publisher":"https:\/\/www.facebook.com\/SPICEHORSE-550385625402457\/","article_modified_time":"2023-11-23T10:44:39+00:00","og_image":[{"width":2048,"height":2048,"url":"https:\/\/arak.spicehorse.eu\/wp-content\/uploads\/2019\/01\/894940312e408e810741b6f631fe4deb.jpg","type":"image\/jpeg"}],"twitter_card":"summary_large_image","schema":{"@context":"https:\/\/schema.org","@graph":[{"@type":"WebPage","@id":"https:\/\/arak.spicehorse.eu\/sk\/produkt\/kentucky-voditko-pre-kone\/","url":"https:\/\/arak.spicehorse.eu\/sk\/produkt\/kentucky-voditko-pre-kone\/","name":"Kentucky Presentation vod\u00edtko pre kone - Spicehorse","isPartOf":{"@id":"https:\/\/arak.spicehorse.eu\/en\/#website"},"datePublished":"2019-01-08T12:01:13+00:00","dateModified":"2023-11-23T10:44:39+00:00","description":"spicehorse.eu | Kentucky Horsewear Biothane Vod\u00edtko pre kone pr\u00e9mium pr\u00edslu\u0161enstvo pre kone a jazdcov","breadcrumb":{"@id":"https:\/\/arak.spicehorse.eu\/sk\/produkt\/kentucky-voditko-pre-kone\/#breadcrumb"},"inLanguage":"sk-SK","potentialAction":[{"@type":"ReadAction","target":["https:\/\/arak.spicehorse.eu\/sk\/produkt\/kentucky-voditko-pre-kone\/"]}]},{"@type":"BreadcrumbList","@id":"https:\/\/arak.spicehorse.eu\/sk\/produkt\/kentucky-voditko-pre-kone\/#breadcrumb","itemListElement":[{"@type":"ListItem","position":1,"name":"Home","item":"https:\/\/arak.spicehorse.eu\/sk\/"},{"@type":"ListItem","position":2,"name":"Predaj\u0148a","item":"https:\/\/arak.spicehorse.eu\/sk\/predajna\/"},{"@type":"ListItem","position":3,"name":"Kentucky Presentation vod\u00edtko pre kone"}]},{"@type":"WebSite","@id":"https:\/\/arak.spicehorse.eu\/en\/#website","url":"https:\/\/arak.spicehorse.eu\/en\/","name":"Spicehorse","description":"UNDER DEVELOPMENT -","potentialAction":[{"@type":"SearchAction","target":{"@type":"EntryPoint","urlTemplate":"https:\/\/arak.spicehorse.eu\/en\/?s={search_term_string}"},"query-input":"required name=search_term_string"}],"inLanguage":"sk-SK"}]}},"_links":{"self":[{"href":"https:\/\/arak.spicehorse.eu\/sk\/wp-json\/wp\/v2\/product\/3755"}],"collection":[{"href":"https:\/\/arak.spicehorse.eu\/sk\/wp-json\/wp\/v2\/product"}],"about":[{"href":"https:\/\/arak.spicehorse.eu\/sk\/wp-json\/wp\/v2\/types\/product"}],"wp:featuredmedia":[{"embeddable":true,"href":"https:\/\/arak.spicehorse.eu\/sk\/wp-json\/wp\/v2\/media\/52056"}],"wp:attachment":[{"href":"https:\/\/arak.spicehorse.eu\/sk\/wp-json\/wp\/v2\/media?parent=3755"}],"wp:term":[{"taxonomy":"product_cat","embeddable":true,"href":"https:\/\/arak.spicehorse.eu\/sk\/wp-json\/wp\/v2\/product_cat?post=3755"},{"taxonomy":"product_tag","embeddable":true,"href":"https:\/\/arak.spicehorse.eu\/sk\/wp-json\/wp\/v2\/product_tag?post=3755"}],"curies":[{"name":"wp","href":"https:\/\/api.w.org\/{rel}","templated":true}]}}