{"id":3797,"date":"2019-01-08T18:30:02","date_gmt":"2019-01-08T18:30:02","guid":{"rendered":"https:\/\/arak.spicehorse.eu\/?post_type=product&#038;p=3797"},"modified":"2023-11-23T11:44:37","modified_gmt":"2023-11-23T10:44:37","slug":"kentucky-pletene-voditk-vodzka-pre-psa","status":"publish","type":"product","link":"https:\/\/arak.spicehorse.eu\/sk\/produkt\/kentucky-pletene-voditk-vodzka-pre-psa\/","title":{"rendered":"Kentucky Pleten\u00e9 vod\u00edtko &#038; v\u00f4dzka pre psa"},"content":{"rendered":"<p>Pleten\u00e9 vod\u00edtko\u00a0 &amp; v\u00f4dzka pre psa Kentucky Horsewear m\u00e1 d\u013a\u017eku 2 metre a\u00a0je vyroben\u00e9 z\u00a0rovnak\u00e9ho materi\u00e1lu ako pleten\u00e1 ohl\u00e1vka pre ko\u0148a a\u00a0pleten\u00fd obojok pre psa, t\u00fdm p\u00e1dom m\u00f4\u017ee by\u0165 naozaj dokonal\u00fd s\u00falad medzi na\u0161\u00edm ko\u0148om a\u00a0psom.<\/p>\n","protected":false},"excerpt":{"rendered":"<h3>Pleten\u00e9 vod\u00edtko &amp; v\u00f4dzka pre psa je dlh\u00e9 2 metre, vyroben\u00e9 je z\u00a0rovnak\u00e9ho materi\u00e1lu ako pleten\u00e1 ohl\u00e1vka a\u00a0obojok <b><span lang=\"SK\">pre ko\u0148a<\/span><\/b>, t\u00fdm p\u00e1dom m\u00f4\u017ee by\u0165 dokonal\u00fd s\u00falad medzi na\u0161im ko\u0148om a\u00a0psom.<\/h3>\n<ul>\n<li>Modern\u00fd dizajn<\/li>\n<li>Dokonale sa hod\u00ed k\u00a0pletenej ohl\u00e1vke a obojku<\/li>\n<li>D\u013a\u017eka 2m<\/li>\n<\/ul>\n","protected":false},"featured_media":3810,"template":"","meta":{"_acf_changed":false},"product_cat":[78,75,114],"product_tag":[184,244,248],"acf":[],"yoast_head":"<!-- This site is optimized with the Yoast SEO plugin v21.4 - https:\/\/yoast.com\/wordpress\/plugins\/seo\/ -->\n<title>Kentucky Pleten\u00e9 vod\u00edtko &amp; v\u00f4dzka pre psa - Spicehorse<\/title>\n<meta name=\"description\" content=\"spicehorse.eu | Kentucky Horsewear Pleten\u00e9 vod\u00edtko &amp; v\u00f4dzka pre psa je dlh\u00e9 2 metre, vyroben\u00e9 je z\u00a0rovnak\u00e9ho materi\u00e1lu ako pleten\u00e1 ohl\u00e1vka a\u00a0obojok pre ko\u0148a, t\u00fdm p\u00e1dom m\u00f4\u017ee by\u0165 dokonal\u00fd s\u00falad medzi na\u0161im ko\u0148om a\u00a0psom.\" \/>\n<meta name=\"robots\" content=\"index, follow, max-snippet:-1, max-image-preview:large, max-video-preview:-1\" \/>\n<link rel=\"canonical\" href=\"https:\/\/arak.spicehorse.eu\/sk\/produkt\/kentucky-pletene-voditk-vodzka-pre-psa\/\" \/>\n<meta property=\"og:locale\" content=\"sk_SK\" \/>\n<meta property=\"og:type\" content=\"article\" \/>\n<meta property=\"og:title\" content=\"Kentucky Pleten\u00e9 vod\u00edtko &amp; v\u00f4dzka pre psa - Spicehorse\" \/>\n<meta property=\"og:description\" content=\"spicehorse.eu | Kentucky Horsewear Pleten\u00e9 vod\u00edtko &amp; v\u00f4dzka pre psa je dlh\u00e9 2 metre, vyroben\u00e9 je z\u00a0rovnak\u00e9ho materi\u00e1lu ako pleten\u00e1 ohl\u00e1vka a\u00a0obojok pre ko\u0148a, t\u00fdm p\u00e1dom m\u00f4\u017ee by\u0165 dokonal\u00fd s\u00falad medzi na\u0161im ko\u0148om a\u00a0psom.\" \/>\n<meta property=\"og:url\" content=\"https:\/\/arak.spicehorse.eu\/sk\/produkt\/kentucky-pletene-voditk-vodzka-pre-psa\/\" \/>\n<meta property=\"og:site_name\" content=\"Spicehorse\" \/>\n<meta property=\"article:publisher\" content=\"https:\/\/www.facebook.com\/SPICEHORSE-550385625402457\/\" \/>\n<meta property=\"article:modified_time\" content=\"2023-11-23T10:44:37+00:00\" \/>\n<meta property=\"og:image\" content=\"https:\/\/arak.spicehorse.eu\/wp-content\/uploads\/2019\/01\/42518-03.jpg\" \/>\n\t<meta property=\"og:image:width\" content=\"3000\" \/>\n\t<meta property=\"og:image:height\" content=\"3000\" \/>\n\t<meta property=\"og:image:type\" content=\"image\/jpeg\" \/>\n<meta name=\"twitter:card\" content=\"summary_large_image\" \/>\n<script type=\"application\/ld+json\" class=\"yoast-schema-graph\">{\"@context\":\"https:\/\/schema.org\",\"@graph\":[{\"@type\":\"WebPage\",\"@id\":\"https:\/\/arak.spicehorse.eu\/sk\/produkt\/kentucky-pletene-voditk-vodzka-pre-psa\/\",\"url\":\"https:\/\/arak.spicehorse.eu\/sk\/produkt\/kentucky-pletene-voditk-vodzka-pre-psa\/\",\"name\":\"Kentucky Pleten\u00e9 vod\u00edtko & v\u00f4dzka pre psa - Spicehorse\",\"isPartOf\":{\"@id\":\"https:\/\/arak.spicehorse.eu\/en\/#website\"},\"datePublished\":\"2019-01-08T18:30:02+00:00\",\"dateModified\":\"2023-11-23T10:44:37+00:00\",\"description\":\"spicehorse.eu | Kentucky Horsewear Pleten\u00e9 vod\u00edtko & v\u00f4dzka pre psa je dlh\u00e9 2 metre, vyroben\u00e9 je z\u00a0rovnak\u00e9ho materi\u00e1lu ako pleten\u00e1 ohl\u00e1vka a\u00a0obojok pre ko\u0148a, t\u00fdm p\u00e1dom m\u00f4\u017ee by\u0165 dokonal\u00fd s\u00falad medzi na\u0161im ko\u0148om a\u00a0psom.\",\"breadcrumb\":{\"@id\":\"https:\/\/arak.spicehorse.eu\/sk\/produkt\/kentucky-pletene-voditk-vodzka-pre-psa\/#breadcrumb\"},\"inLanguage\":\"sk-SK\",\"potentialAction\":[{\"@type\":\"ReadAction\",\"target\":[\"https:\/\/arak.spicehorse.eu\/sk\/produkt\/kentucky-pletene-voditk-vodzka-pre-psa\/\"]}]},{\"@type\":\"BreadcrumbList\",\"@id\":\"https:\/\/arak.spicehorse.eu\/sk\/produkt\/kentucky-pletene-voditk-vodzka-pre-psa\/#breadcrumb\",\"itemListElement\":[{\"@type\":\"ListItem\",\"position\":1,\"name\":\"Home\",\"item\":\"https:\/\/arak.spicehorse.eu\/sk\/\"},{\"@type\":\"ListItem\",\"position\":2,\"name\":\"Predaj\u0148a\",\"item\":\"https:\/\/arak.spicehorse.eu\/sk\/predajna\/\"},{\"@type\":\"ListItem\",\"position\":3,\"name\":\"Kentucky Pleten\u00e9 vod\u00edtko &#038; v\u00f4dzka pre psa\"}]},{\"@type\":\"WebSite\",\"@id\":\"https:\/\/arak.spicehorse.eu\/en\/#website\",\"url\":\"https:\/\/arak.spicehorse.eu\/en\/\",\"name\":\"Spicehorse\",\"description\":\"UNDER DEVELOPMENT -\",\"potentialAction\":[{\"@type\":\"SearchAction\",\"target\":{\"@type\":\"EntryPoint\",\"urlTemplate\":\"https:\/\/arak.spicehorse.eu\/en\/?s={search_term_string}\"},\"query-input\":\"required name=search_term_string\"}],\"inLanguage\":\"sk-SK\"}]}<\/script>\n<!-- \/ Yoast SEO plugin. -->","yoast_head_json":{"title":"Kentucky Pleten\u00e9 vod\u00edtko & v\u00f4dzka pre psa - Spicehorse","description":"spicehorse.eu | Kentucky Horsewear Pleten\u00e9 vod\u00edtko & v\u00f4dzka pre psa je dlh\u00e9 2 metre, vyroben\u00e9 je z\u00a0rovnak\u00e9ho materi\u00e1lu ako pleten\u00e1 ohl\u00e1vka a\u00a0obojok pre ko\u0148a, t\u00fdm p\u00e1dom m\u00f4\u017ee by\u0165 dokonal\u00fd s\u00falad medzi na\u0161im ko\u0148om a\u00a0psom.","robots":{"index":"index","follow":"follow","max-snippet":"max-snippet:-1","max-image-preview":"max-image-preview:large","max-video-preview":"max-video-preview:-1"},"canonical":"https:\/\/arak.spicehorse.eu\/sk\/produkt\/kentucky-pletene-voditk-vodzka-pre-psa\/","og_locale":"sk_SK","og_type":"article","og_title":"Kentucky Pleten\u00e9 vod\u00edtko & v\u00f4dzka pre psa - Spicehorse","og_description":"spicehorse.eu | Kentucky Horsewear Pleten\u00e9 vod\u00edtko & v\u00f4dzka pre psa je dlh\u00e9 2 metre, vyroben\u00e9 je z\u00a0rovnak\u00e9ho materi\u00e1lu ako pleten\u00e1 ohl\u00e1vka a\u00a0obojok pre ko\u0148a, t\u00fdm p\u00e1dom m\u00f4\u017ee by\u0165 dokonal\u00fd s\u00falad medzi na\u0161im ko\u0148om a\u00a0psom.","og_url":"https:\/\/arak.spicehorse.eu\/sk\/produkt\/kentucky-pletene-voditk-vodzka-pre-psa\/","og_site_name":"Spicehorse","article_publisher":"https:\/\/www.facebook.com\/SPICEHORSE-550385625402457\/","article_modified_time":"2023-11-23T10:44:37+00:00","og_image":[{"width":3000,"height":3000,"url":"https:\/\/arak.spicehorse.eu\/wp-content\/uploads\/2019\/01\/42518-03.jpg","type":"image\/jpeg"}],"twitter_card":"summary_large_image","schema":{"@context":"https:\/\/schema.org","@graph":[{"@type":"WebPage","@id":"https:\/\/arak.spicehorse.eu\/sk\/produkt\/kentucky-pletene-voditk-vodzka-pre-psa\/","url":"https:\/\/arak.spicehorse.eu\/sk\/produkt\/kentucky-pletene-voditk-vodzka-pre-psa\/","name":"Kentucky Pleten\u00e9 vod\u00edtko & v\u00f4dzka pre psa - Spicehorse","isPartOf":{"@id":"https:\/\/arak.spicehorse.eu\/en\/#website"},"datePublished":"2019-01-08T18:30:02+00:00","dateModified":"2023-11-23T10:44:37+00:00","description":"spicehorse.eu | Kentucky Horsewear Pleten\u00e9 vod\u00edtko & v\u00f4dzka pre psa je dlh\u00e9 2 metre, vyroben\u00e9 je z\u00a0rovnak\u00e9ho materi\u00e1lu ako pleten\u00e1 ohl\u00e1vka a\u00a0obojok pre ko\u0148a, t\u00fdm p\u00e1dom m\u00f4\u017ee by\u0165 dokonal\u00fd s\u00falad medzi na\u0161im ko\u0148om a\u00a0psom.","breadcrumb":{"@id":"https:\/\/arak.spicehorse.eu\/sk\/produkt\/kentucky-pletene-voditk-vodzka-pre-psa\/#breadcrumb"},"inLanguage":"sk-SK","potentialAction":[{"@type":"ReadAction","target":["https:\/\/arak.spicehorse.eu\/sk\/produkt\/kentucky-pletene-voditk-vodzka-pre-psa\/"]}]},{"@type":"BreadcrumbList","@id":"https:\/\/arak.spicehorse.eu\/sk\/produkt\/kentucky-pletene-voditk-vodzka-pre-psa\/#breadcrumb","itemListElement":[{"@type":"ListItem","position":1,"name":"Home","item":"https:\/\/arak.spicehorse.eu\/sk\/"},{"@type":"ListItem","position":2,"name":"Predaj\u0148a","item":"https:\/\/arak.spicehorse.eu\/sk\/predajna\/"},{"@type":"ListItem","position":3,"name":"Kentucky Pleten\u00e9 vod\u00edtko &#038; v\u00f4dzka pre psa"}]},{"@type":"WebSite","@id":"https:\/\/arak.spicehorse.eu\/en\/#website","url":"https:\/\/arak.spicehorse.eu\/en\/","name":"Spicehorse","description":"UNDER DEVELOPMENT -","potentialAction":[{"@type":"SearchAction","target":{"@type":"EntryPoint","urlTemplate":"https:\/\/arak.spicehorse.eu\/en\/?s={search_term_string}"},"query-input":"required name=search_term_string"}],"inLanguage":"sk-SK"}]}},"_links":{"self":[{"href":"https:\/\/arak.spicehorse.eu\/sk\/wp-json\/wp\/v2\/product\/3797"}],"collection":[{"href":"https:\/\/arak.spicehorse.eu\/sk\/wp-json\/wp\/v2\/product"}],"about":[{"href":"https:\/\/arak.spicehorse.eu\/sk\/wp-json\/wp\/v2\/types\/product"}],"wp:featuredmedia":[{"embeddable":true,"href":"https:\/\/arak.spicehorse.eu\/sk\/wp-json\/wp\/v2\/media\/3810"}],"wp:attachment":[{"href":"https:\/\/arak.spicehorse.eu\/sk\/wp-json\/wp\/v2\/media?parent=3797"}],"wp:term":[{"taxonomy":"product_cat","embeddable":true,"href":"https:\/\/arak.spicehorse.eu\/sk\/wp-json\/wp\/v2\/product_cat?post=3797"},{"taxonomy":"product_tag","embeddable":true,"href":"https:\/\/arak.spicehorse.eu\/sk\/wp-json\/wp\/v2\/product_tag?post=3797"}],"curies":[{"name":"wp","href":"https:\/\/api.w.org\/{rel}","templated":true}]}}