{"id":38332,"date":"2021-09-30T13:33:45","date_gmt":"2021-09-30T11:33:46","guid":{"rendered":"https:\/\/arak.spicehorse.eu\/?post_type=product&#038;p=38332"},"modified":"2023-11-23T11:28:04","modified_gmt":"2023-11-23T10:28:04","slug":"kentucky-drezurna-podsedlova-decka-setrna-k-pokozke-so-stepovanim-v-tvare-hviezdy","status":"publish","type":"product","link":"https:\/\/arak.spicehorse.eu\/sk\/produkt\/kentucky-drezurna-podsedlova-decka-setrna-k-pokozke-so-stepovanim-v-tvare-hviezdy\/","title":{"rendered":"Kentucky drez\u00farna podsedlov\u00e1 de\u010dka \u0161etrn\u00e1 k poko\u017eke so \u0161tepovan\u00edm v tvare hviezdy"},"content":{"rendered":"<p>Kentucky Horsewear skokov\u00e1 podsedlov\u00e1 de\u010dka \u0161etrn\u00e1 k\u00a0poko\u017eke zabezpe\u010duje maxim\u00e1lne polstrovanie medzi sedlom a\u00a0chrbtom ko\u0148a, netla\u010d\u00ed na chrb\u00e1t a\u00a0nevy\u0161\u00facha poko\u017eku na chrbte ko\u0148a. Pod\u0161\u00edvka z\u00a0umel\u00e9ho baran\u010deka z\u00a0vn\u00fatornej strany, ako aj v\u00a0oblasti koh\u00fatika poskytuje pre kone maxim\u00e1lne pohodlie. Pohlcuje \u00fadery dopadaj\u00face na chrb\u00e1t ko\u0148a, zabra\u0148uje vzniku poranen\u00ed sp\u00f4soben\u00fdch sedlom alebo podlo\u017ekou pod sedlo. Je vynikaj\u00facou vo\u013ebou aj pre kone s\u00a0vyslovene citlivou poko\u017ekou! Kentucky drez\u00farnou podsedlovou de\u010dkou \u0161etrnou k\u00a0poko\u017eke vznik\u00e1 bezprostrednej\u0161\u00ed vz\u0165ah s\u00a0ko\u0148om, nie je potrebn\u00e1 podlo\u017eka pod sedlo..<\/p>\n<p>Bez sedlov\u00e9ho reme\u0148a, iba s\u00a0popruhov\u00fdm reme\u0148om. Jemn\u00fd lem z\u00a0ko\u017eenky\u00a0a\u00a0\u0161tepovanie v\u00a0tvare hviezdy dod\u00e1vaj\u00fa podsedlovej de\u010dke elegantn\u00fd vzh\u013ead. Jemn\u00e9 ko\u017een\u00e9 logo, av\u0161ak na \u0148u mo\u017eno v\u00a0pr\u00edpade z\u00e1ujmu umiestni\u0165 \u013eubovo\u013en\u00e9 sponzorsk\u00e9 logo.<\/p>\n<p>Mo\u017eno pra\u0165 v\u00a0pr\u00e1\u010dke na 30\u00b0C (nevkladajte do su\u0161i\u010dky).<\/p>\n","protected":false},"excerpt":{"rendered":"<ul>\n<li>Tlm\u00ed \u00fadery<\/li>\n<li>Odpor\u00fa\u010da sa aj pre kone s\u00a0citlivou poko\u017ekou<\/li>\n<li>Lem z\u00a0jemnej ko\u017eenky, elegantn\u00fd dizajn<\/li>\n<li>\u0160tepovanie v tvare hviezdy<\/li>\n<li>Mo\u017eno umiestni\u0165 sponzorsk\u00e9 logo<\/li>\n<\/ul>\n","protected":false},"featured_media":38337,"template":"","meta":{"_acf_changed":false},"product_cat":[75,367],"product_tag":[217,184,335,194,186],"acf":[],"yoast_head":"<!-- This site is optimized with the Yoast SEO plugin v21.4 - https:\/\/yoast.com\/wordpress\/plugins\/seo\/ -->\n<title>Kentucky drez\u00farna podsedlov\u00e1 de\u010dka \u0161etrn\u00e1 k poko\u017eke so \u0161tepovan\u00edm v tvare hviezdy - Spicehorse<\/title>\n<meta name=\"description\" content=\"spicehorse.eu | Kentucky Horsewear skokov\u00e1 podsedlov\u00e1 de\u010dka \u0161etrn\u00e1 k\u00a0poko\u017eke zabezpe\u010duje maxim\u00e1lne polstrovanie medzi sedlom a\u00a0chrbtom ko\u0148a, netla\u010d\u00ed na chrb\u00e1t a\u00a0nevy\u0161\u00facha poko\u017eku na chrbte ko\u0148a.\" \/>\n<meta name=\"robots\" content=\"index, follow, max-snippet:-1, max-image-preview:large, max-video-preview:-1\" \/>\n<link rel=\"canonical\" href=\"https:\/\/arak.spicehorse.eu\/sk\/produkt\/kentucky-drezurna-podsedlova-decka-setrna-k-pokozke-so-stepovanim-v-tvare-hviezdy\/\" \/>\n<meta property=\"og:locale\" content=\"sk_SK\" \/>\n<meta property=\"og:type\" content=\"article\" \/>\n<meta property=\"og:title\" content=\"Kentucky drez\u00farna podsedlov\u00e1 de\u010dka \u0161etrn\u00e1 k poko\u017eke so \u0161tepovan\u00edm v tvare hviezdy - Spicehorse\" \/>\n<meta property=\"og:description\" content=\"spicehorse.eu | Kentucky Horsewear skokov\u00e1 podsedlov\u00e1 de\u010dka \u0161etrn\u00e1 k\u00a0poko\u017eke zabezpe\u010duje maxim\u00e1lne polstrovanie medzi sedlom a\u00a0chrbtom ko\u0148a, netla\u010d\u00ed na chrb\u00e1t a\u00a0nevy\u0161\u00facha poko\u017eku na chrbte ko\u0148a.\" \/>\n<meta property=\"og:url\" content=\"https:\/\/arak.spicehorse.eu\/sk\/produkt\/kentucky-drezurna-podsedlova-decka-setrna-k-pokozke-so-stepovanim-v-tvare-hviezdy\/\" \/>\n<meta property=\"og:site_name\" content=\"Spicehorse\" \/>\n<meta property=\"article:publisher\" content=\"https:\/\/www.facebook.com\/SPICEHORSE-550385625402457\/\" \/>\n<meta property=\"article:modified_time\" content=\"2023-11-23T10:28:04+00:00\" \/>\n<meta property=\"og:image\" content=\"https:\/\/arak.spicehorse.eu\/wp-content\/uploads\/2021\/09\/e9e45f723bd98752c1e882a27e198242f0c06281c7a77ece57e3d91564e22575.jpg\" \/>\n\t<meta property=\"og:image:width\" content=\"2048\" \/>\n\t<meta property=\"og:image:height\" content=\"2048\" \/>\n\t<meta property=\"og:image:type\" content=\"image\/jpeg\" \/>\n<meta name=\"twitter:card\" content=\"summary_large_image\" \/>\n<meta name=\"twitter:label1\" content=\"Predpokladan\u00fd \u010das \u010d\u00edtania\" \/>\n\t<meta name=\"twitter:data1\" content=\"1 min\u00fata\" \/>\n<script type=\"application\/ld+json\" class=\"yoast-schema-graph\">{\"@context\":\"https:\/\/schema.org\",\"@graph\":[{\"@type\":\"WebPage\",\"@id\":\"https:\/\/arak.spicehorse.eu\/sk\/produkt\/kentucky-drezurna-podsedlova-decka-setrna-k-pokozke-so-stepovanim-v-tvare-hviezdy\/\",\"url\":\"https:\/\/arak.spicehorse.eu\/sk\/produkt\/kentucky-drezurna-podsedlova-decka-setrna-k-pokozke-so-stepovanim-v-tvare-hviezdy\/\",\"name\":\"Kentucky drez\u00farna podsedlov\u00e1 de\u010dka \u0161etrn\u00e1 k poko\u017eke so \u0161tepovan\u00edm v tvare hviezdy - Spicehorse\",\"isPartOf\":{\"@id\":\"https:\/\/arak.spicehorse.eu\/en\/#website\"},\"datePublished\":\"2021-09-30T11:33:46+00:00\",\"dateModified\":\"2023-11-23T10:28:04+00:00\",\"description\":\"spicehorse.eu | Kentucky Horsewear skokov\u00e1 podsedlov\u00e1 de\u010dka \u0161etrn\u00e1 k\u00a0poko\u017eke zabezpe\u010duje maxim\u00e1lne polstrovanie medzi sedlom a\u00a0chrbtom ko\u0148a, netla\u010d\u00ed na chrb\u00e1t a\u00a0nevy\u0161\u00facha poko\u017eku na chrbte ko\u0148a.\",\"breadcrumb\":{\"@id\":\"https:\/\/arak.spicehorse.eu\/sk\/produkt\/kentucky-drezurna-podsedlova-decka-setrna-k-pokozke-so-stepovanim-v-tvare-hviezdy\/#breadcrumb\"},\"inLanguage\":\"sk-SK\",\"potentialAction\":[{\"@type\":\"ReadAction\",\"target\":[\"https:\/\/arak.spicehorse.eu\/sk\/produkt\/kentucky-drezurna-podsedlova-decka-setrna-k-pokozke-so-stepovanim-v-tvare-hviezdy\/\"]}]},{\"@type\":\"BreadcrumbList\",\"@id\":\"https:\/\/arak.spicehorse.eu\/sk\/produkt\/kentucky-drezurna-podsedlova-decka-setrna-k-pokozke-so-stepovanim-v-tvare-hviezdy\/#breadcrumb\",\"itemListElement\":[{\"@type\":\"ListItem\",\"position\":1,\"name\":\"Home\",\"item\":\"https:\/\/arak.spicehorse.eu\/sk\/\"},{\"@type\":\"ListItem\",\"position\":2,\"name\":\"Predaj\u0148a\",\"item\":\"https:\/\/arak.spicehorse.eu\/sk\/predajna\/\"},{\"@type\":\"ListItem\",\"position\":3,\"name\":\"Kentucky drez\u00farna podsedlov\u00e1 de\u010dka \u0161etrn\u00e1 k poko\u017eke so \u0161tepovan\u00edm v tvare hviezdy\"}]},{\"@type\":\"WebSite\",\"@id\":\"https:\/\/arak.spicehorse.eu\/en\/#website\",\"url\":\"https:\/\/arak.spicehorse.eu\/en\/\",\"name\":\"Spicehorse\",\"description\":\"UNDER DEVELOPMENT -\",\"potentialAction\":[{\"@type\":\"SearchAction\",\"target\":{\"@type\":\"EntryPoint\",\"urlTemplate\":\"https:\/\/arak.spicehorse.eu\/en\/?s={search_term_string}\"},\"query-input\":\"required name=search_term_string\"}],\"inLanguage\":\"sk-SK\"}]}<\/script>\n<!-- \/ Yoast SEO plugin. -->","yoast_head_json":{"title":"Kentucky drez\u00farna podsedlov\u00e1 de\u010dka \u0161etrn\u00e1 k poko\u017eke so \u0161tepovan\u00edm v tvare hviezdy - Spicehorse","description":"spicehorse.eu | Kentucky Horsewear skokov\u00e1 podsedlov\u00e1 de\u010dka \u0161etrn\u00e1 k\u00a0poko\u017eke zabezpe\u010duje maxim\u00e1lne polstrovanie medzi sedlom a\u00a0chrbtom ko\u0148a, netla\u010d\u00ed na chrb\u00e1t a\u00a0nevy\u0161\u00facha poko\u017eku na chrbte ko\u0148a.","robots":{"index":"index","follow":"follow","max-snippet":"max-snippet:-1","max-image-preview":"max-image-preview:large","max-video-preview":"max-video-preview:-1"},"canonical":"https:\/\/arak.spicehorse.eu\/sk\/produkt\/kentucky-drezurna-podsedlova-decka-setrna-k-pokozke-so-stepovanim-v-tvare-hviezdy\/","og_locale":"sk_SK","og_type":"article","og_title":"Kentucky drez\u00farna podsedlov\u00e1 de\u010dka \u0161etrn\u00e1 k poko\u017eke so \u0161tepovan\u00edm v tvare hviezdy - Spicehorse","og_description":"spicehorse.eu | Kentucky Horsewear skokov\u00e1 podsedlov\u00e1 de\u010dka \u0161etrn\u00e1 k\u00a0poko\u017eke zabezpe\u010duje maxim\u00e1lne polstrovanie medzi sedlom a\u00a0chrbtom ko\u0148a, netla\u010d\u00ed na chrb\u00e1t a\u00a0nevy\u0161\u00facha poko\u017eku na chrbte ko\u0148a.","og_url":"https:\/\/arak.spicehorse.eu\/sk\/produkt\/kentucky-drezurna-podsedlova-decka-setrna-k-pokozke-so-stepovanim-v-tvare-hviezdy\/","og_site_name":"Spicehorse","article_publisher":"https:\/\/www.facebook.com\/SPICEHORSE-550385625402457\/","article_modified_time":"2023-11-23T10:28:04+00:00","og_image":[{"width":2048,"height":2048,"url":"https:\/\/arak.spicehorse.eu\/wp-content\/uploads\/2021\/09\/e9e45f723bd98752c1e882a27e198242f0c06281c7a77ece57e3d91564e22575.jpg","type":"image\/jpeg"}],"twitter_card":"summary_large_image","twitter_misc":{"Predpokladan\u00fd \u010das \u010d\u00edtania":"1 min\u00fata"},"schema":{"@context":"https:\/\/schema.org","@graph":[{"@type":"WebPage","@id":"https:\/\/arak.spicehorse.eu\/sk\/produkt\/kentucky-drezurna-podsedlova-decka-setrna-k-pokozke-so-stepovanim-v-tvare-hviezdy\/","url":"https:\/\/arak.spicehorse.eu\/sk\/produkt\/kentucky-drezurna-podsedlova-decka-setrna-k-pokozke-so-stepovanim-v-tvare-hviezdy\/","name":"Kentucky drez\u00farna podsedlov\u00e1 de\u010dka \u0161etrn\u00e1 k poko\u017eke so \u0161tepovan\u00edm v tvare hviezdy - Spicehorse","isPartOf":{"@id":"https:\/\/arak.spicehorse.eu\/en\/#website"},"datePublished":"2021-09-30T11:33:46+00:00","dateModified":"2023-11-23T10:28:04+00:00","description":"spicehorse.eu | Kentucky Horsewear skokov\u00e1 podsedlov\u00e1 de\u010dka \u0161etrn\u00e1 k\u00a0poko\u017eke zabezpe\u010duje maxim\u00e1lne polstrovanie medzi sedlom a\u00a0chrbtom ko\u0148a, netla\u010d\u00ed na chrb\u00e1t a\u00a0nevy\u0161\u00facha poko\u017eku na chrbte ko\u0148a.","breadcrumb":{"@id":"https:\/\/arak.spicehorse.eu\/sk\/produkt\/kentucky-drezurna-podsedlova-decka-setrna-k-pokozke-so-stepovanim-v-tvare-hviezdy\/#breadcrumb"},"inLanguage":"sk-SK","potentialAction":[{"@type":"ReadAction","target":["https:\/\/arak.spicehorse.eu\/sk\/produkt\/kentucky-drezurna-podsedlova-decka-setrna-k-pokozke-so-stepovanim-v-tvare-hviezdy\/"]}]},{"@type":"BreadcrumbList","@id":"https:\/\/arak.spicehorse.eu\/sk\/produkt\/kentucky-drezurna-podsedlova-decka-setrna-k-pokozke-so-stepovanim-v-tvare-hviezdy\/#breadcrumb","itemListElement":[{"@type":"ListItem","position":1,"name":"Home","item":"https:\/\/arak.spicehorse.eu\/sk\/"},{"@type":"ListItem","position":2,"name":"Predaj\u0148a","item":"https:\/\/arak.spicehorse.eu\/sk\/predajna\/"},{"@type":"ListItem","position":3,"name":"Kentucky drez\u00farna podsedlov\u00e1 de\u010dka \u0161etrn\u00e1 k poko\u017eke so \u0161tepovan\u00edm v tvare hviezdy"}]},{"@type":"WebSite","@id":"https:\/\/arak.spicehorse.eu\/en\/#website","url":"https:\/\/arak.spicehorse.eu\/en\/","name":"Spicehorse","description":"UNDER DEVELOPMENT -","potentialAction":[{"@type":"SearchAction","target":{"@type":"EntryPoint","urlTemplate":"https:\/\/arak.spicehorse.eu\/en\/?s={search_term_string}"},"query-input":"required name=search_term_string"}],"inLanguage":"sk-SK"}]}},"_links":{"self":[{"href":"https:\/\/arak.spicehorse.eu\/sk\/wp-json\/wp\/v2\/product\/38332"}],"collection":[{"href":"https:\/\/arak.spicehorse.eu\/sk\/wp-json\/wp\/v2\/product"}],"about":[{"href":"https:\/\/arak.spicehorse.eu\/sk\/wp-json\/wp\/v2\/types\/product"}],"wp:featuredmedia":[{"embeddable":true,"href":"https:\/\/arak.spicehorse.eu\/sk\/wp-json\/wp\/v2\/media\/38337"}],"wp:attachment":[{"href":"https:\/\/arak.spicehorse.eu\/sk\/wp-json\/wp\/v2\/media?parent=38332"}],"wp:term":[{"taxonomy":"product_cat","embeddable":true,"href":"https:\/\/arak.spicehorse.eu\/sk\/wp-json\/wp\/v2\/product_cat?post=38332"},{"taxonomy":"product_tag","embeddable":true,"href":"https:\/\/arak.spicehorse.eu\/sk\/wp-json\/wp\/v2\/product_tag?post=38332"}],"curies":[{"name":"wp","href":"https:\/\/api.w.org\/{rel}","templated":true}]}}