{"id":3932,"date":"2019-01-17T10:30:41","date_gmt":"2019-01-17T10:30:41","guid":{"rendered":"https:\/\/arak.spicehorse.eu\/product\/vodeodolne-saty-pre-psa\/"},"modified":"2024-01-13T00:01:06","modified_gmt":"2024-01-12T23:01:06","slug":"kentucky-vodeodolne-saty-pre-psa","status":"publish","type":"product","link":"https:\/\/arak.spicehorse.eu\/sk\/produkt\/kentucky-vodeodolne-saty-pre-psa\/","title":{"rendered":"Kentucky Vodeodoln\u00e9 \u0161aty pre psa"},"content":{"rendered":"<p><span lang=\"SK\">Tieto vynikaj\u00face Kentucky Horsewear vodeodoln\u00e9 \u0161aty pre ps\u00edkov zabezpe\u010duj\u00fa pre ka\u017ed\u00e9ho ps\u00edka such\u00e9 teplo aj po\u010das studen\u00fdch, zasne\u017een\u00fdch dn\u00ed. Maj\u00fa 300g v\u00fdpl\u0148, futro z\u00a0umelej zaja\u010dej ko\u017eu\u0161iny, ktor\u00e9 je mimoriadne m\u00e4kk\u00e9, zabra\u0148uje vy\u0161\u00fachaniu ko\u017ee a\u00a0nelep\u00ed sa na \u0148u psia srs\u0165. Pou\u017e\u00edvan\u00edm<\/span><span lang=\"SK\">vznikaj\u00fa drobn\u00e9 vzduchov\u00e9 vaky, ktor\u00e9 uchovaj\u00fa a udr\u017euj\u00fa telesn\u00fa teplotu psov. V\u010faka drobn\u00fdm ch\u013apkom umelej zaja\u010dej ko\u017eu\u0161iny sa srs\u0165 psa st\u00e1va lesklej\u0161ou, umel\u00fd baran\u010dek v\u00a0oblasti krku zabezpe\u010duje komfort a\u00a0teplo pre n\u00e1\u0161ho mil\u00e1\u010dika. Kapuc\u0148u mo\u017eno vyhrn\u00fa\u0165 v z\u00e1ujme maxim\u00e1lnej ochrany. Cez otvor vytvoren\u00fd pod kapuc\u0148ou mo\u017eno \u013eahko pripoji\u0165 v\u00f4dzku. <\/span><span lang=\"SK\">\u00a0<\/span><\/p>\n<p><span lang=\"SK\">Vlastnos\u0165ou vodeodoln\u00fdch \u0161iat pre ps\u00edka je, \u017ee sa dok\u00e1\u017eu dostato\u010dne pru\u017ene prisp\u00f4sobi\u0165 telu ps\u00edka. Vonkaj\u0161\u00ed materi\u00e1l je 10 000 mm vodeodoln\u00fd polyester, s\u00a0prievzdu\u0161nou membr\u00e1nou. <\/span><\/p>\n<p><span lang=\"SK\">Vonkaj\u0161\u00ed lem kab\u00e1tika pre ps\u00edkov, ako aj log\u00e1, ktor\u00e9 sa nach\u00e1dzaj\u00fa po stran\u00e1ch s\u00fa reflexn\u00e9, v\u010faka \u010domu s\u00fa ps\u00edky dobre vidite\u013en\u00e9 aj za tmy. S\u00a0posilnen\u00fdmi such\u00fdmi zipsami na hrudi a\u00a0na bruchu.<\/span><\/p>\n<p><span lang=\"SK\">Kentucky Horsewear vodeodoln\u00e9 \u0161aty pre ps\u00edka mo\u017eno pra\u0165 v\u00a0pr\u00e1\u010dke na 30 \u00b0(nevkladajte do su\u0161i\u010dky). <\/span><\/p>\n","protected":false},"excerpt":{"rendered":"<h3>Tieto vynikaj\u00face vodeodoln\u00e9 \u0161aty pre psa zabezpe\u010duj\u00fa pre ka\u017ed\u00e9ho ps\u00edka pocit such\u00e9ho tepla aj po\u010das chladn\u00fdch, zimn\u00fdch dn\u00ed.<\/h3>\n<ul>\n<li>300gr v\u00fdpl\u0148<\/li>\n<li>Futro z\u00a0umelej zaja\u010dej ko\u017eu\u0161iny \u2013 extra tepl\u00e9 a\u00a0m\u00e4kk\u00e9 pohodlie<\/li>\n<li>Ve\u013emi tepl\u00e9, napriek tomu \u013eahk\u00e9<\/li>\n<li>Vodeodoln\u00e9, s prievzdu\u0161nou membr\u00e1nou: 10\u00a0000mm<\/li>\n<li>Upev\u0148uj\u00fa sa pomocou such\u00e9ho zipsu na hrudi a bruchu<\/li>\n<li>Umel\u00e1 zaja\u010dia ko\u017eu\u0161inka v\u00a0oblasti krku<\/li>\n<li>Mo\u017eno pra\u0165 v\u00a0pr\u00e1\u010dke na 30\u00b0 (nevkladajte do su\u0161i\u010dky)<\/li>\n<\/ul>\n","protected":false},"featured_media":65533,"template":"","meta":{"_acf_changed":false},"product_cat":[78,74,299],"product_tag":[184,181],"acf":[],"yoast_head":"<!-- This site is optimized with the Yoast SEO plugin v21.4 - https:\/\/yoast.com\/wordpress\/plugins\/seo\/ -->\n<title>Kentucky Vodeodoln\u00e9 \u0161aty pre psa - Spicehorse<\/title>\n<meta name=\"description\" content=\"Kentucky Horsewar Vodeodoln\u00e9 \u0161aty pre psa. Tieto vynikaj\u00face vodeodoln\u00e9 \u0161aty pre psa zabezpe\u010duj\u00fa pre ka\u017ed\u00e9ho ps\u00edka pocit such\u00e9ho tepla aj po\u010das chladn\u00fdch, zimn\u00fdch dn\u00ed.\" \/>\n<meta name=\"robots\" content=\"index, follow, max-snippet:-1, max-image-preview:large, max-video-preview:-1\" \/>\n<link rel=\"canonical\" href=\"https:\/\/arak.spicehorse.eu\/sk\/produkt\/kentucky-vodeodolne-saty-pre-psa\/\" \/>\n<meta property=\"og:locale\" content=\"sk_SK\" \/>\n<meta property=\"og:type\" content=\"article\" \/>\n<meta property=\"og:title\" content=\"Kentucky Vodeodoln\u00e9 \u0161aty pre psa - Spicehorse\" \/>\n<meta property=\"og:description\" content=\"Kentucky Horsewar Vodeodoln\u00e9 \u0161aty pre psa. Tieto vynikaj\u00face vodeodoln\u00e9 \u0161aty pre psa zabezpe\u010duj\u00fa pre ka\u017ed\u00e9ho ps\u00edka pocit such\u00e9ho tepla aj po\u010das chladn\u00fdch, zimn\u00fdch dn\u00ed.\" \/>\n<meta property=\"og:url\" content=\"https:\/\/arak.spicehorse.eu\/sk\/produkt\/kentucky-vodeodolne-saty-pre-psa\/\" \/>\n<meta property=\"og:site_name\" content=\"Spicehorse\" \/>\n<meta property=\"article:publisher\" content=\"https:\/\/www.facebook.com\/SPICEHORSE-550385625402457\/\" \/>\n<meta property=\"article:modified_time\" content=\"2024-01-12T23:01:06+00:00\" \/>\n<meta property=\"og:image\" content=\"https:\/\/arak.spicehorse.eu\/wp-content\/uploads\/2019\/01\/c-564c22e810080218547dfa1c1093aa08-article-photobook-l.png\" \/>\n\t<meta property=\"og:image:width\" content=\"728\" \/>\n\t<meta property=\"og:image:height\" content=\"728\" \/>\n\t<meta property=\"og:image:type\" content=\"image\/png\" \/>\n<meta name=\"twitter:card\" content=\"summary_large_image\" \/>\n<meta name=\"twitter:label1\" content=\"Predpokladan\u00fd \u010das \u010d\u00edtania\" \/>\n\t<meta name=\"twitter:data1\" content=\"1 min\u00fata\" \/>\n<script type=\"application\/ld+json\" class=\"yoast-schema-graph\">{\"@context\":\"https:\/\/schema.org\",\"@graph\":[{\"@type\":\"WebPage\",\"@id\":\"https:\/\/arak.spicehorse.eu\/sk\/produkt\/kentucky-vodeodolne-saty-pre-psa\/\",\"url\":\"https:\/\/arak.spicehorse.eu\/sk\/produkt\/kentucky-vodeodolne-saty-pre-psa\/\",\"name\":\"Kentucky Vodeodoln\u00e9 \u0161aty pre psa - Spicehorse\",\"isPartOf\":{\"@id\":\"https:\/\/arak.spicehorse.eu\/en\/#website\"},\"datePublished\":\"2019-01-17T10:30:41+00:00\",\"dateModified\":\"2024-01-12T23:01:06+00:00\",\"description\":\"Kentucky Horsewar Vodeodoln\u00e9 \u0161aty pre psa. Tieto vynikaj\u00face vodeodoln\u00e9 \u0161aty pre psa zabezpe\u010duj\u00fa pre ka\u017ed\u00e9ho ps\u00edka pocit such\u00e9ho tepla aj po\u010das chladn\u00fdch, zimn\u00fdch dn\u00ed.\",\"breadcrumb\":{\"@id\":\"https:\/\/arak.spicehorse.eu\/sk\/produkt\/kentucky-vodeodolne-saty-pre-psa\/#breadcrumb\"},\"inLanguage\":\"sk-SK\",\"potentialAction\":[{\"@type\":\"ReadAction\",\"target\":[\"https:\/\/arak.spicehorse.eu\/sk\/produkt\/kentucky-vodeodolne-saty-pre-psa\/\"]}]},{\"@type\":\"BreadcrumbList\",\"@id\":\"https:\/\/arak.spicehorse.eu\/sk\/produkt\/kentucky-vodeodolne-saty-pre-psa\/#breadcrumb\",\"itemListElement\":[{\"@type\":\"ListItem\",\"position\":1,\"name\":\"Home\",\"item\":\"https:\/\/arak.spicehorse.eu\/sk\/\"},{\"@type\":\"ListItem\",\"position\":2,\"name\":\"Predaj\u0148a\",\"item\":\"https:\/\/arak.spicehorse.eu\/sk\/predajna\/\"},{\"@type\":\"ListItem\",\"position\":3,\"name\":\"Kentucky Vodeodoln\u00e9 \u0161aty pre psa\"}]},{\"@type\":\"WebSite\",\"@id\":\"https:\/\/arak.spicehorse.eu\/en\/#website\",\"url\":\"https:\/\/arak.spicehorse.eu\/en\/\",\"name\":\"Spicehorse\",\"description\":\"UNDER DEVELOPMENT -\",\"potentialAction\":[{\"@type\":\"SearchAction\",\"target\":{\"@type\":\"EntryPoint\",\"urlTemplate\":\"https:\/\/arak.spicehorse.eu\/en\/?s={search_term_string}\"},\"query-input\":\"required name=search_term_string\"}],\"inLanguage\":\"sk-SK\"}]}<\/script>\n<!-- \/ Yoast SEO plugin. -->","yoast_head_json":{"title":"Kentucky Vodeodoln\u00e9 \u0161aty pre psa - Spicehorse","description":"Kentucky Horsewar Vodeodoln\u00e9 \u0161aty pre psa. Tieto vynikaj\u00face vodeodoln\u00e9 \u0161aty pre psa zabezpe\u010duj\u00fa pre ka\u017ed\u00e9ho ps\u00edka pocit such\u00e9ho tepla aj po\u010das chladn\u00fdch, zimn\u00fdch dn\u00ed.","robots":{"index":"index","follow":"follow","max-snippet":"max-snippet:-1","max-image-preview":"max-image-preview:large","max-video-preview":"max-video-preview:-1"},"canonical":"https:\/\/arak.spicehorse.eu\/sk\/produkt\/kentucky-vodeodolne-saty-pre-psa\/","og_locale":"sk_SK","og_type":"article","og_title":"Kentucky Vodeodoln\u00e9 \u0161aty pre psa - Spicehorse","og_description":"Kentucky Horsewar Vodeodoln\u00e9 \u0161aty pre psa. Tieto vynikaj\u00face vodeodoln\u00e9 \u0161aty pre psa zabezpe\u010duj\u00fa pre ka\u017ed\u00e9ho ps\u00edka pocit such\u00e9ho tepla aj po\u010das chladn\u00fdch, zimn\u00fdch dn\u00ed.","og_url":"https:\/\/arak.spicehorse.eu\/sk\/produkt\/kentucky-vodeodolne-saty-pre-psa\/","og_site_name":"Spicehorse","article_publisher":"https:\/\/www.facebook.com\/SPICEHORSE-550385625402457\/","article_modified_time":"2024-01-12T23:01:06+00:00","og_image":[{"width":728,"height":728,"url":"https:\/\/arak.spicehorse.eu\/wp-content\/uploads\/2019\/01\/c-564c22e810080218547dfa1c1093aa08-article-photobook-l.png","type":"image\/png"}],"twitter_card":"summary_large_image","twitter_misc":{"Predpokladan\u00fd \u010das \u010d\u00edtania":"1 min\u00fata"},"schema":{"@context":"https:\/\/schema.org","@graph":[{"@type":"WebPage","@id":"https:\/\/arak.spicehorse.eu\/sk\/produkt\/kentucky-vodeodolne-saty-pre-psa\/","url":"https:\/\/arak.spicehorse.eu\/sk\/produkt\/kentucky-vodeodolne-saty-pre-psa\/","name":"Kentucky Vodeodoln\u00e9 \u0161aty pre psa - Spicehorse","isPartOf":{"@id":"https:\/\/arak.spicehorse.eu\/en\/#website"},"datePublished":"2019-01-17T10:30:41+00:00","dateModified":"2024-01-12T23:01:06+00:00","description":"Kentucky Horsewar Vodeodoln\u00e9 \u0161aty pre psa. Tieto vynikaj\u00face vodeodoln\u00e9 \u0161aty pre psa zabezpe\u010duj\u00fa pre ka\u017ed\u00e9ho ps\u00edka pocit such\u00e9ho tepla aj po\u010das chladn\u00fdch, zimn\u00fdch dn\u00ed.","breadcrumb":{"@id":"https:\/\/arak.spicehorse.eu\/sk\/produkt\/kentucky-vodeodolne-saty-pre-psa\/#breadcrumb"},"inLanguage":"sk-SK","potentialAction":[{"@type":"ReadAction","target":["https:\/\/arak.spicehorse.eu\/sk\/produkt\/kentucky-vodeodolne-saty-pre-psa\/"]}]},{"@type":"BreadcrumbList","@id":"https:\/\/arak.spicehorse.eu\/sk\/produkt\/kentucky-vodeodolne-saty-pre-psa\/#breadcrumb","itemListElement":[{"@type":"ListItem","position":1,"name":"Home","item":"https:\/\/arak.spicehorse.eu\/sk\/"},{"@type":"ListItem","position":2,"name":"Predaj\u0148a","item":"https:\/\/arak.spicehorse.eu\/sk\/predajna\/"},{"@type":"ListItem","position":3,"name":"Kentucky Vodeodoln\u00e9 \u0161aty pre psa"}]},{"@type":"WebSite","@id":"https:\/\/arak.spicehorse.eu\/en\/#website","url":"https:\/\/arak.spicehorse.eu\/en\/","name":"Spicehorse","description":"UNDER DEVELOPMENT -","potentialAction":[{"@type":"SearchAction","target":{"@type":"EntryPoint","urlTemplate":"https:\/\/arak.spicehorse.eu\/en\/?s={search_term_string}"},"query-input":"required name=search_term_string"}],"inLanguage":"sk-SK"}]}},"_links":{"self":[{"href":"https:\/\/arak.spicehorse.eu\/sk\/wp-json\/wp\/v2\/product\/3932"}],"collection":[{"href":"https:\/\/arak.spicehorse.eu\/sk\/wp-json\/wp\/v2\/product"}],"about":[{"href":"https:\/\/arak.spicehorse.eu\/sk\/wp-json\/wp\/v2\/types\/product"}],"wp:featuredmedia":[{"embeddable":true,"href":"https:\/\/arak.spicehorse.eu\/sk\/wp-json\/wp\/v2\/media\/65533"}],"wp:attachment":[{"href":"https:\/\/arak.spicehorse.eu\/sk\/wp-json\/wp\/v2\/media?parent=3932"}],"wp:term":[{"taxonomy":"product_cat","embeddable":true,"href":"https:\/\/arak.spicehorse.eu\/sk\/wp-json\/wp\/v2\/product_cat?post=3932"},{"taxonomy":"product_tag","embeddable":true,"href":"https:\/\/arak.spicehorse.eu\/sk\/wp-json\/wp\/v2\/product_tag?post=3932"}],"curies":[{"name":"wp","href":"https:\/\/api.w.org\/{rel}","templated":true}]}}