{"id":39348,"date":"2021-10-10T18:34:33","date_gmt":"2021-10-10T16:34:33","guid":{"rendered":"https:\/\/arak.spicehorse.eu\/?post_type=product&#038;p=39348"},"modified":"2024-02-04T15:54:57","modified_gmt":"2024-02-04T14:54:57","slug":"equestrian-stockholm-klucenka-rose-gold","status":"publish","type":"product","link":"https:\/\/arak.spicehorse.eu\/sk\/produkt\/equestrian-stockholm-klucenka-rose-gold\/","title":{"rendered":"Equestrian Stockholm k\u013e\u00fa\u010denka rose gold"},"content":{"rendered":"<p>Dokonal\u00fd doplnok, hod\u00ed sa ku v\u0161etk\u00e9mu. Elegantn\u00e1 k\u013e\u00fa\u010denka Equestrian Stockholm v rose gold farbe. Klasick\u00fd dizajn, s\u00a0Equestrian Stockholm logom a n\u00e1pisom.<\/p>\n","protected":false},"excerpt":{"rendered":"<p>Dokonal\u00fd doplnok, hod\u00ed sa ku v\u0161etk\u00e9mu. Elegantn\u00e1 k\u013e\u00fa\u010denka Equestrian Stockholm v rose gold farbe. Klasick\u00fd dizajn, s\u00a0Equestrian Stockholm logom a n\u00e1pisom.<\/p>\n","protected":false},"featured_media":39351,"template":"","meta":{"_acf_changed":false},"product_cat":[2643,76,312],"product_tag":[351,1410,419],"acf":[],"yoast_head":"<!-- This site is optimized with the Yoast SEO plugin v21.4 - https:\/\/yoast.com\/wordpress\/plugins\/seo\/ -->\n<title>Equestrian Stockholm k\u013e\u00fa\u010denka rose gold - Spicehorse<\/title>\n<meta name=\"description\" content=\"spicehorse.eu | Elegantn\u00e1 k\u013e\u00fa\u010denka Equestrian Stockholm v rose gold farbe.\" \/>\n<meta name=\"robots\" content=\"index, follow, max-snippet:-1, max-image-preview:large, max-video-preview:-1\" \/>\n<link rel=\"canonical\" href=\"https:\/\/arak.spicehorse.eu\/termek\/equestrian-stockholm-kulcstarto-rose-gold\/\" \/>\n<meta property=\"og:locale\" content=\"sk_SK\" \/>\n<meta property=\"og:type\" content=\"article\" \/>\n<meta property=\"og:title\" content=\"Equestrian Stockholm k\u013e\u00fa\u010denka rose gold - Spicehorse\" \/>\n<meta property=\"og:description\" content=\"spicehorse.eu | Elegantn\u00e1 k\u013e\u00fa\u010denka Equestrian Stockholm v rose gold farbe.\" \/>\n<meta property=\"og:url\" content=\"https:\/\/arak.spicehorse.eu\/termek\/equestrian-stockholm-kulcstarto-rose-gold\/\" \/>\n<meta property=\"og:site_name\" content=\"Spicehorse\" \/>\n<meta property=\"article:publisher\" content=\"https:\/\/www.facebook.com\/SPICEHORSE-550385625402457\/\" \/>\n<meta property=\"article:modified_time\" content=\"2024-02-04T14:54:57+00:00\" \/>\n<meta property=\"og:image\" content=\"https:\/\/arak.spicehorse.eu\/wp-content\/uploads\/2021\/10\/rose-sida-1.jpg\" \/>\n\t<meta property=\"og:image:width\" content=\"600\" \/>\n\t<meta property=\"og:image:height\" content=\"800\" \/>\n\t<meta property=\"og:image:type\" content=\"image\/jpeg\" \/>\n<meta name=\"twitter:card\" content=\"summary_large_image\" \/>\n<script type=\"application\/ld+json\" class=\"yoast-schema-graph\">{\"@context\":\"https:\/\/schema.org\",\"@graph\":[{\"@type\":\"WebPage\",\"@id\":\"https:\/\/arak.spicehorse.eu\/termek\/equestrian-stockholm-kulcstarto-rose-gold\/\",\"url\":\"https:\/\/arak.spicehorse.eu\/termek\/equestrian-stockholm-kulcstarto-rose-gold\/\",\"name\":\"Equestrian Stockholm k\u013e\u00fa\u010denka rose gold - Spicehorse\",\"isPartOf\":{\"@id\":\"https:\/\/arak.spicehorse.eu\/en\/#website\"},\"datePublished\":\"2021-10-10T16:34:33+00:00\",\"dateModified\":\"2024-02-04T14:54:57+00:00\",\"description\":\"spicehorse.eu | Elegantn\u00e1 k\u013e\u00fa\u010denka Equestrian Stockholm v rose gold farbe.\",\"breadcrumb\":{\"@id\":\"https:\/\/arak.spicehorse.eu\/termek\/equestrian-stockholm-kulcstarto-rose-gold\/#breadcrumb\"},\"inLanguage\":\"sk-SK\",\"potentialAction\":[{\"@type\":\"ReadAction\",\"target\":[\"https:\/\/arak.spicehorse.eu\/termek\/equestrian-stockholm-kulcstarto-rose-gold\/\"]}]},{\"@type\":\"BreadcrumbList\",\"@id\":\"https:\/\/arak.spicehorse.eu\/termek\/equestrian-stockholm-kulcstarto-rose-gold\/#breadcrumb\",\"itemListElement\":[{\"@type\":\"ListItem\",\"position\":1,\"name\":\"Home\",\"item\":\"https:\/\/arak.spicehorse.eu\/sk\/\"},{\"@type\":\"ListItem\",\"position\":2,\"name\":\"Predaj\u0148a\",\"item\":\"https:\/\/arak.spicehorse.eu\/sk\/predajna\/\"},{\"@type\":\"ListItem\",\"position\":3,\"name\":\"Equestrian Stockholm k\u013e\u00fa\u010denka rose gold\"}]},{\"@type\":\"WebSite\",\"@id\":\"https:\/\/arak.spicehorse.eu\/en\/#website\",\"url\":\"https:\/\/arak.spicehorse.eu\/en\/\",\"name\":\"Spicehorse\",\"description\":\"UNDER DEVELOPMENT -\",\"potentialAction\":[{\"@type\":\"SearchAction\",\"target\":{\"@type\":\"EntryPoint\",\"urlTemplate\":\"https:\/\/arak.spicehorse.eu\/en\/?s={search_term_string}\"},\"query-input\":\"required name=search_term_string\"}],\"inLanguage\":\"sk-SK\"}]}<\/script>\n<!-- \/ Yoast SEO plugin. -->","yoast_head_json":{"title":"Equestrian Stockholm k\u013e\u00fa\u010denka rose gold - Spicehorse","description":"spicehorse.eu | Elegantn\u00e1 k\u013e\u00fa\u010denka Equestrian Stockholm v rose gold farbe.","robots":{"index":"index","follow":"follow","max-snippet":"max-snippet:-1","max-image-preview":"max-image-preview:large","max-video-preview":"max-video-preview:-1"},"canonical":"https:\/\/arak.spicehorse.eu\/termek\/equestrian-stockholm-kulcstarto-rose-gold\/","og_locale":"sk_SK","og_type":"article","og_title":"Equestrian Stockholm k\u013e\u00fa\u010denka rose gold - Spicehorse","og_description":"spicehorse.eu | Elegantn\u00e1 k\u013e\u00fa\u010denka Equestrian Stockholm v rose gold farbe.","og_url":"https:\/\/arak.spicehorse.eu\/termek\/equestrian-stockholm-kulcstarto-rose-gold\/","og_site_name":"Spicehorse","article_publisher":"https:\/\/www.facebook.com\/SPICEHORSE-550385625402457\/","article_modified_time":"2024-02-04T14:54:57+00:00","og_image":[{"width":600,"height":800,"url":"https:\/\/arak.spicehorse.eu\/wp-content\/uploads\/2021\/10\/rose-sida-1.jpg","type":"image\/jpeg"}],"twitter_card":"summary_large_image","schema":{"@context":"https:\/\/schema.org","@graph":[{"@type":"WebPage","@id":"https:\/\/arak.spicehorse.eu\/termek\/equestrian-stockholm-kulcstarto-rose-gold\/","url":"https:\/\/arak.spicehorse.eu\/termek\/equestrian-stockholm-kulcstarto-rose-gold\/","name":"Equestrian Stockholm k\u013e\u00fa\u010denka rose gold - Spicehorse","isPartOf":{"@id":"https:\/\/arak.spicehorse.eu\/en\/#website"},"datePublished":"2021-10-10T16:34:33+00:00","dateModified":"2024-02-04T14:54:57+00:00","description":"spicehorse.eu | Elegantn\u00e1 k\u013e\u00fa\u010denka Equestrian Stockholm v rose gold farbe.","breadcrumb":{"@id":"https:\/\/arak.spicehorse.eu\/termek\/equestrian-stockholm-kulcstarto-rose-gold\/#breadcrumb"},"inLanguage":"sk-SK","potentialAction":[{"@type":"ReadAction","target":["https:\/\/arak.spicehorse.eu\/termek\/equestrian-stockholm-kulcstarto-rose-gold\/"]}]},{"@type":"BreadcrumbList","@id":"https:\/\/arak.spicehorse.eu\/termek\/equestrian-stockholm-kulcstarto-rose-gold\/#breadcrumb","itemListElement":[{"@type":"ListItem","position":1,"name":"Home","item":"https:\/\/arak.spicehorse.eu\/sk\/"},{"@type":"ListItem","position":2,"name":"Predaj\u0148a","item":"https:\/\/arak.spicehorse.eu\/sk\/predajna\/"},{"@type":"ListItem","position":3,"name":"Equestrian Stockholm k\u013e\u00fa\u010denka rose gold"}]},{"@type":"WebSite","@id":"https:\/\/arak.spicehorse.eu\/en\/#website","url":"https:\/\/arak.spicehorse.eu\/en\/","name":"Spicehorse","description":"UNDER DEVELOPMENT -","potentialAction":[{"@type":"SearchAction","target":{"@type":"EntryPoint","urlTemplate":"https:\/\/arak.spicehorse.eu\/en\/?s={search_term_string}"},"query-input":"required name=search_term_string"}],"inLanguage":"sk-SK"}]}},"_links":{"self":[{"href":"https:\/\/arak.spicehorse.eu\/sk\/wp-json\/wp\/v2\/product\/39348"}],"collection":[{"href":"https:\/\/arak.spicehorse.eu\/sk\/wp-json\/wp\/v2\/product"}],"about":[{"href":"https:\/\/arak.spicehorse.eu\/sk\/wp-json\/wp\/v2\/types\/product"}],"wp:featuredmedia":[{"embeddable":true,"href":"https:\/\/arak.spicehorse.eu\/sk\/wp-json\/wp\/v2\/media\/39351"}],"wp:attachment":[{"href":"https:\/\/arak.spicehorse.eu\/sk\/wp-json\/wp\/v2\/media?parent=39348"}],"wp:term":[{"taxonomy":"product_cat","embeddable":true,"href":"https:\/\/arak.spicehorse.eu\/sk\/wp-json\/wp\/v2\/product_cat?post=39348"},{"taxonomy":"product_tag","embeddable":true,"href":"https:\/\/arak.spicehorse.eu\/sk\/wp-json\/wp\/v2\/product_tag?post=39348"}],"curies":[{"name":"wp","href":"https:\/\/api.w.org\/{rel}","templated":true}]}}