{"id":39498,"date":"2021-10-12T20:46:14","date_gmt":"2021-10-12T18:46:17","guid":{"rendered":"https:\/\/arak.spicehorse.eu\/?post_type=product&#038;p=39498"},"modified":"2024-11-21T16:06:16","modified_gmt":"2024-11-21T15:06:16","slug":"kentucky-duvet-poddeka-300g","status":"publish","type":"product","link":"https:\/\/arak.spicehorse.eu\/sk\/produkt\/kentucky-duvet-poddeka-300g\/","title":{"rendered":"Kentucky Duvet poddeka 300g"},"content":{"rendered":"<p>Kentucky Horsewear Duvet poddeka 300g je ob\u013e\u00fabenou poddekou odborn\u00edkov. Tepl\u00e1 deka udr\u017euje kone v\u00a0teple, zachov\u00e1va telesn\u00fa teplotu ko\u0148a a\u00a0neprep\u00fa\u0161\u0165a chlad. \u013dahko sa umiest\u0148uje, m\u00f4\u017ee sa pou\u017e\u00edva\u0165 bez popruhov\u00e9ho reme\u0148a a akejko\u013evek spony.<\/p>\n<p>Duvet deka je vyroben\u00e1 z\u00a0polyesterov\u00fdch mikrovl\u00e1kien. Na dotyk p\u00f4sob\u00ed ako jemn\u00e1 bavlna, nezo\u0161mykuje sa. S 300 gramovou v\u00fdpl\u0148ou. Napriek nieko\u013ek\u00fdm vrstv\u00e1m je prievzdu\u0161n\u00e1, pohlcuje pachy a\u00a0udr\u017e\u00ed si svoj tvar.<\/p>\n<p>Je ve\u013ek\u00e1 (200 x 180), v\u010faka \u010domu je vhodn\u00e1 prakticky pre v\u0161etky kone. Je ide\u00e1lnou vo\u013ebou pre t\u00fdch jazdcov, ktor\u00ed jazdia na viacer\u00fdch ko\u0148och, preto\u017ee sa prisp\u00f4sob\u00ed ku ka\u017ed\u00e9mu ko\u0148ovi. V\u010faka polyesterov\u00e9mu materi\u00e1lu z\u00a0mikrovl\u00e1kien sa nezo\u0161mykuje, je ide\u00e1lnou vo\u013ebou pod v\u0161etky deky. S\u00a0pred\u013a\u017eenou kr\u010dnou \u010das\u0165ou, nevy\u0161\u00facha hrivu ko\u0148a. Kr\u010dn\u00fa \u010das\u0165 je mo\u017en\u00e9 vyhrn\u00fa\u0165.<\/p>\n<p>Deku mo\u017eno pra\u0165 v\u00a0pr\u00e1\u010dke na 30\u00b0 (nevkladajte do su\u0161i\u010dky). Su\u0161te na vzduchu.<\/p>\n","protected":false},"excerpt":{"rendered":"<h3>Kentucky poddeka je u\u017eito\u010dn\u00e1 ak nastan\u00fa chladn\u00e9 zimn\u00e9 dni a potrebujeme ma\u0165 ko\u0148a vo v\u00e4\u010d\u0161om teple.<\/h3>\n<ul>\n<li>Pou\u017e\u00edvan\u00e1 odborn\u00edkmi<\/li>\n<li>Udr\u017euje telesn\u00fa teplotu, neprep\u00fa\u0161\u0165a chlad<\/li>\n<li>Pohlcuje pachy<\/li>\n<li>Je vhodn\u00e1 pre v\u0161etky kone<\/li>\n<li>S pred\u013a\u017eenou kr\u010dnou \u010das\u0165ou<\/li>\n<\/ul>\n","protected":false},"featured_media":39506,"template":"","meta":{"_acf_changed":false},"product_cat":[75,99],"product_tag":[135,184],"acf":[],"yoast_head":"<!-- This site is optimized with the Yoast SEO plugin v21.4 - https:\/\/yoast.com\/wordpress\/plugins\/seo\/ -->\n<title>Kentucky Duvet poddeka 300g - Spicehorse<\/title>\n<meta name=\"description\" content=\"spicehorse.eu | Kentucky Horsewear poddeka je u\u017eito\u010dn\u00e1 ak nastan\u00fa chladn\u00e9 zimn\u00e9 dni a potrebujeme ma\u0165 ko\u0148a vo v\u00e4\u010d\u0161om teple.\" \/>\n<meta name=\"robots\" content=\"index, follow, max-snippet:-1, max-image-preview:large, max-video-preview:-1\" \/>\n<link rel=\"canonical\" href=\"https:\/\/arak.spicehorse.eu\/termek\/kentucky-duvet-alatettakaro-300g\/\" \/>\n<meta property=\"og:locale\" content=\"sk_SK\" \/>\n<meta property=\"og:type\" content=\"article\" \/>\n<meta property=\"og:title\" content=\"Kentucky Duvet poddeka 300g - Spicehorse\" \/>\n<meta property=\"og:description\" content=\"spicehorse.eu | Kentucky Horsewear poddeka je u\u017eito\u010dn\u00e1 ak nastan\u00fa chladn\u00e9 zimn\u00e9 dni a potrebujeme ma\u0165 ko\u0148a vo v\u00e4\u010d\u0161om teple.\" \/>\n<meta property=\"og:url\" content=\"https:\/\/arak.spicehorse.eu\/termek\/kentucky-duvet-alatettakaro-300g\/\" \/>\n<meta property=\"og:site_name\" content=\"Spicehorse\" \/>\n<meta property=\"article:publisher\" content=\"https:\/\/www.facebook.com\/SPICEHORSE-550385625402457\/\" \/>\n<meta property=\"article:modified_time\" content=\"2024-11-21T15:06:16+00:00\" \/>\n<meta property=\"og:image\" content=\"https:\/\/arak.spicehorse.eu\/wp-content\/uploads\/2021\/10\/ebf75116bba5f7fea7f7b15bb6c19245062baa098f6a7c1e683c8ee6008ac4bc.jpg\" \/>\n\t<meta property=\"og:image:width\" content=\"2048\" \/>\n\t<meta property=\"og:image:height\" content=\"2048\" \/>\n\t<meta property=\"og:image:type\" content=\"image\/jpeg\" \/>\n<meta name=\"twitter:card\" content=\"summary_large_image\" \/>\n<meta name=\"twitter:label1\" content=\"Predpokladan\u00fd \u010das \u010d\u00edtania\" \/>\n\t<meta name=\"twitter:data1\" content=\"1 min\u00fata\" \/>\n<script type=\"application\/ld+json\" class=\"yoast-schema-graph\">{\"@context\":\"https:\/\/schema.org\",\"@graph\":[{\"@type\":\"WebPage\",\"@id\":\"https:\/\/arak.spicehorse.eu\/termek\/kentucky-duvet-alatettakaro-300g\/\",\"url\":\"https:\/\/arak.spicehorse.eu\/termek\/kentucky-duvet-alatettakaro-300g\/\",\"name\":\"Kentucky Duvet poddeka 300g - Spicehorse\",\"isPartOf\":{\"@id\":\"https:\/\/arak.spicehorse.eu\/en\/#website\"},\"datePublished\":\"2021-10-12T18:46:17+00:00\",\"dateModified\":\"2024-11-21T15:06:16+00:00\",\"description\":\"spicehorse.eu | Kentucky Horsewear poddeka je u\u017eito\u010dn\u00e1 ak nastan\u00fa chladn\u00e9 zimn\u00e9 dni a potrebujeme ma\u0165 ko\u0148a vo v\u00e4\u010d\u0161om teple.\",\"breadcrumb\":{\"@id\":\"https:\/\/arak.spicehorse.eu\/termek\/kentucky-duvet-alatettakaro-300g\/#breadcrumb\"},\"inLanguage\":\"sk-SK\",\"potentialAction\":[{\"@type\":\"ReadAction\",\"target\":[\"https:\/\/arak.spicehorse.eu\/termek\/kentucky-duvet-alatettakaro-300g\/\"]}]},{\"@type\":\"BreadcrumbList\",\"@id\":\"https:\/\/arak.spicehorse.eu\/termek\/kentucky-duvet-alatettakaro-300g\/#breadcrumb\",\"itemListElement\":[{\"@type\":\"ListItem\",\"position\":1,\"name\":\"Home\",\"item\":\"https:\/\/arak.spicehorse.eu\/sk\/\"},{\"@type\":\"ListItem\",\"position\":2,\"name\":\"Predaj\u0148a\",\"item\":\"https:\/\/arak.spicehorse.eu\/sk\/predajna\/\"},{\"@type\":\"ListItem\",\"position\":3,\"name\":\"Kentucky Duvet poddeka 300g\"}]},{\"@type\":\"WebSite\",\"@id\":\"https:\/\/arak.spicehorse.eu\/en\/#website\",\"url\":\"https:\/\/arak.spicehorse.eu\/en\/\",\"name\":\"Spicehorse\",\"description\":\"UNDER DEVELOPMENT -\",\"potentialAction\":[{\"@type\":\"SearchAction\",\"target\":{\"@type\":\"EntryPoint\",\"urlTemplate\":\"https:\/\/arak.spicehorse.eu\/en\/?s={search_term_string}\"},\"query-input\":\"required name=search_term_string\"}],\"inLanguage\":\"sk-SK\"}]}<\/script>\n<!-- \/ Yoast SEO plugin. -->","yoast_head_json":{"title":"Kentucky Duvet poddeka 300g - Spicehorse","description":"spicehorse.eu | Kentucky Horsewear poddeka je u\u017eito\u010dn\u00e1 ak nastan\u00fa chladn\u00e9 zimn\u00e9 dni a potrebujeme ma\u0165 ko\u0148a vo v\u00e4\u010d\u0161om teple.","robots":{"index":"index","follow":"follow","max-snippet":"max-snippet:-1","max-image-preview":"max-image-preview:large","max-video-preview":"max-video-preview:-1"},"canonical":"https:\/\/arak.spicehorse.eu\/termek\/kentucky-duvet-alatettakaro-300g\/","og_locale":"sk_SK","og_type":"article","og_title":"Kentucky Duvet poddeka 300g - Spicehorse","og_description":"spicehorse.eu | Kentucky Horsewear poddeka je u\u017eito\u010dn\u00e1 ak nastan\u00fa chladn\u00e9 zimn\u00e9 dni a potrebujeme ma\u0165 ko\u0148a vo v\u00e4\u010d\u0161om teple.","og_url":"https:\/\/arak.spicehorse.eu\/termek\/kentucky-duvet-alatettakaro-300g\/","og_site_name":"Spicehorse","article_publisher":"https:\/\/www.facebook.com\/SPICEHORSE-550385625402457\/","article_modified_time":"2024-11-21T15:06:16+00:00","og_image":[{"width":2048,"height":2048,"url":"https:\/\/arak.spicehorse.eu\/wp-content\/uploads\/2021\/10\/ebf75116bba5f7fea7f7b15bb6c19245062baa098f6a7c1e683c8ee6008ac4bc.jpg","type":"image\/jpeg"}],"twitter_card":"summary_large_image","twitter_misc":{"Predpokladan\u00fd \u010das \u010d\u00edtania":"1 min\u00fata"},"schema":{"@context":"https:\/\/schema.org","@graph":[{"@type":"WebPage","@id":"https:\/\/arak.spicehorse.eu\/termek\/kentucky-duvet-alatettakaro-300g\/","url":"https:\/\/arak.spicehorse.eu\/termek\/kentucky-duvet-alatettakaro-300g\/","name":"Kentucky Duvet poddeka 300g - Spicehorse","isPartOf":{"@id":"https:\/\/arak.spicehorse.eu\/en\/#website"},"datePublished":"2021-10-12T18:46:17+00:00","dateModified":"2024-11-21T15:06:16+00:00","description":"spicehorse.eu | Kentucky Horsewear poddeka je u\u017eito\u010dn\u00e1 ak nastan\u00fa chladn\u00e9 zimn\u00e9 dni a potrebujeme ma\u0165 ko\u0148a vo v\u00e4\u010d\u0161om teple.","breadcrumb":{"@id":"https:\/\/arak.spicehorse.eu\/termek\/kentucky-duvet-alatettakaro-300g\/#breadcrumb"},"inLanguage":"sk-SK","potentialAction":[{"@type":"ReadAction","target":["https:\/\/arak.spicehorse.eu\/termek\/kentucky-duvet-alatettakaro-300g\/"]}]},{"@type":"BreadcrumbList","@id":"https:\/\/arak.spicehorse.eu\/termek\/kentucky-duvet-alatettakaro-300g\/#breadcrumb","itemListElement":[{"@type":"ListItem","position":1,"name":"Home","item":"https:\/\/arak.spicehorse.eu\/sk\/"},{"@type":"ListItem","position":2,"name":"Predaj\u0148a","item":"https:\/\/arak.spicehorse.eu\/sk\/predajna\/"},{"@type":"ListItem","position":3,"name":"Kentucky Duvet poddeka 300g"}]},{"@type":"WebSite","@id":"https:\/\/arak.spicehorse.eu\/en\/#website","url":"https:\/\/arak.spicehorse.eu\/en\/","name":"Spicehorse","description":"UNDER DEVELOPMENT -","potentialAction":[{"@type":"SearchAction","target":{"@type":"EntryPoint","urlTemplate":"https:\/\/arak.spicehorse.eu\/en\/?s={search_term_string}"},"query-input":"required name=search_term_string"}],"inLanguage":"sk-SK"}]}},"_links":{"self":[{"href":"https:\/\/arak.spicehorse.eu\/sk\/wp-json\/wp\/v2\/product\/39498"}],"collection":[{"href":"https:\/\/arak.spicehorse.eu\/sk\/wp-json\/wp\/v2\/product"}],"about":[{"href":"https:\/\/arak.spicehorse.eu\/sk\/wp-json\/wp\/v2\/types\/product"}],"wp:featuredmedia":[{"embeddable":true,"href":"https:\/\/arak.spicehorse.eu\/sk\/wp-json\/wp\/v2\/media\/39506"}],"wp:attachment":[{"href":"https:\/\/arak.spicehorse.eu\/sk\/wp-json\/wp\/v2\/media?parent=39498"}],"wp:term":[{"taxonomy":"product_cat","embeddable":true,"href":"https:\/\/arak.spicehorse.eu\/sk\/wp-json\/wp\/v2\/product_cat?post=39498"},{"taxonomy":"product_tag","embeddable":true,"href":"https:\/\/arak.spicehorse.eu\/sk\/wp-json\/wp\/v2\/product_tag?post=39498"}],"curies":[{"name":"wp","href":"https:\/\/api.w.org\/{rel}","templated":true}]}}