{"id":40311,"date":"2021-10-18T22:21:46","date_gmt":"2021-10-18T20:21:47","guid":{"rendered":"https:\/\/arak.spicehorse.eu\/?post_type=product&#038;p=40311"},"modified":"2022-07-15T15:40:05","modified_gmt":"2022-07-15T13:40:05","slug":"nathalie-olej-na-osetrovanie-koze","status":"publish","type":"product","link":"https:\/\/arak.spicehorse.eu\/sk\/produkt\/nathalie-olej-na-osetrovanie-koze\/","title":{"rendered":"Nathalie olej na o\u0161etrovanie ko\u017ee"},"content":{"rendered":"<p><span lang=\"SK\">Nathalie Horse Care olaj na o\u0161etrovanie ko\u017ee je vyroben\u00fd z\u00a0organick\u00e9ho kokosov\u00e9ho oleja, r\u00fdchlo schne a\u00a0nezanech\u00e1va po sebe na povrchoch mastn\u00e9 stopy. \u013dahko sa nan\u00e1\u0161a aj na tie najn\u00e1ro\u010dnej\u0161ie povrchy, napr. pod spony. Pou\u017e\u00edvan\u00edm sa ko\u017ee st\u00e1va jemnou a\u00a0zost\u00e1va dlho pru\u017en\u00e1. Je bezfarebn\u00fd, nezanech\u00e1va f\u013eaky. <\/span><\/p>\n<p><span lang=\"SK\">Olej naneste v\u00a0tenkej vrstve pomocou \u0161pongie alebo utierky na such\u00fd ko\u017een\u00fd povrch. Po uschnut\u00ed povrch vyle\u0161tite \u010distou utierkou. <\/span><\/p>\n<h4>Zlo\u017eenie<\/h4>\n<p><span lang=\"SK\">Arachis Hypogaea Oil, Cocos Nucifera Oil.<\/span><\/p>\n","protected":false},"excerpt":{"rendered":"<p>Nathalie Horse Care olaj na o\u0161etrovanie ko\u017ee je vyroben\u00fd z\u00a0organick\u00e9ho kokosov\u00e9ho oleja, r\u00fdchlo schne a\u00a0nezanech\u00e1va po sebe na povrchoch mastn\u00e9 stopy. \u013dahko sa nan\u00e1\u0161a aj na tie najn\u00e1ro\u010dnej\u0161ie povrchy, napr. pod spony. Pou\u017e\u00edvan\u00edm sa ko\u017ee st\u00e1va jemnou a\u00a0zost\u00e1va dlho pru\u017en\u00e1. Je bezfarebn\u00fd, nezanech\u00e1va f\u013eaky. Olej naneste v\u00a0tenkej vrstve pomocou \u0161pongie alebo utierky na such\u00fd ko\u017een\u00fd [&hellip;]<\/p>\n","protected":false},"featured_media":40326,"template":"","meta":{"_acf_changed":false},"product_cat":[75,106,511],"product_tag":[335,1446,401],"acf":[],"yoast_head":"<!-- This site is optimized with the Yoast SEO plugin v21.4 - https:\/\/yoast.com\/wordpress\/plugins\/seo\/ -->\n<title>Nathalie olej na o\u0161etrovanie ko\u017ee - Spicehorse<\/title>\n<meta name=\"description\" content=\"spicehorse.eu | Nathalie Horse Care olaj na o\u0161etrovanie ko\u017ee je vyroben\u00fd z\u00a0organick\u00e9ho kokosov\u00e9ho oleja, r\u00fdchlo schne a\u00a0nezanech\u00e1va po sebe na povrchoch mastn\u00e9 stopy.\" \/>\n<meta name=\"robots\" content=\"index, follow, max-snippet:-1, max-image-preview:large, max-video-preview:-1\" \/>\n<link rel=\"canonical\" href=\"https:\/\/arak.spicehorse.eu\/sk\/produkt\/nathalie-olej-na-osetrovanie-koze\/\" \/>\n<meta property=\"og:locale\" content=\"sk_SK\" \/>\n<meta property=\"og:type\" content=\"article\" \/>\n<meta property=\"og:title\" content=\"Nathalie olej na o\u0161etrovanie ko\u017ee - Spicehorse\" \/>\n<meta property=\"og:description\" content=\"spicehorse.eu | Nathalie Horse Care olaj na o\u0161etrovanie ko\u017ee je vyroben\u00fd z\u00a0organick\u00e9ho kokosov\u00e9ho oleja, r\u00fdchlo schne a\u00a0nezanech\u00e1va po sebe na povrchoch mastn\u00e9 stopy.\" \/>\n<meta property=\"og:url\" content=\"https:\/\/arak.spicehorse.eu\/sk\/produkt\/nathalie-olej-na-osetrovanie-koze\/\" \/>\n<meta property=\"og:site_name\" content=\"Spicehorse\" \/>\n<meta property=\"article:publisher\" content=\"https:\/\/www.facebook.com\/SPICEHORSE-550385625402457\/\" \/>\n<meta property=\"article:modified_time\" content=\"2022-07-15T13:40:05+00:00\" \/>\n<meta property=\"og:image\" content=\"https:\/\/arak.spicehorse.eu\/wp-content\/uploads\/2021\/10\/Leather-Oil_250-ml.jpg\" \/>\n\t<meta property=\"og:image:width\" content=\"2454\" \/>\n\t<meta property=\"og:image:height\" content=\"2454\" \/>\n\t<meta property=\"og:image:type\" content=\"image\/jpeg\" \/>\n<meta name=\"twitter:card\" content=\"summary_large_image\" \/>\n<script type=\"application\/ld+json\" class=\"yoast-schema-graph\">{\"@context\":\"https:\/\/schema.org\",\"@graph\":[{\"@type\":\"WebPage\",\"@id\":\"https:\/\/arak.spicehorse.eu\/sk\/produkt\/nathalie-olej-na-osetrovanie-koze\/\",\"url\":\"https:\/\/arak.spicehorse.eu\/sk\/produkt\/nathalie-olej-na-osetrovanie-koze\/\",\"name\":\"Nathalie olej na o\u0161etrovanie ko\u017ee - Spicehorse\",\"isPartOf\":{\"@id\":\"https:\/\/arak.spicehorse.eu\/en\/#website\"},\"datePublished\":\"2021-10-18T20:21:47+00:00\",\"dateModified\":\"2022-07-15T13:40:05+00:00\",\"description\":\"spicehorse.eu | Nathalie Horse Care olaj na o\u0161etrovanie ko\u017ee je vyroben\u00fd z\u00a0organick\u00e9ho kokosov\u00e9ho oleja, r\u00fdchlo schne a\u00a0nezanech\u00e1va po sebe na povrchoch mastn\u00e9 stopy.\",\"breadcrumb\":{\"@id\":\"https:\/\/arak.spicehorse.eu\/sk\/produkt\/nathalie-olej-na-osetrovanie-koze\/#breadcrumb\"},\"inLanguage\":\"sk-SK\",\"potentialAction\":[{\"@type\":\"ReadAction\",\"target\":[\"https:\/\/arak.spicehorse.eu\/sk\/produkt\/nathalie-olej-na-osetrovanie-koze\/\"]}]},{\"@type\":\"BreadcrumbList\",\"@id\":\"https:\/\/arak.spicehorse.eu\/sk\/produkt\/nathalie-olej-na-osetrovanie-koze\/#breadcrumb\",\"itemListElement\":[{\"@type\":\"ListItem\",\"position\":1,\"name\":\"Home\",\"item\":\"https:\/\/arak.spicehorse.eu\/sk\/\"},{\"@type\":\"ListItem\",\"position\":2,\"name\":\"Predaj\u0148a\",\"item\":\"https:\/\/arak.spicehorse.eu\/sk\/predajna\/\"},{\"@type\":\"ListItem\",\"position\":3,\"name\":\"Nathalie olej na o\u0161etrovanie ko\u017ee\"}]},{\"@type\":\"WebSite\",\"@id\":\"https:\/\/arak.spicehorse.eu\/en\/#website\",\"url\":\"https:\/\/arak.spicehorse.eu\/en\/\",\"name\":\"Spicehorse\",\"description\":\"UNDER DEVELOPMENT -\",\"potentialAction\":[{\"@type\":\"SearchAction\",\"target\":{\"@type\":\"EntryPoint\",\"urlTemplate\":\"https:\/\/arak.spicehorse.eu\/en\/?s={search_term_string}\"},\"query-input\":\"required name=search_term_string\"}],\"inLanguage\":\"sk-SK\"}]}<\/script>\n<!-- \/ Yoast SEO plugin. -->","yoast_head_json":{"title":"Nathalie olej na o\u0161etrovanie ko\u017ee - Spicehorse","description":"spicehorse.eu | Nathalie Horse Care olaj na o\u0161etrovanie ko\u017ee je vyroben\u00fd z\u00a0organick\u00e9ho kokosov\u00e9ho oleja, r\u00fdchlo schne a\u00a0nezanech\u00e1va po sebe na povrchoch mastn\u00e9 stopy.","robots":{"index":"index","follow":"follow","max-snippet":"max-snippet:-1","max-image-preview":"max-image-preview:large","max-video-preview":"max-video-preview:-1"},"canonical":"https:\/\/arak.spicehorse.eu\/sk\/produkt\/nathalie-olej-na-osetrovanie-koze\/","og_locale":"sk_SK","og_type":"article","og_title":"Nathalie olej na o\u0161etrovanie ko\u017ee - Spicehorse","og_description":"spicehorse.eu | Nathalie Horse Care olaj na o\u0161etrovanie ko\u017ee je vyroben\u00fd z\u00a0organick\u00e9ho kokosov\u00e9ho oleja, r\u00fdchlo schne a\u00a0nezanech\u00e1va po sebe na povrchoch mastn\u00e9 stopy.","og_url":"https:\/\/arak.spicehorse.eu\/sk\/produkt\/nathalie-olej-na-osetrovanie-koze\/","og_site_name":"Spicehorse","article_publisher":"https:\/\/www.facebook.com\/SPICEHORSE-550385625402457\/","article_modified_time":"2022-07-15T13:40:05+00:00","og_image":[{"width":2454,"height":2454,"url":"https:\/\/arak.spicehorse.eu\/wp-content\/uploads\/2021\/10\/Leather-Oil_250-ml.jpg","type":"image\/jpeg"}],"twitter_card":"summary_large_image","schema":{"@context":"https:\/\/schema.org","@graph":[{"@type":"WebPage","@id":"https:\/\/arak.spicehorse.eu\/sk\/produkt\/nathalie-olej-na-osetrovanie-koze\/","url":"https:\/\/arak.spicehorse.eu\/sk\/produkt\/nathalie-olej-na-osetrovanie-koze\/","name":"Nathalie olej na o\u0161etrovanie ko\u017ee - Spicehorse","isPartOf":{"@id":"https:\/\/arak.spicehorse.eu\/en\/#website"},"datePublished":"2021-10-18T20:21:47+00:00","dateModified":"2022-07-15T13:40:05+00:00","description":"spicehorse.eu | Nathalie Horse Care olaj na o\u0161etrovanie ko\u017ee je vyroben\u00fd z\u00a0organick\u00e9ho kokosov\u00e9ho oleja, r\u00fdchlo schne a\u00a0nezanech\u00e1va po sebe na povrchoch mastn\u00e9 stopy.","breadcrumb":{"@id":"https:\/\/arak.spicehorse.eu\/sk\/produkt\/nathalie-olej-na-osetrovanie-koze\/#breadcrumb"},"inLanguage":"sk-SK","potentialAction":[{"@type":"ReadAction","target":["https:\/\/arak.spicehorse.eu\/sk\/produkt\/nathalie-olej-na-osetrovanie-koze\/"]}]},{"@type":"BreadcrumbList","@id":"https:\/\/arak.spicehorse.eu\/sk\/produkt\/nathalie-olej-na-osetrovanie-koze\/#breadcrumb","itemListElement":[{"@type":"ListItem","position":1,"name":"Home","item":"https:\/\/arak.spicehorse.eu\/sk\/"},{"@type":"ListItem","position":2,"name":"Predaj\u0148a","item":"https:\/\/arak.spicehorse.eu\/sk\/predajna\/"},{"@type":"ListItem","position":3,"name":"Nathalie olej na o\u0161etrovanie ko\u017ee"}]},{"@type":"WebSite","@id":"https:\/\/arak.spicehorse.eu\/en\/#website","url":"https:\/\/arak.spicehorse.eu\/en\/","name":"Spicehorse","description":"UNDER DEVELOPMENT -","potentialAction":[{"@type":"SearchAction","target":{"@type":"EntryPoint","urlTemplate":"https:\/\/arak.spicehorse.eu\/en\/?s={search_term_string}"},"query-input":"required name=search_term_string"}],"inLanguage":"sk-SK"}]}},"_links":{"self":[{"href":"https:\/\/arak.spicehorse.eu\/sk\/wp-json\/wp\/v2\/product\/40311"}],"collection":[{"href":"https:\/\/arak.spicehorse.eu\/sk\/wp-json\/wp\/v2\/product"}],"about":[{"href":"https:\/\/arak.spicehorse.eu\/sk\/wp-json\/wp\/v2\/types\/product"}],"wp:featuredmedia":[{"embeddable":true,"href":"https:\/\/arak.spicehorse.eu\/sk\/wp-json\/wp\/v2\/media\/40326"}],"wp:attachment":[{"href":"https:\/\/arak.spicehorse.eu\/sk\/wp-json\/wp\/v2\/media?parent=40311"}],"wp:term":[{"taxonomy":"product_cat","embeddable":true,"href":"https:\/\/arak.spicehorse.eu\/sk\/wp-json\/wp\/v2\/product_cat?post=40311"},{"taxonomy":"product_tag","embeddable":true,"href":"https:\/\/arak.spicehorse.eu\/sk\/wp-json\/wp\/v2\/product_tag?post=40311"}],"curies":[{"name":"wp","href":"https:\/\/api.w.org\/{rel}","templated":true}]}}