{"id":40340,"date":"2021-10-19T11:33:09","date_gmt":"2021-10-19T09:33:10","guid":{"rendered":"https:\/\/arak.spicehorse.eu\/?post_type=product&#038;p=40340"},"modified":"2023-07-18T13:29:34","modified_gmt":"2023-07-18T11:29:34","slug":"nathalie-kondicioner-na-kozu","status":"publish","type":"product","link":"https:\/\/arak.spicehorse.eu\/sk\/produkt\/nathalie-kondicioner-na-kozu\/","title":{"rendered":"Nathalie kondicion\u00e9r na ko\u017eu"},"content":{"rendered":"<p><span lang=\"SK\">Nathalie Horse Care kondicion\u00e9r na ko\u017eu je vyroben\u00fd z\u00a0organick\u00e9ho kokosov\u00e9ho oleja, r\u00fdchlo schne a\u00a0nezanech\u00e1va po sebe na povrchoch mastn\u00e9 stopy. Zvy\u0161uje \u017eivotnos\u0165 ko\u017een\u00fdch v\u00fdrobkov. H\u013abkovo vy\u017eivuje, t\u00fdm p\u00e1dom zost\u00e1va ko\u017ea dlho jemn\u00e1 a\u00a0m\u00e4kk\u00e1. Je bezfarebn\u00fd, nezanech\u00e1va f\u013eaky.<\/span><\/p>\n<p><span lang=\"SK\">Olej naneste v\u00a0tenkej vrstve pomocou \u0161pongie alebo utierky na such\u00fd ko\u017een\u00fd povrch. Po uschnut\u00ed povrch vyle\u0161tite \u010distou utierkou.<\/span><\/p>\n<p><strong><span lang=\"SK\">\u00d6sszetev\u0151k<\/span><\/strong><\/p>\n<p><span lang=\"SK\">Petrolatum, Aqua, Cocos Nucifera Oil, Cetearyl Alcohol,\u00a0Ceteareth-25, Ceteareth-20, Caprylyl Glycol, Sodium Citrate,\u00a0Sodium Gluconate, Citric Acid, Parfum,\u00a0\u00a0Phenoxyethanol.<\/span><\/p>\n","protected":false},"excerpt":{"rendered":"<p>250ml<\/p>\n","protected":false},"featured_media":40345,"template":"","meta":{"_acf_changed":false},"product_cat":[75,106,511],"product_tag":[335,1446,401],"acf":[],"yoast_head":"<!-- This site is optimized with the Yoast SEO plugin v21.4 - https:\/\/yoast.com\/wordpress\/plugins\/seo\/ -->\n<title>Nathalie kondicion\u00e9r na ko\u017eu - Spicehorse<\/title>\n<meta name=\"description\" content=\"spicehorse.eu | Nathalie Horse Care kondicion\u00e9r na ko\u017eu je vyroben\u00fd z\u00a0organick\u00e9ho kokosov\u00e9ho oleja, r\u00fdchlo schne a\u00a0nezanech\u00e1va po sebe na povrchoch mastn\u00e9 stopy.\" \/>\n<meta name=\"robots\" content=\"index, follow, max-snippet:-1, max-image-preview:large, max-video-preview:-1\" \/>\n<link rel=\"canonical\" href=\"https:\/\/arak.spicehorse.eu\/sk\/produkt\/nathalie-kondicioner-na-kozu\/\" \/>\n<meta property=\"og:locale\" content=\"sk_SK\" \/>\n<meta property=\"og:type\" content=\"article\" \/>\n<meta property=\"og:title\" content=\"Nathalie kondicion\u00e9r na ko\u017eu - Spicehorse\" \/>\n<meta property=\"og:description\" content=\"spicehorse.eu | Nathalie Horse Care kondicion\u00e9r na ko\u017eu je vyroben\u00fd z\u00a0organick\u00e9ho kokosov\u00e9ho oleja, r\u00fdchlo schne a\u00a0nezanech\u00e1va po sebe na povrchoch mastn\u00e9 stopy.\" \/>\n<meta property=\"og:url\" content=\"https:\/\/arak.spicehorse.eu\/sk\/produkt\/nathalie-kondicioner-na-kozu\/\" \/>\n<meta property=\"og:site_name\" content=\"Spicehorse\" \/>\n<meta property=\"article:publisher\" content=\"https:\/\/www.facebook.com\/SPICEHORSE-550385625402457\/\" \/>\n<meta property=\"article:modified_time\" content=\"2023-07-18T11:29:34+00:00\" \/>\n<meta property=\"og:image\" content=\"https:\/\/arak.spicehorse.eu\/wp-content\/uploads\/2021\/10\/Leather-Conditioner_250-ml-tube.jpg\" \/>\n\t<meta property=\"og:image:width\" content=\"2454\" \/>\n\t<meta property=\"og:image:height\" content=\"2454\" \/>\n\t<meta property=\"og:image:type\" content=\"image\/jpeg\" \/>\n<meta name=\"twitter:card\" content=\"summary_large_image\" \/>\n<meta name=\"twitter:label1\" content=\"Predpokladan\u00fd \u010das \u010d\u00edtania\" \/>\n\t<meta name=\"twitter:data1\" content=\"1 min\u00fata\" \/>\n<script type=\"application\/ld+json\" class=\"yoast-schema-graph\">{\"@context\":\"https:\/\/schema.org\",\"@graph\":[{\"@type\":\"WebPage\",\"@id\":\"https:\/\/arak.spicehorse.eu\/sk\/produkt\/nathalie-kondicioner-na-kozu\/\",\"url\":\"https:\/\/arak.spicehorse.eu\/sk\/produkt\/nathalie-kondicioner-na-kozu\/\",\"name\":\"Nathalie kondicion\u00e9r na ko\u017eu - Spicehorse\",\"isPartOf\":{\"@id\":\"https:\/\/arak.spicehorse.eu\/en\/#website\"},\"datePublished\":\"2021-10-19T09:33:10+00:00\",\"dateModified\":\"2023-07-18T11:29:34+00:00\",\"description\":\"spicehorse.eu | Nathalie Horse Care kondicion\u00e9r na ko\u017eu je vyroben\u00fd z\u00a0organick\u00e9ho kokosov\u00e9ho oleja, r\u00fdchlo schne a\u00a0nezanech\u00e1va po sebe na povrchoch mastn\u00e9 stopy.\",\"breadcrumb\":{\"@id\":\"https:\/\/arak.spicehorse.eu\/sk\/produkt\/nathalie-kondicioner-na-kozu\/#breadcrumb\"},\"inLanguage\":\"sk-SK\",\"potentialAction\":[{\"@type\":\"ReadAction\",\"target\":[\"https:\/\/arak.spicehorse.eu\/sk\/produkt\/nathalie-kondicioner-na-kozu\/\"]}]},{\"@type\":\"BreadcrumbList\",\"@id\":\"https:\/\/arak.spicehorse.eu\/sk\/produkt\/nathalie-kondicioner-na-kozu\/#breadcrumb\",\"itemListElement\":[{\"@type\":\"ListItem\",\"position\":1,\"name\":\"Home\",\"item\":\"https:\/\/arak.spicehorse.eu\/sk\/\"},{\"@type\":\"ListItem\",\"position\":2,\"name\":\"Predaj\u0148a\",\"item\":\"https:\/\/arak.spicehorse.eu\/sk\/predajna\/\"},{\"@type\":\"ListItem\",\"position\":3,\"name\":\"Nathalie kondicion\u00e9r na ko\u017eu\"}]},{\"@type\":\"WebSite\",\"@id\":\"https:\/\/arak.spicehorse.eu\/en\/#website\",\"url\":\"https:\/\/arak.spicehorse.eu\/en\/\",\"name\":\"Spicehorse\",\"description\":\"UNDER DEVELOPMENT -\",\"potentialAction\":[{\"@type\":\"SearchAction\",\"target\":{\"@type\":\"EntryPoint\",\"urlTemplate\":\"https:\/\/arak.spicehorse.eu\/en\/?s={search_term_string}\"},\"query-input\":\"required name=search_term_string\"}],\"inLanguage\":\"sk-SK\"}]}<\/script>\n<!-- \/ Yoast SEO plugin. -->","yoast_head_json":{"title":"Nathalie kondicion\u00e9r na ko\u017eu - Spicehorse","description":"spicehorse.eu | Nathalie Horse Care kondicion\u00e9r na ko\u017eu je vyroben\u00fd z\u00a0organick\u00e9ho kokosov\u00e9ho oleja, r\u00fdchlo schne a\u00a0nezanech\u00e1va po sebe na povrchoch mastn\u00e9 stopy.","robots":{"index":"index","follow":"follow","max-snippet":"max-snippet:-1","max-image-preview":"max-image-preview:large","max-video-preview":"max-video-preview:-1"},"canonical":"https:\/\/arak.spicehorse.eu\/sk\/produkt\/nathalie-kondicioner-na-kozu\/","og_locale":"sk_SK","og_type":"article","og_title":"Nathalie kondicion\u00e9r na ko\u017eu - Spicehorse","og_description":"spicehorse.eu | Nathalie Horse Care kondicion\u00e9r na ko\u017eu je vyroben\u00fd z\u00a0organick\u00e9ho kokosov\u00e9ho oleja, r\u00fdchlo schne a\u00a0nezanech\u00e1va po sebe na povrchoch mastn\u00e9 stopy.","og_url":"https:\/\/arak.spicehorse.eu\/sk\/produkt\/nathalie-kondicioner-na-kozu\/","og_site_name":"Spicehorse","article_publisher":"https:\/\/www.facebook.com\/SPICEHORSE-550385625402457\/","article_modified_time":"2023-07-18T11:29:34+00:00","og_image":[{"width":2454,"height":2454,"url":"https:\/\/arak.spicehorse.eu\/wp-content\/uploads\/2021\/10\/Leather-Conditioner_250-ml-tube.jpg","type":"image\/jpeg"}],"twitter_card":"summary_large_image","twitter_misc":{"Predpokladan\u00fd \u010das \u010d\u00edtania":"1 min\u00fata"},"schema":{"@context":"https:\/\/schema.org","@graph":[{"@type":"WebPage","@id":"https:\/\/arak.spicehorse.eu\/sk\/produkt\/nathalie-kondicioner-na-kozu\/","url":"https:\/\/arak.spicehorse.eu\/sk\/produkt\/nathalie-kondicioner-na-kozu\/","name":"Nathalie kondicion\u00e9r na ko\u017eu - Spicehorse","isPartOf":{"@id":"https:\/\/arak.spicehorse.eu\/en\/#website"},"datePublished":"2021-10-19T09:33:10+00:00","dateModified":"2023-07-18T11:29:34+00:00","description":"spicehorse.eu | Nathalie Horse Care kondicion\u00e9r na ko\u017eu je vyroben\u00fd z\u00a0organick\u00e9ho kokosov\u00e9ho oleja, r\u00fdchlo schne a\u00a0nezanech\u00e1va po sebe na povrchoch mastn\u00e9 stopy.","breadcrumb":{"@id":"https:\/\/arak.spicehorse.eu\/sk\/produkt\/nathalie-kondicioner-na-kozu\/#breadcrumb"},"inLanguage":"sk-SK","potentialAction":[{"@type":"ReadAction","target":["https:\/\/arak.spicehorse.eu\/sk\/produkt\/nathalie-kondicioner-na-kozu\/"]}]},{"@type":"BreadcrumbList","@id":"https:\/\/arak.spicehorse.eu\/sk\/produkt\/nathalie-kondicioner-na-kozu\/#breadcrumb","itemListElement":[{"@type":"ListItem","position":1,"name":"Home","item":"https:\/\/arak.spicehorse.eu\/sk\/"},{"@type":"ListItem","position":2,"name":"Predaj\u0148a","item":"https:\/\/arak.spicehorse.eu\/sk\/predajna\/"},{"@type":"ListItem","position":3,"name":"Nathalie kondicion\u00e9r na ko\u017eu"}]},{"@type":"WebSite","@id":"https:\/\/arak.spicehorse.eu\/en\/#website","url":"https:\/\/arak.spicehorse.eu\/en\/","name":"Spicehorse","description":"UNDER DEVELOPMENT -","potentialAction":[{"@type":"SearchAction","target":{"@type":"EntryPoint","urlTemplate":"https:\/\/arak.spicehorse.eu\/en\/?s={search_term_string}"},"query-input":"required name=search_term_string"}],"inLanguage":"sk-SK"}]}},"_links":{"self":[{"href":"https:\/\/arak.spicehorse.eu\/sk\/wp-json\/wp\/v2\/product\/40340"}],"collection":[{"href":"https:\/\/arak.spicehorse.eu\/sk\/wp-json\/wp\/v2\/product"}],"about":[{"href":"https:\/\/arak.spicehorse.eu\/sk\/wp-json\/wp\/v2\/types\/product"}],"wp:featuredmedia":[{"embeddable":true,"href":"https:\/\/arak.spicehorse.eu\/sk\/wp-json\/wp\/v2\/media\/40345"}],"wp:attachment":[{"href":"https:\/\/arak.spicehorse.eu\/sk\/wp-json\/wp\/v2\/media?parent=40340"}],"wp:term":[{"taxonomy":"product_cat","embeddable":true,"href":"https:\/\/arak.spicehorse.eu\/sk\/wp-json\/wp\/v2\/product_cat?post=40340"},{"taxonomy":"product_tag","embeddable":true,"href":"https:\/\/arak.spicehorse.eu\/sk\/wp-json\/wp\/v2\/product_tag?post=40340"}],"curies":[{"name":"wp","href":"https:\/\/api.w.org\/{rel}","templated":true}]}}