{"id":4093,"date":"2019-03-08T10:58:00","date_gmt":"2019-03-08T10:58:08","guid":{"rendered":"https:\/\/arak.spicehorse.eu\/?post_type=product&#038;p=4093"},"modified":"2023-11-23T11:44:28","modified_gmt":"2023-11-23T10:44:28","slug":"kentucky-air-tech-military-chranic-prednych-noh","status":"publish","type":"product","link":"https:\/\/arak.spicehorse.eu\/sk\/produkt\/kentucky-air-tech-military-chranic-prednych-noh\/","title":{"rendered":"Kentucky Air Tech Military chr\u00e1ni\u010d predn\u00fdch n\u00f4h"},"content":{"rendered":"<p>Kentucky Horsewear Air Tech military chr\u00e1ni\u010d pozost\u00e1va z\u00a0piatich vrstiev. Vo vn\u00fatri sa nach\u00e1dza mimoriadne prievzdu\u0161n\u00e1 pleten\u00e1 pod\u0161\u00edvka, ktor\u00e1 je priate\u013esk\u00e1 k\u00a0poko\u017eke a\u00a0zabra\u0148uje pr\u00edpadn\u00e9mu vy\u0161\u00fachaniu. Pod\u0161\u00edvka \u010falej zabra\u0148uje tomu, aby sa chr\u00e1ni\u010d zo\u0161mykoval alebo ot\u00e1\u010dal. Druh\u00e1 vrstva je 5 mm hrub\u00e1 EVA pena. Je mimoriadne \u013eahk\u00e1 a\u00a0dok\u00e1\u017ee pohlcova\u0165 \u00fadery, poskytuje stabilitu rovnako chr\u00e1ni\u010dom ako aj noh\u00e1m ko\u0148a. EVA penov\u00e1 vrstva je perforovan\u00e1 vetrac\u00edmi otvormi, aby odv\u00e1dzali teplotu, t\u00fdm p\u00e1dom sa nohy ko\u0148a nem\u00f4\u017eu prehria\u0165.<\/p>\n<p>Tretia vrstva je 2 mm hrub\u00e9 puzdro z\u00a0TPU materi\u00e1lu, t\u00e1to vrstva zachycuje siln\u00e9 vonkaj\u0161ie fyzick\u00e9 n\u00e1razy. Do zadnej \u010dasti chr\u00e1ni\u010da je vlo\u017een\u00e1 aj 5 mm hrub\u00e1 EVA penov\u00e1 vrstva,\u00a0by sa \u010do naj\u00fa\u010dinnej\u0161ie zabr\u00e1nilo mo\u017en\u00e9mu \u00faderu predn\u00fdch kon\u010dat\u00edn o\u00a0zadn\u00e9 kon\u010datiny.<\/p>\n<p>Vonkaj\u0161ia vrstva je vyroben\u00e1 z perforovanej ko\u017eenky. Mal\u00e9 vetracie otvory zabra\u0148uj\u00fa prehrievaniu n\u00f4h. Materi\u00e1l nenas\u00e1va vodu, t\u00fdm p\u00e1dom si Air Tech military chr\u00e1ni\u010de udr\u017euj\u00fa svoju \u013eahk\u00fa v\u00e1hu aj na extr\u00e9mnych dr\u00e1hach. Air Tech chr\u00e1ni\u010de zvy\u0161uj\u00fa v\u00fdkonnos\u0165 na dlh\u00fdch a\u00a0n\u00e1ro\u010dn\u00fdch ter\u00e9noch, pri\u010dom zabezpe\u010duj\u00fa pre ko\u0148a pohodln\u00e9 nosenie.<\/p>\n<p>Kentucky Horsewear chr\u00e1ni\u010de sa maxim\u00e1lne prisp\u00f4sobuj\u00fa noh\u00e1m ko\u0148a, pri pou\u017e\u00edvan\u00ed sa nezo\u0161mykuj\u00fa ani neot\u00e1\u010daj\u00fa. Dokonale sa hodia k Eventing Air Tech military zvonom na kopyt\u00e1, \u010d\u00edm sa garantuje maxim\u00e1lna ochrana!<\/p>\n<p>Air Tech military chr\u00e1ni\u010de s\u00fa vybaven\u00e9 mimoriadne siln\u00fdmi such\u00fdmi zipsami. Mo\u017eno ich pra\u0165 v\u00a0pr\u00e1\u010dke na 30\u00b0 (nevkladajte do su\u0161i\u010dky). Pred pran\u00edm such\u00e9 zipsy navz\u00e1jom pozlepujte, alebo pou\u017eite vreck\u00e1 na pranie.<\/p>\n","protected":false},"excerpt":{"rendered":"<h3>Extra pevn\u00e9 Air Tech military chr\u00e1ni\u010de pohlcuj\u00face \u00fadery zabezpe\u010duj\u00fa pre ko\u0148a maxim\u00e1lnu ochranu a\u00a0komfort po\u010das jazdy v\u00a0ter\u00e9ne.<\/h3>\n<ul>\n<li>Air Tech technol\u00f3gia: mimoriadne prievzdu\u0161n\u00e1 v\u00a0z\u00e1ujme predch\u00e1dzania prehriatiu<\/li>\n<li>Pohodln\u00e1 pleten\u00e9 pod\u0161\u00edvka<\/li>\n<li>Pohlcuje \u00fadery,\u00a0prievzdu\u0161n\u00e1 EVA pena<\/li>\n<li>TPU tvrd\u00e9 puzdro na ochranu pred siln\u00fdmi fyzick\u00fdmi n\u00e1razmi<\/li>\n<li>Vonkaj\u0161ia \u010das\u0165 z\u00a0prievzdu\u0161nej perforovanej ko\u017eenky<\/li>\n<li>Nenas\u00e1va vodu<\/li>\n<li>\u013dahk\u00e1 v\u00e1ha<\/li>\n<li>Dokonal\u00e9 pri\u013enutie, ne\u0161m\u00fdkaj\u00fa sa a neot\u00e1\u010daj\u00fa<\/li>\n<li>Upev\u0148uj\u00fa sa siln\u00fdmi such\u00fdmi zipsami<\/li>\n<li>Mo\u017eno ich pra\u0165 v\u00a0pr\u00e1\u010dke na 30\u00b0 (nevkladajte do su\u0161i\u010dky)<\/li>\n<li>Medium: 17.5 cm v\u00fd\u0161ka (predn\u00e1), 23 cm v\u00fd\u0161ka (zadn\u00e1) \u2013 24 cm priemer<\/li>\n<li>Full: 19.5 cm v\u00fd\u0161ka (predn\u00e1), 25 cm v\u00fd\u0161ka (zadn\u00e1) \u2013 25.5 cm priemer<\/li>\n<\/ul>\n","protected":false},"featured_media":4099,"template":"","meta":{"_acf_changed":false},"product_cat":[75,104],"product_tag":[200,184,328],"acf":[],"yoast_head":"<!-- This site is optimized with the Yoast SEO plugin v21.4 - https:\/\/yoast.com\/wordpress\/plugins\/seo\/ -->\n<title>Kentucky Air Tech Military chr\u00e1ni\u010d predn\u00fdch n\u00f4h - Spicehorse<\/title>\n<meta name=\"description\" content=\"spicehorse.eu | Extra pevn\u00e9 Kentucky Horsewear Air Tech military chr\u00e1ni\u010de pohlcuj\u00face \u00fadery zabezpe\u010duj\u00fa pre ko\u0148a maxim\u00e1lnu ochranu a komfort po\u010das jazdy v ter\u00e9ne.\" \/>\n<meta name=\"robots\" content=\"index, follow, max-snippet:-1, max-image-preview:large, max-video-preview:-1\" \/>\n<link rel=\"canonical\" href=\"https:\/\/arak.spicehorse.eu\/sk\/produkt\/kentucky-air-tech-military-chranic-prednych-noh\/\" \/>\n<meta property=\"og:locale\" content=\"sk_SK\" \/>\n<meta property=\"og:type\" content=\"article\" \/>\n<meta property=\"og:title\" content=\"Kentucky Air Tech Military chr\u00e1ni\u010d predn\u00fdch n\u00f4h - Spicehorse\" \/>\n<meta property=\"og:description\" content=\"spicehorse.eu | Extra pevn\u00e9 Kentucky Horsewear Air Tech military chr\u00e1ni\u010de pohlcuj\u00face \u00fadery zabezpe\u010duj\u00fa pre ko\u0148a maxim\u00e1lnu ochranu a komfort po\u010das jazdy v ter\u00e9ne.\" \/>\n<meta property=\"og:url\" content=\"https:\/\/arak.spicehorse.eu\/sk\/produkt\/kentucky-air-tech-military-chranic-prednych-noh\/\" \/>\n<meta property=\"og:site_name\" content=\"Spicehorse\" \/>\n<meta property=\"article:publisher\" content=\"https:\/\/www.facebook.com\/SPICEHORSE-550385625402457\/\" \/>\n<meta property=\"article:modified_time\" content=\"2023-11-23T10:44:28+00:00\" \/>\n<meta property=\"og:image\" content=\"https:\/\/arak.spicehorse.eu\/wp-content\/uploads\/2019\/03\/84202-01.jpg\" \/>\n\t<meta property=\"og:image:width\" content=\"2300\" \/>\n\t<meta property=\"og:image:height\" content=\"2300\" \/>\n\t<meta property=\"og:image:type\" content=\"image\/jpeg\" \/>\n<meta name=\"twitter:card\" content=\"summary_large_image\" \/>\n<meta name=\"twitter:label1\" content=\"Predpokladan\u00fd \u010das \u010d\u00edtania\" \/>\n\t<meta name=\"twitter:data1\" content=\"2 min\u00faty\" \/>\n<script type=\"application\/ld+json\" class=\"yoast-schema-graph\">{\"@context\":\"https:\/\/schema.org\",\"@graph\":[{\"@type\":\"WebPage\",\"@id\":\"https:\/\/arak.spicehorse.eu\/sk\/produkt\/kentucky-air-tech-military-chranic-prednych-noh\/\",\"url\":\"https:\/\/arak.spicehorse.eu\/sk\/produkt\/kentucky-air-tech-military-chranic-prednych-noh\/\",\"name\":\"Kentucky Air Tech Military chr\u00e1ni\u010d predn\u00fdch n\u00f4h - Spicehorse\",\"isPartOf\":{\"@id\":\"https:\/\/arak.spicehorse.eu\/en\/#website\"},\"datePublished\":\"2019-03-08T10:58:08+00:00\",\"dateModified\":\"2023-11-23T10:44:28+00:00\",\"description\":\"spicehorse.eu | Extra pevn\u00e9 Kentucky Horsewear Air Tech military chr\u00e1ni\u010de pohlcuj\u00face \u00fadery zabezpe\u010duj\u00fa pre ko\u0148a maxim\u00e1lnu ochranu a komfort po\u010das jazdy v ter\u00e9ne.\",\"breadcrumb\":{\"@id\":\"https:\/\/arak.spicehorse.eu\/sk\/produkt\/kentucky-air-tech-military-chranic-prednych-noh\/#breadcrumb\"},\"inLanguage\":\"sk-SK\",\"potentialAction\":[{\"@type\":\"ReadAction\",\"target\":[\"https:\/\/arak.spicehorse.eu\/sk\/produkt\/kentucky-air-tech-military-chranic-prednych-noh\/\"]}]},{\"@type\":\"BreadcrumbList\",\"@id\":\"https:\/\/arak.spicehorse.eu\/sk\/produkt\/kentucky-air-tech-military-chranic-prednych-noh\/#breadcrumb\",\"itemListElement\":[{\"@type\":\"ListItem\",\"position\":1,\"name\":\"Home\",\"item\":\"https:\/\/arak.spicehorse.eu\/sk\/\"},{\"@type\":\"ListItem\",\"position\":2,\"name\":\"Predaj\u0148a\",\"item\":\"https:\/\/arak.spicehorse.eu\/sk\/predajna\/\"},{\"@type\":\"ListItem\",\"position\":3,\"name\":\"Kentucky Air Tech Military chr\u00e1ni\u010d predn\u00fdch n\u00f4h\"}]},{\"@type\":\"WebSite\",\"@id\":\"https:\/\/arak.spicehorse.eu\/en\/#website\",\"url\":\"https:\/\/arak.spicehorse.eu\/en\/\",\"name\":\"Spicehorse\",\"description\":\"UNDER DEVELOPMENT -\",\"potentialAction\":[{\"@type\":\"SearchAction\",\"target\":{\"@type\":\"EntryPoint\",\"urlTemplate\":\"https:\/\/arak.spicehorse.eu\/en\/?s={search_term_string}\"},\"query-input\":\"required name=search_term_string\"}],\"inLanguage\":\"sk-SK\"}]}<\/script>\n<!-- \/ Yoast SEO plugin. -->","yoast_head_json":{"title":"Kentucky Air Tech Military chr\u00e1ni\u010d predn\u00fdch n\u00f4h - Spicehorse","description":"spicehorse.eu | Extra pevn\u00e9 Kentucky Horsewear Air Tech military chr\u00e1ni\u010de pohlcuj\u00face \u00fadery zabezpe\u010duj\u00fa pre ko\u0148a maxim\u00e1lnu ochranu a komfort po\u010das jazdy v ter\u00e9ne.","robots":{"index":"index","follow":"follow","max-snippet":"max-snippet:-1","max-image-preview":"max-image-preview:large","max-video-preview":"max-video-preview:-1"},"canonical":"https:\/\/arak.spicehorse.eu\/sk\/produkt\/kentucky-air-tech-military-chranic-prednych-noh\/","og_locale":"sk_SK","og_type":"article","og_title":"Kentucky Air Tech Military chr\u00e1ni\u010d predn\u00fdch n\u00f4h - Spicehorse","og_description":"spicehorse.eu | Extra pevn\u00e9 Kentucky Horsewear Air Tech military chr\u00e1ni\u010de pohlcuj\u00face \u00fadery zabezpe\u010duj\u00fa pre ko\u0148a maxim\u00e1lnu ochranu a komfort po\u010das jazdy v ter\u00e9ne.","og_url":"https:\/\/arak.spicehorse.eu\/sk\/produkt\/kentucky-air-tech-military-chranic-prednych-noh\/","og_site_name":"Spicehorse","article_publisher":"https:\/\/www.facebook.com\/SPICEHORSE-550385625402457\/","article_modified_time":"2023-11-23T10:44:28+00:00","og_image":[{"width":2300,"height":2300,"url":"https:\/\/arak.spicehorse.eu\/wp-content\/uploads\/2019\/03\/84202-01.jpg","type":"image\/jpeg"}],"twitter_card":"summary_large_image","twitter_misc":{"Predpokladan\u00fd \u010das \u010d\u00edtania":"2 min\u00faty"},"schema":{"@context":"https:\/\/schema.org","@graph":[{"@type":"WebPage","@id":"https:\/\/arak.spicehorse.eu\/sk\/produkt\/kentucky-air-tech-military-chranic-prednych-noh\/","url":"https:\/\/arak.spicehorse.eu\/sk\/produkt\/kentucky-air-tech-military-chranic-prednych-noh\/","name":"Kentucky Air Tech Military chr\u00e1ni\u010d predn\u00fdch n\u00f4h - Spicehorse","isPartOf":{"@id":"https:\/\/arak.spicehorse.eu\/en\/#website"},"datePublished":"2019-03-08T10:58:08+00:00","dateModified":"2023-11-23T10:44:28+00:00","description":"spicehorse.eu | Extra pevn\u00e9 Kentucky Horsewear Air Tech military chr\u00e1ni\u010de pohlcuj\u00face \u00fadery zabezpe\u010duj\u00fa pre ko\u0148a maxim\u00e1lnu ochranu a komfort po\u010das jazdy v ter\u00e9ne.","breadcrumb":{"@id":"https:\/\/arak.spicehorse.eu\/sk\/produkt\/kentucky-air-tech-military-chranic-prednych-noh\/#breadcrumb"},"inLanguage":"sk-SK","potentialAction":[{"@type":"ReadAction","target":["https:\/\/arak.spicehorse.eu\/sk\/produkt\/kentucky-air-tech-military-chranic-prednych-noh\/"]}]},{"@type":"BreadcrumbList","@id":"https:\/\/arak.spicehorse.eu\/sk\/produkt\/kentucky-air-tech-military-chranic-prednych-noh\/#breadcrumb","itemListElement":[{"@type":"ListItem","position":1,"name":"Home","item":"https:\/\/arak.spicehorse.eu\/sk\/"},{"@type":"ListItem","position":2,"name":"Predaj\u0148a","item":"https:\/\/arak.spicehorse.eu\/sk\/predajna\/"},{"@type":"ListItem","position":3,"name":"Kentucky Air Tech Military chr\u00e1ni\u010d predn\u00fdch n\u00f4h"}]},{"@type":"WebSite","@id":"https:\/\/arak.spicehorse.eu\/en\/#website","url":"https:\/\/arak.spicehorse.eu\/en\/","name":"Spicehorse","description":"UNDER DEVELOPMENT -","potentialAction":[{"@type":"SearchAction","target":{"@type":"EntryPoint","urlTemplate":"https:\/\/arak.spicehorse.eu\/en\/?s={search_term_string}"},"query-input":"required name=search_term_string"}],"inLanguage":"sk-SK"}]}},"_links":{"self":[{"href":"https:\/\/arak.spicehorse.eu\/sk\/wp-json\/wp\/v2\/product\/4093"}],"collection":[{"href":"https:\/\/arak.spicehorse.eu\/sk\/wp-json\/wp\/v2\/product"}],"about":[{"href":"https:\/\/arak.spicehorse.eu\/sk\/wp-json\/wp\/v2\/types\/product"}],"wp:featuredmedia":[{"embeddable":true,"href":"https:\/\/arak.spicehorse.eu\/sk\/wp-json\/wp\/v2\/media\/4099"}],"wp:attachment":[{"href":"https:\/\/arak.spicehorse.eu\/sk\/wp-json\/wp\/v2\/media?parent=4093"}],"wp:term":[{"taxonomy":"product_cat","embeddable":true,"href":"https:\/\/arak.spicehorse.eu\/sk\/wp-json\/wp\/v2\/product_cat?post=4093"},{"taxonomy":"product_tag","embeddable":true,"href":"https:\/\/arak.spicehorse.eu\/sk\/wp-json\/wp\/v2\/product_tag?post=4093"}],"curies":[{"name":"wp","href":"https:\/\/api.w.org\/{rel}","templated":true}]}}