{"id":41222,"date":"2021-11-05T22:47:15","date_gmt":"2021-11-05T21:47:17","guid":{"rendered":"https:\/\/arak.spicehorse.eu\/?post_type=product&#038;p=41222"},"modified":"2025-06-18T14:19:14","modified_gmt":"2025-06-18T12:19:14","slug":"ps-of-sweden-uzdecka-jump-off","status":"publish","type":"product","link":"https:\/\/arak.spicehorse.eu\/sk\/produkt\/ps-of-sweden-uzdecka-jump-off\/","title":{"rendered":"PS of Sweden uzde\u010dka Jump Off"},"content":{"rendered":"<p>PS of Sweden Jump Off je jednou z najob\u013e\u00fabenej\u0161\u00edch anatomick\u00fdch uzde\u010diek na svete.<\/p>\n<p><strong>N\u00e1nosn\u00edk<\/strong><\/p>\n<p>Revolu\u010dne nov\u00fd anatomick\u00fd dizajn, mimo tlakov\u00fdch bodov. N\u00e1nosn\u00edk nevyv\u00edja tlak na zuby, zni\u017euje pr\u00edpadn\u00e9 probl\u00e9my spojen\u00e9 so zubadlom.<\/p>\n<p>Dokonale dosad\u00e1 na nos ko\u0148a, je pru\u017en\u00fd a\u00a0\u0161peci\u00e1lne sa prisp\u00f4sobuje ku ka\u017ed\u00e9mu ko\u0148ovi. S\u00a0kontrastnou bielo v\u00fd\u0161ivkou, extra jemne polstrovan\u00fd pod bradou, pullback zap\u00ednanie.<\/p>\n<p>PS of Sweden n\u00e1nosn\u00edky mo\u017eno \u013eubovo\u013ene vymeni\u0165, obmie\u0148a\u0165 pod\u013ea individu\u00e1lnych po\u017eiadaviek.<\/p>\n<p><strong>N\u00e1tyln\u00edk<\/strong><\/p>\n<p>N\u00e1tyln\u00edk m\u00e1 nov\u00fd \u0161peci\u00e1lny dizajn. Extra polstrovan\u00fd a\u00a0roz\u0161\u00edren\u00fd n\u00e1tyln\u00edk vo v\u00fdraznej miere zni\u017euje tlak na oblas\u0165 za u\u0161ami a\u00a0na \u0161iju ko\u0148a.<\/p>\n<p><strong>L\u00edcnice<\/strong><\/p>\n<p>L\u00edcnice s\u00fa patentovan\u00e9, nastavite\u013en\u00e9 a\u00a0pru\u017en\u00e9, v\u010faka nim zubadlo dokonale zapad\u00e1 do \u00fast ko\u0148a. \u013dahko sa nastavuj\u00fa, s\u00fa menite\u013en\u00e9.<\/p>\n<p><strong>\u010celenka<\/strong><\/p>\n<p>\u010celenka funguje s\u00a0patentovan\u00fdm \u00a0Click-it\u2122 dizajnom, preto \u010delenku mo\u017eno meni\u0165 aj vtedy, ak je u\u017e uzde\u010dka umiestnen\u00e1 na hlavu ko\u0148a. S\u00a0modr\u00fdm PS logom.<\/p>\n<p><strong>Pozn\u00e1mka:<\/strong><\/p>\n<ul>\n<li>Bez podhrdeln\u00edka<\/li>\n<li>Kri\u0161t\u00e1\u013eov\u00fa \u010delenku je mo\u017en\u00e9 samostatne zak\u00fapi\u0165<\/li>\n<li>Bez o\u0165a\u017ee<\/li>\n<\/ul>\n<p>Nomin\u00e1cia na produkt roka ur\u010den\u00fd pre kone (Hippson 2014)!<\/p>\n<p><em>V\u00a0pr\u00edpade ak\u00fdchko\u013evek ot\u00e1zok t\u00fdkaj\u00facich sa v\u00fdrobku, alebo ak potrebujete pomoc pri v\u00fdbere vhodnej ve\u013ekosti, resp. ak by ste sa radi bli\u017e\u0161ie obozn\u00e1mili s\u00a0mechanizmom p\u00f4sobenia PS of Sweden anatomick\u00fdch uzde\u010diek, nev\u00e1hajte n\u00e1s kontaktova\u0165, na\u0161i spolupracovn\u00edci V\u00e1m s\u00a0rados\u0165ou pom\u00f4\u017eu pri v\u00fdbere dokonalej uzde\u010dky!<\/em><\/p>\n","protected":false},"excerpt":{"rendered":"<p><img loading=\"lazy\" decoding=\"async\" src=\"https:\/\/shop.textalk.se\/shop\/ws10\/64010\/files\/Symbols\/Eco-friendly.jpg\" width=\"168\" height=\"138\" \/><\/p>\n","protected":false},"featured_media":41243,"template":"","meta":{"_acf_changed":false},"product_cat":[78,75,511],"product_tag":[517,529],"acf":[],"yoast_head":"<!-- This site is optimized with the Yoast SEO plugin v21.4 - https:\/\/yoast.com\/wordpress\/plugins\/seo\/ -->\n<title>PS of Sweden uzde\u010dka Jump Off - Spicehorse<\/title>\n<meta name=\"description\" content=\"spicehorse.eu | PS of Sweden Jump Off je jednou z\u00a0najob\u013e\u00fabenej\u0161\u00edch anatomick\u00fdch uzde\u010diek na svete. \u00a0\" \/>\n<meta name=\"robots\" content=\"index, follow, max-snippet:-1, max-image-preview:large, max-video-preview:-1\" \/>\n<link rel=\"canonical\" href=\"https:\/\/arak.spicehorse.eu\/sk\/produkt\/ps-of-sweden-uzdecka-jump-off\/\" \/>\n<meta property=\"og:locale\" content=\"sk_SK\" \/>\n<meta property=\"og:type\" content=\"article\" \/>\n<meta property=\"og:title\" content=\"PS of Sweden uzde\u010dka Jump Off - Spicehorse\" \/>\n<meta property=\"og:description\" content=\"spicehorse.eu | PS of Sweden Jump Off je jednou z\u00a0najob\u013e\u00fabenej\u0161\u00edch anatomick\u00fdch uzde\u010diek na svete. \u00a0\" \/>\n<meta property=\"og:url\" content=\"https:\/\/arak.spicehorse.eu\/sk\/produkt\/ps-of-sweden-uzdecka-jump-off\/\" \/>\n<meta property=\"og:site_name\" content=\"Spicehorse\" \/>\n<meta property=\"article:publisher\" content=\"https:\/\/www.facebook.com\/SPICEHORSE-550385625402457\/\" \/>\n<meta property=\"article:modified_time\" content=\"2025-06-18T12:19:14+00:00\" \/>\n<meta property=\"og:image\" content=\"https:\/\/arak.spicehorse.eu\/wp-content\/uploads\/2021\/11\/225_65287dde07-1-original-2.jpg\" \/>\n\t<meta property=\"og:image:width\" content=\"800\" \/>\n\t<meta property=\"og:image:height\" content=\"1067\" \/>\n\t<meta property=\"og:image:type\" content=\"image\/jpeg\" \/>\n<meta name=\"twitter:card\" content=\"summary_large_image\" \/>\n<meta name=\"twitter:label1\" content=\"Predpokladan\u00fd \u010das \u010d\u00edtania\" \/>\n\t<meta name=\"twitter:data1\" content=\"1 min\u00fata\" \/>\n<script type=\"application\/ld+json\" class=\"yoast-schema-graph\">{\"@context\":\"https:\/\/schema.org\",\"@graph\":[{\"@type\":\"WebPage\",\"@id\":\"https:\/\/arak.spicehorse.eu\/sk\/produkt\/ps-of-sweden-uzdecka-jump-off\/\",\"url\":\"https:\/\/arak.spicehorse.eu\/sk\/produkt\/ps-of-sweden-uzdecka-jump-off\/\",\"name\":\"PS of Sweden uzde\u010dka Jump Off - Spicehorse\",\"isPartOf\":{\"@id\":\"https:\/\/arak.spicehorse.eu\/en\/#website\"},\"datePublished\":\"2021-11-05T21:47:17+00:00\",\"dateModified\":\"2025-06-18T12:19:14+00:00\",\"description\":\"spicehorse.eu | PS of Sweden Jump Off je jednou z\u00a0najob\u013e\u00fabenej\u0161\u00edch anatomick\u00fdch uzde\u010diek na svete. \u00a0\",\"breadcrumb\":{\"@id\":\"https:\/\/arak.spicehorse.eu\/sk\/produkt\/ps-of-sweden-uzdecka-jump-off\/#breadcrumb\"},\"inLanguage\":\"sk-SK\",\"potentialAction\":[{\"@type\":\"ReadAction\",\"target\":[\"https:\/\/arak.spicehorse.eu\/sk\/produkt\/ps-of-sweden-uzdecka-jump-off\/\"]}]},{\"@type\":\"BreadcrumbList\",\"@id\":\"https:\/\/arak.spicehorse.eu\/sk\/produkt\/ps-of-sweden-uzdecka-jump-off\/#breadcrumb\",\"itemListElement\":[{\"@type\":\"ListItem\",\"position\":1,\"name\":\"Home\",\"item\":\"https:\/\/arak.spicehorse.eu\/sk\/\"},{\"@type\":\"ListItem\",\"position\":2,\"name\":\"Predaj\u0148a\",\"item\":\"https:\/\/arak.spicehorse.eu\/sk\/predajna\/\"},{\"@type\":\"ListItem\",\"position\":3,\"name\":\"PS of Sweden uzde\u010dka Jump Off\"}]},{\"@type\":\"WebSite\",\"@id\":\"https:\/\/arak.spicehorse.eu\/en\/#website\",\"url\":\"https:\/\/arak.spicehorse.eu\/en\/\",\"name\":\"Spicehorse\",\"description\":\"UNDER DEVELOPMENT -\",\"potentialAction\":[{\"@type\":\"SearchAction\",\"target\":{\"@type\":\"EntryPoint\",\"urlTemplate\":\"https:\/\/arak.spicehorse.eu\/en\/?s={search_term_string}\"},\"query-input\":\"required name=search_term_string\"}],\"inLanguage\":\"sk-SK\"}]}<\/script>\n<!-- \/ Yoast SEO plugin. -->","yoast_head_json":{"title":"PS of Sweden uzde\u010dka Jump Off - Spicehorse","description":"spicehorse.eu | PS of Sweden Jump Off je jednou z\u00a0najob\u013e\u00fabenej\u0161\u00edch anatomick\u00fdch uzde\u010diek na svete. \u00a0","robots":{"index":"index","follow":"follow","max-snippet":"max-snippet:-1","max-image-preview":"max-image-preview:large","max-video-preview":"max-video-preview:-1"},"canonical":"https:\/\/arak.spicehorse.eu\/sk\/produkt\/ps-of-sweden-uzdecka-jump-off\/","og_locale":"sk_SK","og_type":"article","og_title":"PS of Sweden uzde\u010dka Jump Off - Spicehorse","og_description":"spicehorse.eu | PS of Sweden Jump Off je jednou z\u00a0najob\u013e\u00fabenej\u0161\u00edch anatomick\u00fdch uzde\u010diek na svete. \u00a0","og_url":"https:\/\/arak.spicehorse.eu\/sk\/produkt\/ps-of-sweden-uzdecka-jump-off\/","og_site_name":"Spicehorse","article_publisher":"https:\/\/www.facebook.com\/SPICEHORSE-550385625402457\/","article_modified_time":"2025-06-18T12:19:14+00:00","og_image":[{"width":800,"height":1067,"url":"https:\/\/arak.spicehorse.eu\/wp-content\/uploads\/2021\/11\/225_65287dde07-1-original-2.jpg","type":"image\/jpeg"}],"twitter_card":"summary_large_image","twitter_misc":{"Predpokladan\u00fd \u010das \u010d\u00edtania":"1 min\u00fata"},"schema":{"@context":"https:\/\/schema.org","@graph":[{"@type":"WebPage","@id":"https:\/\/arak.spicehorse.eu\/sk\/produkt\/ps-of-sweden-uzdecka-jump-off\/","url":"https:\/\/arak.spicehorse.eu\/sk\/produkt\/ps-of-sweden-uzdecka-jump-off\/","name":"PS of Sweden uzde\u010dka Jump Off - Spicehorse","isPartOf":{"@id":"https:\/\/arak.spicehorse.eu\/en\/#website"},"datePublished":"2021-11-05T21:47:17+00:00","dateModified":"2025-06-18T12:19:14+00:00","description":"spicehorse.eu | PS of Sweden Jump Off je jednou z\u00a0najob\u013e\u00fabenej\u0161\u00edch anatomick\u00fdch uzde\u010diek na svete. \u00a0","breadcrumb":{"@id":"https:\/\/arak.spicehorse.eu\/sk\/produkt\/ps-of-sweden-uzdecka-jump-off\/#breadcrumb"},"inLanguage":"sk-SK","potentialAction":[{"@type":"ReadAction","target":["https:\/\/arak.spicehorse.eu\/sk\/produkt\/ps-of-sweden-uzdecka-jump-off\/"]}]},{"@type":"BreadcrumbList","@id":"https:\/\/arak.spicehorse.eu\/sk\/produkt\/ps-of-sweden-uzdecka-jump-off\/#breadcrumb","itemListElement":[{"@type":"ListItem","position":1,"name":"Home","item":"https:\/\/arak.spicehorse.eu\/sk\/"},{"@type":"ListItem","position":2,"name":"Predaj\u0148a","item":"https:\/\/arak.spicehorse.eu\/sk\/predajna\/"},{"@type":"ListItem","position":3,"name":"PS of Sweden uzde\u010dka Jump Off"}]},{"@type":"WebSite","@id":"https:\/\/arak.spicehorse.eu\/en\/#website","url":"https:\/\/arak.spicehorse.eu\/en\/","name":"Spicehorse","description":"UNDER DEVELOPMENT -","potentialAction":[{"@type":"SearchAction","target":{"@type":"EntryPoint","urlTemplate":"https:\/\/arak.spicehorse.eu\/en\/?s={search_term_string}"},"query-input":"required name=search_term_string"}],"inLanguage":"sk-SK"}]}},"_links":{"self":[{"href":"https:\/\/arak.spicehorse.eu\/sk\/wp-json\/wp\/v2\/product\/41222"}],"collection":[{"href":"https:\/\/arak.spicehorse.eu\/sk\/wp-json\/wp\/v2\/product"}],"about":[{"href":"https:\/\/arak.spicehorse.eu\/sk\/wp-json\/wp\/v2\/types\/product"}],"wp:featuredmedia":[{"embeddable":true,"href":"https:\/\/arak.spicehorse.eu\/sk\/wp-json\/wp\/v2\/media\/41243"}],"wp:attachment":[{"href":"https:\/\/arak.spicehorse.eu\/sk\/wp-json\/wp\/v2\/media?parent=41222"}],"wp:term":[{"taxonomy":"product_cat","embeddable":true,"href":"https:\/\/arak.spicehorse.eu\/sk\/wp-json\/wp\/v2\/product_cat?post=41222"},{"taxonomy":"product_tag","embeddable":true,"href":"https:\/\/arak.spicehorse.eu\/sk\/wp-json\/wp\/v2\/product_tag?post=41222"}],"curies":[{"name":"wp","href":"https:\/\/api.w.org\/{rel}","templated":true}]}}