{"id":42299,"date":"2021-11-30T19:44:13","date_gmt":"2021-11-30T18:44:13","guid":{"rendered":"https:\/\/arak.spicehorse.eu\/?post_type=product&#038;p=42299"},"modified":"2023-09-14T16:39:55","modified_gmt":"2023-09-14T14:39:55","slug":"spicehorse-snura-na-krk","status":"publish","type":"product","link":"https:\/\/arak.spicehorse.eu\/sk\/produkt\/spicehorse-snura-na-krk\/","title":{"rendered":"Spicehorse \u0161n\u00fara na krk"},"content":{"rendered":"<p>Dokonal\u00fd a praktick\u00fd Spicehorse doplnok, hod\u00ed sa ku v\u0161etk\u00e9mu. S karab\u00ednou a sponou, s logom Spicehorse.<\/p>\n<p>100% polyester a 100% sat\u00e9n<\/p>\n","protected":false},"excerpt":{"rendered":"<p>Dokonal\u00fd a praktick\u00fd Spicehorse doplnok, hod\u00ed sa ku v\u0161etk\u00e9mu. S karab\u00ednou a sponou, s logom Spicehorse. 100% polyester a 100% sat\u00e9n<\/p>\n","protected":false},"featured_media":42508,"template":"","meta":{"_acf_changed":false},"product_cat":[76,312],"product_tag":[1351],"acf":[],"yoast_head":"<!-- This site is optimized with the Yoast SEO plugin v21.4 - https:\/\/yoast.com\/wordpress\/plugins\/seo\/ -->\n<title>Spicehorse \u0161n\u00fara na krk - Spicehorse<\/title>\n<meta name=\"description\" content=\"spicehorse.eu | Dokonal\u00fd a praktick\u00fd Spicehorse doplnok, hod\u00ed sa ku v\u0161etk\u00e9mu. S karab\u00ednou a sponou, s logom Spicehorse.\" \/>\n<meta name=\"robots\" content=\"index, follow, max-snippet:-1, max-image-preview:large, max-video-preview:-1\" \/>\n<link rel=\"canonical\" href=\"https:\/\/arak.spicehorse.eu\/sk\/produkt\/spicehorse-snura-na-krk\/\" \/>\n<meta property=\"og:locale\" content=\"sk_SK\" \/>\n<meta property=\"og:type\" content=\"article\" \/>\n<meta property=\"og:title\" content=\"Spicehorse \u0161n\u00fara na krk - Spicehorse\" \/>\n<meta property=\"og:description\" content=\"spicehorse.eu | Dokonal\u00fd a praktick\u00fd Spicehorse doplnok, hod\u00ed sa ku v\u0161etk\u00e9mu. S karab\u00ednou a sponou, s logom Spicehorse.\" \/>\n<meta property=\"og:url\" content=\"https:\/\/arak.spicehorse.eu\/sk\/produkt\/spicehorse-snura-na-krk\/\" \/>\n<meta property=\"og:site_name\" content=\"Spicehorse\" \/>\n<meta property=\"article:publisher\" content=\"https:\/\/www.facebook.com\/SPICEHORSE-550385625402457\/\" \/>\n<meta property=\"article:modified_time\" content=\"2023-09-14T14:39:55+00:00\" \/>\n<meta property=\"og:image\" content=\"https:\/\/arak.spicehorse.eu\/wp-content\/uploads\/2021\/11\/nyakpant-spicehorse-1.jpg\" \/>\n\t<meta property=\"og:image:width\" content=\"850\" \/>\n\t<meta property=\"og:image:height\" content=\"850\" \/>\n\t<meta property=\"og:image:type\" content=\"image\/jpeg\" \/>\n<meta name=\"twitter:card\" content=\"summary_large_image\" \/>\n<script type=\"application\/ld+json\" class=\"yoast-schema-graph\">{\"@context\":\"https:\/\/schema.org\",\"@graph\":[{\"@type\":\"WebPage\",\"@id\":\"https:\/\/arak.spicehorse.eu\/sk\/produkt\/spicehorse-snura-na-krk\/\",\"url\":\"https:\/\/arak.spicehorse.eu\/sk\/produkt\/spicehorse-snura-na-krk\/\",\"name\":\"Spicehorse \u0161n\u00fara na krk - Spicehorse\",\"isPartOf\":{\"@id\":\"https:\/\/arak.spicehorse.eu\/en\/#website\"},\"datePublished\":\"2021-11-30T18:44:13+00:00\",\"dateModified\":\"2023-09-14T14:39:55+00:00\",\"description\":\"spicehorse.eu | Dokonal\u00fd a praktick\u00fd Spicehorse doplnok, hod\u00ed sa ku v\u0161etk\u00e9mu. S karab\u00ednou a sponou, s logom Spicehorse.\",\"breadcrumb\":{\"@id\":\"https:\/\/arak.spicehorse.eu\/sk\/produkt\/spicehorse-snura-na-krk\/#breadcrumb\"},\"inLanguage\":\"sk-SK\",\"potentialAction\":[{\"@type\":\"ReadAction\",\"target\":[\"https:\/\/arak.spicehorse.eu\/sk\/produkt\/spicehorse-snura-na-krk\/\"]}]},{\"@type\":\"BreadcrumbList\",\"@id\":\"https:\/\/arak.spicehorse.eu\/sk\/produkt\/spicehorse-snura-na-krk\/#breadcrumb\",\"itemListElement\":[{\"@type\":\"ListItem\",\"position\":1,\"name\":\"Home\",\"item\":\"https:\/\/arak.spicehorse.eu\/sk\/\"},{\"@type\":\"ListItem\",\"position\":2,\"name\":\"Predaj\u0148a\",\"item\":\"https:\/\/arak.spicehorse.eu\/sk\/predajna\/\"},{\"@type\":\"ListItem\",\"position\":3,\"name\":\"Spicehorse \u0161n\u00fara na krk\"}]},{\"@type\":\"WebSite\",\"@id\":\"https:\/\/arak.spicehorse.eu\/en\/#website\",\"url\":\"https:\/\/arak.spicehorse.eu\/en\/\",\"name\":\"Spicehorse\",\"description\":\"UNDER DEVELOPMENT -\",\"potentialAction\":[{\"@type\":\"SearchAction\",\"target\":{\"@type\":\"EntryPoint\",\"urlTemplate\":\"https:\/\/arak.spicehorse.eu\/en\/?s={search_term_string}\"},\"query-input\":\"required name=search_term_string\"}],\"inLanguage\":\"sk-SK\"}]}<\/script>\n<!-- \/ Yoast SEO plugin. -->","yoast_head_json":{"title":"Spicehorse \u0161n\u00fara na krk - Spicehorse","description":"spicehorse.eu | Dokonal\u00fd a praktick\u00fd Spicehorse doplnok, hod\u00ed sa ku v\u0161etk\u00e9mu. S karab\u00ednou a sponou, s logom Spicehorse.","robots":{"index":"index","follow":"follow","max-snippet":"max-snippet:-1","max-image-preview":"max-image-preview:large","max-video-preview":"max-video-preview:-1"},"canonical":"https:\/\/arak.spicehorse.eu\/sk\/produkt\/spicehorse-snura-na-krk\/","og_locale":"sk_SK","og_type":"article","og_title":"Spicehorse \u0161n\u00fara na krk - Spicehorse","og_description":"spicehorse.eu | Dokonal\u00fd a praktick\u00fd Spicehorse doplnok, hod\u00ed sa ku v\u0161etk\u00e9mu. S karab\u00ednou a sponou, s logom Spicehorse.","og_url":"https:\/\/arak.spicehorse.eu\/sk\/produkt\/spicehorse-snura-na-krk\/","og_site_name":"Spicehorse","article_publisher":"https:\/\/www.facebook.com\/SPICEHORSE-550385625402457\/","article_modified_time":"2023-09-14T14:39:55+00:00","og_image":[{"width":850,"height":850,"url":"https:\/\/arak.spicehorse.eu\/wp-content\/uploads\/2021\/11\/nyakpant-spicehorse-1.jpg","type":"image\/jpeg"}],"twitter_card":"summary_large_image","schema":{"@context":"https:\/\/schema.org","@graph":[{"@type":"WebPage","@id":"https:\/\/arak.spicehorse.eu\/sk\/produkt\/spicehorse-snura-na-krk\/","url":"https:\/\/arak.spicehorse.eu\/sk\/produkt\/spicehorse-snura-na-krk\/","name":"Spicehorse \u0161n\u00fara na krk - Spicehorse","isPartOf":{"@id":"https:\/\/arak.spicehorse.eu\/en\/#website"},"datePublished":"2021-11-30T18:44:13+00:00","dateModified":"2023-09-14T14:39:55+00:00","description":"spicehorse.eu | Dokonal\u00fd a praktick\u00fd Spicehorse doplnok, hod\u00ed sa ku v\u0161etk\u00e9mu. S karab\u00ednou a sponou, s logom Spicehorse.","breadcrumb":{"@id":"https:\/\/arak.spicehorse.eu\/sk\/produkt\/spicehorse-snura-na-krk\/#breadcrumb"},"inLanguage":"sk-SK","potentialAction":[{"@type":"ReadAction","target":["https:\/\/arak.spicehorse.eu\/sk\/produkt\/spicehorse-snura-na-krk\/"]}]},{"@type":"BreadcrumbList","@id":"https:\/\/arak.spicehorse.eu\/sk\/produkt\/spicehorse-snura-na-krk\/#breadcrumb","itemListElement":[{"@type":"ListItem","position":1,"name":"Home","item":"https:\/\/arak.spicehorse.eu\/sk\/"},{"@type":"ListItem","position":2,"name":"Predaj\u0148a","item":"https:\/\/arak.spicehorse.eu\/sk\/predajna\/"},{"@type":"ListItem","position":3,"name":"Spicehorse \u0161n\u00fara na krk"}]},{"@type":"WebSite","@id":"https:\/\/arak.spicehorse.eu\/en\/#website","url":"https:\/\/arak.spicehorse.eu\/en\/","name":"Spicehorse","description":"UNDER DEVELOPMENT -","potentialAction":[{"@type":"SearchAction","target":{"@type":"EntryPoint","urlTemplate":"https:\/\/arak.spicehorse.eu\/en\/?s={search_term_string}"},"query-input":"required name=search_term_string"}],"inLanguage":"sk-SK"}]}},"_links":{"self":[{"href":"https:\/\/arak.spicehorse.eu\/sk\/wp-json\/wp\/v2\/product\/42299"}],"collection":[{"href":"https:\/\/arak.spicehorse.eu\/sk\/wp-json\/wp\/v2\/product"}],"about":[{"href":"https:\/\/arak.spicehorse.eu\/sk\/wp-json\/wp\/v2\/types\/product"}],"wp:featuredmedia":[{"embeddable":true,"href":"https:\/\/arak.spicehorse.eu\/sk\/wp-json\/wp\/v2\/media\/42508"}],"wp:attachment":[{"href":"https:\/\/arak.spicehorse.eu\/sk\/wp-json\/wp\/v2\/media?parent=42299"}],"wp:term":[{"taxonomy":"product_cat","embeddable":true,"href":"https:\/\/arak.spicehorse.eu\/sk\/wp-json\/wp\/v2\/product_cat?post=42299"},{"taxonomy":"product_tag","embeddable":true,"href":"https:\/\/arak.spicehorse.eu\/sk\/wp-json\/wp\/v2\/product_tag?post=42299"}],"curies":[{"name":"wp","href":"https:\/\/api.w.org\/{rel}","templated":true}]}}