{"id":43290,"date":"2021-12-28T15:06:01","date_gmt":"2021-12-28T14:06:02","guid":{"rendered":"https:\/\/arak.spicehorse.eu\/?post_type=product&#038;p=43290"},"modified":"2024-11-21T16:07:04","modified_gmt":"2024-11-21T15:07:04","slug":"kentucky-heavy-square-vlnena-deka","status":"publish","type":"product","link":"https:\/\/arak.spicehorse.eu\/sk\/produkt\/kentucky-heavy-square-vlnena-deka\/","title":{"rendered":"Kentucky Heavy Square vlnen\u00e1 deka"},"content":{"rendered":"<p>Kentucky Horsewear Heavy Square vlnen\u00e1 deka je zmesou diek Duvet a\u00a0Heavy. Deku s\u00a0vlnen\u00fdm \u00fa\u010dinkom mo\u017eno pou\u017e\u00edva\u0165 na su\u0161enie ko\u0148a, ako poddeku alebo na transport \u010di na s\u00fa\u0165a\u017ee. Nad\u010dasov\u00fd dizajn, z\u00a0extra pevn\u00e9ho materi\u00e1lu, vo\u013eba na cel\u00fd \u017eivot.<\/p>\n<p>Kentucky Horsewear Heavy vlna deka vysokej kvality je vyroben\u00e1 z\u00a0r\u00fdchlo schn\u00faceho materi\u00e1lu, absorbuje a\u00a0odv\u00e1dza vlhkos\u0165 na vonkaj\u0161iu \u010das\u0165 deky, odkia\u013e sa pot a\u00a0vlhkos\u0165 r\u00fdchlo odpar\u00ed. Aj v\u00a0zime k\u00f4\u0148 uschne za 5 min\u00fat a\u00a0zaru\u010dene neprechladne. Polyesterov\u00fd materi\u00e1l p\u00f4sob\u00ed \u00faplne ako vlna, srs\u0165 a\u00a0ne\u010distoty z\u00a0nej mo\u017eno po\u013eahky odstr\u00e1ni\u0165 pomocou kefy. Je ve\u013emi odoln\u00e1 a\u00a0jej pou\u017e\u00edvanie je jednoduch\u00e9. Mo\u017eno ju pra\u0165 bez toho, aby stratila na svojej kvalite.<\/p>\n<p>Je ve\u013ek\u00e1 (210\u00d7200), preto ju mo\u017eno pou\u017ei\u0165 prakticky na ka\u017ed\u00e9ho ko\u0148a na r\u00f4zne \u00fa\u010dely. Je ide\u00e1lnou vo\u013ebou pre t\u00fdch jazdcov, ktor\u00ed jazdia na viacer\u00fdch ko\u0148och, preto\u017ee sa prisp\u00f4sob\u00ed ka\u017ed\u00e9mu ko\u0148ovi. Pre v\u00e4\u010d\u0161iu ochranu mo\u017eno pred\u013a\u017een\u00fa \u010das\u0165 pri krku\u00a0 po\u013eahky vyhrn\u00fa\u0165. Nevy\u0161\u00facha srs\u0165 ani hrivu. Netreba sa tr\u00e1pi\u0165 so sponami a\u00a0kr\u00ed\u017eov\u00fdmi popruhmi.<\/p>\n<p>Deku mo\u017eno pra\u0165 v\u00a0pr\u00e1\u010dke na 30\u00b0 (nevkladajte do su\u0161i\u010dky).<\/p>\n","protected":false},"excerpt":{"rendered":"<h3><strong>Kentucky Heavy Square syntetick\u00fa vlnen\u00fa deku mo\u017eno vyu\u017ei\u0165 viacer\u00fdmi sp\u00f4sobmi.<\/strong><\/h3>\n<ul>\n<li>Mnohorak\u00e9 vyu\u017eitie: ako poddeku, ako deku na su\u0161enie, na transport, na s\u00fa\u0165a\u017ee.<\/li>\n<li>Je vyroben\u00e1 z\u00a0r\u00fdchlo schn\u00faceho materi\u00e1lu, odv\u00e1dza vlhkos\u0165.<\/li>\n<li>\u013dahko sa \u010dist\u00ed<\/li>\n<li>Pred\u013a\u017een\u00fa \u010das\u0165 pri krku mo\u017eno po\u013eahky vyhrn\u00fa\u0165<\/li>\n<li>Nad\u010dasov\u00fd dizajn, vlnen\u00fd vzh\u013ead (polyester so 100% vlnen\u00fdm efektom)<\/li>\n<\/ul>\n","protected":false},"featured_media":43420,"template":"","meta":{"_acf_changed":false},"product_cat":[75,99],"product_tag":[135,1354,184],"acf":[],"yoast_head":"<!-- This site is optimized with the Yoast SEO plugin v21.4 - https:\/\/yoast.com\/wordpress\/plugins\/seo\/ -->\n<title>Kentucky Heavy Square vlnen\u00e1 deka - Spicehorse<\/title>\n<meta name=\"description\" content=\"spicehorse.eu | Kentucky Horseware Heavy Square syntetick\u00fa vlnen\u00fa deku mo\u017eno vyu\u017ei\u0165 viacer\u00fdmi sp\u00f4sobmi.\" \/>\n<meta name=\"robots\" content=\"index, follow, max-snippet:-1, max-image-preview:large, max-video-preview:-1\" \/>\n<link rel=\"canonical\" href=\"https:\/\/arak.spicehorse.eu\/termek\/kentucky-heavy-square-gyapju-takaro\/\" \/>\n<meta property=\"og:locale\" content=\"sk_SK\" \/>\n<meta property=\"og:type\" content=\"article\" \/>\n<meta property=\"og:title\" content=\"Kentucky Heavy Square vlnen\u00e1 deka - Spicehorse\" \/>\n<meta property=\"og:description\" content=\"spicehorse.eu | Kentucky Horseware Heavy Square syntetick\u00fa vlnen\u00fa deku mo\u017eno vyu\u017ei\u0165 viacer\u00fdmi sp\u00f4sobmi.\" \/>\n<meta property=\"og:url\" content=\"https:\/\/arak.spicehorse.eu\/termek\/kentucky-heavy-square-gyapju-takaro\/\" \/>\n<meta property=\"og:site_name\" content=\"Spicehorse\" \/>\n<meta property=\"article:publisher\" content=\"https:\/\/www.facebook.com\/SPICEHORSE-550385625402457\/\" \/>\n<meta property=\"article:modified_time\" content=\"2024-11-21T15:07:04+00:00\" \/>\n<meta property=\"og:image\" content=\"https:\/\/arak.spicehorse.eu\/wp-content\/uploads\/2021\/12\/f72ab981ddc0c3e0b24d88ca1b124784046cd22043bd42af782253604bce9687-2.jpg\" \/>\n\t<meta property=\"og:image:width\" content=\"2048\" \/>\n\t<meta property=\"og:image:height\" content=\"1509\" \/>\n\t<meta property=\"og:image:type\" content=\"image\/jpeg\" \/>\n<meta name=\"twitter:card\" content=\"summary_large_image\" \/>\n<meta name=\"twitter:label1\" content=\"Predpokladan\u00fd \u010das \u010d\u00edtania\" \/>\n\t<meta name=\"twitter:data1\" content=\"1 min\u00fata\" \/>\n<script type=\"application\/ld+json\" class=\"yoast-schema-graph\">{\"@context\":\"https:\/\/schema.org\",\"@graph\":[{\"@type\":\"WebPage\",\"@id\":\"https:\/\/arak.spicehorse.eu\/termek\/kentucky-heavy-square-gyapju-takaro\/\",\"url\":\"https:\/\/arak.spicehorse.eu\/termek\/kentucky-heavy-square-gyapju-takaro\/\",\"name\":\"Kentucky Heavy Square vlnen\u00e1 deka - Spicehorse\",\"isPartOf\":{\"@id\":\"https:\/\/arak.spicehorse.eu\/en\/#website\"},\"datePublished\":\"2021-12-28T14:06:02+00:00\",\"dateModified\":\"2024-11-21T15:07:04+00:00\",\"description\":\"spicehorse.eu | Kentucky Horseware Heavy Square syntetick\u00fa vlnen\u00fa deku mo\u017eno vyu\u017ei\u0165 viacer\u00fdmi sp\u00f4sobmi.\",\"breadcrumb\":{\"@id\":\"https:\/\/arak.spicehorse.eu\/termek\/kentucky-heavy-square-gyapju-takaro\/#breadcrumb\"},\"inLanguage\":\"sk-SK\",\"potentialAction\":[{\"@type\":\"ReadAction\",\"target\":[\"https:\/\/arak.spicehorse.eu\/termek\/kentucky-heavy-square-gyapju-takaro\/\"]}]},{\"@type\":\"BreadcrumbList\",\"@id\":\"https:\/\/arak.spicehorse.eu\/termek\/kentucky-heavy-square-gyapju-takaro\/#breadcrumb\",\"itemListElement\":[{\"@type\":\"ListItem\",\"position\":1,\"name\":\"Home\",\"item\":\"https:\/\/arak.spicehorse.eu\/sk\/\"},{\"@type\":\"ListItem\",\"position\":2,\"name\":\"Predaj\u0148a\",\"item\":\"https:\/\/arak.spicehorse.eu\/sk\/predajna\/\"},{\"@type\":\"ListItem\",\"position\":3,\"name\":\"Kentucky Heavy Square vlnen\u00e1 deka\"}]},{\"@type\":\"WebSite\",\"@id\":\"https:\/\/arak.spicehorse.eu\/en\/#website\",\"url\":\"https:\/\/arak.spicehorse.eu\/en\/\",\"name\":\"Spicehorse\",\"description\":\"UNDER DEVELOPMENT -\",\"potentialAction\":[{\"@type\":\"SearchAction\",\"target\":{\"@type\":\"EntryPoint\",\"urlTemplate\":\"https:\/\/arak.spicehorse.eu\/en\/?s={search_term_string}\"},\"query-input\":\"required name=search_term_string\"}],\"inLanguage\":\"sk-SK\"}]}<\/script>\n<!-- \/ Yoast SEO plugin. -->","yoast_head_json":{"title":"Kentucky Heavy Square vlnen\u00e1 deka - Spicehorse","description":"spicehorse.eu | Kentucky Horseware Heavy Square syntetick\u00fa vlnen\u00fa deku mo\u017eno vyu\u017ei\u0165 viacer\u00fdmi sp\u00f4sobmi.","robots":{"index":"index","follow":"follow","max-snippet":"max-snippet:-1","max-image-preview":"max-image-preview:large","max-video-preview":"max-video-preview:-1"},"canonical":"https:\/\/arak.spicehorse.eu\/termek\/kentucky-heavy-square-gyapju-takaro\/","og_locale":"sk_SK","og_type":"article","og_title":"Kentucky Heavy Square vlnen\u00e1 deka - Spicehorse","og_description":"spicehorse.eu | Kentucky Horseware Heavy Square syntetick\u00fa vlnen\u00fa deku mo\u017eno vyu\u017ei\u0165 viacer\u00fdmi sp\u00f4sobmi.","og_url":"https:\/\/arak.spicehorse.eu\/termek\/kentucky-heavy-square-gyapju-takaro\/","og_site_name":"Spicehorse","article_publisher":"https:\/\/www.facebook.com\/SPICEHORSE-550385625402457\/","article_modified_time":"2024-11-21T15:07:04+00:00","og_image":[{"width":2048,"height":1509,"url":"https:\/\/arak.spicehorse.eu\/wp-content\/uploads\/2021\/12\/f72ab981ddc0c3e0b24d88ca1b124784046cd22043bd42af782253604bce9687-2.jpg","type":"image\/jpeg"}],"twitter_card":"summary_large_image","twitter_misc":{"Predpokladan\u00fd \u010das \u010d\u00edtania":"1 min\u00fata"},"schema":{"@context":"https:\/\/schema.org","@graph":[{"@type":"WebPage","@id":"https:\/\/arak.spicehorse.eu\/termek\/kentucky-heavy-square-gyapju-takaro\/","url":"https:\/\/arak.spicehorse.eu\/termek\/kentucky-heavy-square-gyapju-takaro\/","name":"Kentucky Heavy Square vlnen\u00e1 deka - Spicehorse","isPartOf":{"@id":"https:\/\/arak.spicehorse.eu\/en\/#website"},"datePublished":"2021-12-28T14:06:02+00:00","dateModified":"2024-11-21T15:07:04+00:00","description":"spicehorse.eu | Kentucky Horseware Heavy Square syntetick\u00fa vlnen\u00fa deku mo\u017eno vyu\u017ei\u0165 viacer\u00fdmi sp\u00f4sobmi.","breadcrumb":{"@id":"https:\/\/arak.spicehorse.eu\/termek\/kentucky-heavy-square-gyapju-takaro\/#breadcrumb"},"inLanguage":"sk-SK","potentialAction":[{"@type":"ReadAction","target":["https:\/\/arak.spicehorse.eu\/termek\/kentucky-heavy-square-gyapju-takaro\/"]}]},{"@type":"BreadcrumbList","@id":"https:\/\/arak.spicehorse.eu\/termek\/kentucky-heavy-square-gyapju-takaro\/#breadcrumb","itemListElement":[{"@type":"ListItem","position":1,"name":"Home","item":"https:\/\/arak.spicehorse.eu\/sk\/"},{"@type":"ListItem","position":2,"name":"Predaj\u0148a","item":"https:\/\/arak.spicehorse.eu\/sk\/predajna\/"},{"@type":"ListItem","position":3,"name":"Kentucky Heavy Square vlnen\u00e1 deka"}]},{"@type":"WebSite","@id":"https:\/\/arak.spicehorse.eu\/en\/#website","url":"https:\/\/arak.spicehorse.eu\/en\/","name":"Spicehorse","description":"UNDER DEVELOPMENT -","potentialAction":[{"@type":"SearchAction","target":{"@type":"EntryPoint","urlTemplate":"https:\/\/arak.spicehorse.eu\/en\/?s={search_term_string}"},"query-input":"required name=search_term_string"}],"inLanguage":"sk-SK"}]}},"_links":{"self":[{"href":"https:\/\/arak.spicehorse.eu\/sk\/wp-json\/wp\/v2\/product\/43290"}],"collection":[{"href":"https:\/\/arak.spicehorse.eu\/sk\/wp-json\/wp\/v2\/product"}],"about":[{"href":"https:\/\/arak.spicehorse.eu\/sk\/wp-json\/wp\/v2\/types\/product"}],"wp:featuredmedia":[{"embeddable":true,"href":"https:\/\/arak.spicehorse.eu\/sk\/wp-json\/wp\/v2\/media\/43420"}],"wp:attachment":[{"href":"https:\/\/arak.spicehorse.eu\/sk\/wp-json\/wp\/v2\/media?parent=43290"}],"wp:term":[{"taxonomy":"product_cat","embeddable":true,"href":"https:\/\/arak.spicehorse.eu\/sk\/wp-json\/wp\/v2\/product_cat?post=43290"},{"taxonomy":"product_tag","embeddable":true,"href":"https:\/\/arak.spicehorse.eu\/sk\/wp-json\/wp\/v2\/product_tag?post=43290"}],"curies":[{"name":"wp","href":"https:\/\/api.w.org\/{rel}","templated":true}]}}