{"id":43497,"date":"2022-01-03T13:54:56","date_gmt":"2022-01-03T12:54:59","guid":{"rendered":"https:\/\/arak.spicehorse.eu\/?post_type=product&#038;p=43497"},"modified":"2026-04-07T14:27:41","modified_gmt":"2026-04-07T12:27:41","slug":"kentucky-reflective-baseballova-ciapka","status":"publish","type":"product","link":"https:\/\/arak.spicehorse.eu\/sk\/produkt\/kentucky-reflective-baseballova-ciapka\/","title":{"rendered":"Kentucky Reflective baseballov\u00e1 \u010diapka"},"content":{"rendered":"<p>Kentucky Horsewear Reflective baseballov\u00e1 \u010diapka z\u00a0antireflexn\u00e9ho materi\u00e1lu je ide\u00e1lna na beh, na prech\u00e1dzky \u00a0za tmy, alebo iba ak chceme by\u0165 \u0161t\u00fdlov\u00ed a\u00a0netuctov\u00ed.<\/p>\n<p>Baseballov\u00e1 \u010diapka je vyroben\u00e1 z\u00a0antireflexn\u00e9ho materi\u00e1lu, jej nosen\u00edm sa zvy\u0161uje va\u0161a bezpe\u010dnos\u0165 po\u010das tmy. Odpudzuje vodu a\u00a0mo\u017eno ju nastavi\u0165 na po\u017eadovan\u00fa ve\u013ekos\u0165. S\u00a0diskr\u00e9tnym vy\u0161\u00edvan\u00fdm \u00a0Kentucky logom.<\/p>\n<p>Mo\u017eno ju pra\u0165 v\u00a0pr\u00e1\u010dke na 30\u00b0 (nevkladajte do su\u0161i\u010dky).<\/p>\n","protected":false},"excerpt":{"rendered":"<ul>\n<li>Z antireflexn\u00e9ho materi\u00e1lu<\/li>\n<li>Modern\u00fd dizajn<\/li>\n<li>Nastavite\u013en\u00e1 ve\u013ekos\u0165<\/li>\n<\/ul>\n","protected":false},"featured_media":43505,"template":"","meta":{"_acf_changed":false},"product_cat":[78,76,309],"product_tag":[331,184,451],"acf":[],"yoast_head":"<!-- This site is optimized with the Yoast SEO plugin v21.4 - https:\/\/yoast.com\/wordpress\/plugins\/seo\/ -->\n<title>Kentucky Reflective baseballov\u00e1 \u010diapka - Spicehorse<\/title>\n<meta name=\"description\" content=\"spicehorse.eu | Kentucky Horsewear Reflective baseballov\u00e1 \u010diapka z\u00a0antireflexn\u00e9ho materi\u00e1lu je ide\u00e1lna na beh, na prech\u00e1dzky \u00a0za tmy, alebo iba ak chceme by\u0165 \u0161t\u00fdlov\u00ed a\u00a0netuctov\u00ed.\" \/>\n<meta name=\"robots\" content=\"index, follow, max-snippet:-1, max-image-preview:large, max-video-preview:-1\" \/>\n<link rel=\"canonical\" href=\"https:\/\/arak.spicehorse.eu\/sk\/produkt\/kentucky-reflective-baseballova-ciapka\/\" \/>\n<meta property=\"og:locale\" content=\"sk_SK\" \/>\n<meta property=\"og:type\" content=\"article\" \/>\n<meta property=\"og:title\" content=\"Kentucky Reflective baseballov\u00e1 \u010diapka - Spicehorse\" \/>\n<meta property=\"og:description\" content=\"spicehorse.eu | Kentucky Horsewear Reflective baseballov\u00e1 \u010diapka z\u00a0antireflexn\u00e9ho materi\u00e1lu je ide\u00e1lna na beh, na prech\u00e1dzky \u00a0za tmy, alebo iba ak chceme by\u0165 \u0161t\u00fdlov\u00ed a\u00a0netuctov\u00ed.\" \/>\n<meta property=\"og:url\" content=\"https:\/\/arak.spicehorse.eu\/sk\/produkt\/kentucky-reflective-baseballova-ciapka\/\" \/>\n<meta property=\"og:site_name\" content=\"Spicehorse\" \/>\n<meta property=\"article:publisher\" content=\"https:\/\/www.facebook.com\/SPICEHORSE-550385625402457\/\" \/>\n<meta property=\"article:modified_time\" content=\"2026-04-07T12:27:41+00:00\" \/>\n<meta property=\"og:image\" content=\"https:\/\/arak.spicehorse.eu\/wp-content\/uploads\/2022\/01\/deb4d67a03bea4a9814a42cb961686fd2b86eef399503b27224524bb085a5244-2.jpg\" \/>\n\t<meta property=\"og:image:width\" content=\"2048\" \/>\n\t<meta property=\"og:image:height\" content=\"2048\" \/>\n\t<meta property=\"og:image:type\" content=\"image\/jpeg\" \/>\n<meta name=\"twitter:card\" content=\"summary_large_image\" \/>\n<script type=\"application\/ld+json\" class=\"yoast-schema-graph\">{\"@context\":\"https:\/\/schema.org\",\"@graph\":[{\"@type\":\"WebPage\",\"@id\":\"https:\/\/arak.spicehorse.eu\/sk\/produkt\/kentucky-reflective-baseballova-ciapka\/\",\"url\":\"https:\/\/arak.spicehorse.eu\/sk\/produkt\/kentucky-reflective-baseballova-ciapka\/\",\"name\":\"Kentucky Reflective baseballov\u00e1 \u010diapka - Spicehorse\",\"isPartOf\":{\"@id\":\"https:\/\/arak.spicehorse.eu\/en\/#website\"},\"datePublished\":\"2022-01-03T12:54:59+00:00\",\"dateModified\":\"2026-04-07T12:27:41+00:00\",\"description\":\"spicehorse.eu | Kentucky Horsewear Reflective baseballov\u00e1 \u010diapka z\u00a0antireflexn\u00e9ho materi\u00e1lu je ide\u00e1lna na beh, na prech\u00e1dzky \u00a0za tmy, alebo iba ak chceme by\u0165 \u0161t\u00fdlov\u00ed a\u00a0netuctov\u00ed.\",\"breadcrumb\":{\"@id\":\"https:\/\/arak.spicehorse.eu\/sk\/produkt\/kentucky-reflective-baseballova-ciapka\/#breadcrumb\"},\"inLanguage\":\"sk-SK\",\"potentialAction\":[{\"@type\":\"ReadAction\",\"target\":[\"https:\/\/arak.spicehorse.eu\/sk\/produkt\/kentucky-reflective-baseballova-ciapka\/\"]}]},{\"@type\":\"BreadcrumbList\",\"@id\":\"https:\/\/arak.spicehorse.eu\/sk\/produkt\/kentucky-reflective-baseballova-ciapka\/#breadcrumb\",\"itemListElement\":[{\"@type\":\"ListItem\",\"position\":1,\"name\":\"Home\",\"item\":\"https:\/\/arak.spicehorse.eu\/sk\/\"},{\"@type\":\"ListItem\",\"position\":2,\"name\":\"Predaj\u0148a\",\"item\":\"https:\/\/arak.spicehorse.eu\/sk\/predajna\/\"},{\"@type\":\"ListItem\",\"position\":3,\"name\":\"Kentucky Reflective baseballov\u00e1 \u010diapka\"}]},{\"@type\":\"WebSite\",\"@id\":\"https:\/\/arak.spicehorse.eu\/en\/#website\",\"url\":\"https:\/\/arak.spicehorse.eu\/en\/\",\"name\":\"Spicehorse\",\"description\":\"UNDER DEVELOPMENT -\",\"potentialAction\":[{\"@type\":\"SearchAction\",\"target\":{\"@type\":\"EntryPoint\",\"urlTemplate\":\"https:\/\/arak.spicehorse.eu\/en\/?s={search_term_string}\"},\"query-input\":\"required name=search_term_string\"}],\"inLanguage\":\"sk-SK\"}]}<\/script>\n<!-- \/ Yoast SEO plugin. -->","yoast_head_json":{"title":"Kentucky Reflective baseballov\u00e1 \u010diapka - Spicehorse","description":"spicehorse.eu | Kentucky Horsewear Reflective baseballov\u00e1 \u010diapka z\u00a0antireflexn\u00e9ho materi\u00e1lu je ide\u00e1lna na beh, na prech\u00e1dzky \u00a0za tmy, alebo iba ak chceme by\u0165 \u0161t\u00fdlov\u00ed a\u00a0netuctov\u00ed.","robots":{"index":"index","follow":"follow","max-snippet":"max-snippet:-1","max-image-preview":"max-image-preview:large","max-video-preview":"max-video-preview:-1"},"canonical":"https:\/\/arak.spicehorse.eu\/sk\/produkt\/kentucky-reflective-baseballova-ciapka\/","og_locale":"sk_SK","og_type":"article","og_title":"Kentucky Reflective baseballov\u00e1 \u010diapka - Spicehorse","og_description":"spicehorse.eu | Kentucky Horsewear Reflective baseballov\u00e1 \u010diapka z\u00a0antireflexn\u00e9ho materi\u00e1lu je ide\u00e1lna na beh, na prech\u00e1dzky \u00a0za tmy, alebo iba ak chceme by\u0165 \u0161t\u00fdlov\u00ed a\u00a0netuctov\u00ed.","og_url":"https:\/\/arak.spicehorse.eu\/sk\/produkt\/kentucky-reflective-baseballova-ciapka\/","og_site_name":"Spicehorse","article_publisher":"https:\/\/www.facebook.com\/SPICEHORSE-550385625402457\/","article_modified_time":"2026-04-07T12:27:41+00:00","og_image":[{"width":2048,"height":2048,"url":"https:\/\/arak.spicehorse.eu\/wp-content\/uploads\/2022\/01\/deb4d67a03bea4a9814a42cb961686fd2b86eef399503b27224524bb085a5244-2.jpg","type":"image\/jpeg"}],"twitter_card":"summary_large_image","schema":{"@context":"https:\/\/schema.org","@graph":[{"@type":"WebPage","@id":"https:\/\/arak.spicehorse.eu\/sk\/produkt\/kentucky-reflective-baseballova-ciapka\/","url":"https:\/\/arak.spicehorse.eu\/sk\/produkt\/kentucky-reflective-baseballova-ciapka\/","name":"Kentucky Reflective baseballov\u00e1 \u010diapka - Spicehorse","isPartOf":{"@id":"https:\/\/arak.spicehorse.eu\/en\/#website"},"datePublished":"2022-01-03T12:54:59+00:00","dateModified":"2026-04-07T12:27:41+00:00","description":"spicehorse.eu | Kentucky Horsewear Reflective baseballov\u00e1 \u010diapka z\u00a0antireflexn\u00e9ho materi\u00e1lu je ide\u00e1lna na beh, na prech\u00e1dzky \u00a0za tmy, alebo iba ak chceme by\u0165 \u0161t\u00fdlov\u00ed a\u00a0netuctov\u00ed.","breadcrumb":{"@id":"https:\/\/arak.spicehorse.eu\/sk\/produkt\/kentucky-reflective-baseballova-ciapka\/#breadcrumb"},"inLanguage":"sk-SK","potentialAction":[{"@type":"ReadAction","target":["https:\/\/arak.spicehorse.eu\/sk\/produkt\/kentucky-reflective-baseballova-ciapka\/"]}]},{"@type":"BreadcrumbList","@id":"https:\/\/arak.spicehorse.eu\/sk\/produkt\/kentucky-reflective-baseballova-ciapka\/#breadcrumb","itemListElement":[{"@type":"ListItem","position":1,"name":"Home","item":"https:\/\/arak.spicehorse.eu\/sk\/"},{"@type":"ListItem","position":2,"name":"Predaj\u0148a","item":"https:\/\/arak.spicehorse.eu\/sk\/predajna\/"},{"@type":"ListItem","position":3,"name":"Kentucky Reflective baseballov\u00e1 \u010diapka"}]},{"@type":"WebSite","@id":"https:\/\/arak.spicehorse.eu\/en\/#website","url":"https:\/\/arak.spicehorse.eu\/en\/","name":"Spicehorse","description":"UNDER DEVELOPMENT -","potentialAction":[{"@type":"SearchAction","target":{"@type":"EntryPoint","urlTemplate":"https:\/\/arak.spicehorse.eu\/en\/?s={search_term_string}"},"query-input":"required name=search_term_string"}],"inLanguage":"sk-SK"}]}},"_links":{"self":[{"href":"https:\/\/arak.spicehorse.eu\/sk\/wp-json\/wp\/v2\/product\/43497"}],"collection":[{"href":"https:\/\/arak.spicehorse.eu\/sk\/wp-json\/wp\/v2\/product"}],"about":[{"href":"https:\/\/arak.spicehorse.eu\/sk\/wp-json\/wp\/v2\/types\/product"}],"wp:featuredmedia":[{"embeddable":true,"href":"https:\/\/arak.spicehorse.eu\/sk\/wp-json\/wp\/v2\/media\/43505"}],"wp:attachment":[{"href":"https:\/\/arak.spicehorse.eu\/sk\/wp-json\/wp\/v2\/media?parent=43497"}],"wp:term":[{"taxonomy":"product_cat","embeddable":true,"href":"https:\/\/arak.spicehorse.eu\/sk\/wp-json\/wp\/v2\/product_cat?post=43497"},{"taxonomy":"product_tag","embeddable":true,"href":"https:\/\/arak.spicehorse.eu\/sk\/wp-json\/wp\/v2\/product_tag?post=43497"}],"curies":[{"name":"wp","href":"https:\/\/api.w.org\/{rel}","templated":true}]}}