{"id":43549,"date":"2022-01-03T15:32:05","date_gmt":"2022-01-03T14:32:07","guid":{"rendered":"https:\/\/arak.spicehorse.eu\/?post_type=product&#038;p=43549"},"modified":"2022-01-13T10:50:53","modified_gmt":"2022-01-13T09:50:53","slug":"nathalie-after-clip-spray","status":"publish","type":"product","link":"https:\/\/arak.spicehorse.eu\/sk\/produkt\/nathalie-after-clip-spray\/","title":{"rendered":"Nathalie After Clip spray"},"content":{"rendered":"<p>Nathalie Horse Care After Clip spray po strihan\u00ed je v\u00fdrobkom, ktor\u00fd na trhu doposia\u013e ch\u00fdbal. Vy\u017eivuje a\u00a0chr\u00e1ni srs\u0165 ko\u0148a, je ka\u017edodenn\u00fdm o\u0161etruj\u00facim v\u00fdrobkom pre \u010derstvo strihan\u00e9 kone. Odstra\u0148uje podr\u00e1\u017edenos\u0165 ko\u017ee, posil\u0148uje ochrann\u00fa vrstvu, hydratuje a\u00a0dod\u00e1va poko\u017eke d\u00f4le\u017eit\u00e9 v\u00fd\u017eivn\u00e9 l\u00e1tky.\u00a0 Srs\u0165 kon\u00ed sa st\u00e1va lesklou, pru\u017enou a\u00a0odolnou.<\/p>\n<p>Spray nastriekajte bezprostredne na telo ko\u0148a nieko\u013ekokr\u00e1t za de\u0148. Nechajte p\u00f4sobi\u0165 5-10 min\u00fat pre umiestnen\u00edm deky.<\/p>\n<p><strong>Zlo\u017eenie<\/strong><\/p>\n<p>Aloe Barbadensis Leaf Juice, Glycerin, Aqua,\u00a0Sodium Chloride, Betaine, Allantoin, Panthenol,\u00a0Polyglyceryl-4 Caprate, Sodium Gluconate,\u00a0Lactic Acid, Phenoxyethanol, Sodium Benzoate.<\/p>\n","protected":false},"excerpt":{"rendered":"<p>Nathalie Horse Care After Clip spray po strihan\u00ed je v\u00fdrobkom, ktor\u00fd na trhu doposia\u013e ch\u00fdbal. Vy\u017eivuje a\u00a0chr\u00e1ni srs\u0165 ko\u0148a, je ka\u017edodenn\u00fdm o\u0161etruj\u00facim v\u00fdrobkom pre \u010derstvo strihan\u00e9 kone. Odstra\u0148uje podr\u00e1\u017edenos\u0165 ko\u017ee, posil\u0148uje ochrann\u00fa vrstvu, hydratuje a\u00a0dod\u00e1va poko\u017eke d\u00f4le\u017eit\u00e9 v\u00fd\u017eivn\u00e9 l\u00e1tky.\u00a0 Srs\u0165 kon\u00ed sa st\u00e1va lesklou, pru\u017enou a\u00a0odolnou. Spray nastriekajte bezprostredne na telo ko\u0148a nieko\u013ekokr\u00e1t za de\u0148. [&hellip;]<\/p>\n","protected":false},"featured_media":43554,"template":"","meta":{"_acf_changed":false},"product_cat":[75,106],"product_tag":[1446,401],"acf":[],"yoast_head":"<!-- This site is optimized with the Yoast SEO plugin v21.4 - https:\/\/yoast.com\/wordpress\/plugins\/seo\/ -->\n<title>Nathalie After Clip spray - Spicehorse<\/title>\n<meta name=\"description\" content=\"spicehorse.eu | Nathalie Horse Care After Clip spray po strihan\u00ed je v\u00fdrobkom, ktor\u00fd na trhu doposia\u013e ch\u00fdbal.\" \/>\n<meta name=\"robots\" content=\"index, follow, max-snippet:-1, max-image-preview:large, max-video-preview:-1\" \/>\n<link rel=\"canonical\" href=\"https:\/\/arak.spicehorse.eu\/termek\/nathalie-after-clip-spray\/\" \/>\n<meta property=\"og:locale\" content=\"sk_SK\" \/>\n<meta property=\"og:type\" content=\"article\" \/>\n<meta property=\"og:title\" content=\"Nathalie After Clip spray - Spicehorse\" \/>\n<meta property=\"og:description\" content=\"spicehorse.eu | Nathalie Horse Care After Clip spray po strihan\u00ed je v\u00fdrobkom, ktor\u00fd na trhu doposia\u013e ch\u00fdbal.\" \/>\n<meta property=\"og:url\" content=\"https:\/\/arak.spicehorse.eu\/termek\/nathalie-after-clip-spray\/\" \/>\n<meta property=\"og:site_name\" content=\"Spicehorse\" \/>\n<meta property=\"article:publisher\" content=\"https:\/\/www.facebook.com\/SPICEHORSE-550385625402457\/\" \/>\n<meta property=\"article:modified_time\" content=\"2022-01-13T09:50:53+00:00\" \/>\n<meta property=\"og:image\" content=\"https:\/\/arak.spicehorse.eu\/wp-content\/uploads\/2022\/01\/After-Clip-Spray_500-ml.jpg\" \/>\n\t<meta property=\"og:image:width\" content=\"2454\" \/>\n\t<meta property=\"og:image:height\" content=\"2454\" \/>\n\t<meta property=\"og:image:type\" content=\"image\/jpeg\" \/>\n<meta name=\"twitter:card\" content=\"summary_large_image\" \/>\n<meta name=\"twitter:label1\" content=\"Predpokladan\u00fd \u010das \u010d\u00edtania\" \/>\n\t<meta name=\"twitter:data1\" content=\"1 min\u00fata\" \/>\n<script type=\"application\/ld+json\" class=\"yoast-schema-graph\">{\"@context\":\"https:\/\/schema.org\",\"@graph\":[{\"@type\":\"WebPage\",\"@id\":\"https:\/\/arak.spicehorse.eu\/termek\/nathalie-after-clip-spray\/\",\"url\":\"https:\/\/arak.spicehorse.eu\/termek\/nathalie-after-clip-spray\/\",\"name\":\"Nathalie After Clip spray - Spicehorse\",\"isPartOf\":{\"@id\":\"https:\/\/arak.spicehorse.eu\/en\/#website\"},\"datePublished\":\"2022-01-03T14:32:07+00:00\",\"dateModified\":\"2022-01-13T09:50:53+00:00\",\"description\":\"spicehorse.eu | Nathalie Horse Care After Clip spray po strihan\u00ed je v\u00fdrobkom, ktor\u00fd na trhu doposia\u013e ch\u00fdbal.\",\"breadcrumb\":{\"@id\":\"https:\/\/arak.spicehorse.eu\/termek\/nathalie-after-clip-spray\/#breadcrumb\"},\"inLanguage\":\"sk-SK\",\"potentialAction\":[{\"@type\":\"ReadAction\",\"target\":[\"https:\/\/arak.spicehorse.eu\/termek\/nathalie-after-clip-spray\/\"]}]},{\"@type\":\"BreadcrumbList\",\"@id\":\"https:\/\/arak.spicehorse.eu\/termek\/nathalie-after-clip-spray\/#breadcrumb\",\"itemListElement\":[{\"@type\":\"ListItem\",\"position\":1,\"name\":\"Home\",\"item\":\"https:\/\/arak.spicehorse.eu\/sk\/\"},{\"@type\":\"ListItem\",\"position\":2,\"name\":\"Predaj\u0148a\",\"item\":\"https:\/\/arak.spicehorse.eu\/sk\/predajna\/\"},{\"@type\":\"ListItem\",\"position\":3,\"name\":\"Nathalie After Clip spray\"}]},{\"@type\":\"WebSite\",\"@id\":\"https:\/\/arak.spicehorse.eu\/en\/#website\",\"url\":\"https:\/\/arak.spicehorse.eu\/en\/\",\"name\":\"Spicehorse\",\"description\":\"UNDER DEVELOPMENT -\",\"potentialAction\":[{\"@type\":\"SearchAction\",\"target\":{\"@type\":\"EntryPoint\",\"urlTemplate\":\"https:\/\/arak.spicehorse.eu\/en\/?s={search_term_string}\"},\"query-input\":\"required name=search_term_string\"}],\"inLanguage\":\"sk-SK\"}]}<\/script>\n<!-- \/ Yoast SEO plugin. -->","yoast_head_json":{"title":"Nathalie After Clip spray - Spicehorse","description":"spicehorse.eu | Nathalie Horse Care After Clip spray po strihan\u00ed je v\u00fdrobkom, ktor\u00fd na trhu doposia\u013e ch\u00fdbal.","robots":{"index":"index","follow":"follow","max-snippet":"max-snippet:-1","max-image-preview":"max-image-preview:large","max-video-preview":"max-video-preview:-1"},"canonical":"https:\/\/arak.spicehorse.eu\/termek\/nathalie-after-clip-spray\/","og_locale":"sk_SK","og_type":"article","og_title":"Nathalie After Clip spray - Spicehorse","og_description":"spicehorse.eu | Nathalie Horse Care After Clip spray po strihan\u00ed je v\u00fdrobkom, ktor\u00fd na trhu doposia\u013e ch\u00fdbal.","og_url":"https:\/\/arak.spicehorse.eu\/termek\/nathalie-after-clip-spray\/","og_site_name":"Spicehorse","article_publisher":"https:\/\/www.facebook.com\/SPICEHORSE-550385625402457\/","article_modified_time":"2022-01-13T09:50:53+00:00","og_image":[{"width":2454,"height":2454,"url":"https:\/\/arak.spicehorse.eu\/wp-content\/uploads\/2022\/01\/After-Clip-Spray_500-ml.jpg","type":"image\/jpeg"}],"twitter_card":"summary_large_image","twitter_misc":{"Predpokladan\u00fd \u010das \u010d\u00edtania":"1 min\u00fata"},"schema":{"@context":"https:\/\/schema.org","@graph":[{"@type":"WebPage","@id":"https:\/\/arak.spicehorse.eu\/termek\/nathalie-after-clip-spray\/","url":"https:\/\/arak.spicehorse.eu\/termek\/nathalie-after-clip-spray\/","name":"Nathalie After Clip spray - Spicehorse","isPartOf":{"@id":"https:\/\/arak.spicehorse.eu\/en\/#website"},"datePublished":"2022-01-03T14:32:07+00:00","dateModified":"2022-01-13T09:50:53+00:00","description":"spicehorse.eu | Nathalie Horse Care After Clip spray po strihan\u00ed je v\u00fdrobkom, ktor\u00fd na trhu doposia\u013e ch\u00fdbal.","breadcrumb":{"@id":"https:\/\/arak.spicehorse.eu\/termek\/nathalie-after-clip-spray\/#breadcrumb"},"inLanguage":"sk-SK","potentialAction":[{"@type":"ReadAction","target":["https:\/\/arak.spicehorse.eu\/termek\/nathalie-after-clip-spray\/"]}]},{"@type":"BreadcrumbList","@id":"https:\/\/arak.spicehorse.eu\/termek\/nathalie-after-clip-spray\/#breadcrumb","itemListElement":[{"@type":"ListItem","position":1,"name":"Home","item":"https:\/\/arak.spicehorse.eu\/sk\/"},{"@type":"ListItem","position":2,"name":"Predaj\u0148a","item":"https:\/\/arak.spicehorse.eu\/sk\/predajna\/"},{"@type":"ListItem","position":3,"name":"Nathalie After Clip spray"}]},{"@type":"WebSite","@id":"https:\/\/arak.spicehorse.eu\/en\/#website","url":"https:\/\/arak.spicehorse.eu\/en\/","name":"Spicehorse","description":"UNDER DEVELOPMENT -","potentialAction":[{"@type":"SearchAction","target":{"@type":"EntryPoint","urlTemplate":"https:\/\/arak.spicehorse.eu\/en\/?s={search_term_string}"},"query-input":"required name=search_term_string"}],"inLanguage":"sk-SK"}]}},"_links":{"self":[{"href":"https:\/\/arak.spicehorse.eu\/sk\/wp-json\/wp\/v2\/product\/43549"}],"collection":[{"href":"https:\/\/arak.spicehorse.eu\/sk\/wp-json\/wp\/v2\/product"}],"about":[{"href":"https:\/\/arak.spicehorse.eu\/sk\/wp-json\/wp\/v2\/types\/product"}],"wp:featuredmedia":[{"embeddable":true,"href":"https:\/\/arak.spicehorse.eu\/sk\/wp-json\/wp\/v2\/media\/43554"}],"wp:attachment":[{"href":"https:\/\/arak.spicehorse.eu\/sk\/wp-json\/wp\/v2\/media?parent=43549"}],"wp:term":[{"taxonomy":"product_cat","embeddable":true,"href":"https:\/\/arak.spicehorse.eu\/sk\/wp-json\/wp\/v2\/product_cat?post=43549"},{"taxonomy":"product_tag","embeddable":true,"href":"https:\/\/arak.spicehorse.eu\/sk\/wp-json\/wp\/v2\/product_tag?post=43549"}],"curies":[{"name":"wp","href":"https:\/\/api.w.org\/{rel}","templated":true}]}}