{"id":43614,"date":"2022-01-04T14:13:14","date_gmt":"2022-01-04T13:13:15","guid":{"rendered":"https:\/\/arak.spicehorse.eu\/?post_type=product&#038;p=43614"},"modified":"2024-10-24T21:56:19","modified_gmt":"2024-10-24T19:56:19","slug":"nathalie-fur-fix-pripravok-na-regeneraciu-koze","status":"publish","type":"product","link":"https:\/\/arak.spicehorse.eu\/sk\/produkt\/nathalie-fur-fix-pripravok-na-regeneraciu-koze\/","title":{"rendered":"Nathalie Fur Fix pr\u00edpravok na regener\u00e1ciu ko\u017ee"},"content":{"rendered":"<p>Nathalie Horse Care Fur Fix pr\u00edpravok na regener\u00e1ciu srsti prekr\u00fdva nezrovnalosti srsti a\u00a0f\u013eaky po vy\u0161\u00fachan\u00ed srsti. Vy\u017eivuj\u00face v\u00fd\u0165a\u017eky zo smrekovca a zelen\u00e9ho \u010daju stimuluj\u00fa r\u00fdchlej\u0161\u00ed a hustej\u0161\u00ed rast srsti v oblastiach, kde je srs\u0165 red\u0161ia alebo vy\u0161\u00fachan\u00e1. M\u00e1 regenera\u010dn\u00e9 a\u00a0ochrann\u00e9 \u00fa\u010dinky, stimuluje rast srsti.<\/p>\n<p>Pr\u00edpravok naneste na tie miesta, kde je srs\u0165 ko\u0148a red\u0161ia alebo vy\u0161\u00fachan\u00e1. Farby je mo\u017en\u00e9 mie\u0161a\u0165 pod\u013ea potreby, v\u00a0z\u00e1ujme dosiahnutia \u017eelan\u00e9ho efektu. Pr\u00edpravok je na b\u00e1ze Fur Fix vazel\u00edny, odpudzuje vodu a\u00a0pot.<\/p>\n<p><strong>Zlo\u017eenie<\/strong><\/p>\n<p>Petrolatum, Kaolin,\u00a0Larix Europaea Wood Extract,\u00a0Zinc Chloride, Camellia Sinensis Leaf Extract, Glycine, Glycerin, Aqua, Sodium Metabisulfite, Hydrogenated Olive Oil Stearyl Ester, CI 77491, CI 77492, CI 77499, CI77891.<\/p>\n","protected":false},"excerpt":{"rendered":"<p>30ml<\/p>\n","protected":false},"featured_media":43617,"template":"","meta":{"_acf_changed":false},"product_cat":[75,106],"product_tag":[1446,401],"acf":[],"yoast_head":"<!-- This site is optimized with the Yoast SEO plugin v21.4 - https:\/\/yoast.com\/wordpress\/plugins\/seo\/ -->\n<title>Nathalie Fur Fix pr\u00edpravok na regener\u00e1ciu ko\u017ee - Spicehorse<\/title>\n<meta name=\"description\" content=\"spicehorse.eu | Nathalie Horse Care Fur Fix pr\u00edpravok na regener\u00e1ciu srsti prekr\u00fdva nezrovnalosti srsti a\u00a0f\u013eaky po vy\u0161\u00fachan\u00ed srsti.\" \/>\n<meta name=\"robots\" content=\"index, follow, max-snippet:-1, max-image-preview:large, max-video-preview:-1\" \/>\n<link rel=\"canonical\" href=\"https:\/\/arak.spicehorse.eu\/sk\/produkt\/nathalie-fur-fix-pripravok-na-regeneraciu-koze\/\" \/>\n<meta property=\"og:locale\" content=\"sk_SK\" \/>\n<meta property=\"og:type\" content=\"article\" \/>\n<meta property=\"og:title\" content=\"Nathalie Fur Fix pr\u00edpravok na regener\u00e1ciu ko\u017ee - Spicehorse\" \/>\n<meta property=\"og:description\" content=\"spicehorse.eu | Nathalie Horse Care Fur Fix pr\u00edpravok na regener\u00e1ciu srsti prekr\u00fdva nezrovnalosti srsti a\u00a0f\u013eaky po vy\u0161\u00fachan\u00ed srsti.\" \/>\n<meta property=\"og:url\" content=\"https:\/\/arak.spicehorse.eu\/sk\/produkt\/nathalie-fur-fix-pripravok-na-regeneraciu-koze\/\" \/>\n<meta property=\"og:site_name\" content=\"Spicehorse\" \/>\n<meta property=\"article:publisher\" content=\"https:\/\/www.facebook.com\/SPICEHORSE-550385625402457\/\" \/>\n<meta property=\"article:modified_time\" content=\"2024-10-24T19:56:19+00:00\" \/>\n<meta property=\"og:image\" content=\"https:\/\/arak.spicehorse.eu\/wp-content\/uploads\/2022\/01\/Fur-Fix-BlackLOW.jpg\" \/>\n\t<meta property=\"og:image:width\" content=\"2500\" \/>\n\t<meta property=\"og:image:height\" content=\"2500\" \/>\n\t<meta property=\"og:image:type\" content=\"image\/jpeg\" \/>\n<meta name=\"twitter:card\" content=\"summary_large_image\" \/>\n<meta name=\"twitter:label1\" content=\"Predpokladan\u00fd \u010das \u010d\u00edtania\" \/>\n\t<meta name=\"twitter:data1\" content=\"1 min\u00fata\" \/>\n<script type=\"application\/ld+json\" class=\"yoast-schema-graph\">{\"@context\":\"https:\/\/schema.org\",\"@graph\":[{\"@type\":\"WebPage\",\"@id\":\"https:\/\/arak.spicehorse.eu\/sk\/produkt\/nathalie-fur-fix-pripravok-na-regeneraciu-koze\/\",\"url\":\"https:\/\/arak.spicehorse.eu\/sk\/produkt\/nathalie-fur-fix-pripravok-na-regeneraciu-koze\/\",\"name\":\"Nathalie Fur Fix pr\u00edpravok na regener\u00e1ciu ko\u017ee - Spicehorse\",\"isPartOf\":{\"@id\":\"https:\/\/arak.spicehorse.eu\/en\/#website\"},\"datePublished\":\"2022-01-04T13:13:15+00:00\",\"dateModified\":\"2024-10-24T19:56:19+00:00\",\"description\":\"spicehorse.eu | Nathalie Horse Care Fur Fix pr\u00edpravok na regener\u00e1ciu srsti prekr\u00fdva nezrovnalosti srsti a\u00a0f\u013eaky po vy\u0161\u00fachan\u00ed srsti.\",\"breadcrumb\":{\"@id\":\"https:\/\/arak.spicehorse.eu\/sk\/produkt\/nathalie-fur-fix-pripravok-na-regeneraciu-koze\/#breadcrumb\"},\"inLanguage\":\"sk-SK\",\"potentialAction\":[{\"@type\":\"ReadAction\",\"target\":[\"https:\/\/arak.spicehorse.eu\/sk\/produkt\/nathalie-fur-fix-pripravok-na-regeneraciu-koze\/\"]}]},{\"@type\":\"BreadcrumbList\",\"@id\":\"https:\/\/arak.spicehorse.eu\/sk\/produkt\/nathalie-fur-fix-pripravok-na-regeneraciu-koze\/#breadcrumb\",\"itemListElement\":[{\"@type\":\"ListItem\",\"position\":1,\"name\":\"Home\",\"item\":\"https:\/\/arak.spicehorse.eu\/sk\/\"},{\"@type\":\"ListItem\",\"position\":2,\"name\":\"Predaj\u0148a\",\"item\":\"https:\/\/arak.spicehorse.eu\/sk\/predajna\/\"},{\"@type\":\"ListItem\",\"position\":3,\"name\":\"Nathalie Fur Fix pr\u00edpravok na regener\u00e1ciu ko\u017ee\"}]},{\"@type\":\"WebSite\",\"@id\":\"https:\/\/arak.spicehorse.eu\/en\/#website\",\"url\":\"https:\/\/arak.spicehorse.eu\/en\/\",\"name\":\"Spicehorse\",\"description\":\"UNDER DEVELOPMENT -\",\"potentialAction\":[{\"@type\":\"SearchAction\",\"target\":{\"@type\":\"EntryPoint\",\"urlTemplate\":\"https:\/\/arak.spicehorse.eu\/en\/?s={search_term_string}\"},\"query-input\":\"required name=search_term_string\"}],\"inLanguage\":\"sk-SK\"}]}<\/script>\n<!-- \/ Yoast SEO plugin. -->","yoast_head_json":{"title":"Nathalie Fur Fix pr\u00edpravok na regener\u00e1ciu ko\u017ee - Spicehorse","description":"spicehorse.eu | Nathalie Horse Care Fur Fix pr\u00edpravok na regener\u00e1ciu srsti prekr\u00fdva nezrovnalosti srsti a\u00a0f\u013eaky po vy\u0161\u00fachan\u00ed srsti.","robots":{"index":"index","follow":"follow","max-snippet":"max-snippet:-1","max-image-preview":"max-image-preview:large","max-video-preview":"max-video-preview:-1"},"canonical":"https:\/\/arak.spicehorse.eu\/sk\/produkt\/nathalie-fur-fix-pripravok-na-regeneraciu-koze\/","og_locale":"sk_SK","og_type":"article","og_title":"Nathalie Fur Fix pr\u00edpravok na regener\u00e1ciu ko\u017ee - Spicehorse","og_description":"spicehorse.eu | Nathalie Horse Care Fur Fix pr\u00edpravok na regener\u00e1ciu srsti prekr\u00fdva nezrovnalosti srsti a\u00a0f\u013eaky po vy\u0161\u00fachan\u00ed srsti.","og_url":"https:\/\/arak.spicehorse.eu\/sk\/produkt\/nathalie-fur-fix-pripravok-na-regeneraciu-koze\/","og_site_name":"Spicehorse","article_publisher":"https:\/\/www.facebook.com\/SPICEHORSE-550385625402457\/","article_modified_time":"2024-10-24T19:56:19+00:00","og_image":[{"width":2500,"height":2500,"url":"https:\/\/arak.spicehorse.eu\/wp-content\/uploads\/2022\/01\/Fur-Fix-BlackLOW.jpg","type":"image\/jpeg"}],"twitter_card":"summary_large_image","twitter_misc":{"Predpokladan\u00fd \u010das \u010d\u00edtania":"1 min\u00fata"},"schema":{"@context":"https:\/\/schema.org","@graph":[{"@type":"WebPage","@id":"https:\/\/arak.spicehorse.eu\/sk\/produkt\/nathalie-fur-fix-pripravok-na-regeneraciu-koze\/","url":"https:\/\/arak.spicehorse.eu\/sk\/produkt\/nathalie-fur-fix-pripravok-na-regeneraciu-koze\/","name":"Nathalie Fur Fix pr\u00edpravok na regener\u00e1ciu ko\u017ee - Spicehorse","isPartOf":{"@id":"https:\/\/arak.spicehorse.eu\/en\/#website"},"datePublished":"2022-01-04T13:13:15+00:00","dateModified":"2024-10-24T19:56:19+00:00","description":"spicehorse.eu | Nathalie Horse Care Fur Fix pr\u00edpravok na regener\u00e1ciu srsti prekr\u00fdva nezrovnalosti srsti a\u00a0f\u013eaky po vy\u0161\u00fachan\u00ed srsti.","breadcrumb":{"@id":"https:\/\/arak.spicehorse.eu\/sk\/produkt\/nathalie-fur-fix-pripravok-na-regeneraciu-koze\/#breadcrumb"},"inLanguage":"sk-SK","potentialAction":[{"@type":"ReadAction","target":["https:\/\/arak.spicehorse.eu\/sk\/produkt\/nathalie-fur-fix-pripravok-na-regeneraciu-koze\/"]}]},{"@type":"BreadcrumbList","@id":"https:\/\/arak.spicehorse.eu\/sk\/produkt\/nathalie-fur-fix-pripravok-na-regeneraciu-koze\/#breadcrumb","itemListElement":[{"@type":"ListItem","position":1,"name":"Home","item":"https:\/\/arak.spicehorse.eu\/sk\/"},{"@type":"ListItem","position":2,"name":"Predaj\u0148a","item":"https:\/\/arak.spicehorse.eu\/sk\/predajna\/"},{"@type":"ListItem","position":3,"name":"Nathalie Fur Fix pr\u00edpravok na regener\u00e1ciu ko\u017ee"}]},{"@type":"WebSite","@id":"https:\/\/arak.spicehorse.eu\/en\/#website","url":"https:\/\/arak.spicehorse.eu\/en\/","name":"Spicehorse","description":"UNDER DEVELOPMENT -","potentialAction":[{"@type":"SearchAction","target":{"@type":"EntryPoint","urlTemplate":"https:\/\/arak.spicehorse.eu\/en\/?s={search_term_string}"},"query-input":"required name=search_term_string"}],"inLanguage":"sk-SK"}]}},"_links":{"self":[{"href":"https:\/\/arak.spicehorse.eu\/sk\/wp-json\/wp\/v2\/product\/43614"}],"collection":[{"href":"https:\/\/arak.spicehorse.eu\/sk\/wp-json\/wp\/v2\/product"}],"about":[{"href":"https:\/\/arak.spicehorse.eu\/sk\/wp-json\/wp\/v2\/types\/product"}],"wp:featuredmedia":[{"embeddable":true,"href":"https:\/\/arak.spicehorse.eu\/sk\/wp-json\/wp\/v2\/media\/43617"}],"wp:attachment":[{"href":"https:\/\/arak.spicehorse.eu\/sk\/wp-json\/wp\/v2\/media?parent=43614"}],"wp:term":[{"taxonomy":"product_cat","embeddable":true,"href":"https:\/\/arak.spicehorse.eu\/sk\/wp-json\/wp\/v2\/product_cat?post=43614"},{"taxonomy":"product_tag","embeddable":true,"href":"https:\/\/arak.spicehorse.eu\/sk\/wp-json\/wp\/v2\/product_tag?post=43614"}],"curies":[{"name":"wp","href":"https:\/\/api.w.org\/{rel}","templated":true}]}}